{"id":997,"date":"2021-06-24T17:57:58","date_gmt":"2021-06-24T22:57:58","guid":{"rendered":"http:\/\/farmaciaveterinarialaconquista.com\/?post_type=product&#038;p=997"},"modified":"2026-05-11T16:43:51","modified_gmt":"2026-05-11T22:43:51","slug":"solucion-ht-hartmann-1000-ml","status":"publish","type":"product","link":"https:\/\/farmaciaveterinarialaconquista.com\/index.php\/producto\/solucion-ht-hartmann-1000-ml\/","title":{"rendered":"Solucion HT Hartmann 1000 ml"},"content":{"rendered":"<p>Soluci\u00f3n HT Hartmann 1000 ml<\/p>\n<p><b><span style=\"font-size: 12pt;line-height: 17.12px;font-family: Arial, sans-serif;color: #2c9ffd\">F\u00f3rmula:<\/span><\/b><\/p>\n<p>Cada 100 mL contienen:<\/p>\n<p>Cloruro de sodio 0.600 g<\/p>\n<p>Cloruro de potasio 0.030 g<\/p>\n<p>Cloruro de calcio 0.020 g<\/p>\n<p>Lactato de sodio 0.310 g<\/p>\n<p>Agua inyectable cbp 100 mL<\/p>\n<p>Miliequivalentes por litro:<\/p>\n<p>Sodio 130<\/p>\n<p>Potasio 4<\/p>\n<p>Calcio 3<\/p>\n<p>Cloruro 109<\/p>\n<p>Lactato 28<\/p>\n<p><b><span style=\"font-size: 12pt;line-height: 17.12px;font-family: Arial, sans-serif;color: #2c9ffd\">Uso en:<\/span><\/b><\/p>\n<p><span class=\"imgIpp\"><img src=\"http:\/\/www.plmconnection.com\/plmservices\/VetSearchEngine\/M%C3%A9xico\/PEV39\/img\/vaca.png\" alt=\"\" \/>\u00a0<img src=\"http:\/\/www.plmconnection.com\/plmservices\/VetSearchEngine\/M%C3%A9xico\/PEV39\/img\/toro.png\" alt=\"\" \/>\u00a0<\/span><span class=\"imgIpp\"><img src=\"http:\/\/www.plmconnection.com\/plmservices\/VetSearchEngine\/M%C3%A9xico\/PEV39\/img\/becerro.png\" alt=\"\" \/>\u00a0<\/span><span class=\"imgIpp\"><img src=\"http:\/\/www.plmconnection.com\/plmservices\/VetSearchEngine\/M%C3%A9xico\/PEV39\/img\/oveja.png\" alt=\"\" \/>\u00a0<img src=\"http:\/\/www.plmconnection.com\/plmservices\/VetSearchEngine\/M%C3%A9xico\/PEV39\/img\/cabra.png\" alt=\"\" \/><img src=\"http:\/\/www.plmconnection.com\/plmservices\/VetSearchEngine\/M%C3%A9xico\/PEV39\/img\/caballo.png\" \/> \u00a0 <\/span><span class=\"imgIpp\"><img src=\"http:\/\/www.plmconnection.com\/plmservices\/VetSearchEngine\/M%C3%A9xico\/PEV39\/img\/porcino.png\" alt=\"\" \/>\u00a0<img src=\"http:\/\/www.plmconnection.com\/plmservices\/VetSearchEngine\/M%C3%A9xico\/PEV39\/img\/perro.png\" alt=\"\" \/>\u00a0<img src=\"http:\/\/www.plmconnection.com\/plmservices\/VetSearchEngine\/M%C3%A9xico\/PEV39\/img\/gato.png\" alt=\"\" \/><\/span><\/p>\n<p><b><span style=\"font-size: 12pt;line-height: 17.12px;font-family: Arial, sans-serif;color: #2c9ffd\">V\u00eda de administraci\u00f3n:<\/span><\/b><\/p>\n<p>Subcut\u00e1nea, intravenosa e intraperitoneal. Usar cat\u00e9ter largo<\/p>\n<p><b><span style=\"font-size: 12pt;line-height: 17.12px;font-family: Arial, sans-serif;color: #2c9ffd\">Descripci\u00f3n:<\/span><\/b><\/p>\n<p>Es una soluci\u00f3n que contiene cloruro de sodio, potasio, calcio y lactato de sodio por lo que est\u00e1 indicada para usarse en casos de desequilibrio electrol\u00edtico; en pacientes que han perdido agua y bases como en estados de deshidrataci\u00f3n por v\u00f3mito, diarrea, falta de agua durante 3 o m\u00e1s d\u00edas, secuestro de l\u00edquidos por obstrucci\u00f3n intestinal, ejercicio fuerte o prolongado; y acidosis metab\u00f3lica.<\/p>\n<p>Se usa en deshidrataci\u00f3n por diarrea severa, acidosis metab\u00f3lica, falta de agua durante 3 d\u00edas o m\u00e1s, secuestro de l\u00edquidos por obstrucci\u00f3n intestinal, ejercicio excesivo o prolongado.<\/p>\n<p>Periodo de retiro: cero d\u00edas en carne y en leche.<\/p>\n<p><b><span style=\"font-size: 12pt;line-height: 17.12px;font-family: Arial, sans-serif;color: #2c9ffd\">Dosis:<\/span><\/b><\/p>\n<p>De acuerdo al estado hidroelectrol\u00edtico, edad y peso corporal. (40 a 50 mL\/kg de peso corporal cada 24 horas).<\/p>\n<p><b><span style=\"font-size: 12pt;line-height: 17.12px;font-family: Arial, sans-serif;color: #2c9ffd\">Advertencias:<\/span><\/b><\/p>\n<p>Producto de uso exclusivo en medicina veterinaria, no se use en humanos.<\/p>\n<p>No se use la soluci\u00f3n si no est\u00e1 transparente, si contiene part\u00edculas en suspensi\u00f3n o sedimentos o si el cierre ha sido violado.<\/p>\n<p>Cons\u00e9rvese a temperatura ambiente.<\/p>\n<p>Ev\u00edtese la congelaci\u00f3n.<\/p>\n","protected":false},"excerpt":{"rendered":"<p>Soluci\u00f3n HT Hartmann 1000 ml F\u00f3rmula: Cada 100 mL contienen: Cloruro de sodio 0.600 g Cloruro de potasio 0.030 g Cloruro de calcio 0.020 g Lactato de sodio 0.310 g Agua inyectable cbp 100 mL Miliequivalentes por litro: Sodio 130 Potasio 4 Calcio 3 Cloruro 109 Lactato 28 Uso en: \u00a0\u00a0\u00a0\u00a0 \u00a0 \u00a0\u00a0 V\u00eda de [&hellip;]<\/p>\n","protected":false},"featured_media":0,"comment_status":"open","ping_status":"closed","template":"","meta":{"_et_pb_use_builder":"","_et_pb_old_content":"","_et_gb_content_width":"","spay_email":""},"_links":{"self":[{"href":"https:\/\/farmaciaveterinarialaconquista.com\/index.php\/wp-json\/wp\/v2\/product\/997"}],"collection":[{"href":"https:\/\/farmaciaveterinarialaconquista.com\/index.php\/wp-json\/wp\/v2\/product"}],"about":[{"href":"https:\/\/farmaciaveterinarialaconquista.com\/index.php\/wp-json\/wp\/v2\/types\/product"}],"replies":[{"embeddable":true,"href":"https:\/\/farmaciaveterinarialaconquista.com\/index.php\/wp-json\/wp\/v2\/comments?post=997"}],"wp:attachment":[{"href":"https:\/\/farmaciaveterinarialaconquista.com\/index.php\/wp-json\/wp\/v2\/media?parent=997"}],"curies":[{"name":"wp","href":"https:\/\/api.w.org\/{rel}","templated":true}]}}