{"id":955,"date":"2020-10-15T13:17:01","date_gmt":"2020-10-15T18:17:01","guid":{"rendered":"http:\/\/farmaciaveterinarialaconquista.com\/?post_type=product&#038;p=955"},"modified":"2023-04-11T14:21:18","modified_gmt":"2023-04-11T19:21:18","slug":"pistola-automatica-para-vacunacion-de-aves","status":"publish","type":"product","link":"https:\/\/farmaciaveterinarialaconquista.com\/index.php\/producto\/pistola-automatica-para-vacunacion-de-aves\/","title":{"rendered":"Pistola Autom\u00e1tica para vacunaci\u00f3n de aves"},"content":{"rendered":"<p>Pistola autom\u00e1tica para vacunaci\u00f3n de aves<\/p>\n<p>Regulable hasta 2 ml<\/p>\n<p>Instructivo<\/p>\n","protected":false},"excerpt":{"rendered":"<p>Pistola autom\u00e1tica para vacunaci\u00f3n de aves Regulable hasta 2 ml Instructivo<\/p>\n","protected":false},"featured_media":958,"comment_status":"open","ping_status":"closed","template":"","meta":{"_et_pb_use_builder":"","_et_pb_old_content":"","_et_gb_content_width":"","spay_email":""},"_links":{"self":[{"href":"https:\/\/farmaciaveterinarialaconquista.com\/index.php\/wp-json\/wp\/v2\/product\/955"}],"collection":[{"href":"https:\/\/farmaciaveterinarialaconquista.com\/index.php\/wp-json\/wp\/v2\/product"}],"about":[{"href":"https:\/\/farmaciaveterinarialaconquista.com\/index.php\/wp-json\/wp\/v2\/types\/product"}],"replies":[{"embeddable":true,"href":"https:\/\/farmaciaveterinarialaconquista.com\/index.php\/wp-json\/wp\/v2\/comments?post=955"}],"wp:featuredmedia":[{"embeddable":true,"href":"https:\/\/farmaciaveterinarialaconquista.com\/index.php\/wp-json\/wp\/v2\/media\/958"}],"wp:attachment":[{"href":"https:\/\/farmaciaveterinarialaconquista.com\/index.php\/wp-json\/wp\/v2\/media?parent=955"}],"curies":[{"name":"wp","href":"https:\/\/api.w.org\/{rel}","templated":true}]}}