{"id":92,"date":"2020-04-10T02:23:23","date_gmt":"2020-04-10T07:23:23","guid":{"rendered":"http:\/\/farmaciaveterinarialaconquista.com\/index.php\/producto\/import-placeholder-for-344\/"},"modified":"2025-09-20T15:16:28","modified_gmt":"2025-09-20T21:16:28","slug":"feather-flex-250-ml","status":"publish","type":"product","link":"https:\/\/farmaciaveterinarialaconquista.com\/index.php\/producto\/feather-flex-250-ml\/","title":{"rendered":"Feather flex 250 ml"},"content":{"rendered":"<p><strong>F\u00f3rmula:<\/strong><\/p>\n<p>Vitamina E como antioxidante, omega 3, omega 6, aloe vera<\/p>\n<p>D-limoneno 20%<\/p>\n<p>Ketarina 2 mcg<\/p>\n<p>Aceite de lim\u00f3n 28 mcg<\/p>\n<p>Aceite de pino 28 mcg<\/p>\n<p>Carboxil vinil 2.8 mcg<\/p>\n<p>Trietanolamina 1,5 mcg<\/p>\n<p>Veh\u00edculo c.b.p. 1 ml<\/p>\n<p><strong>Uso en:<\/strong><\/p>\n<p><img src=\"http:\/\/www.plmconnection.com\/plmservices\/VetSearchEngine\/M%C3%A9xico\/PEV39\/img\/gallo.png\" \/><\/p>\n<p><strong>V\u00eda de administraci\u00f3n:<\/strong><\/p>\n<p>T\u00f3pica<\/p>\n<p><strong>Descripci\u00f3n:<\/strong><\/p>\n<p>Eliminador de par\u00e1sito externo<\/p>\n<p>Reparador para la pluma de los gallos.<\/p>\n<p>Flexibiliza y sanea pluma quemada, parasitada, china, seca y maltratada.<\/p>\n<p><strong>Dosis:<\/strong><\/p>\n<p>Como spray, una parte de feather flex por 2 partes de agua y aplicar abundantemente en la zona afectada.<\/p>\n<p>Para ba\u00f1o, en 10 litros poner 150ml de feather y meter al gallo hasta el cuello y dar masaje a contra pluma para que penetre el p\u00f3lice, poner feather flex nuevamente en cuanto el agua se vea clara. Es el m\u00e1s efectivo de su tipo<\/p>\n<p>Recomendaciones:<\/p>\n<p>Aplicar cada 15 d\u00edas hasta obtener el control sobre la plaga<\/p>\n<p>Aplicar cada 8 d\u00edas si se requiere flexibilizar la pluma durante el cuido<\/p>\n<p><strong>Advertencias:<\/strong><\/p>\n<p>No aplicar en d\u00edas de descanso<\/p>\n<p>Producto para uso veterinario exclusivamente<\/p>\n<p>Cons\u00e9rvese en lugar fresco y seco protegido de la luz<\/p>\n","protected":false},"excerpt":{"rendered":"<p>F\u00f3rmula: Vitamina E como antioxidante, omega 3, omega 6, aloe vera D-limoneno 20% Ketarina 2 mcg Aceite de lim\u00f3n 28 mcg Aceite de pino 28 mcg Carboxil vinil 2.8 mcg Trietanolamina 1,5 mcg Veh\u00edculo c.b.p. 1 ml Uso en: V\u00eda de administraci\u00f3n: T\u00f3pica Descripci\u00f3n: Eliminador de par\u00e1sito externo Reparador para la pluma de los gallos. [&hellip;]<\/p>\n","protected":false},"featured_media":146,"comment_status":"open","ping_status":"closed","template":"","meta":{"_et_pb_use_builder":"","_et_pb_old_content":"","_et_gb_content_width":"","spay_email":""},"_links":{"self":[{"href":"https:\/\/farmaciaveterinarialaconquista.com\/index.php\/wp-json\/wp\/v2\/product\/92"}],"collection":[{"href":"https:\/\/farmaciaveterinarialaconquista.com\/index.php\/wp-json\/wp\/v2\/product"}],"about":[{"href":"https:\/\/farmaciaveterinarialaconquista.com\/index.php\/wp-json\/wp\/v2\/types\/product"}],"replies":[{"embeddable":true,"href":"https:\/\/farmaciaveterinarialaconquista.com\/index.php\/wp-json\/wp\/v2\/comments?post=92"}],"wp:featuredmedia":[{"embeddable":true,"href":"https:\/\/farmaciaveterinarialaconquista.com\/index.php\/wp-json\/wp\/v2\/media\/146"}],"wp:attachment":[{"href":"https:\/\/farmaciaveterinarialaconquista.com\/index.php\/wp-json\/wp\/v2\/media?parent=92"}],"curies":[{"name":"wp","href":"https:\/\/api.w.org\/{rel}","templated":true}]}}