{"id":91,"date":"2020-04-10T02:23:23","date_gmt":"2020-04-10T07:23:23","guid":{"rendered":"http:\/\/farmaciaveterinarialaconquista.com\/index.php\/producto\/import-placeholder-for-343\/"},"modified":"2025-09-24T12:00:02","modified_gmt":"2025-09-24T18:00:02","slug":"espiranide-caja-10-tbs","status":"publish","type":"product","link":"https:\/\/farmaciaveterinarialaconquista.com\/index.php\/producto\/espiranide-caja-10-tbs\/","title":{"rendered":"Espiranide caja 10 tbs"},"content":{"rendered":"<p><strong>F\u00f3rmula:<\/strong><\/p>\n<p>Metronidazol 125 mg<\/p>\n<p>Espiramicina 750,000 U.I.<\/p>\n<p>Excipiente, c.b.p. 1 tableta.<\/p>\n<p><strong>Uso en:<\/strong><\/p>\n<p><img src=\"http:\/\/www.plmconnection.com\/plmservices\/VetSearchEngine\/M%C3%A9xico\/PEV39\/img\/perro.png\" \/><\/p>\n<p><strong>V\u00eda de administraci\u00f3n:<\/strong><\/p>\n<p>Oral.<\/p>\n<p><strong>Descripci\u00f3n:<\/strong><\/p>\n<p>Se usa en perros para el tratamiento de infecciones de la cavidad oral, particularmente enfermedad periodontal, gingivitis, halitosis, f\u00edstula oronasal y abscesos dentales de origen bacteriano causados por: Staphylococcus spp, Streptococcus spp, Peptostreptococcus spp, Corynebacterium spp, Clostridium spp, Fusobacterium spp y Helicobacter spp. Por su amplio espectro generado por la acci\u00f3n combinada del metronidazol y la espiramicina se puede usar en osteomielitis, heridas por mordedura, fracturas expuestas e infecciones intestinales.<\/p>\n<p>Interacciones medicamentosas: Las interacciones medicamentosas se producen fundamentalmente con la:<\/p>\n<p>Warfarina: aumenta su efecto anticoagulante por mecanismo desconocido.<\/p>\n<p>Carbamazepina, metilprednisolona y ciclosporina: inhiben el metabolismo hep\u00e1tico de los macr\u00f3lidos, por lo que deben disminuirse las dosis cuando se combine su uso con estos medicamentos.<\/p>\n<p>Digoxina: mejora la absorci\u00f3n al inhibir las bacterias que la descomponen.<\/p>\n<p>Teofilina: disminuye la depuraci\u00f3n, por lo que deben utilizarse dosis inferiores.<\/p>\n<p>Se puede ver afectada la acci\u00f3n de la fenoto\u00edna y el ibuprofeno, por lo cual no se recomienda su uso al mismo tiempo.<\/p>\n<p>Reacciones adversas: Los efectos adversos producidos por la combinaci\u00f3n de metronidazol y espiramicina son poco comunes, los cuales pueden manifestar ocasionalmente: v\u00f3mito, diarrea y dolor abdominal y raramente son lo suficientemente severos para suspender el tratamiento. En el caso que los s\u00edntomas antes mencionados se prolonguen o exacerben, la suspensi\u00f3n del tratamiento es suficiente para que al poco tiempo estos desaparezcan.<\/p>\n<p>El metronidazol est\u00e1 contraindicado en pacientes con enfermedades activas del sistema nervioso central. La dosis debe reducirse en pacientes con enfermedades obstructivas del h\u00edgado, disfunci\u00f3n hep\u00e1tica y\/o renal.<\/p>\n<p><strong>Dosis:<\/strong><\/p>\n<p>Una tableta por cada 10 kg de peso lo que equivale a 75,000 U.I.\/kg de espiramicina y 12.5 mg\/kg de metronidazol, una vez al d\u00eda durante 5-10 d\u00edas.<\/p>\n<p><strong>Advertencias:<\/strong><\/p>\n<p>Producto de uso exclusivo en medicina veterinaria, no se use en humanos.<\/p>\n<p>Cons\u00e9rvese en un lugar fresco y seco.<\/p>\n<p>No se deje al alcance de los ni\u00f1os.<\/p>\n<p>No se recomienda su uso en animales pre\u00f1ados, especialmente en el primer trimestre.<\/p>\n<p>No utilizarse durante la lactancia.<\/p>\n<p>No se use en cachorros.<\/p>\n<p>Consulte al M\u00e9dico Veterinario.<\/p>\n<p>Su venta requiere receta m\u00e9dica.<\/p>\n","protected":false},"excerpt":{"rendered":"<p>F\u00f3rmula: Metronidazol 125 mg Espiramicina 750,000 U.I. Excipiente, c.b.p. 1 tableta. Uso en: V\u00eda de administraci\u00f3n: Oral. Descripci\u00f3n: Se usa en perros para el tratamiento de infecciones de la cavidad oral, particularmente enfermedad periodontal, gingivitis, halitosis, f\u00edstula oronasal y abscesos dentales de origen bacteriano causados por: Staphylococcus spp, Streptococcus spp, Peptostreptococcus spp, Corynebacterium spp, Clostridium [&hellip;]<\/p>\n","protected":false},"featured_media":145,"comment_status":"open","ping_status":"closed","template":"","meta":{"_et_pb_use_builder":"","_et_pb_old_content":"","_et_gb_content_width":"","spay_email":""},"_links":{"self":[{"href":"https:\/\/farmaciaveterinarialaconquista.com\/index.php\/wp-json\/wp\/v2\/product\/91"}],"collection":[{"href":"https:\/\/farmaciaveterinarialaconquista.com\/index.php\/wp-json\/wp\/v2\/product"}],"about":[{"href":"https:\/\/farmaciaveterinarialaconquista.com\/index.php\/wp-json\/wp\/v2\/types\/product"}],"replies":[{"embeddable":true,"href":"https:\/\/farmaciaveterinarialaconquista.com\/index.php\/wp-json\/wp\/v2\/comments?post=91"}],"wp:featuredmedia":[{"embeddable":true,"href":"https:\/\/farmaciaveterinarialaconquista.com\/index.php\/wp-json\/wp\/v2\/media\/145"}],"wp:attachment":[{"href":"https:\/\/farmaciaveterinarialaconquista.com\/index.php\/wp-json\/wp\/v2\/media?parent=91"}],"curies":[{"name":"wp","href":"https:\/\/api.w.org\/{rel}","templated":true}]}}