{"id":90,"date":"2020-04-10T02:23:23","date_gmt":"2020-04-10T07:23:23","guid":{"rendered":"http:\/\/farmaciaveterinarialaconquista.com\/index.php\/producto\/import-placeholder-for-342\/"},"modified":"2024-11-18T18:05:17","modified_gmt":"2024-11-19T00:05:17","slug":"espectol-50-ml","status":"publish","type":"product","link":"https:\/\/farmaciaveterinarialaconquista.com\/index.php\/producto\/espectol-50-ml\/","title":{"rendered":"Espectol 50 ml"},"content":{"rendered":"<p><strong>F\u00f3rmula:<\/strong><\/p>\n<p>Alcanfor 10 g<\/p>\n<p>Guayacol 20 g<\/p>\n<p>Eucaliptol 15 g<\/p>\n<p>Gomenol 5 g<\/p>\n<p>\u00c9ter sulf\u00farico 10 g<\/p>\n<p>Yodoformo 2 g<\/p>\n<p>Veh\u00edculo, c.b.p. 100 mL.<\/p>\n<p><strong>Uso en:<\/strong><\/p>\n<p class=\"Normal\"><span class=\"imgIpp\">\u00a0<img src=\"http:\/\/www.plmconnection.com\/plmservices\/VetSearchEngine\/M%C3%A9xico\/PEV39\/img\/becerro.png\" alt=\"\" \/>\u00a0<img src=\"http:\/\/www.plmconnection.com\/plmservices\/VetSearchEngine\/M%C3%A9xico\/PEV39\/img\/vaca.png\" alt=\"\" \/>\u00a0<img src=\"http:\/\/www.plmconnection.com\/plmservices\/VetSearchEngine\/M%C3%A9xico\/PEV39\/img\/toro.png\" alt=\"\" \/>\u00a0<img src=\"http:\/\/www.plmconnection.com\/plmservices\/VetSearchEngine\/M%C3%A9xico\/PEV39\/img\/oveja.png\" alt=\"\" \/>\u00a0<img src=\"http:\/\/www.plmconnection.com\/plmservices\/VetSearchEngine\/M%C3%A9xico\/PEV39\/img\/cabra.png\" alt=\"\" \/><\/span><span class=\"imgIpp\"><img src=\"http:\/\/www.plmconnection.com\/plmservices\/VetSearchEngine\/M%C3%A9xico\/PEV39\/img\/caballo.png\" alt=\"\" \/>\u00a0<img src=\"http:\/\/www.plmconnection.com\/plmservices\/VetSearchEngine\/M%C3%A9xico\/PEV39\/img\/caballo1.png\" alt=\"\" \/>\u00a0<img src=\"http:\/\/www.plmconnection.com\/plmservices\/VetSearchEngine\/M%C3%A9xico\/PEV39\/img\/porcino.png\" alt=\"\" \/>\u00a0<img src=\"http:\/\/www.plmconnection.com\/plmservices\/VetSearchEngine\/M%C3%A9xico\/PEV39\/img\/perro.png\" alt=\"\" \/>\u00a0<img src=\"http:\/\/www.plmconnection.com\/plmservices\/VetSearchEngine\/M%C3%A9xico\/PEV39\/img\/gato.png\" alt=\"\" \/><\/span><\/p>\n<p><strong>V\u00eda de administraci\u00f3n:<\/strong><\/p>\n<p>Intramuscular.<\/p>\n<p><strong>Descripci\u00f3n:<\/strong><\/p>\n<p>Combinaci\u00f3n de aceites vol\u00e1tiles con propiedades antis\u00e9pticas, antiespasm\u00f3dicas, sedantes, reductoras del edema pulmonar y descongestionantes del aparato respiratorio.<\/p>\n<p>El eucaliptol o cineol posee propiedades antis\u00e9pticas y antifermentativas a causa del ozono que deja en libertad, \u00e9ste se elimina r\u00e1pidamente por la mucosa broncopulmonar.<\/p>\n<p>El alcanfor (esencia de Laurus camphora) se absorbe r\u00e1pidamente, ayuda a los movimientos respiratorios y estimula la contracci\u00f3n cardiaca, es un gran antiespasm\u00f3dico y sedante.<\/p>\n<p>El \u00e9ter sulf\u00farico tiene propiedades sedantes y antiespasm\u00f3dicas, adem\u00e1s de ser un estimulante en los casos de s\u00edncope, colapso y asistolia.<\/p>\n<p>El yodoformo (metano triodado) es adecuado para tratar los casos de bronquitis, tambi\u00e9n tiene propiedades analg\u00e9sicas al ser aplicado en uni\u00f3n de los componentes de esta f\u00f3rmula por aplicaci\u00f3n intratraqueal.<\/p>\n<p><strong>Dosis:<\/strong><\/p>\n<p>Bovinos y equinos: 10-20 mL.<\/p>\n<p>Becerros y potros: 5-10 mL.<\/p>\n<p>Porcinos, ovinos y caprinos: 3-5 mL.<\/p>\n<p>Caninos y felinos: 0.5-1 mL.<\/p>\n<p><strong>Advertencias:<\/strong><\/p>\n<p>Periodo de retiro: Este medicamento no requiere periodo de retiro.<\/p>\n<p>Este medicamento es para uso exclusivo veterinario.<\/p>\n<p>Use material est\u00e9ril en cada aplicaci\u00f3n.<\/p>\n<p>Cons\u00e9rvese en un lugar fresco y seco, alejado de la luz del sol.<\/p>\n<p>Mant\u00e9ngase fuera del alcance de los ni\u00f1os.<\/p>\n<p>Mantener a temperaturas entre 15 y 30\u00b0C.<\/p>\n<p>Uso veterinario.<\/p>\n<p>Su venta requiere receta m\u00e9dica.<\/p>\n<p>Consulte al M\u00e9dico Veterinario.<\/p>\n<p>Este producto es de uso exclusivo veterinario.<\/p>\n<p>&nbsp;<\/p>\n<p>&nbsp;<\/p>\n","protected":false},"excerpt":{"rendered":"<p>F\u00f3rmula: Alcanfor 10 g Guayacol 20 g Eucaliptol 15 g Gomenol 5 g \u00c9ter sulf\u00farico 10 g Yodoformo 2 g Veh\u00edculo, c.b.p. 100 mL. Uso en: \u00a0\u00a0\u00a0\u00a0\u00a0\u00a0\u00a0\u00a0\u00a0 V\u00eda de administraci\u00f3n: Intramuscular. Descripci\u00f3n: Combinaci\u00f3n de aceites vol\u00e1tiles con propiedades antis\u00e9pticas, antiespasm\u00f3dicas, sedantes, reductoras del edema pulmonar y descongestionantes del aparato respiratorio. El eucaliptol o cineol posee [&hellip;]<\/p>\n","protected":false},"featured_media":144,"comment_status":"open","ping_status":"closed","template":"","meta":{"_et_pb_use_builder":"","_et_pb_old_content":"","_et_gb_content_width":"","spay_email":""},"_links":{"self":[{"href":"https:\/\/farmaciaveterinarialaconquista.com\/index.php\/wp-json\/wp\/v2\/product\/90"}],"collection":[{"href":"https:\/\/farmaciaveterinarialaconquista.com\/index.php\/wp-json\/wp\/v2\/product"}],"about":[{"href":"https:\/\/farmaciaveterinarialaconquista.com\/index.php\/wp-json\/wp\/v2\/types\/product"}],"replies":[{"embeddable":true,"href":"https:\/\/farmaciaveterinarialaconquista.com\/index.php\/wp-json\/wp\/v2\/comments?post=90"}],"wp:featuredmedia":[{"embeddable":true,"href":"https:\/\/farmaciaveterinarialaconquista.com\/index.php\/wp-json\/wp\/v2\/media\/144"}],"wp:attachment":[{"href":"https:\/\/farmaciaveterinarialaconquista.com\/index.php\/wp-json\/wp\/v2\/media?parent=90"}],"curies":[{"name":"wp","href":"https:\/\/api.w.org\/{rel}","templated":true}]}}