{"id":88,"date":"2020-04-10T02:23:23","date_gmt":"2020-04-10T07:23:23","guid":{"rendered":"http:\/\/farmaciaveterinarialaconquista.com\/index.php\/producto\/import-placeholder-for-340\/"},"modified":"2025-09-24T11:59:07","modified_gmt":"2025-09-24T17:59:07","slug":"ercanol-50-ml-iny","status":"publish","type":"product","link":"https:\/\/farmaciaveterinarialaconquista.com\/index.php\/producto\/ercanol-50-ml-iny\/","title":{"rendered":"Ercanol 50 ml iny"},"content":{"rendered":"<p><strong>Formula:<\/strong><\/p>\n<p>Oxitetraciclina HCl 3 g<\/p>\n<p>Dexametasona base 10 mg<\/p>\n<p>Gentamicina sulfato 250 mg<\/p>\n<p>Difenhidramina 4 mg<\/p>\n<p>Dipirona s\u00f3dica 5 mg<\/p>\n<p>Ascorbato de sodio 120 mg<\/p>\n<p>Veh\u00edculo cbp 100 mL<\/p>\n<p><strong>Uso en:<\/strong><\/p>\n<p><span class=\"imgIpp\">\u00a0<img src=\"http:\/\/www.plmconnection.com\/plmservices\/VetSearchEngine\/M%C3%A9xico\/PEV39\/img\/gallina.png\" alt=\"\" \/>\u00a0 \u00a0 <\/span><span class=\"imgIpp\"><img src=\"http:\/\/www.plmconnection.com\/plmservices\/VetSearchEngine\/M%C3%A9xico\/PEV39\/img\/gallo.png\" alt=\"\" \/>\u00a0<\/span><\/p>\n<p><strong>V\u00eda de administraci\u00f3n:<\/strong><\/p>\n<p>Intramuscular, preferentemente en la pechuga.<\/p>\n<p><strong>Descripci\u00f3n:<\/strong><\/p>\n<p>Est\u00e1 indicado para el control y tratamiento de las afecciones respiratorias de las aves.<\/p>\n<p>Soluci\u00f3n especialmente formulada para el tratamiento integral de las infecciones respiratorias, digestivas y urinarias en las aves causadas por bacterias. Efectiva mezcla de dos antibi\u00f3ticos de amplio espectro: oxitetraciclina y gentamicina, adicionada con dexametasona, considerado el antiinflamatorio glucocorticoide sint\u00e9tico m\u00e1s potente; difenhidramina, un agente antihistam\u00ednico que posee notables propiedades antial\u00e9rgicas y antiespasm\u00f3dicas de utilidad en el descongestionamiento de la mucosa bronquial nasal y ocular; la dipirona s\u00f3dica, de efecto analg\u00e9sico y antiinflamatorio muy marcado y ascorbato de sodio como vitamina C que estimula las defensas y regenera los epitelios da\u00f1ados gracias a su conocido efecto antigripal.<\/p>\n<p><strong>Dosis:<\/strong><\/p>\n<p>Aves que pesen menos de 1 Kg: 0.5 mL.<\/p>\n<p>Aves que pesen m\u00e1s de 1 Kg: 1 mL.<\/p>\n<p>De acuerdo al criterio del M\u00e9dico Veterinario.<\/p>\n<p><strong>Advertencias:<\/strong><\/p>\n<p>No usar este producto 30 d\u00edas antes del sacrificio de las aves destinadas al consumo humano.<\/p>\n<p>No deber\u00e1n consumirse los huevos producidos 24 horas despu\u00e9s del \u00faltimo tratamiento.<\/p>\n<p>No se deje al alcance de los ni\u00f1os ni de animales dom\u00e9sticos.<\/p>\n<p>Mant\u00e9ngase en un lugar fresco, seco y al resguardo del sol.<\/p>\n","protected":false},"excerpt":{"rendered":"<p>Formula: Oxitetraciclina HCl 3 g Dexametasona base 10 mg Gentamicina sulfato 250 mg Difenhidramina 4 mg Dipirona s\u00f3dica 5 mg Ascorbato de sodio 120 mg Veh\u00edculo cbp 100 mL Uso en: \u00a0\u00a0 \u00a0 \u00a0 V\u00eda de administraci\u00f3n: Intramuscular, preferentemente en la pechuga. Descripci\u00f3n: Est\u00e1 indicado para el control y tratamiento de las afecciones respiratorias de [&hellip;]<\/p>\n","protected":false},"featured_media":142,"comment_status":"open","ping_status":"closed","template":"","meta":{"_et_pb_use_builder":"","_et_pb_old_content":"","_et_gb_content_width":"","spay_email":""},"_links":{"self":[{"href":"https:\/\/farmaciaveterinarialaconquista.com\/index.php\/wp-json\/wp\/v2\/product\/88"}],"collection":[{"href":"https:\/\/farmaciaveterinarialaconquista.com\/index.php\/wp-json\/wp\/v2\/product"}],"about":[{"href":"https:\/\/farmaciaveterinarialaconquista.com\/index.php\/wp-json\/wp\/v2\/types\/product"}],"replies":[{"embeddable":true,"href":"https:\/\/farmaciaveterinarialaconquista.com\/index.php\/wp-json\/wp\/v2\/comments?post=88"}],"wp:featuredmedia":[{"embeddable":true,"href":"https:\/\/farmaciaveterinarialaconquista.com\/index.php\/wp-json\/wp\/v2\/media\/142"}],"wp:attachment":[{"href":"https:\/\/farmaciaveterinarialaconquista.com\/index.php\/wp-json\/wp\/v2\/media?parent=88"}],"curies":[{"name":"wp","href":"https:\/\/api.w.org\/{rel}","templated":true}]}}