{"id":87,"date":"2020-04-10T02:23:22","date_gmt":"2020-04-10T07:23:22","guid":{"rendered":"http:\/\/farmaciaveterinarialaconquista.com\/index.php\/producto\/import-placeholder-for-339\/"},"modified":"2024-11-18T18:04:50","modified_gmt":"2024-11-19T00:04:50","slug":"ercanol-10-ml","status":"publish","type":"product","link":"https:\/\/farmaciaveterinarialaconquista.com\/index.php\/producto\/ercanol-10-ml\/","title":{"rendered":"Ercanol 10 ml"},"content":{"rendered":"<p><strong>Formula:<\/strong><\/p>\n<p>Oxitetraciclina HCl 2.4 g<\/p>\n<p>Gentamicina sulfato 250 mg<\/p>\n<p>Dexametasona base 10 mg<\/p>\n<p>Difenhidramina clorhidrato 4 mg<\/p>\n<p>Dipirona s\u00f3dica 5 mg<\/p>\n<p>Ascorbato de sodio 120 mg<\/p>\n<p>Veh\u00edculo cbp 100 mL<\/p>\n<p><strong>Uso en:<\/strong><\/p>\n<p><span class=\"imgIpp\">\u00a0<img src=\"http:\/\/www.plmconnection.com\/plmservices\/VetSearchEngine\/M%C3%A9xico\/PEV39\/img\/gallina.png\" alt=\"\" \/>\u00a0 \u00a0 <\/span><span class=\"imgIpp\"><img src=\"http:\/\/www.plmconnection.com\/plmservices\/VetSearchEngine\/M%C3%A9xico\/PEV39\/img\/gallo.png\" alt=\"\" \/>\u00a0<\/span><\/p>\n<p><strong>V\u00eda de administraci\u00f3n:<\/strong><\/p>\n<p>Oral, diluido en el agua de bebida.<\/p>\n<p><strong>Descripci\u00f3n:<\/strong><\/p>\n<p>Es una efectiva mezcla anti\u00adbi\u00f3tica de amplio espectro, que contiene tambi\u00e9n los efectos desinflamatorio, analg\u00e9sico, antipir\u00e9tico y estimulante del sistema inmune. Especialmente formulado para el tratamiento integral de las infecciones respiratorias digestivas y urinarias de origen bacteriano, que afecten a las aves de producci\u00f3n, de combate y de ornato.<\/p>\n<p>Indicada en todos aquellos procesos in\u00adfecciosos bacterianos susceptibles a los componentes de la f\u00f3rmula.<\/p>\n<p><strong>Dosis:<\/strong><\/p>\n<p>Aves chicas: 1 mL por litro de agua, por 3 d\u00edas seguidos.<\/p>\n<p>Aves adultas: 2 mL por litro de agua, por 3 d\u00edas seguidos.<\/p>\n<p><strong>Advertencias:<\/strong><\/p>\n<p>No deber\u00e1n consumirse los huevos producidos por las aves tratadas hasta 24 horas posteriores a la medicaci\u00f3n. No deber\u00e1 usarse este producto 30 d\u00edas antes del sacrificio de los animales destinados al consumo humano.<\/p>\n<p>Mant\u00e9ngase en un lugar fresco, seco y al resguardo del sol. No se deje al alcance de los ni\u00f1os ni de animales dom\u00e9sticos.<\/p>\n","protected":false},"excerpt":{"rendered":"<p>Formula: Oxitetraciclina HCl 2.4 g Gentamicina sulfato 250 mg Dexametasona base 10 mg Difenhidramina clorhidrato 4 mg Dipirona s\u00f3dica 5 mg Ascorbato de sodio 120 mg Veh\u00edculo cbp 100 mL Uso en: \u00a0\u00a0 \u00a0 \u00a0 V\u00eda de administraci\u00f3n: Oral, diluido en el agua de bebida. Descripci\u00f3n: Es una efectiva mezcla anti\u00adbi\u00f3tica de amplio espectro, que [&hellip;]<\/p>\n","protected":false},"featured_media":141,"comment_status":"open","ping_status":"closed","template":"","meta":{"_et_pb_use_builder":"","_et_pb_old_content":"","_et_gb_content_width":"","spay_email":""},"_links":{"self":[{"href":"https:\/\/farmaciaveterinarialaconquista.com\/index.php\/wp-json\/wp\/v2\/product\/87"}],"collection":[{"href":"https:\/\/farmaciaveterinarialaconquista.com\/index.php\/wp-json\/wp\/v2\/product"}],"about":[{"href":"https:\/\/farmaciaveterinarialaconquista.com\/index.php\/wp-json\/wp\/v2\/types\/product"}],"replies":[{"embeddable":true,"href":"https:\/\/farmaciaveterinarialaconquista.com\/index.php\/wp-json\/wp\/v2\/comments?post=87"}],"wp:featuredmedia":[{"embeddable":true,"href":"https:\/\/farmaciaveterinarialaconquista.com\/index.php\/wp-json\/wp\/v2\/media\/141"}],"wp:attachment":[{"href":"https:\/\/farmaciaveterinarialaconquista.com\/index.php\/wp-json\/wp\/v2\/media?parent=87"}],"curies":[{"name":"wp","href":"https:\/\/api.w.org\/{rel}","templated":true}]}}