{"id":84,"date":"2020-04-10T02:23:22","date_gmt":"2020-04-10T07:23:22","guid":{"rendered":"http:\/\/farmaciaveterinarialaconquista.com\/index.php\/producto\/import-placeholder-for-336\/"},"modified":"2025-09-24T12:01:11","modified_gmt":"2025-09-24T18:01:11","slug":"enroxil-5-50ml","status":"publish","type":"product","link":"https:\/\/farmaciaveterinarialaconquista.com\/index.php\/producto\/enroxil-5-50ml\/","title":{"rendered":"Enroxil 5 % 50ml"},"content":{"rendered":"<p><strong>F\u00f3rmula:<\/strong><\/p>\n<p>Enrofloxacina 50 mg<\/p>\n<p>Veh\u00edculo, c.b.p. 1 mL<\/p>\n<p><strong>Uso en:<\/strong><\/p>\n<p><span class=\"imgIpp\"><img src=\"http:\/\/www.plmconnection.com\/plmservices\/VetSearchEngine\/M%C3%A9xico\/PEV39\/img\/vaca.png\" alt=\"\" \/>\u00a0<img src=\"http:\/\/www.plmconnection.com\/plmservices\/VetSearchEngine\/M%C3%A9xico\/PEV39\/img\/toro.png\" alt=\"\" \/>\u00a0<img src=\"http:\/\/www.plmconnection.com\/plmservices\/VetSearchEngine\/M%C3%A9xico\/PEV39\/img\/caballo.png\" alt=\"\" \/>\u00a0<img src=\"http:\/\/www.plmconnection.com\/plmservices\/VetSearchEngine\/M%C3%A9xico\/PEV39\/img\/oveja.png\" alt=\"\" \/>\u00a0<\/span><span class=\"imgIpp\"><img src=\"http:\/\/www.plmconnection.com\/plmservices\/VetSearchEngine\/M%C3%A9xico\/PEV39\/img\/cabra.png\" alt=\"\" \/>\u00a0<img src=\"http:\/\/www.plmconnection.com\/plmservices\/VetSearchEngine\/M%C3%A9xico\/PEV39\/img\/porcino.png\" alt=\"\" \/>\u00a0<img src=\"http:\/\/www.plmconnection.com\/plmservices\/VetSearchEngine\/M%C3%A9xico\/PEV39\/img\/perro.png\" alt=\"\" \/>\u00a0<img src=\"http:\/\/www.plmconnection.com\/plmservices\/VetSearchEngine\/M%C3%A9xico\/PEV39\/img\/gato.png\" alt=\"\" \/><\/span><\/p>\n<p><strong>V\u00eda de administraci\u00f3n:<\/strong><\/p>\n<p>Intramuscular profunda, subcut\u00e1nea e intravenosa lenta.<\/p>\n<p><strong>Descripci\u00f3n:<\/strong><\/p>\n<p>Est\u00e1 indicado en el tratamiento de enfermedades infecciosas de origen bacteriano del aparato respiratorio, digestivo, genitourinario, tegumentario y septic\u00e9mico, para bovinos productores de carne, porcinos, caprinos, ovinos, equinos, caninos y felinos.<\/p>\n<p>Es una quinolona fluorada que act\u00faa sobre la unidad A y sobre la unidad B de la topoisomerasa II (DNA-Girasa), presenta una gran actividad contra bacterias grampositivas, gramnegativas y micoplasmas. Su absorci\u00f3n es excelente alcanzando altas concentraciones en tejidos, tiene una alta biodisponibilidad, es parcialmente metabolizado en h\u00edgado a ciprofloxacina y se elimina a trav\u00e9s de la v\u00eda renal por filtraci\u00f3n glomerular y por excreci\u00f3n tubular.<\/p>\n<p><strong>Dosis:<\/strong><\/p>\n<p>Ponderal: 2.5 mg\/kg de peso corporal.<\/p>\n<p>Tratamiento: 1 mL\/20 kg de peso corporal cada 24 horas de 3 a 5 d\u00edas.<\/p>\n<p><strong>Advertencias:<\/strong><\/p>\n<p>No usar el producto 6 d\u00edas antes del sacrificio de los animales.<\/p>\n<p>No consumir carne de los animales tratados, sino hasta 5 d\u00edas despu\u00e9s de la \u00faltima administraci\u00f3n, no administrar este producto a equinos destinados al consumo humano, no administrar el producto despu\u00e9s de la fecha de caducidad, cons\u00e9rvese a temperatura ambiente a no m\u00e1s de 30\u00b0C en lugar seco y fresco, protegido de la luz. Producto de uso exclusivo en medicina veterinaria. No se deje al alcance de los ni\u00f1os.<\/p>\n<p>Destrucci\u00f3n de los envases vac\u00edos: Deber\u00e1n desecharse en forma segura en la basura municipal.<\/p>\n","protected":false},"excerpt":{"rendered":"<p>F\u00f3rmula: Enrofloxacina 50 mg Veh\u00edculo, c.b.p. 1 mL Uso en: \u00a0\u00a0\u00a0\u00a0\u00a0\u00a0\u00a0 V\u00eda de administraci\u00f3n: Intramuscular profunda, subcut\u00e1nea e intravenosa lenta. Descripci\u00f3n: Est\u00e1 indicado en el tratamiento de enfermedades infecciosas de origen bacteriano del aparato respiratorio, digestivo, genitourinario, tegumentario y septic\u00e9mico, para bovinos productores de carne, porcinos, caprinos, ovinos, equinos, caninos y felinos. Es una quinolona [&hellip;]<\/p>\n","protected":false},"featured_media":126,"comment_status":"open","ping_status":"closed","template":"","meta":{"_et_pb_use_builder":"","_et_pb_old_content":"","_et_gb_content_width":"","spay_email":""},"_links":{"self":[{"href":"https:\/\/farmaciaveterinarialaconquista.com\/index.php\/wp-json\/wp\/v2\/product\/84"}],"collection":[{"href":"https:\/\/farmaciaveterinarialaconquista.com\/index.php\/wp-json\/wp\/v2\/product"}],"about":[{"href":"https:\/\/farmaciaveterinarialaconquista.com\/index.php\/wp-json\/wp\/v2\/types\/product"}],"replies":[{"embeddable":true,"href":"https:\/\/farmaciaveterinarialaconquista.com\/index.php\/wp-json\/wp\/v2\/comments?post=84"}],"wp:featuredmedia":[{"embeddable":true,"href":"https:\/\/farmaciaveterinarialaconquista.com\/index.php\/wp-json\/wp\/v2\/media\/126"}],"wp:attachment":[{"href":"https:\/\/farmaciaveterinarialaconquista.com\/index.php\/wp-json\/wp\/v2\/media?parent=84"}],"curies":[{"name":"wp","href":"https:\/\/api.w.org\/{rel}","templated":true}]}}