{"id":83,"date":"2020-04-10T02:23:22","date_gmt":"2020-04-10T07:23:22","guid":{"rendered":"http:\/\/farmaciaveterinarialaconquista.com\/index.php\/producto\/import-placeholder-for-321\/"},"modified":"2025-10-25T13:40:25","modified_gmt":"2025-10-25T19:40:25","slug":"ectoline-pour-on-1-lt","status":"publish","type":"product","link":"https:\/\/farmaciaveterinarialaconquista.com\/index.php\/producto\/ectoline-pour-on-1-lt\/","title":{"rendered":"Ectoline pour on 1 lt"},"content":{"rendered":"<p><strong>Formula:<\/strong><\/p>\n<p>Fipronil 10 mg<\/p>\n<p><strong>Uso en:<\/strong><\/p>\n<p><img src=\"http:\/\/www.plmconnection.com\/plmservices\/VetSearchEngine\/M%C3%A9xico\/PEV39\/img\/vaca.png\" \/> <img src=\"http:\/\/www.plmconnection.com\/plmservices\/VetSearchEngine\/M%C3%A9xico\/PEV39\/img\/toro.png\" \/><\/p>\n<p><strong>V\u00eda de administraci\u00f3n:<\/strong><\/p>\n<p>Aplicar t\u00f3picamente a lo largo del lomo en la l\u00ednea que va desde la cruz hasta la base de la cola.<\/p>\n<p><strong>Descripci\u00f3n:<\/strong><\/p>\n<p>Mayor intervalo entre aplicaciones.<\/p>\n<p>Acci\u00f3n mosquicida prolongada despu\u00e9s del tratamiento.<\/p>\n<p>Interrumpe el ciclo del par\u00e1sito en cualquier fase.<\/p>\n<p>Se distribuye perfectamente por toda la piel y el pelo del dorso por tener afinidad hacia las gl\u00e1ndulas seb\u00e1ceas y sus secreciones.<\/p>\n<p>Producto resistente a la lluvia (no hidrosoluble).<\/p>\n<p>Econom\u00eda de manejo y mano de obra.<\/p>\n<p>Menos estr\u00e9s y mayor ganancia diaria de peso para los animales tratados.<\/p>\n<p>Mejor relaci\u00f3n costo-beneficio.<\/p>\n<p>Identifica a los animales tratados coloreando de rojo el pelaje por 3 a 5 d\u00edas.<\/p>\n<p>Limpieza de praderas.<\/p>\n<p>Est\u00e1 indicado como acaricida, piojicida y mosquicida para el tratamiento y control de los siguientes par\u00e1sitos externos de los bovinos:<\/p>\n<p>Garrapatas (Riphicephalus Boophilus microplus).<\/p>\n<p>Piojos masticadores (Damalinia bovis).<\/p>\n<p>Miasis nodular (Dermatobia hominis).<\/p>\n<p>Mosca del cuerno (Haematobia irritans).<\/p>\n<p>Piojos chupadores (Linognatus vituli).<\/p>\n<p><strong>Dosis:<\/strong><\/p>\n<p>La dosis recomendada es de 1 ml por cada 10 kg de peso vivo, correspondiente a 1 mg de fipronil por kg.<\/p>\n<p>Hasta 100 kg de peso corporal 10 ml<\/p>\n<p>150 kg de peso corporal 15 ml<\/p>\n<p>200 kg de peso corporal 20 ml<\/p>\n<p>250 kg de peso corporal 25 ml<\/p>\n<p>300 kg de peso corporal 30 ml<\/p>\n<p>350 kg de peso corporal 35 ml<\/p>\n<p>400 kg de peso corporal 40 ml<\/p>\n<p>450 kg de peso corporal 45 ml<\/p>\n<p>500 kg de peso corporal 50 ml<\/p>\n<p>Para resultados \u00f3ptimos debe aplicarse a todos los animales del hato dentro de un programa planificado de control de par\u00e1sitos externos.<\/p>\n<p>El intervalo de tratamiento puede ser de al menos 5-8 semanas, pero depender\u00e1 de la severidad de la infestaci\u00f3n, condiciones ambientales y condiciones del rancho.<\/p>\n<p>Consulte a su m\u00e9dico veterinario o entom\u00f3logo local para determinar el momento m\u00e1s adecuado para el tratamiento.<\/p>\n<p><strong>Advertencias:<\/strong><\/p>\n<p>Es para uso exclusivo en bovinos de carne. No sacrificar animales cuya carne sea destinada para consumo humano hasta transcurridos 100 d\u00edas del \u00faltimo tratamiento. No administrar a bovinos cuya leche se destine al consumo humano.<\/p>\n<p>Almacenar en un lugar fresco, protegido de la luz, lejos de alimentos y medicamentos, y fuera del alcance de ni\u00f1os, mujeres embarazadas, en lactancia y animales dom\u00e9sticos. Este producto es t\u00f3xico para peces e invertebrados acu\u00e1ticos y plantas acu\u00e1ticas. Evite contaminar cursos de agua como r\u00edos, arroyos.<\/p>\n","protected":false},"excerpt":{"rendered":"<p>Formula: Fipronil 10 mg Uso en: V\u00eda de administraci\u00f3n: Aplicar t\u00f3picamente a lo largo del lomo en la l\u00ednea que va desde la cruz hasta la base de la cola. Descripci\u00f3n: Mayor intervalo entre aplicaciones. Acci\u00f3n mosquicida prolongada despu\u00e9s del tratamiento. Interrumpe el ciclo del par\u00e1sito en cualquier fase. Se distribuye perfectamente por toda la [&hellip;]<\/p>\n","protected":false},"featured_media":125,"comment_status":"open","ping_status":"closed","template":"","meta":{"_et_pb_use_builder":"","_et_pb_old_content":"","_et_gb_content_width":"","spay_email":""},"_links":{"self":[{"href":"https:\/\/farmaciaveterinarialaconquista.com\/index.php\/wp-json\/wp\/v2\/product\/83"}],"collection":[{"href":"https:\/\/farmaciaveterinarialaconquista.com\/index.php\/wp-json\/wp\/v2\/product"}],"about":[{"href":"https:\/\/farmaciaveterinarialaconquista.com\/index.php\/wp-json\/wp\/v2\/types\/product"}],"replies":[{"embeddable":true,"href":"https:\/\/farmaciaveterinarialaconquista.com\/index.php\/wp-json\/wp\/v2\/comments?post=83"}],"wp:featuredmedia":[{"embeddable":true,"href":"https:\/\/farmaciaveterinarialaconquista.com\/index.php\/wp-json\/wp\/v2\/media\/125"}],"wp:attachment":[{"href":"https:\/\/farmaciaveterinarialaconquista.com\/index.php\/wp-json\/wp\/v2\/media?parent=83"}],"curies":[{"name":"wp","href":"https:\/\/api.w.org\/{rel}","templated":true}]}}