{"id":82,"date":"2020-04-10T02:23:22","date_gmt":"2020-04-10T07:23:22","guid":{"rendered":"http:\/\/farmaciaveterinarialaconquista.com\/index.php\/producto\/import-placeholder-for-320\/"},"modified":"2026-03-07T15:32:37","modified_gmt":"2026-03-07T21:32:37","slug":"dipirona-st-50-ml","status":"publish","type":"product","link":"https:\/\/farmaciaveterinarialaconquista.com\/index.php\/producto\/dipirona-st-50-ml\/","title":{"rendered":"Dipirona ST 50 ml"},"content":{"rendered":"<p><strong>F\u00f3rmula:<\/strong><\/p>\n<p>Dipirona s\u00f3dica 500 mg<\/p>\n<p>Veh\u00edculo, c.b.p. 1 mL.<\/p>\n<p><strong>Uso en:<\/strong><\/p>\n<p class=\"Normal\"><span class=\"imgIpp\">\u00a0<\/span><span class=\"imgIpp\"><img src=\"http:\/\/www.plmconnection.com\/plmservices\/VetSearchEngine\/M%C3%A9xico\/PEV39\/img\/vaca.png\" alt=\"\" \/>\u00a0<img src=\"http:\/\/www.plmconnection.com\/plmservices\/VetSearchEngine\/M%C3%A9xico\/PEV39\/img\/toro.png\" alt=\"\" \/><\/span><span class=\"imgIpp\">\u00a0<img src=\"http:\/\/www.plmconnection.com\/plmservices\/VetSearchEngine\/M%C3%A9xico\/PEV39\/img\/becerro.png\" alt=\"\" \/>\u00a0<img src=\"http:\/\/www.plmconnection.com\/plmservices\/VetSearchEngine\/M%C3%A9xico\/PEV39\/img\/oveja.png\" alt=\"\" \/>\u00a0<img src=\"http:\/\/www.plmconnection.com\/plmservices\/VetSearchEngine\/M%C3%A9xico\/PEV39\/img\/oveja1.png\" alt=\"\" \/> <\/span><span class=\"imgIpp\"><img src=\"http:\/\/www.plmconnection.com\/plmservices\/VetSearchEngine\/M%C3%A9xico\/PEV39\/img\/cabra1.png\" alt=\"\" \/>\u00a0<img src=\"http:\/\/www.plmconnection.com\/plmservices\/VetSearchEngine\/M%C3%A9xico\/PEV39\/img\/caballo.png\" alt=\"\" \/>\u00a0<img src=\"http:\/\/www.plmconnection.com\/plmservices\/VetSearchEngine\/M%C3%A9xico\/PEV39\/img\/caballo1.png\" alt=\"\" \/>\u00a0<img src=\"http:\/\/www.plmconnection.com\/plmservices\/VetSearchEngine\/M%C3%A9xico\/PEV39\/img\/porcino.png\" alt=\"\" \/>\u00a0<img src=\"http:\/\/www.plmconnection.com\/plmservices\/VetSearchEngine\/M%C3%A9xico\/PEV39\/img\/porcino.png\" alt=\"\" \/>\u00a0<img src=\"http:\/\/www.plmconnection.com\/plmservices\/VetSearchEngine\/M%C3%A9xico\/PEV39\/img\/perro.png\" alt=\"\" \/><\/span><\/p>\n<p><strong>V\u00eda de administraci\u00f3n:<\/strong><\/p>\n<p>Intravenosa (de lenta aplicaci\u00f3n) o intramuscular profunda cuando el caso lo requiera.<\/p>\n<p>No aplicar subcut\u00e1nea bajo ninguna circunstancia.<\/p>\n<p><strong>Descripci\u00f3n:<\/strong><\/p>\n<p>Antiinflamatorio, antipir\u00e9tico, analg\u00e9sico, antiespasm\u00f3dico y antirreum\u00e1tico para administrarse en todas aquellas condiciones caracterizadas por dolor y espasmo de musculatura lisa y estriada. En el tratamiento del dolor y espasmo de los c\u00f3licos digestivos. Dolor antes y durante el parto. Dolores por intervenciones quir\u00fargicas. Coadyuvante del tratamiento de molestias musculares o articulares en casos de\u00a0 y bursitis.<\/p>\n<p><strong>Dosis:<\/strong><\/p>\n<p>Bovinos y equinos: 20-30 mL.<\/p>\n<p>Becerros y potros: 10-15 mL.<\/p>\n<p>Porcinos: 10-30 mL.<\/p>\n<p>Ovinos y caprinos: 3-8 mL.<\/p>\n<p>Lechones y corderos: 1-2 mL.<\/p>\n<p>Caninos: 1-2.5 mL.<\/p>\n<p><strong>Advertencias:<\/strong><\/p>\n<p>No deber\u00e1 ser administrado 3 d\u00edas antes del sacrificio de animales destinados para consumo humano.<\/p>\n<p>La leche de los animales tratados no deber\u00e1 ser consumida hasta despu\u00e9s de 3 d\u00edas de su \u00faltima aplicaci\u00f3n.<\/p>\n<p>Este medicamento puede causar agranulocitosis.<\/p>\n<p>Mant\u00e9ngase fuera del alcance de los ni\u00f1os.<\/p>\n<p>Cons\u00e9rvese en un lugar fresco y seco, alejado de la luz del sol.<\/p>\n<p>Mantener a temperatura entre 15 y 30\u00b0C.<\/p>\n<p>Este producto es de uso exclusivo veterinario.<\/p>\n<p>Utilice material est\u00e9ril en cada aplicaci\u00f3n.<\/p>\n<p>No utilizar en equinos destinados para consumo humano.<\/p>\n<p>Uso veterinario.<\/p>\n<p>Su venta requiere receta m\u00e9dica.<\/p>\n<p>Consulte al M\u00e9dico Veterinario Zootecnista.<\/p>\n<p>Este producto es de uso exclusivo veterinario.<\/p>\n","protected":false},"excerpt":{"rendered":"<p>F\u00f3rmula: Dipirona s\u00f3dica 500 mg Veh\u00edculo, c.b.p. 1 mL. Uso en: \u00a0\u00a0\u00a0\u00a0\u00a0 \u00a0\u00a0\u00a0\u00a0\u00a0 V\u00eda de administraci\u00f3n: Intravenosa (de lenta aplicaci\u00f3n) o intramuscular profunda cuando el caso lo requiera. No aplicar subcut\u00e1nea bajo ninguna circunstancia. Descripci\u00f3n: Antiinflamatorio, antipir\u00e9tico, analg\u00e9sico, antiespasm\u00f3dico y antirreum\u00e1tico para administrarse en todas aquellas condiciones caracterizadas por dolor y espasmo de musculatura lisa [&hellip;]<\/p>\n","protected":false},"featured_media":124,"comment_status":"open","ping_status":"closed","template":"","meta":{"_et_pb_use_builder":"","_et_pb_old_content":"","_et_gb_content_width":"","spay_email":""},"_links":{"self":[{"href":"https:\/\/farmaciaveterinarialaconquista.com\/index.php\/wp-json\/wp\/v2\/product\/82"}],"collection":[{"href":"https:\/\/farmaciaveterinarialaconquista.com\/index.php\/wp-json\/wp\/v2\/product"}],"about":[{"href":"https:\/\/farmaciaveterinarialaconquista.com\/index.php\/wp-json\/wp\/v2\/types\/product"}],"replies":[{"embeddable":true,"href":"https:\/\/farmaciaveterinarialaconquista.com\/index.php\/wp-json\/wp\/v2\/comments?post=82"}],"wp:featuredmedia":[{"embeddable":true,"href":"https:\/\/farmaciaveterinarialaconquista.com\/index.php\/wp-json\/wp\/v2\/media\/124"}],"wp:attachment":[{"href":"https:\/\/farmaciaveterinarialaconquista.com\/index.php\/wp-json\/wp\/v2\/media?parent=82"}],"curies":[{"name":"wp","href":"https:\/\/api.w.org\/{rel}","templated":true}]}}