{"id":80,"date":"2020-04-10T02:23:22","date_gmt":"2020-04-10T07:23:22","guid":{"rendered":"http:\/\/farmaciaveterinarialaconquista.com\/index.php\/producto\/import-placeholder-for-318\/"},"modified":"2025-06-09T09:25:02","modified_gmt":"2025-06-09T15:25:02","slug":"despa-con-amebicida-70-tbs","status":"publish","type":"product","link":"https:\/\/farmaciaveterinarialaconquista.com\/index.php\/producto\/despa-con-amebicida-70-tbs\/","title":{"rendered":"Despa con amebicida 70 tbs"},"content":{"rendered":"<p><strong>F\u00f3rmula:<\/strong><\/p>\n<p>Abendazol 20 mg<\/p>\n<p>Febendazol 20 mg<\/p>\n<p>Ivermectina 0.2 mg<\/p>\n<p>Vitamina B12 1000 mcg<\/p>\n<p>Vitamina A 50 U.I.<\/p>\n<p>Vitamina D 15 U.I.<\/p>\n<p>Vitamina E 10 mg<\/p>\n<p>Excipiente c.b.p. 1 tableta<\/p>\n<p><strong>Uso en:<\/strong><\/p>\n<p><img src=\"http:\/\/www.plmconnection.com\/plmservices\/VetSearchEngine\/M%C3%A9xico\/PEV39\/img\/gallo.png\" \/><\/p>\n<p><strong>V\u00eda de administraci\u00f3n:<\/strong><\/p>\n<p>Oral<\/p>\n<p><strong>Descripci\u00f3n:<\/strong><\/p>\n<p>Desparasitante de uvl con amebicida, el especialista contra todo tipo de par\u00e1sitos internos<\/p>\n<p>Contra amibas, gusano de ga\u00f1ote, acaro de bronquios (los gallos estiran el cuello y parece que bostezan).<\/p>\n<p>Contiene en su formulaci\u00f3n vitaminas solubles en grasa a, d, e para suavizar su efecto en la flora intestinal<\/p>\n<p><strong>Dosis:<\/strong><\/p>\n<p>2 tabletas en dosis \u00fanica (1 tableta por cada kg de peso)<\/p>\n<p>Se recomienda darlo en conjunto con coccidiostato (erradica emeria spp.) para obtener mejores resultados.<\/p>\n<p><strong>Advertencias:<\/strong><\/p>\n<p>Producto para uso veterinario exclusivamente<\/p>\n<p>Cons\u00e9rvese en lugar fresco y seco protegido de la luz<\/p>\n","protected":false},"excerpt":{"rendered":"<p>F\u00f3rmula: Abendazol 20 mg Febendazol 20 mg Ivermectina 0.2 mg Vitamina B12 1000 mcg Vitamina A 50 U.I. Vitamina D 15 U.I. Vitamina E 10 mg Excipiente c.b.p. 1 tableta Uso en: V\u00eda de administraci\u00f3n: Oral Descripci\u00f3n: Desparasitante de uvl con amebicida, el especialista contra todo tipo de par\u00e1sitos internos Contra amibas, gusano de ga\u00f1ote, [&hellip;]<\/p>\n","protected":false},"featured_media":122,"comment_status":"open","ping_status":"closed","template":"","meta":{"_et_pb_use_builder":"","_et_pb_old_content":"","_et_gb_content_width":"","spay_email":""},"_links":{"self":[{"href":"https:\/\/farmaciaveterinarialaconquista.com\/index.php\/wp-json\/wp\/v2\/product\/80"}],"collection":[{"href":"https:\/\/farmaciaveterinarialaconquista.com\/index.php\/wp-json\/wp\/v2\/product"}],"about":[{"href":"https:\/\/farmaciaveterinarialaconquista.com\/index.php\/wp-json\/wp\/v2\/types\/product"}],"replies":[{"embeddable":true,"href":"https:\/\/farmaciaveterinarialaconquista.com\/index.php\/wp-json\/wp\/v2\/comments?post=80"}],"wp:featuredmedia":[{"embeddable":true,"href":"https:\/\/farmaciaveterinarialaconquista.com\/index.php\/wp-json\/wp\/v2\/media\/122"}],"wp:attachment":[{"href":"https:\/\/farmaciaveterinarialaconquista.com\/index.php\/wp-json\/wp\/v2\/media?parent=80"}],"curies":[{"name":"wp","href":"https:\/\/api.w.org\/{rel}","templated":true}]}}