{"id":66,"date":"2020-04-10T02:23:01","date_gmt":"2020-04-10T07:23:01","guid":{"rendered":"http:\/\/farmaciaveterinarialaconquista.com\/index.php\/producto\/import-placeholder-for-317\/"},"modified":"2025-09-24T12:04:02","modified_gmt":"2025-09-24T18:04:02","slug":"coxiflex-50-tbs","status":"publish","type":"product","link":"https:\/\/farmaciaveterinarialaconquista.com\/index.php\/producto\/coxiflex-50-tbs\/","title":{"rendered":"Coxiflex 50 tbs"},"content":{"rendered":"<p><strong>F\u00f3rmula:<\/strong><\/p>\n<p>Sulfadimetoxina 75.0 mg<\/p>\n<p>Trimetoprim\u00a015.0 mg<\/p>\n<p>Excipiente c.b.p. 1 tab<\/p>\n<p><strong>Uso en:<\/strong><\/p>\n<p><img src=\"http:\/\/www.plmconnection.com\/plmservices\/VetSearchEngine\/M%C3%A9xico\/PEV39\/img\/gallo.png\" \/><\/p>\n<p><strong>V\u00eda de administraci\u00f3n:<\/strong><\/p>\n<p>Oral<\/p>\n<p><strong>Descripci\u00f3n:<\/strong><\/p>\n<p>Control de coccidias, coriza y diarreas sulfonamida potenciada con trimetoprim para el tratamiento de: coccidiosis salmonelosis, coriza, c\u00f3lera aviar<\/p>\n<p>Su amplio espectro permite el tratamiento eficaz de las enfermedades, solas o en asociaci\u00f3n.<\/p>\n<p>El efecto de Coxiflex se observa a las pocas horas de su administraci\u00f3n.<\/p>\n<p>Por su r\u00e1pida acci\u00f3n evita que las aves pierdan condici\u00f3n f\u00edsica y se debiliten en exceso.<\/p>\n<p>Al no tener que inyectarse, se evitan las posibles lesiones causadas en el lugar de inyecci\u00f3n, tales como irritaciones, hematomas, da\u00f1os a los nervios y m\u00fasculos.<\/p>\n<p><strong>Dosis:<\/strong><\/p>\n<p>Aves Adultas: 1 tableta al d\u00eda durante 5 d\u00edas.<\/p>\n<p>Aves de menos de 1 Kg de peso: \u00bd tableta al d\u00eda durante 5 d\u00edas.<\/p>\n","protected":false},"excerpt":{"rendered":"<p>F\u00f3rmula: Sulfadimetoxina 75.0 mg Trimetoprim\u00a015.0 mg Excipiente c.b.p. 1 tab Uso en: V\u00eda de administraci\u00f3n: Oral Descripci\u00f3n: Control de coccidias, coriza y diarreas sulfonamida potenciada con trimetoprim para el tratamiento de: coccidiosis salmonelosis, coriza, c\u00f3lera aviar Su amplio espectro permite el tratamiento eficaz de las enfermedades, solas o en asociaci\u00f3n. El efecto de Coxiflex se [&hellip;]<\/p>\n","protected":false},"featured_media":121,"comment_status":"open","ping_status":"closed","template":"","meta":{"_et_pb_use_builder":"","_et_pb_old_content":"","_et_gb_content_width":"","spay_email":""},"_links":{"self":[{"href":"https:\/\/farmaciaveterinarialaconquista.com\/index.php\/wp-json\/wp\/v2\/product\/66"}],"collection":[{"href":"https:\/\/farmaciaveterinarialaconquista.com\/index.php\/wp-json\/wp\/v2\/product"}],"about":[{"href":"https:\/\/farmaciaveterinarialaconquista.com\/index.php\/wp-json\/wp\/v2\/types\/product"}],"replies":[{"embeddable":true,"href":"https:\/\/farmaciaveterinarialaconquista.com\/index.php\/wp-json\/wp\/v2\/comments?post=66"}],"wp:featuredmedia":[{"embeddable":true,"href":"https:\/\/farmaciaveterinarialaconquista.com\/index.php\/wp-json\/wp\/v2\/media\/121"}],"wp:attachment":[{"href":"https:\/\/farmaciaveterinarialaconquista.com\/index.php\/wp-json\/wp\/v2\/media?parent=66"}],"curies":[{"name":"wp","href":"https:\/\/api.w.org\/{rel}","templated":true}]}}