{"id":62,"date":"2020-04-10T02:23:01","date_gmt":"2020-04-10T07:23:01","guid":{"rendered":"http:\/\/farmaciaveterinarialaconquista.com\/index.php\/producto\/import-placeholder-for-313\/"},"modified":"2025-09-24T12:02:55","modified_gmt":"2025-09-24T18:02:55","slug":"complenay-b-12-elixir-100-ml","status":"publish","type":"product","link":"https:\/\/farmaciaveterinarialaconquista.com\/index.php\/producto\/complenay-b-12-elixir-100-ml\/","title":{"rendered":"Complenay B 12 elixir 100 ml"},"content":{"rendered":"<p><strong>Formula:<\/strong><\/p>\n<p>Sulfato de mefentermina 67 mg<\/p>\n<p>Fosfato s\u00f3dico de riboflavina 14 mg<\/p>\n<p>Clorhidrato de piridoxina 10 mg<\/p>\n<p>Clorhidrato de tiamina 70 mg<\/p>\n<p>Cianocobalamina 67 \u03bcg<\/p>\n<p>Nicotinamida 140 mg<\/p>\n<p>Glicerofosfato de sodio 720 mg<\/p>\n<p>Glicerofosfato de potasio 100 mg<\/p>\n<p>Glicerofosfato de calcio 500 mg<\/p>\n<p>Glicerofosfato de manganeso 50 mg<\/p>\n<p>Veh\u00edculo, c.b.p. 100 ml.<\/p>\n<p><strong>Uso en:<\/strong><\/p>\n<p class=\"Normal\"><span class=\"imgIpp\"><img src=\"http:\/\/www.plmconnection.com\/plmservices\/VetSearchEngine\/M%C3%A9xico\/PEV39\/img\/vaca.png\" alt=\"\" \/>\u00a0<img src=\"http:\/\/www.plmconnection.com\/plmservices\/VetSearchEngine\/M%C3%A9xico\/PEV39\/img\/toro.png\" alt=\"\" \/>\u00a0<\/span><span class=\"imgIpp\"><img src=\"http:\/\/www.plmconnection.com\/plmservices\/VetSearchEngine\/M%C3%A9xico\/PEV39\/img\/becerro.png\" alt=\"\" \/><\/span><span class=\"imgIpp\">\u00a0<\/span><span class=\"imgIpp\"><img src=\"http:\/\/www.plmconnection.com\/plmservices\/VetSearchEngine\/M%C3%A9xico\/PEV39\/img\/caballo1.png\" alt=\"\" \/>\u00a0<img src=\"http:\/\/www.plmconnection.com\/plmservices\/VetSearchEngine\/M%C3%A9xico\/PEV39\/img\/caballo.png\" alt=\"\" \/><\/span><span class=\"imgIpp\">\u00a0<\/span><span class=\"imgIpp\"><img src=\"http:\/\/www.plmconnection.com\/plmservices\/VetSearchEngine\/M%C3%A9xico\/PEV39\/img\/oveja1.png\" alt=\"\" \/> <\/span><span class=\"imgIpp\"><img src=\"http:\/\/www.plmconnection.com\/plmservices\/VetSearchEngine\/M%C3%A9xico\/PEV39\/img\/oveja.png\" alt=\"\" \/><\/span><span class=\"imgIpp\">\u00a0<img src=\"http:\/\/www.plmconnection.com\/plmservices\/VetSearchEngine\/M%C3%A9xico\/PEV39\/img\/gallina.png\" alt=\"\" \/><\/span><span class=\"imgIpp\">\u00a0<img src=\"http:\/\/www.plmconnection.com\/plmservices\/VetSearchEngine\/M%C3%A9xico\/PEV39\/img\/cabra1.png\" alt=\"\" \/>\u00a0<img src=\"http:\/\/www.plmconnection.com\/plmservices\/VetSearchEngine\/M%C3%A9xico\/PEV39\/img\/cabra.png\" alt=\"\" \/>\u00a0<\/span><span class=\"imgIpp\"><img src=\"http:\/\/www.plmconnection.com\/plmservices\/VetSearchEngine\/M%C3%A9xico\/PEV39\/img\/porcino.png\" alt=\"\" \/>\u00a0<\/span><span class=\"imgIpp\"><img src=\"http:\/\/www.plmconnection.com\/plmservices\/VetSearchEngine\/M%C3%A9xico\/PEV39\/img\/porcino1.png\" alt=\"\" \/><\/span><span class=\"imgIpp\">\u00a0<\/span><span class=\"imgIpp\"><img src=\"http:\/\/www.plmconnection.com\/plmservices\/VetSearchEngine\/M%C3%A9xico\/PEV39\/img\/perro.png\" alt=\"\" \/>\u00a0<img src=\"http:\/\/www.plmconnection.com\/plmservices\/VetSearchEngine\/M%C3%A9xico\/PEV39\/img\/gato.png\" alt=\"\" \/><\/span><\/p>\n<p><strong>V\u00eda de administraci\u00f3n:<\/strong><\/p>\n<p>Oral, solo o diluido en el agua de bebida.<\/p>\n<p><strong>Descripci\u00f3n:<\/strong><\/p>\n<p>Es un concentrado multivitam\u00ednico indicado para estimular a animales de alto rendimiento en sus diferentes etapas de desarrollo, lo cual se refleja en una mejor respuesta al medio ambiente, mejor ganancia de peso, fuerza y resistencia. Fortifica a animales enfermos y\/o convalecientes y proporciona tiempos de recuperaci\u00f3n m\u00e1s cortos. \u00datil para contrarrestar los efectos adversos del estr\u00e9s por sobre la productividad animal o trabajo.<\/p>\n<p>Puede ser administrado a aves de corral o de ornato, a j\u00f3venes y adultos de: bovinos (productores de carne y leche), equinos, ovinos, caprinos, cerdos, caninos y felinos.<\/p>\n<p><strong>Dosis:<\/strong><\/p>\n<p>Aves: En el agua de bebida, 15 ml por cada 2 litros de agua por 3 a 5 d\u00edas; las aves deber\u00e1n beber exclusivamente el agua medicada.<\/p>\n<p>En lechones, cabritos y borregos: Administrar 1 ml al nacimiento, mejora la actividad del lech\u00f3n estimulando el apetito y su actividad. Al destete para reducir el efecto del estr\u00e9s administrar 2 ml. En animales convalecientes administrar 2 a 5 ml por cada 10 kg de peso en toma directa, de 2 a 3 veces al d\u00eda durante 3 a 5 d\u00edas.<\/p>\n<p>En perros y gatos: Administrar 0.2 a 0.5 ml\/kg de peso (2 a 5 ml por cada 10 kg de peso) en toma directa o diluida en el agua del d\u00eda.<\/p>\n<p>En bovinos, ovinos, caprinos, porcinos, potros y equinos: 1 a 5 ml por cada 10 kg de peso, en toma directa o humedeciendo la raci\u00f3n alimenticia, 2 a 3 veces al d\u00eda durante 3 a 5 d\u00edas.<\/p>\n<p><strong>Advertencias:<\/strong><\/p>\n<p>Producto de uso exclusivo en medicina veterinaria, no se use en humanos.<\/p>\n<p>Cons\u00e9rvese en un lugar fresco y protegido de la luz.<\/p>\n<p>No se deje al alcance de los ni\u00f1os.<\/p>\n<p>No sobredosificar ni exceder el tiempo de dosificaci\u00f3n ya que puede presentarse somnolencia o des\u00f3rdenes del sistema nervioso que desaparecen al suspender el medicamento.<\/p>\n<p>Consulte al M\u00e9dico Veterinario.<\/p>\n<p>Su venta requiere receta m\u00e9dica cuantificada.<\/p>\n","protected":false},"excerpt":{"rendered":"<p>Formula: Sulfato de mefentermina 67 mg Fosfato s\u00f3dico de riboflavina 14 mg Clorhidrato de piridoxina 10 mg Clorhidrato de tiamina 70 mg Cianocobalamina 67 \u03bcg Nicotinamida 140 mg Glicerofosfato de sodio 720 mg Glicerofosfato de potasio 100 mg Glicerofosfato de calcio 500 mg Glicerofosfato de manganeso 50 mg Veh\u00edculo, c.b.p. 100 ml. Uso en: \u00a0\u00a0\u00a0\u00a0\u00a0 [&hellip;]<\/p>\n","protected":false},"featured_media":117,"comment_status":"open","ping_status":"closed","template":"","meta":{"_et_pb_use_builder":"","_et_pb_old_content":"","_et_gb_content_width":"","spay_email":""},"_links":{"self":[{"href":"https:\/\/farmaciaveterinarialaconquista.com\/index.php\/wp-json\/wp\/v2\/product\/62"}],"collection":[{"href":"https:\/\/farmaciaveterinarialaconquista.com\/index.php\/wp-json\/wp\/v2\/product"}],"about":[{"href":"https:\/\/farmaciaveterinarialaconquista.com\/index.php\/wp-json\/wp\/v2\/types\/product"}],"replies":[{"embeddable":true,"href":"https:\/\/farmaciaveterinarialaconquista.com\/index.php\/wp-json\/wp\/v2\/comments?post=62"}],"wp:featuredmedia":[{"embeddable":true,"href":"https:\/\/farmaciaveterinarialaconquista.com\/index.php\/wp-json\/wp\/v2\/media\/117"}],"wp:attachment":[{"href":"https:\/\/farmaciaveterinarialaconquista.com\/index.php\/wp-json\/wp\/v2\/media?parent=62"}],"curies":[{"name":"wp","href":"https:\/\/api.w.org\/{rel}","templated":true}]}}