{"id":588,"date":"2020-04-11T20:18:53","date_gmt":"2020-04-12T01:18:53","guid":{"rendered":"http:\/\/farmaciaveterinarialaconquista.com\/?post_type=product&#038;p=588"},"modified":"2025-09-20T13:27:46","modified_gmt":"2025-09-20T19:27:46","slug":"emicina-liquida-20-ml","status":"publish","type":"product","link":"https:\/\/farmaciaveterinarialaconquista.com\/index.php\/producto\/emicina-liquida-20-ml\/","title":{"rendered":"Emicina Liquida 20 ml"},"content":{"rendered":"<p><strong>F\u00f3rmula:<\/strong><\/p>\n<p>Oxitetraciclina HCI\u00a0\u00a050 mg<\/p>\n<p>Veh\u00edculo, c.b.p.\u00a0\u00a0\u00a0\u00a0\u00a0\u00a0\u00a0\u00a01 ml<\/p>\n<p><strong>Uso en:<\/strong><\/p>\n<p><span class=\"imgIpp\"><img src=\"http:\/\/www.plmconnection.com\/plmservices\/VetSearchEngine\/M%C3%A9xico\/PEV39\/img\/vaca.png\" alt=\"\" \/><\/span><span class=\"imgIpp\">\u00a0<img src=\"http:\/\/www.plmconnection.com\/plmservices\/VetSearchEngine\/M%C3%A9xico\/PEV39\/img\/oveja.png\" alt=\"\" \/> <img src=\"http:\/\/www.plmconnection.com\/plmservices\/VetSearchEngine\/M%C3%A9xico\/PEV39\/img\/porcino.png\" \/> <img src=\"http:\/\/www.plmconnection.com\/plmservices\/VetSearchEngine\/M%C3%A9xico\/PEV39\/img\/caballo.png\" \/><\/span><\/p>\n<p><strong>V\u00eda de administraci\u00f3n:<\/strong><\/p>\n<p>Intramuscular \/ endovenosa<\/p>\n<p><strong>Descripci\u00f3n:<\/strong><\/p>\n<p>Antibi\u00f3tico de amplio espectro para la prevenci\u00f3n y tratamiento de las enfermedades de bovinos.<\/p>\n<p>Emicina\u00ae L\u00edquida es un antibi\u00f3tico de amplio espectro en una soluci\u00f3n inyectable, est\u00e9ril, estable, y lista para ser usada; \u00fatil en la prevenci\u00f3n y tratamiento de infecciones susceptibles a su efecto en bovinos, ovinos y caprinos.<\/p>\n<p><strong>Dosis:<\/strong><\/p>\n<p>Bovinos: 1 ml por cada 10 kg de peso.<\/p>\n<p>Ovinos y caprinos: 1.3-2.2 ml por cada 10 kg de peso.<\/p>\n<p><strong>Advertencias:<\/strong><\/p>\n<p>No deber\u00e1 usarse este producto 30 d\u00edas antes del sacrificio de los animales destinados para consumo humano.<\/p>\n<p>Consulte al M\u00e9dico Veterinario.<\/p>\n<p>La leche de las vacas tratadas, no debe utilizarse para consumo humano, hasta despu\u00e9s de 3 d\u00edas de la aplicaci\u00f3n de este producto.<\/p>\n<p>Su venta requiere receta m\u00e9dica.<\/p>\n<p>Conservar fuera del alcance de los ni\u00f1os y animales dom\u00e9sticos.<\/p>\n<p>Conservar en un lugar fresco.<\/p>\n","protected":false},"excerpt":{"rendered":"<p>F\u00f3rmula: Oxitetraciclina HCI\u00a0\u00a050 mg Veh\u00edculo, c.b.p.\u00a0\u00a0\u00a0\u00a0\u00a0\u00a0\u00a0\u00a01 ml Uso en: \u00a0 V\u00eda de administraci\u00f3n: Intramuscular \/ endovenosa Descripci\u00f3n: Antibi\u00f3tico de amplio espectro para la prevenci\u00f3n y tratamiento de las enfermedades de bovinos. Emicina\u00ae L\u00edquida es un antibi\u00f3tico de amplio espectro en una soluci\u00f3n inyectable, est\u00e9ril, estable, y lista para ser usada; \u00fatil en la prevenci\u00f3n y [&hellip;]<\/p>\n","protected":false},"featured_media":0,"comment_status":"open","ping_status":"closed","template":"","meta":{"_et_pb_use_builder":"","_et_pb_old_content":"","_et_gb_content_width":"","spay_email":""},"_links":{"self":[{"href":"https:\/\/farmaciaveterinarialaconquista.com\/index.php\/wp-json\/wp\/v2\/product\/588"}],"collection":[{"href":"https:\/\/farmaciaveterinarialaconquista.com\/index.php\/wp-json\/wp\/v2\/product"}],"about":[{"href":"https:\/\/farmaciaveterinarialaconquista.com\/index.php\/wp-json\/wp\/v2\/types\/product"}],"replies":[{"embeddable":true,"href":"https:\/\/farmaciaveterinarialaconquista.com\/index.php\/wp-json\/wp\/v2\/comments?post=588"}],"wp:attachment":[{"href":"https:\/\/farmaciaveterinarialaconquista.com\/index.php\/wp-json\/wp\/v2\/media?parent=588"}],"curies":[{"name":"wp","href":"https:\/\/api.w.org\/{rel}","templated":true}]}}