{"id":582,"date":"2020-04-11T19:30:44","date_gmt":"2020-04-12T00:30:44","guid":{"rendered":"http:\/\/farmaciaveterinarialaconquista.com\/?post_type=product&#038;p=582"},"modified":"2022-09-24T13:40:19","modified_gmt":"2022-09-24T18:40:19","slug":"vacuna-leukocell-leucemia-viral-felina","status":"publish","type":"product","link":"https:\/\/farmaciaveterinarialaconquista.com\/index.php\/producto\/vacuna-leukocell-leucemia-viral-felina\/","title":{"rendered":"Vacuna Leukocell (leucemia viral felina)"},"content":{"rendered":"<p class=\"MsoNormal\" style=\"text-align: justify\"><b><span style=\"font-size: 12pt;line-height: 107%;font-family: Arial, 'sans-serif';color: #2c9ffd\">F\u00f3rmula:<\/span><\/b><\/p>\n<p class=\"MsoNormal\" style=\"text-align: justify\"><span style=\"font-size: 12pt;line-height: 107%;font-family: Arial, 'sans-serif'\">Concentrado de virus inactivado de leucemia viral felina (Felv)<\/span><\/p>\n<p class=\"MsoNormal\" style=\"text-align: justify\"><b><span style=\"font-size: 12pt;line-height: 107%;font-family: Arial, 'sans-serif';color: #2c9ffd\">Uso en:<\/span><\/b><\/p>\n<p><img src=\"http:\/\/www.plmconnection.com\/plmservices\/VetSearchEngine\/M%C3%A9xico\/PEV39\/img\/gato.png\" alt=\"gato.png\" \/><\/p>\n<p class=\"MsoNormal\" style=\"text-align: justify\"><b><span style=\"font-size: 12pt;line-height: 107%;font-family: Arial, 'sans-serif';color: #2c9ffd\">V\u00eda de administraci\u00f3n:<\/span><\/b><\/p>\n<p class=\"MsoNormal\" style=\"text-align: justify\"><span style=\"font-size: 12pt;line-height: 107%;font-family: Arial, 'sans-serif'\">Vacuna contra la leucemia viral felina para la vacunaci\u00f3n de gatos sanos de 9 semans de edad o m\u00e1s. Agite bien. Administre as\u00e9pticamente 1 ml por v\u00eda subcut\u00e1nea.<\/span><\/p>\n<p class=\"MsoNormal\" style=\"text-align: justify\"><b><span style=\"font-size: 12pt;line-height: 107%;font-family: Arial, 'sans-serif';color: #2c9ffd\">Descripci\u00f3n:<\/span><\/b><\/p>\n<p class=\"MsoNormal\" style=\"text-align: justify\"><span style=\"font-size: 12pt;line-height: 107%;font-family: Arial, 'sans-serif'\">Leukocell\u00ae 2 es una vacuna de ant\u00edgenos virales m\u00faltiplescomo una ayuda en la prevenci\u00f3n de la viremia persistente, los tumores linfoides causados por el virus de la Leucemia Viral Felina (FeLV) y las enfermedades asociadas con la infecci\u00f3n con dicho virus. Leukocell\u00ae 2 se prepara a partir de una l\u00ednea celular linfoide transformada por el FeLV que libera las part\u00edculas virales solubles en un medio para el cultivo celular1. Se demostr\u00f3 que Leukocell\u00ae 2 es:<\/span><\/p>\n<p class=\"MsoNormal\" style=\"text-align: justify\"><span style=\"font-size: 12pt;line-height: 107%;font-family: Arial, 'sans-serif'\">Altamente inmunog\u00e9nico. Produce y sensibiliza de manera primaria a los animales para la producci\u00f3n de anticuerpos contra la gp70, F0CMA y ant\u00edgenos virus-neutralizantes (VN).<\/span><\/p>\n<p class=\"MsoNormal\" style=\"text-align: justify\"><span style=\"font-size: 12pt;line-height: 107%;font-family: Arial, 'sans-serif'\">Altamente eficaz. Protege a m\u00e1s del 70% de los animales vacunados y con inmunosupresi\u00f3n artificial, contra viremia persistente posterior al desaf\u00edo.<\/span><\/p>\n<p class=\"MsoNormal\" style=\"text-align: justify\"><span style=\"font-size: 12pt;line-height: 107%;font-family: Arial, 'sans-serif'\">Segura. No se observaron cambios en los valores normales de las c\u00e9lulas sangu\u00edneas de los gatos vacunados, durante el periodo de vacunaci\u00f3n.<\/span><\/p>\n<p class=\"MsoNormal\" style=\"text-align: justify\"><b><span style=\"font-size: 12pt;line-height: 107%;font-family: Arial, 'sans-serif';color: #2c9ffd\">Dosis:<\/span><\/b><\/p>\n<p class=\"MsoNormal\" style=\"text-align: justify\"><span style=\"font-size: 12pt;line-height: 107%;font-family: Arial, 'sans-serif'\">Primovacunaci\u00f3n: Los gatos sanos de 9 semanas de edad o m\u00e1s deben recibir 2 dosis administradas con un intervalo de 3 a 4 semanas.<\/span><\/p>\n<p class=\"MsoNormal\" style=\"text-align: justify\"><span style=\"font-size: 12pt;line-height: 107%;font-family: Arial, 'sans-serif'\">Revacunaci\u00f3n: Se recomienda la revacunaci\u00f3n anual con una sola dosis.<\/span><\/p>\n<p class=\"MsoNormal\" style=\"text-align: justify\"><b><span style=\"font-size: 12pt;line-height: 107%;font-family: Arial, 'sans-serif';color: #2c9ffd\">Advertencias:<\/span><\/b><\/p>\n<p class=\"MsoNormal\" style=\"text-align: justify\"><span style=\"font-size: 12pt;line-height: 107%;font-family: Arial, 'sans-serif'\">Se deben emplear jeringas y agujas est\u00e9riles para administrar esta vacuna.<\/span><\/p>\n<p class=\"MsoNormal\" style=\"text-align: justify\"><span style=\"font-size: 12pt;line-height: 107%;font-family: Arial, 'sans-serif'\">Contiene gentamicina como conservador.<\/span><\/p>\n<p class=\"MsoNormal\" style=\"text-align: justify\"><span style=\"font-size: 12pt;line-height: 107%;font-family: Arial, 'sans-serif'\">Este producto ha demostrado ser eficaz en animales sano. Es posible que no se desarrolle una respuesta inmune si los animales est\u00e1n incubando una enfermedad infecciosa, si est\u00e1n desnutridos o parasitados, si est\u00e1n expuestos a estr\u00e9s por transporte o condiciones ambientales, est\u00e1n inmunocomprometidos o si la vacuna no se administra de acuerdo con las instrucciones de la etiqueta.<\/span><\/p>\n<p class=\"MsoNormal\" style=\"text-align: justify\"><span style=\"font-size: 12pt;line-height: 107%;font-family: Arial, 'sans-serif'\">Como con muchas vacunas puede ocurrir reacci\u00f3n anafil\u00e1ctica despu\u00e9s de su uso. Se recomienda el uso de epinefrina seguida de la terapia de soporte apropiada.<\/span><\/p>\n<p class=\"MsoNormal\" style=\"text-align: justify\"><span style=\"font-size: 12pt;line-height: 107%;font-family: Arial, 'sans-serif'\">Conservar fuera del alcance de los ni\u00f1os y animales dom\u00e9sticos.<\/span><\/p>\n<p class=\"MsoNormal\" style=\"text-align: justify\"><span style=\"font-size: 12pt;line-height: 107%;font-family: Arial, 'sans-serif'\">Consulte al M\u00e9dico Veterinario.<\/span><\/p>\n<p class=\"MsoNormal\" style=\"text-align: justify\"><span style=\"font-size: 12pt;line-height: 107%;font-family: Arial, 'sans-serif'\">La exposici\u00f3n a temperaturas superiores y\/o los rayos del sol puede afectar adversamente la potencia.<\/span><\/p>\n<p class=\"MsoNormal\" style=\"text-align: justify\"><span style=\"font-size: 12pt;line-height: 107%;font-family: Arial, 'sans-serif'\">Almacene a 2\u00b0-7\u00b0C.<\/span><\/p>\n<p class=\"MsoNormal\" style=\"text-align: justify\"><span style=\"font-size: 12pt;line-height: 107%;font-family: Arial, 'sans-serif'\">La exposici\u00f3n a temperaturas superiores y\/o rayos del sol puede afectar adversamente la potencia.<\/span><\/p>\n<p class=\"MsoNormal\" style=\"text-align: justify\"><span style=\"font-size: 12pt;line-height: 107%;font-family: Arial, 'sans-serif'\">Utilice el contenido completo una vez abierto el envase.<\/span><\/p>\n<p class=\"MsoNormal\" style=\"text-align: justify\"><span style=\"font-size: 12pt;line-height: 107%;font-family: Arial, 'sans-serif'\">No congele.<\/span><\/p>\n","protected":false},"excerpt":{"rendered":"<p>F\u00f3rmula: Concentrado de virus inactivado de leucemia viral felina (Felv) Uso en: V\u00eda de administraci\u00f3n: Vacuna contra la leucemia viral felina para la vacunaci\u00f3n de gatos sanos de 9 semans de edad o m\u00e1s. Agite bien. Administre as\u00e9pticamente 1 ml por v\u00eda subcut\u00e1nea. Descripci\u00f3n: Leukocell\u00ae 2 es una vacuna de ant\u00edgenos virales m\u00faltiplescomo una ayuda [&hellip;]<\/p>\n","protected":false},"featured_media":320,"comment_status":"open","ping_status":"closed","template":"","meta":{"_et_pb_use_builder":"","_et_pb_old_content":"","_et_gb_content_width":"","spay_email":""},"_links":{"self":[{"href":"https:\/\/farmaciaveterinarialaconquista.com\/index.php\/wp-json\/wp\/v2\/product\/582"}],"collection":[{"href":"https:\/\/farmaciaveterinarialaconquista.com\/index.php\/wp-json\/wp\/v2\/product"}],"about":[{"href":"https:\/\/farmaciaveterinarialaconquista.com\/index.php\/wp-json\/wp\/v2\/types\/product"}],"replies":[{"embeddable":true,"href":"https:\/\/farmaciaveterinarialaconquista.com\/index.php\/wp-json\/wp\/v2\/comments?post=582"}],"wp:featuredmedia":[{"embeddable":true,"href":"https:\/\/farmaciaveterinarialaconquista.com\/index.php\/wp-json\/wp\/v2\/media\/320"}],"wp:attachment":[{"href":"https:\/\/farmaciaveterinarialaconquista.com\/index.php\/wp-json\/wp\/v2\/media?parent=582"}],"curies":[{"name":"wp","href":"https:\/\/api.w.org\/{rel}","templated":true}]}}