{"id":578,"date":"2020-04-11T18:42:56","date_gmt":"2020-04-11T23:42:56","guid":{"rendered":"http:\/\/farmaciaveterinarialaconquista.com\/?post_type=product&#038;p=578"},"modified":"2023-04-11T14:09:21","modified_gmt":"2023-04-11T19:09:21","slug":"probiominer-500-grs","status":"publish","type":"product","link":"https:\/\/farmaciaveterinarialaconquista.com\/index.php\/producto\/probiominer-500-grs\/","title":{"rendered":"Probiominer 500 grs"},"content":{"rendered":"<p class=\"MsoNormal\" style=\"font-size: medium;text-align: justify\"><b><span style=\"font-size: 12pt;line-height: 17.12px;font-family: Arial, sans-serif;color: #2c9ffd\">F\u00f3rmula:<\/span><\/b><\/p>\n<p class=\"MsoNormal\" style=\"font-size: medium;text-align: justify\"><span style=\"font-size: 12pt;line-height: 17.12px;font-family: Arial, sans-serif\">Calcio<\/span><\/p>\n<p class=\"MsoNormal\" style=\"font-size: medium;text-align: justify\"><span style=\"font-size: 12pt;line-height: 17.12px;font-family: Arial, sans-serif\">Vitamina D<\/span><\/p>\n<p class=\"MsoNormal\" style=\"font-size: medium;text-align: justify\"><span style=\"font-size: 12pt;line-height: 17.12px;font-family: Arial, sans-serif\">F\u00f3sforo<\/span><\/p>\n<p class=\"MsoNormal\" style=\"font-size: medium;text-align: justify\"><span style=\"font-size: 12pt;line-height: 17.12px;font-family: Arial, sans-serif\">Magnesio<\/span><\/p>\n<p class=\"MsoNormal\" style=\"font-size: medium;text-align: justify\"><span style=\"font-size: 12pt;line-height: 17.12px;font-family: Arial, sans-serif\">Hierro<\/span><\/p>\n<p class=\"MsoNormal\" style=\"font-size: medium;text-align: justify\"><span style=\"font-size: 12pt;line-height: 17.12px;font-family: Arial, sans-serif\">Potasio<\/span><\/p>\n<p class=\"MsoNormal\" style=\"font-size: medium;text-align: justify\"><span style=\"font-size: 12pt;line-height: 17.12px;font-family: Arial, sans-serif\">Zinc adicionado con gritt y el 33% de levadura<\/span><\/p>\n<p class=\"MsoNormal\" style=\"font-size: medium;text-align: justify\"><b><span style=\"font-size: 12pt;line-height: 17.12px;font-family: Arial, sans-serif;color: #2c9ffd\">Uso en:<\/span><\/b><\/p>\n<p><img src=\"http:\/\/www.plmconnection.com\/plmservices\/VetSearchEngine\/M%C3%A9xico\/PEV39\/img\/gallo.png\" \/><\/p>\n<p class=\"MsoNormal\" style=\"font-size: medium;text-align: justify\"><b><span style=\"font-size: 12pt;line-height: 17.12px;font-family: Arial, sans-serif;color: #2c9ffd\">V\u00eda de administraci\u00f3n:<\/span><\/b><\/p>\n<p class=\"MsoNormal\" style=\"font-size: medium;text-align: justify\"><span style=\"font-size: 12pt;line-height: 17.12px;font-family: Arial, sans-serif\">Oral<\/span><\/p>\n<p class=\"MsoNormal\" style=\"font-size: medium;text-align: justify\"><b><span style=\"font-size: 12pt;line-height: 17.12px;font-family: Arial, sans-serif;color: #2c9ffd\">Descripci\u00f3n:<\/span><\/b><\/p>\n<p class=\"MsoNormal\" style=\"font-size: medium;text-align: justify\"><span style=\"font-size: 12pt;line-height: 17.12px;font-family: Arial, sans-serif\">Una formula excelente completa para dar en la dieta de aves en reproducci\u00f3n, mantenimiento o pollitos.<\/span><\/p>\n<p class=\"MsoNormal\" style=\"font-size: medium;text-align: justify\"><b><span style=\"font-size: 12pt;line-height: 17.12px;font-family: Arial, sans-serif;color: #2c9ffd\">Dosis:<\/span><\/b><\/p>\n<p class=\"MsoNormal\" style=\"font-size: medium;text-align: justify\"><span style=\"font-size: 12pt;line-height: 17.12px;font-family: Arial, sans-serif\">En caso de diarrea caf\u00e9 en pollitos, 4 gr por kilo de alimento<\/span><\/p>\n<p class=\"MsoNormal\" style=\"font-size: medium;text-align: justify\"><span style=\"font-size: 12pt;line-height: 17.12px;font-family: Arial, sans-serif\">2 gr por kilo de alimento de forma normal en mantenimiento o reproducci\u00f3n<\/span><\/p>\n<p class=\"MsoNormal\" style=\"font-size: medium;text-align: justify\"><b><span style=\"font-size: 12pt;line-height: 17.12px;font-family: Arial, sans-serif;color: #2c9ffd\">Advertencias:<\/span><\/b><\/p>\n<p class=\"MsoNormal\" style=\"font-size: medium;text-align: justify\"><span style=\"font-size: 12pt;line-height: 17.12px;font-family: Arial, sans-serif\">Producto para uso veterinario exclusivamente<\/span><\/p>\n<p class=\"MsoNormal\" style=\"font-size: medium;text-align: justify\"><span style=\"font-size: 12pt;line-height: 17.12px;font-family: Arial, sans-serif\">Cons\u00e9rvese en lugar fresco y seco protegido de la luz<\/span><\/p>\n","protected":false},"excerpt":{"rendered":"<p>F\u00f3rmula: Calcio Vitamina D F\u00f3sforo Magnesio Hierro Potasio Zinc adicionado con gritt y el 33% de levadura Uso en: V\u00eda de administraci\u00f3n: Oral Descripci\u00f3n: Una formula excelente completa para dar en la dieta de aves en reproducci\u00f3n, mantenimiento o pollitos. Dosis: En caso de diarrea caf\u00e9 en pollitos, 4 gr por kilo de alimento 2 [&hellip;]<\/p>\n","protected":false},"featured_media":0,"comment_status":"open","ping_status":"closed","template":"","meta":{"_et_pb_use_builder":"","_et_pb_old_content":"","_et_gb_content_width":"","spay_email":""},"_links":{"self":[{"href":"https:\/\/farmaciaveterinarialaconquista.com\/index.php\/wp-json\/wp\/v2\/product\/578"}],"collection":[{"href":"https:\/\/farmaciaveterinarialaconquista.com\/index.php\/wp-json\/wp\/v2\/product"}],"about":[{"href":"https:\/\/farmaciaveterinarialaconquista.com\/index.php\/wp-json\/wp\/v2\/types\/product"}],"replies":[{"embeddable":true,"href":"https:\/\/farmaciaveterinarialaconquista.com\/index.php\/wp-json\/wp\/v2\/comments?post=578"}],"wp:attachment":[{"href":"https:\/\/farmaciaveterinarialaconquista.com\/index.php\/wp-json\/wp\/v2\/media?parent=578"}],"curies":[{"name":"wp","href":"https:\/\/api.w.org\/{rel}","templated":true}]}}