{"id":56,"date":"2020-04-10T02:23:00","date_gmt":"2020-04-10T07:23:00","guid":{"rendered":"http:\/\/farmaciaveterinarialaconquista.com\/index.php\/producto\/import-placeholder-for-307\/"},"modified":"2025-09-24T12:04:35","modified_gmt":"2025-09-24T18:04:35","slug":"cicatrizool-cicatriphorte-100-ml","status":"publish","type":"product","link":"https:\/\/farmaciaveterinarialaconquista.com\/index.php\/producto\/cicatrizool-cicatriphorte-100-ml\/","title":{"rendered":"Cicatrizool \/ cicatriphorte 100 ml"},"content":{"rendered":"<p><strong>F\u00f3rmula:<\/strong><\/p>\n<p>Fenol 2.0 g.<\/p>\n<p>Violeta de genciana 1.3 g.<\/p>\n<p>\u00c1cido t\u00e1nico 2.0 g.<\/p>\n<p>Alcohol isoprop\u00edlico 60.0 ml.<\/p>\n<p>Veh\u00edculo c.b.p. 100 ml.<\/p>\n<p><strong>Uso en:<\/strong><\/p>\n<p><span class=\"bold-entrada\">\u00a0<\/span><span class=\"imgIpp\"><img src=\"http:\/\/www.plmconnection.com\/plmservices\/VetSearchEngine\/M%C3%A9xico\/PEV39\/img\/caballo1.png\" alt=\"\" \/>\u00a0<\/span><span class=\"imgIpp\"><img src=\"http:\/\/www.plmconnection.com\/plmservices\/VetSearchEngine\/M%C3%A9xico\/PEV39\/img\/vaca.png\" alt=\"\" \/>\u00a0<img src=\"http:\/\/www.plmconnection.com\/plmservices\/VetSearchEngine\/M%C3%A9xico\/PEV39\/img\/toro.png\" alt=\"\" \/><\/span><span class=\"imgIpp\">\u00a0<\/span><span class=\"imgIpp\"><img src=\"http:\/\/www.plmconnection.com\/plmservices\/VetSearchEngine\/M%C3%A9xico\/PEV39\/img\/caballo1.png\" alt=\"\" \/><\/span><span class=\"imgIpp\">\u00a0<\/span><span class=\"imgIpp\"><img src=\"http:\/\/www.plmconnection.com\/plmservices\/VetSearchEngine\/M%C3%A9xico\/PEV39\/img\/becerro.png\" alt=\"\" \/> \u00a0<\/span><span class=\"imgIpp\"><img src=\"http:\/\/www.plmconnection.com\/plmservices\/VetSearchEngine\/M%C3%A9xico\/PEV39\/img\/oveja1.png\" alt=\"\" \/>\u00a0<\/span><span class=\"imgIpp\"><img src=\"http:\/\/www.plmconnection.com\/plmservices\/VetSearchEngine\/M%C3%A9xico\/PEV39\/img\/oveja1.png\" alt=\"\" \/><\/span><span class=\"imgIpp\">\u00a0<img src=\"http:\/\/www.plmconnection.com\/plmservices\/VetSearchEngine\/M%C3%A9xico\/PEV39\/img\/cabra1.png\" alt=\"\" \/>\u00a0<img src=\"http:\/\/www.plmconnection.com\/plmservices\/VetSearchEngine\/M%C3%A9xico\/PEV39\/img\/cabra1.png\" alt=\"\" \/>\u00a0<img src=\"http:\/\/www.plmconnection.com\/plmservices\/VetSearchEngine\/M%C3%A9xico\/PEV39\/img\/porcino1.png\" alt=\"\" \/>\u00a0<img src=\"http:\/\/www.plmconnection.com\/plmservices\/VetSearchEngine\/M%C3%A9xico\/PEV39\/img\/porcino1.png\" alt=\"\" \/><\/span><span class=\"imgIpp\"><img src=\"http:\/\/www.plmconnection.com\/plmservices\/VetSearchEngine\/M%C3%A9xico\/PEV39\/img\/perro1.png\" alt=\"\" \/>\u00a0<\/span><span class=\"imgIpp\"><img src=\"http:\/\/www.plmconnection.com\/plmservices\/VetSearchEngine\/M%C3%A9xico\/PEV39\/img\/gato.png\" alt=\"\" \/><\/span><span class=\"imgIpp\">\u00a0<img src=\"http:\/\/www.plmconnection.com\/plmservices\/VetSearchEngine\/M%C3%A9xico\/PEV39\/img\/gallina.png\" alt=\"\" \/><\/span><\/p>\n<p><strong>V\u00eda de administraci\u00f3n:<\/strong><\/p>\n<p>Aplicar en forma generosa sobre la piel en las \u00e1reas afectadas. Repetir hasta la total recuperaci\u00f3n.<\/p>\n<p><strong>Descripci\u00f3n:<\/strong><\/p>\n<p>Soluci\u00f3n antis\u00e9ptica, astringente y cicatrizante para todo tipo de dermatosis y heridas.<\/p>\n<p>Est\u00e1 indicado como cicatrizante, bactericida, fungicida y astringente en el tratamiento de heridas superficiales, infecciones del ombligo de reci\u00e9n nacidos corte de rabo, orejas y castraci\u00f3n.<\/p>\n<p><strong>Dosis:<\/strong><\/p>\n<p>Cubrir la zona afectada en cantidad suficiente 2 veces al d\u00eda.<\/p>\n<p><strong>Advertencias:<\/strong><\/p>\n<p>La soluci\u00f3n mancha la piel y la ropa. No cubra la zona tratada con vendas o ap\u00f3sitos.<\/p>\n<p>Mant\u00e9ngase en lugar fresco y fuera de la luz solar directa.<\/p>\n<p>No se deje al alcance de los ni\u00f1os.<\/p>\n","protected":false},"excerpt":{"rendered":"<p>F\u00f3rmula: Fenol 2.0 g. Violeta de genciana 1.3 g. \u00c1cido t\u00e1nico 2.0 g. Alcohol isoprop\u00edlico 60.0 ml. Veh\u00edculo c.b.p. 100 ml. Uso en: \u00a0\u00a0\u00a0\u00a0\u00a0 \u00a0\u00a0\u00a0\u00a0\u00a0\u00a0\u00a0\u00a0 V\u00eda de administraci\u00f3n: Aplicar en forma generosa sobre la piel en las \u00e1reas afectadas. Repetir hasta la total recuperaci\u00f3n. Descripci\u00f3n: Soluci\u00f3n antis\u00e9ptica, astringente y cicatrizante para todo tipo de dermatosis [&hellip;]<\/p>\n","protected":false},"featured_media":99,"comment_status":"open","ping_status":"closed","template":"","meta":{"_et_pb_use_builder":"","_et_pb_old_content":"","_et_gb_content_width":"","spay_email":""},"_links":{"self":[{"href":"https:\/\/farmaciaveterinarialaconquista.com\/index.php\/wp-json\/wp\/v2\/product\/56"}],"collection":[{"href":"https:\/\/farmaciaveterinarialaconquista.com\/index.php\/wp-json\/wp\/v2\/product"}],"about":[{"href":"https:\/\/farmaciaveterinarialaconquista.com\/index.php\/wp-json\/wp\/v2\/types\/product"}],"replies":[{"embeddable":true,"href":"https:\/\/farmaciaveterinarialaconquista.com\/index.php\/wp-json\/wp\/v2\/comments?post=56"}],"wp:featuredmedia":[{"embeddable":true,"href":"https:\/\/farmaciaveterinarialaconquista.com\/index.php\/wp-json\/wp\/v2\/media\/99"}],"wp:attachment":[{"href":"https:\/\/farmaciaveterinarialaconquista.com\/index.php\/wp-json\/wp\/v2\/media?parent=56"}],"curies":[{"name":"wp","href":"https:\/\/api.w.org\/{rel}","templated":true}]}}