{"id":38,"date":"2020-04-10T02:22:39","date_gmt":"2020-04-10T07:22:39","guid":{"rendered":"http:\/\/farmaciaveterinarialaconquista.com\/index.php\/producto\/import-placeholder-for-291\/"},"modified":"2024-12-17T23:06:16","modified_gmt":"2024-12-18T05:06:16","slug":"cardiobee-10-ml","status":"publish","type":"product","link":"https:\/\/farmaciaveterinarialaconquista.com\/index.php\/producto\/cardiobee-10-ml\/","title":{"rendered":"Cardiobee 10 ml"},"content":{"rendered":"<p><strong>F\u00f3rmula:<\/strong><\/p>\n<p>Pangamato de sodio 0.04 g<\/p>\n<p>Veh\u00edculo c.b.p. 1 ml<\/p>\n<p><strong>Uso en:<\/strong><\/p>\n<p><img src=\"http:\/\/www.plmconnection.com\/plmservices\/VetSearchEngine\/M%C3%A9xico\/PEV39\/img\/toro.png\" \/> <img src=\"http:\/\/www.plmconnection.com\/plmservices\/VetSearchEngine\/M%C3%A9xico\/PEV39\/img\/caballo.png\" \/><\/p>\n<p><strong>V\u00eda de administraci\u00f3n:<\/strong><\/p>\n<p>Endovenosa o intramuscular<\/p>\n<p><strong>Descripci\u00f3n:<\/strong><\/p>\n<p>Es una soluci\u00f3n est\u00e9ril inyectable de uso veterinario, indicada para contrarrestar la Anoxia Simple (falta de Oxigeno) por compresi\u00f3n. Incremento del flujo Sangu\u00edneo Pulmonar en caballos de carreras o animales que realizan esfuerzos continuos. En coalescencias tox\u00e9micas, cardiopat\u00edas, terapia postoperatoria y en animales emanciados.<\/p>\n<p><strong>Dosis:<\/strong><\/p>\n<p>Bovinos y equinos 5 a 10 ml<\/p>\n<p>Porcinos 2 a 3 ml<\/p>\n<p>Caprinos, ovinos, can\u00eddeos y felinos 1 a 5 ml<\/p>\n<p><strong>Advertencias:<\/strong><\/p>\n<p>Cons\u00e9rvese el producto en lugar fresco, seco y protegido de la luz<\/p>\n","protected":false},"excerpt":{"rendered":"<p>F\u00f3rmula: Pangamato de sodio 0.04 g Veh\u00edculo c.b.p. 1 ml Uso en: V\u00eda de administraci\u00f3n: Endovenosa o intramuscular Descripci\u00f3n: Es una soluci\u00f3n est\u00e9ril inyectable de uso veterinario, indicada para contrarrestar la Anoxia Simple (falta de Oxigeno) por compresi\u00f3n. Incremento del flujo Sangu\u00edneo Pulmonar en caballos de carreras o animales que realizan esfuerzos continuos. En coalescencias [&hellip;]<\/p>\n","protected":false},"featured_media":94,"comment_status":"open","ping_status":"closed","template":"","meta":{"_et_pb_use_builder":"","_et_pb_old_content":"","_et_gb_content_width":"","spay_email":""},"_links":{"self":[{"href":"https:\/\/farmaciaveterinarialaconquista.com\/index.php\/wp-json\/wp\/v2\/product\/38"}],"collection":[{"href":"https:\/\/farmaciaveterinarialaconquista.com\/index.php\/wp-json\/wp\/v2\/product"}],"about":[{"href":"https:\/\/farmaciaveterinarialaconquista.com\/index.php\/wp-json\/wp\/v2\/types\/product"}],"replies":[{"embeddable":true,"href":"https:\/\/farmaciaveterinarialaconquista.com\/index.php\/wp-json\/wp\/v2\/comments?post=38"}],"wp:featuredmedia":[{"embeddable":true,"href":"https:\/\/farmaciaveterinarialaconquista.com\/index.php\/wp-json\/wp\/v2\/media\/94"}],"wp:attachment":[{"href":"https:\/\/farmaciaveterinarialaconquista.com\/index.php\/wp-json\/wp\/v2\/media?parent=38"}],"curies":[{"name":"wp","href":"https:\/\/api.w.org\/{rel}","templated":true}]}}