{"id":37,"date":"2020-04-10T02:22:39","date_gmt":"2020-04-10T07:22:39","guid":{"rendered":"http:\/\/farmaciaveterinarialaconquista.com\/index.php\/producto\/import-placeholder-for-290\/"},"modified":"2025-09-24T12:06:10","modified_gmt":"2025-09-24T18:06:10","slug":"calciosol-con-fijador-150-tbs","status":"publish","type":"product","link":"https:\/\/farmaciaveterinarialaconquista.com\/index.php\/producto\/calciosol-con-fijador-150-tbs\/","title":{"rendered":"Calciosol con fijador 150 tbs"},"content":{"rendered":"<p><strong>Formula:<\/strong><\/p>\n<p>Gluconato de calcio0.400 g<\/p>\n<p>Calciferol equivalente a 500 U.I. de vitamina D2 0.0125 mg<\/p>\n<p>Excipiente, c.b.p. 1 tableta.<\/p>\n<p><strong>Uso en:<\/strong><\/p>\n<p><img src=\"http:\/\/www.plmconnection.com\/plmservices\/VetSearchEngine\/M%C3%A9xico\/PEV39\/img\/perro.png\" \/> <img src=\"http:\/\/www.plmconnection.com\/plmservices\/VetSearchEngine\/M%C3%A9xico\/PEV39\/img\/gato.png\" \/><\/p>\n<p><strong>V\u00eda de administraci\u00f3n:<\/strong><\/p>\n<p>Oral.<\/p>\n<p><strong>Descripci\u00f3n:<\/strong><\/p>\n<p>Con fijador, se recomienda como recalcificante y reconstituyente general indicado en todos aquellos casos en los que se requiera suplir o complementar el aporte de calcio como en: raquitismo, osteomalacia, osteoporosis, hembras gestantes y lactantes; fracturas \u00f3seas convalecientes, animales en desarrollo, etc\u00e9tera.<\/p>\n<p><strong>Dosis:<\/strong><\/p>\n<p>Administrar 1 a 2 tabletas por cada 10 kg de peso vivo en perros y gatos.<\/p>\n<p><strong>Advertencias:<\/strong><\/p>\n<p>Este producto es de uso veterinario, no se use en humanos.<\/p>\n<p>No utilizar por tiempos prolongados en cachorros en desarrollo.<\/p>\n","protected":false},"excerpt":{"rendered":"<p>Formula: Gluconato de calcio0.400 g Calciferol equivalente a 500 U.I. de vitamina D2 0.0125 mg Excipiente, c.b.p. 1 tableta. Uso en: V\u00eda de administraci\u00f3n: Oral. Descripci\u00f3n: Con fijador, se recomienda como recalcificante y reconstituyente general indicado en todos aquellos casos en los que se requiera suplir o complementar el aporte de calcio como en: raquitismo, [&hellip;]<\/p>\n","protected":false},"featured_media":93,"comment_status":"open","ping_status":"closed","template":"","meta":{"_et_pb_use_builder":"","_et_pb_old_content":"","_et_gb_content_width":"","spay_email":""},"_links":{"self":[{"href":"https:\/\/farmaciaveterinarialaconquista.com\/index.php\/wp-json\/wp\/v2\/product\/37"}],"collection":[{"href":"https:\/\/farmaciaveterinarialaconquista.com\/index.php\/wp-json\/wp\/v2\/product"}],"about":[{"href":"https:\/\/farmaciaveterinarialaconquista.com\/index.php\/wp-json\/wp\/v2\/types\/product"}],"replies":[{"embeddable":true,"href":"https:\/\/farmaciaveterinarialaconquista.com\/index.php\/wp-json\/wp\/v2\/comments?post=37"}],"wp:featuredmedia":[{"embeddable":true,"href":"https:\/\/farmaciaveterinarialaconquista.com\/index.php\/wp-json\/wp\/v2\/media\/93"}],"wp:attachment":[{"href":"https:\/\/farmaciaveterinarialaconquista.com\/index.php\/wp-json\/wp\/v2\/media?parent=37"}],"curies":[{"name":"wp","href":"https:\/\/api.w.org\/{rel}","templated":true}]}}