{"id":36,"date":"2020-04-10T02:22:38","date_gmt":"2020-04-10T07:22:38","guid":{"rendered":"http:\/\/farmaciaveterinarialaconquista.com\/index.php\/producto\/import-placeholder-for-289\/"},"modified":"2025-09-24T12:10:27","modified_gmt":"2025-09-24T18:10:27","slug":"bravo-spray-100-ml","status":"publish","type":"product","link":"https:\/\/farmaciaveterinarialaconquista.com\/index.php\/producto\/bravo-spray-100-ml\/","title":{"rendered":"Bravo spray 100 ml"},"content":{"rendered":"<p><strong>Formula:<\/strong><\/p>\n<p>Permetrina: 3-fenoxibencil (1RS)-Cis,Trans-3- (2,2-Diclorovinil)-2,2-dimetilciclopropano carboxilato que equivale a 2.7%\u00a0\u00a0\u00a0(2.7 g\/100 ml) 27 g\/L<\/p>\n<p>Excipiente, c.b.p. 100 ml.<\/p>\n<p><strong>Uso en:<\/strong><\/p>\n<p><span class=\"imgIpp\"><img src=\"http:\/\/www.plmconnection.com\/plmservices\/VetSearchEngine\/M%C3%A9xico\/PEV39\/img\/perro.png\" alt=\"\" \/> <img src=\"http:\/\/www.plmconnection.com\/plmservices\/VetSearchEngine\/M%C3%A9xico\/PEV39\/img\/caballo.png\" \/><\/span><\/p>\n<p><strong>V\u00eda de administraci\u00f3n:<\/strong><\/p>\n<p>T\u00f3pica.<\/p>\n<p><strong>Descripci\u00f3n:<\/strong><\/p>\n<p>Es un ectoparasiticida a base de permetrina y sustancias sinergizantes que act\u00faa contra moscas, mosquitos, t\u00e1banos, pulgas, piojos, garrapatas y \u00e1caros de la sarna. La permetrina es un insecticida neurot\u00f3xico que act\u00faa por contacto directo con el par\u00e1sito provoc\u00e1ndole la muerte.<\/p>\n<p>Est\u00e1 formulado a base de permetrina, se usa en caninos y equinos, su actividad es contra las siguientes plagas: garrapata (Bophilus spp), mosca de la paleta o del cuerno (Haematobia irritans), mosca de establo (Stomoxis calcitrans), t\u00e1banos (Tabanus spp, Haemotopa spp), \u00e1caros de la sarna (Sarcoptes spp, Psoroptes spp, Notoedres spp, Demodex spp) y pulgas (Ctenocephalides spp, Ceratophilus spp, Pulex irritans).<\/p>\n<p>Evite contacto excesivo con el producto. Lave con abundante agua y jab\u00f3n las \u00e1reas de la piel y mucosas que hayan estado en contacto directo con el producto. Mant\u00e9ngase al paciente abrigado, en reposo y respirando aire fresco. Si ha habido ingesti\u00f3n del producto y el paciente est\u00e1 consciente, se debe provocar el v\u00f3mito. Si aparecen signos nerviosos acelere la obtenci\u00f3n de servicios m\u00e9dicos. No se deber\u00e1 dar leche o productos que contengan grasas.<\/p>\n<p><strong>Dosis:<\/strong><\/p>\n<p>Aplicar cubriendo toda la superficie corporal del animal (10 aspersiones por cada 10 kg de peso en caninos). En equinos aplicar cubriendo la superficie expuesta del animal (aproximadamente 50 ml). Tambi\u00e9n puede ser aplicado directamente en la zona donde se encuentra el ectopar\u00e1sito adherido. Repita cuando sea necesario, se recomienda rociar con BRAVO-SPRAY en el entorno de la mascota para evitar reinfestaciones de los ectopar\u00e1sitos.<\/p>\n<p>Plaguicida y acaricida: Aplicar 10 atomizaciones por cada 10 kg de peso tratando de cubrir toda la superficie corporal del animal.<\/p>\n<p>Mosquicida: Aplicar 10 atomizaciones por cada 10 kg de peso, tratando de cubrir toda la superficie corporal, incluyendo las orejas. Se puede aplicar cada 10 d\u00edas. Se recomienda rociar el entorno del animal para evitar reinfecciones.<\/p>\n<p><strong>Advertencias:<\/strong><\/p>\n<p>No emplear en perros convalecientes o enfermos. Almacenar lejos del alcance de los ni\u00f1os. Para uso externo \u00fanicamente. Evite el contacto con las mucosas y ojos, si esto ocurre enjuague con agua abundante. Aplicar en \u00e1reas ventiladas. No administre a pacientes con hipersensibilidad a los componentes de la f\u00f3rmula. No almacenar en casa habitaci\u00f3n, no manejar el producto menores de 18 a\u00f1os, no reutilice este envase, destr\u00fayase, no debe usarse en animales enfermos o convalecientes, no se debe usar en gatos ni en otros felinos, su uso es externo exclusivamente.<\/p>\n<p>Utilice guantes para su aplicaci\u00f3n, despu\u00e9s de aplicar el producto, lave perfectamente con agua y jab\u00f3n las \u00e1reas de la piel que hayan estado en contacto con el producto.<\/p>\n<p>No usar en felinos.<\/p>\n","protected":false},"excerpt":{"rendered":"<p>Formula: Permetrina: 3-fenoxibencil (1RS)-Cis,Trans-3- (2,2-Diclorovinil)-2,2-dimetilciclopropano carboxilato que equivale a 2.7%\u00a0\u00a0\u00a0(2.7 g\/100 ml) 27 g\/L Excipiente, c.b.p. 100 ml. Uso en: V\u00eda de administraci\u00f3n: T\u00f3pica. Descripci\u00f3n: Es un ectoparasiticida a base de permetrina y sustancias sinergizantes que act\u00faa contra moscas, mosquitos, t\u00e1banos, pulgas, piojos, garrapatas y \u00e1caros de la sarna. La permetrina es un insecticida neurot\u00f3xico [&hellip;]<\/p>\n","protected":false},"featured_media":79,"comment_status":"open","ping_status":"closed","template":"","meta":{"_et_pb_use_builder":"","_et_pb_old_content":"","_et_gb_content_width":"","spay_email":""},"_links":{"self":[{"href":"https:\/\/farmaciaveterinarialaconquista.com\/index.php\/wp-json\/wp\/v2\/product\/36"}],"collection":[{"href":"https:\/\/farmaciaveterinarialaconquista.com\/index.php\/wp-json\/wp\/v2\/product"}],"about":[{"href":"https:\/\/farmaciaveterinarialaconquista.com\/index.php\/wp-json\/wp\/v2\/types\/product"}],"replies":[{"embeddable":true,"href":"https:\/\/farmaciaveterinarialaconquista.com\/index.php\/wp-json\/wp\/v2\/comments?post=36"}],"wp:featuredmedia":[{"embeddable":true,"href":"https:\/\/farmaciaveterinarialaconquista.com\/index.php\/wp-json\/wp\/v2\/media\/79"}],"wp:attachment":[{"href":"https:\/\/farmaciaveterinarialaconquista.com\/index.php\/wp-json\/wp\/v2\/media?parent=36"}],"curies":[{"name":"wp","href":"https:\/\/api.w.org\/{rel}","templated":true}]}}