{"id":34,"date":"2020-04-10T02:22:38","date_gmt":"2020-04-10T07:22:38","guid":{"rendered":"http:\/\/farmaciaveterinarialaconquista.com\/index.php\/producto\/import-placeholder-for-287\/"},"modified":"2025-09-24T12:09:42","modified_gmt":"2025-09-24T18:09:42","slug":"bolfo-talco-100-grs","status":"publish","type":"product","link":"https:\/\/farmaciaveterinarialaconquista.com\/index.php\/producto\/bolfo-talco-100-grs\/","title":{"rendered":"Bolfo talco 100 grs"},"content":{"rendered":"<p><strong>Formula:<\/strong><\/p>\n<p>Propoxur 1%<\/p>\n<p><strong>Uso en:\u00a0<\/strong><\/p>\n<p><span class=\"imgIpp\"><img src=\"http:\/\/www.plmconnection.com\/plmservices\/VetSearchEngine\/M%C3%A9xico\/PEV39\/img\/perro.png\" alt=\"\" \/>\u00a0<img src=\"http:\/\/www.plmconnection.com\/plmservices\/VetSearchEngine\/M%C3%A9xico\/PEV39\/img\/gato.png\" alt=\"\" \/>\u00a0 \u00a0<img src=\"http:\/\/www.plmconnection.com\/plmservices\/VetSearchEngine\/M%C3%A9xico\/PEV39\/img\/gallina.png\" alt=\"\" \/>\u00a0 \u00a0<img src=\"http:\/\/www.plmconnection.com\/plmservices\/VetSearchEngine\/M%C3%A9xico\/PEV39\/img\/paloma.png\" alt=\"\" \/>\u00a0 \u00a0<img src=\"http:\/\/www.plmconnection.com\/plmservices\/VetSearchEngine\/M%C3%A9xico\/PEV39\/img\/pavo.png\" alt=\"\" \/> <img src=\"http:\/\/www.plmconnection.com\/plmservices\/VetSearchEngine\/M%C3%A9xico\/PEV39\/img\/pato.png\" \/><\/span><\/p>\n<p><strong>V\u00eda de administraci\u00f3n:<\/strong><\/p>\n<p>Cut\u00e1nea, en las camas, nidos o lugares frecuentados por los animales.<\/p>\n<p>Perros y gatos: Espolvorear el producto en la piel, distribuy\u00e9ndolo por frotamiento en todo el cuerpo. Posteriormente cepillar a la mascota para retirar el excedente y evitar que se quede en la superficie.<\/p>\n<p><strong>Descripci\u00f3n:<\/strong><\/p>\n<p>Es un polvo micronizado a base de carbamato que se distribuye f\u00e1cilmente al aplicarlo en el pelaje o plumaje de los animales. Su alta tolerancia permite tratar incluso a felinos.<\/p>\n<p>Es excelente para la prevenci\u00f3n y control de plagas como pulgas, piojos, corucos, garrapatas y otros ecto\u00adpar\u00e1sitos de los perros, gatos, aves de corral y otros animales dom\u00e9sticos a excepci\u00f3n de p\u00e1jaros de ornato.<\/p>\n<p>Para mejores resultados en el control de pulgas y otros ectopar\u00e1sitos en los animales de compa\u00f1\u00eda, se recomienda ba\u00f1arlos con Asuntol Jab\u00f3n (uso s\u00f3lo en perros) o Bolfo Shampoo, y posteriormente espolvorearlos con bolfo talco para evitar rein\u00adfes\u00adtaciones.<\/p>\n<p>En el caso de las aves de corral espolvorearlas \u00fanicamente con Bolfo talco.<\/p>\n<p><strong>Dosis:<\/strong><\/p>\n<p>En perros, gatos y otros cuadr\u00fapedos, espolvoree el producto distribuy\u00e9ndolo por frotamiento en todo el cuerpo. En aves de corral ponga especial atenci\u00f3n en la zona de la cloaca, debajo de las alas y en los nidos.<\/p>\n","protected":false},"excerpt":{"rendered":"<p>Formula: Propoxur 1% Uso en:\u00a0 \u00a0\u00a0 \u00a0\u00a0 \u00a0\u00a0 \u00a0 V\u00eda de administraci\u00f3n: Cut\u00e1nea, en las camas, nidos o lugares frecuentados por los animales. Perros y gatos: Espolvorear el producto en la piel, distribuy\u00e9ndolo por frotamiento en todo el cuerpo. Posteriormente cepillar a la mascota para retirar el excedente y evitar que se quede en la [&hellip;]<\/p>\n","protected":false},"featured_media":77,"comment_status":"open","ping_status":"closed","template":"","meta":{"_et_pb_use_builder":"","_et_pb_old_content":"","_et_gb_content_width":"","spay_email":""},"_links":{"self":[{"href":"https:\/\/farmaciaveterinarialaconquista.com\/index.php\/wp-json\/wp\/v2\/product\/34"}],"collection":[{"href":"https:\/\/farmaciaveterinarialaconquista.com\/index.php\/wp-json\/wp\/v2\/product"}],"about":[{"href":"https:\/\/farmaciaveterinarialaconquista.com\/index.php\/wp-json\/wp\/v2\/types\/product"}],"replies":[{"embeddable":true,"href":"https:\/\/farmaciaveterinarialaconquista.com\/index.php\/wp-json\/wp\/v2\/comments?post=34"}],"wp:featuredmedia":[{"embeddable":true,"href":"https:\/\/farmaciaveterinarialaconquista.com\/index.php\/wp-json\/wp\/v2\/media\/77"}],"wp:attachment":[{"href":"https:\/\/farmaciaveterinarialaconquista.com\/index.php\/wp-json\/wp\/v2\/media?parent=34"}],"curies":[{"name":"wp","href":"https:\/\/api.w.org\/{rel}","templated":true}]}}