{"id":32,"date":"2020-04-10T02:22:38","date_gmt":"2020-04-10T07:22:38","guid":{"rendered":"http:\/\/farmaciaveterinarialaconquista.com\/index.php\/producto\/import-placeholder-for-285\/"},"modified":"2026-02-05T13:07:29","modified_gmt":"2026-02-05T19:07:29","slug":"biotec-10-grs","status":"publish","type":"product","link":"https:\/\/farmaciaveterinarialaconquista.com\/index.php\/producto\/biotec-10-grs\/","title":{"rendered":"Biotec 10 grs"},"content":{"rendered":"<p><strong>Formula:<\/strong><\/p>\n<p>Florfenicol<\/p>\n<p>Tilosina<\/p>\n<p>Doxiciciclina<\/p>\n<p>Bromexina<\/p>\n<p><strong>Uso en:<\/strong><\/p>\n<p><img src=\"http:\/\/www.plmconnection.com\/plmservices\/VetSearchEngine\/M%C3%A9xico\/PEV39\/img\/gallo.png\" \/><\/p>\n<p><strong>V\u00eda de administraci\u00f3n:<\/strong><\/p>\n<p>Oral<\/p>\n<p><strong>Descripci\u00f3n:<\/strong><\/p>\n<p>La f\u00f3rmula del antibi\u00f3tico biotec est\u00e1 dise\u00f1ada para que en un solo suministro, la erradicaci\u00f3n de enfermedades respiratorias sea inmediata y eficaz.<\/p>\n<p>La inclusi\u00f3n de un expectorante permite que el antibi\u00f3tico llegue de manera pronta y eficaz al foco de afectaci\u00f3n. La asociaci\u00f3n de un micoplasmicida con dos antibi\u00f3ticos m\u00e1s, permite ser la opci\u00f3n n\u00famero uno en enfermedades respiratorias.<\/p>\n<p><strong>Dosis:<\/strong><\/p>\n<p>*1gr por litro de agua durante 7 d\u00edas.<\/p>\n<p>Termine el tratamiento para evitar posterior resistencia antibi\u00f3ticos.<\/p>\n","protected":false},"excerpt":{"rendered":"<p>Formula: Florfenicol Tilosina Doxiciciclina Bromexina Uso en: V\u00eda de administraci\u00f3n: Oral Descripci\u00f3n: La f\u00f3rmula del antibi\u00f3tico biotec est\u00e1 dise\u00f1ada para que en un solo suministro, la erradicaci\u00f3n de enfermedades respiratorias sea inmediata y eficaz. La inclusi\u00f3n de un expectorante permite que el antibi\u00f3tico llegue de manera pronta y eficaz al foco de afectaci\u00f3n. La asociaci\u00f3n [&hellip;]<\/p>\n","protected":false},"featured_media":75,"comment_status":"open","ping_status":"closed","template":"","meta":{"_et_pb_use_builder":"","_et_pb_old_content":"","_et_gb_content_width":"","spay_email":""},"_links":{"self":[{"href":"https:\/\/farmaciaveterinarialaconquista.com\/index.php\/wp-json\/wp\/v2\/product\/32"}],"collection":[{"href":"https:\/\/farmaciaveterinarialaconquista.com\/index.php\/wp-json\/wp\/v2\/product"}],"about":[{"href":"https:\/\/farmaciaveterinarialaconquista.com\/index.php\/wp-json\/wp\/v2\/types\/product"}],"replies":[{"embeddable":true,"href":"https:\/\/farmaciaveterinarialaconquista.com\/index.php\/wp-json\/wp\/v2\/comments?post=32"}],"wp:featuredmedia":[{"embeddable":true,"href":"https:\/\/farmaciaveterinarialaconquista.com\/index.php\/wp-json\/wp\/v2\/media\/75"}],"wp:attachment":[{"href":"https:\/\/farmaciaveterinarialaconquista.com\/index.php\/wp-json\/wp\/v2\/media?parent=32"}],"curies":[{"name":"wp","href":"https:\/\/api.w.org\/{rel}","templated":true}]}}