{"id":311,"date":"2020-04-10T02:26:41","date_gmt":"2020-04-10T07:26:41","guid":{"rendered":"http:\/\/farmaciaveterinarialaconquista.com\/index.php\/producto\/import-placeholder-for-489\/"},"modified":"2022-09-24T13:45:50","modified_gmt":"2022-09-24T18:45:50","slug":"vitafort-postura-100-grs","status":"publish","type":"product","link":"https:\/\/farmaciaveterinarialaconquista.com\/index.php\/producto\/vitafort-postura-100-grs\/","title":{"rendered":"Vitafort postura 100 grs"},"content":{"rendered":"<p class=\"MsoNormal\" style=\"text-align: justify\"><b><span style=\"font-size: 12pt;line-height: 107%;font-family: Arial, 'sans-serif';color: #2c9ffd\">F\u00f3rmula:<\/span><\/b><\/p>\n<\/p>\n<p class=\"MsoNormal\" style=\"text-align: justify\"><span style=\"font-size: 12pt;line-height: 107%;font-family: Arial, 'sans-serif';color: #000000\">Bitartrato de colina 200 mg<\/span><\/p>\n<\/p>\n<p class=\"MsoNormal\" style=\"text-align: justify\"><span style=\"font-size: 12pt;line-height: 107%;font-family: Arial, 'sans-serif';color: #000000\">Betaina HCI 150 mg<\/span><\/p>\n<\/p>\n<p class=\"MsoNormal\" style=\"text-align: justify\"><span style=\"font-size: 12pt;line-height: 107%;font-family: Arial, 'sans-serif';color: #000000\">L-lisina H 150 mg<\/span><\/p>\n<\/p>\n<p class=\"MsoNormal\" style=\"text-align: justify\"><span style=\"font-size: 12pt;line-height: 107%;font-family: Arial, 'sans-serif';color: #000000\">L-metionina 150 mg<\/span><\/p>\n<\/p>\n<p class=\"MsoNormal\" style=\"text-align: justify\"><span style=\"font-size: 12pt;line-height: 107%;font-family: Arial, 'sans-serif';color: #000000\">L-tript\u00f3fano 250 mg<\/span><\/p>\n<\/p>\n<p class=\"MsoNormal\" style=\"text-align: justify\"><span style=\"font-size: 12pt;line-height: 107%;font-family: Arial, 'sans-serif';color: #000000\">Carbonato de calcio 1 g<\/span><\/p>\n<\/p>\n<p class=\"MsoNormal\" style=\"text-align: justify\"><span style=\"font-size: 12pt;line-height: 107%;font-family: Arial, 'sans-serif';color: #000000\">Excipiente, c.b.p. 100 g.<\/span><\/p>\n<\/p>\n<p class=\"MsoNormal\" style=\"text-align: justify\"><b><span style=\"font-size: 12pt;line-height: 107%;font-family: Arial, 'sans-serif';color: #2c9ffd\">Uso en:<\/span><\/b><\/p>\n<p class=\"MsoNormal\" style=\"text-align: justify\"><b><span style=\"font-size: 12pt;line-height: 107%;font-family: Arial, 'sans-serif';color: #2c9ffd\"><img src=\"http:\/\/www.plmconnection.com\/plmservices\/VetSearchEngine\/M%C3%A9xico\/PEV39\/img\/gallina.png\" alt=\"gallina.png\" \/>\u00a0 \u00a0 \u00a0<img src=\"http:\/\/www.plmconnection.com\/plmservices\/VetSearchEngine\/M%C3%A9xico\/PEV39\/img\/gallo.png\" style=\"color: #000000;font-family: Verdana, Arial, Helvetica, sans-serif;font-size: 11px\" alt=\"gallo.png\" \/><\/span><\/b><\/p>\n<p class=\"MsoNormal\" style=\"text-align: justify\">\n<p><b>\u00a0<\/b><\/p>\n<p><b><\/b><span style=\"font-family: Arial, sans-serif;font-size: 16px\">Ave de ornato.<\/span><\/p>\n<p class=\"MsoNormal\" style=\"text-align: justify\"><b><span style=\"font-size: 12pt;line-height: 107%;font-family: Arial, 'sans-serif';color: #2c9ffd\">V\u00eda de administraci\u00f3n:<\/span><\/b> <b><span style=\"font-size: 12pt;line-height: 107%;font-family: Arial, 'sans-serif';color: #2c9ffd\"><\/span><\/b><\/p>\n<\/p>\n<p class=\"MsoNormal\" style=\"text-align: justify\"><span style=\"font-size: 12pt;line-height: 107%;font-family: Arial, 'sans-serif';color: #000000\">Oral<\/span><\/p>\n<\/p>\n<p class=\"MsoNormal\" style=\"text-align: justify\"><span style=\"font-size: 12pt;line-height: 107%;font-family: Arial, 'sans-serif';color: #000000\">Puede usarse indistintamente en el agua de bebida o mezclado con el alimento.<\/span><\/p>\n<\/p>\n<p class=\"MsoNormal\" style=\"text-align: justify\"><span style=\"font-size: 12pt;line-height: 107%;font-family: Arial, 'sans-serif';color: #000000\">Debe ser administrado a sus aves al romper postura y por el tiempo que se crea conveniente.<\/span><\/p>\n<\/p>\n<p class=\"MsoNormal\" style=\"text-align: justify\"><span style=\"font-size: 12pt;line-height: 107%;font-family: Arial, 'sans-serif';color: #000000\">Las dosificaciones antes indicadas son consideradas promedio y deber\u00e1n administrarse y\/o repetirse de acuerdo con la gravedad de cada caso bajo supervisi\u00f3n del M\u00e9dico Veterinario.<\/span><\/p>\n<\/p>\n<p class=\"MsoNormal\" style=\"text-align: justify\"><b><span style=\"font-size: 12pt;line-height: 107%;font-family: Arial, 'sans-serif';color: #2c9ffd\">Descripci\u00f3n:<\/span><\/b><\/p>\n<\/p>\n<p class=\"MsoNormal\" style=\"text-align: justify\"><span style=\"font-size: 12pt;line-height: 107%;font-family: Arial, 'sans-serif';color: #000000\">Ayuda a cumplir las necesidades de los nutrimentos requeridos para la fase de postura en sus aves y, sobre todo, darles la oportunidad de remplazar las reservas de calcio, p\u00e9rdidas durante el ciclo previo. Actualmente no existen productos comerciales que diferencien las fases de producci\u00f3n haciendo que el avicultor restrinja la alimentaci\u00f3n a un s\u00f3lo producto para todo el periodo productivo.<\/span><\/p>\n<\/p>\n<p class=\"MsoNormal\" style=\"text-align: justify\"><span style=\"font-size: 12pt;line-height: 107%;font-family: Arial, 'sans-serif';color: #000000\">Un buen alimento es aquel en el que est\u00e1n presentes todos los nutrientes en las proporciones necesarias para que las aves se desarrollen y produzcan huevos.<\/span><\/p>\n<\/p>\n<p class=\"MsoNormal\" style=\"text-align: justify\"><span style=\"font-size: 12pt;line-height: 107%;font-family: Arial, 'sans-serif';color: #000000\">La deficiencia de un nutriente puede retardar el desarrollo, disminuir la postura hasta provocar susceptibilidad a enfermedades.<\/span><\/p>\n<\/p>\n<p class=\"MsoNormal\" style=\"text-align: justify\"><span style=\"font-size: 12pt;line-height: 107%;font-family: Arial, 'sans-serif';color: #000000\">El tama\u00f1o del huevo, depende de la ingesti\u00f3n de nutrimentos en las aves, de modo que cualquier factor que influya en el consumo de alimento, influir\u00e1 en el tama\u00f1o del huevo, la presencia de fisuras en el cascar\u00f3n, la calidad y en la producci\u00f3n.<\/span><\/p>\n<\/p>\n<p class=\"MsoNormal\" style=\"text-align: justify\"><span style=\"font-size: 12pt;line-height: 107%;font-family: Arial, 'sans-serif';color: #000000\">Sus aves pueden dejar de comer, pero dif\u00edcilmente dejan de beber, por lo que, resulta de extrema utilidad proporcionarles agua con los nutrientes necesarios que las ayuden a soportar periodos de producci\u00f3n (postura).<\/span><\/p>\n<\/p>\n<p class=\"MsoNormal\" style=\"text-align: justify\"><b><span style=\"font-size: 12pt;line-height: 107%;font-family: Arial, 'sans-serif';color: #2c9ffd\">Dosis:<\/span><\/b><\/p>\n<\/p>\n<p class=\"MsoNormal\" style=\"text-align: justify\"><span style=\"font-size: 12pt;line-height: 107%;font-family: Arial, 'sans-serif';color: #000000\">En el agua de bebida: 1 g por cada 1 o 2 litros de agua.<\/span><\/p>\n<\/p>\n<p class=\"MsoNormal\" style=\"text-align: justify\"><span style=\"font-size: 12pt;line-height: 107%;font-family: Arial, 'sans-serif';color: #000000\">En el alimento: 3 a 4 cucharadas rasas por cada 10 o 20 kg de alimento.<\/span><\/p>\n<\/p>\n<p class=\"MsoNormal\" style=\"text-align: justify\"><b><span style=\"font-size: 12pt;line-height: 107%;font-family: Arial, 'sans-serif';color: #2c9ffd\">Advertencias:<\/span><\/b><\/p>\n<\/p>\n<p class=\"MsoNormal\" style=\"text-align: justify\"><span style=\"font-size: 12pt;line-height: 107%;font-family: Arial, 'sans-serif'\">Cons\u00e9rvese a la sombra y en un lugar fresco para su almacenamiento.<\/span><\/p>\n<\/p>\n<p class=\"MsoNormal\" style=\"text-align: justify\"><span style=\"font-size: 12pt;line-height: 107%;font-family: Arial, 'sans-serif'\">No se deje al alcance de los ni\u00f1os y animales dom\u00e9sticos.<\/span><\/p><\/p>\n","protected":false},"excerpt":{"rendered":"<p>F\u00f3rmula: Bitartrato de colina 200 mg Betaina HCI 150 mg L-lisina H 150 mg L-metionina 150 mg L-tript\u00f3fano 250 mg Carbonato de calcio 1 g Excipiente, c.b.p. 100 g. Uso en: \u00a0 \u00a0 \u00a0 \u00a0 Ave de ornato. V\u00eda de administraci\u00f3n: Oral Puede usarse indistintamente en el agua de bebida o mezclado con el alimento. [&hellip;]<\/p>\n","protected":false},"featured_media":349,"comment_status":"open","ping_status":"closed","template":"","meta":{"_et_pb_use_builder":"","_et_pb_old_content":"","_et_gb_content_width":"","spay_email":""},"_links":{"self":[{"href":"https:\/\/farmaciaveterinarialaconquista.com\/index.php\/wp-json\/wp\/v2\/product\/311"}],"collection":[{"href":"https:\/\/farmaciaveterinarialaconquista.com\/index.php\/wp-json\/wp\/v2\/product"}],"about":[{"href":"https:\/\/farmaciaveterinarialaconquista.com\/index.php\/wp-json\/wp\/v2\/types\/product"}],"replies":[{"embeddable":true,"href":"https:\/\/farmaciaveterinarialaconquista.com\/index.php\/wp-json\/wp\/v2\/comments?post=311"}],"wp:featuredmedia":[{"embeddable":true,"href":"https:\/\/farmaciaveterinarialaconquista.com\/index.php\/wp-json\/wp\/v2\/media\/349"}],"wp:attachment":[{"href":"https:\/\/farmaciaveterinarialaconquista.com\/index.php\/wp-json\/wp\/v2\/media?parent=311"}],"curies":[{"name":"wp","href":"https:\/\/api.w.org\/{rel}","templated":true}]}}