{"id":31,"date":"2020-04-10T02:22:38","date_gmt":"2020-04-10T07:22:38","guid":{"rendered":"http:\/\/farmaciaveterinarialaconquista.com\/index.php\/producto\/import-placeholder-for-284\/"},"modified":"2025-09-24T12:08:45","modified_gmt":"2025-09-24T18:08:45","slug":"bebida-universal-contra-la-tos-300-ml","status":"publish","type":"product","link":"https:\/\/farmaciaveterinarialaconquista.com\/index.php\/producto\/bebida-universal-contra-la-tos-300-ml\/","title":{"rendered":"Bebida universal contra la tos 300 ml"},"content":{"rendered":"<p><strong>F\u00f3rmula:<\/strong><\/p>\n<p>Maleato de clorfeniramina 1.75 mg<\/p>\n<p>Cloroformo 2.5 mg<\/p>\n<p>\u00c9ter glic\u00e9rico de guayacol 3.5 mg<\/p>\n<p>Veh\u00edculo, c.b.p. 1 ml.<\/p>\n<p><strong>Uso en:<\/strong><\/p>\n<p class=\"Normal\"><span class=\"bold-entrada\">\u00a0<\/span><span class=\"imgIpp\"><img src=\"http:\/\/www.plmconnection.com\/plmservices\/VetSearchEngine\/M%C3%A9xico\/PEV39\/img\/caballo.png\" alt=\"\" \/>\u00a0<img src=\"http:\/\/www.plmconnection.com\/plmservices\/VetSearchEngine\/M%C3%A9xico\/PEV39\/img\/vaca.png\" alt=\"\" \/>\u00a0<img src=\"http:\/\/www.plmconnection.com\/plmservices\/VetSearchEngine\/M%C3%A9xico\/PEV39\/img\/toro.png\" alt=\"\" \/>\u00a0<img src=\"http:\/\/www.plmconnection.com\/plmservices\/VetSearchEngine\/M%C3%A9xico\/PEV39\/img\/porcino.png\" alt=\"\" \/> <\/span><span class=\"imgIpp\"><img src=\"http:\/\/www.plmconnection.com\/plmservices\/VetSearchEngine\/M%C3%A9xico\/PEV39\/img\/oveja.png\" alt=\"\" \/>\u00a0<img src=\"http:\/\/www.plmconnection.com\/plmservices\/VetSearchEngine\/M%C3%A9xico\/PEV39\/img\/cabra.png\" alt=\"\" \/>\u00a0<img src=\"http:\/\/www.plmconnection.com\/plmservices\/VetSearchEngine\/M%C3%A9xico\/PEV39\/img\/perro.png\" alt=\"\" \/><\/span><\/p>\n<p><strong>V\u00eda de administraci\u00f3n:<\/strong><\/p>\n<p>Oral.<\/p>\n<p><strong>Descripci\u00f3n:<\/strong><\/p>\n<p>Es un producto de amplia acci\u00f3n para controlar los ataques de tos en bovinos, equinos, porcinos, ovinos, caprinos y caninos. Ejerce una acci\u00f3n expectorante con lo que evita la acumulaci\u00f3n de moco en las v\u00edas respiratorias superiores. Coadyuvante en el tratamiento de bronquitis, neumon\u00eda, influenza y todo tipo de trastornos del aparato respiratorio.<\/p>\n<p><strong>Dosis:<\/strong><\/p>\n<p>Bovinos y equinos: 100 ml al d\u00eda, por un periodo de 3 d\u00edas.<\/p>\n<p>Porcinos, ovinos y caprinos: 40 ml al d\u00eda, por un periodo de 3 d\u00edas.<\/p>\n<p>Caninos: 5 a 10 ml al d\u00eda, por un periodo de 3 d\u00edas.<\/p>\n<p>A recomendaci\u00f3n del M\u00e9dico Veterinario.<\/p>\n<p><strong>Advertencias:<\/strong><\/p>\n<p>No administrar 24 horas antes del sacrificio de los animales destinados al consumo humano. No consumir la leche de animales tratados hasta 72 horas despu\u00e9s de la \u00faltima aplicaci\u00f3n. No administrar a equinos destinados al consumo humano. Cons\u00e9rvese en un lugar fresco y seco, protegido de la luz solar directa y fuentes de calor a una temperatura entre 10 y 30\u00b0C. Mant\u00e9ngase fuera del alcance de los ni\u00f1os y animales dom\u00e9sticos.<\/p>\n<p>Producto de uso exclusivamente veterinario.<\/p>\n","protected":false},"excerpt":{"rendered":"<p>F\u00f3rmula: Maleato de clorfeniramina 1.75 mg Cloroformo 2.5 mg \u00c9ter glic\u00e9rico de guayacol 3.5 mg Veh\u00edculo, c.b.p. 1 ml. Uso en: \u00a0\u00a0\u00a0\u00a0 \u00a0\u00a0 V\u00eda de administraci\u00f3n: Oral. Descripci\u00f3n: Es un producto de amplia acci\u00f3n para controlar los ataques de tos en bovinos, equinos, porcinos, ovinos, caprinos y caninos. Ejerce una acci\u00f3n expectorante con lo que [&hellip;]<\/p>\n","protected":false},"featured_media":74,"comment_status":"open","ping_status":"closed","template":"","meta":{"_et_pb_use_builder":"","_et_pb_old_content":"","_et_gb_content_width":"","spay_email":""},"_links":{"self":[{"href":"https:\/\/farmaciaveterinarialaconquista.com\/index.php\/wp-json\/wp\/v2\/product\/31"}],"collection":[{"href":"https:\/\/farmaciaveterinarialaconquista.com\/index.php\/wp-json\/wp\/v2\/product"}],"about":[{"href":"https:\/\/farmaciaveterinarialaconquista.com\/index.php\/wp-json\/wp\/v2\/types\/product"}],"replies":[{"embeddable":true,"href":"https:\/\/farmaciaveterinarialaconquista.com\/index.php\/wp-json\/wp\/v2\/comments?post=31"}],"wp:featuredmedia":[{"embeddable":true,"href":"https:\/\/farmaciaveterinarialaconquista.com\/index.php\/wp-json\/wp\/v2\/media\/74"}],"wp:attachment":[{"href":"https:\/\/farmaciaveterinarialaconquista.com\/index.php\/wp-json\/wp\/v2\/media?parent=31"}],"curies":[{"name":"wp","href":"https:\/\/api.w.org\/{rel}","templated":true}]}}