{"id":304,"date":"2020-04-10T02:26:41","date_gmt":"2020-04-10T07:26:41","guid":{"rendered":"http:\/\/farmaciaveterinarialaconquista.com\/index.php\/producto\/import-placeholder-for-482\/"},"modified":"2025-11-22T03:01:51","modified_gmt":"2025-11-22T09:01:51","slug":"vigantol-ade-fuerte-25-ml","status":"publish","type":"product","link":"https:\/\/farmaciaveterinarialaconquista.com\/index.php\/producto\/vigantol-ade-fuerte-25-ml\/","title":{"rendered":"Vigantol ADE fuerte 25 ml"},"content":{"rendered":"<p class=\"MsoNormal\" style=\"text-align: justify\"><b><span style=\"font-size: 12pt;line-height: 107%;font-family: Arial, 'sans-serif';color: #2c9ffd\">F\u00f3rmula:<\/span><\/b><\/p>\n<p class=\"MsoNormal\" style=\"text-align: justify\"><span style=\"font-size: 12pt;line-height: 107%;font-family: Arial, sans-serif\">Vitamina A 500,000 U.I.<\/span><\/p>\n<p class=\"MsoNormal\" style=\"text-align: justify\"><span style=\"font-size: 12pt;line-height: 107%;font-family: Arial, sans-serif\">Vitamina D3 75,000 U.I.<\/span><\/p>\n<p class=\"MsoNormal\" style=\"text-align: justify\"><span style=\"font-size: 12pt;line-height: 107%;font-family: Arial, sans-serif\">Vitamina E1 alfa-tocoferolacetato 50 mg<\/span><\/p>\n<p class=\"MsoNormal\" style=\"text-align: justify\"><span style=\"font-size: 12pt;line-height: 107%;font-family: Arial, sans-serif\">Veh\u00edculo aguamiscible, c.b.p. 1 ml<\/span><\/p>\n<p class=\"MsoNormal\" style=\"text-align: justify\"><b><span style=\"font-size: 12pt;line-height: 107%;font-family: Arial, 'sans-serif';color: #2c9ffd\">Uso en:<\/span><\/b><\/p>\n<p><img src=\"http:\/\/www.plmconnection.com\/plmservices\/VetSearchEngine\/M%C3%A9xico\/PEV39\/img\/vaca.png\" alt=\"vaca.png\" \/>\u00a0 \u00a0<img src=\"http:\/\/www.plmconnection.com\/plmservices\/VetSearchEngine\/M%C3%A9xico\/PEV39\/img\/toro.png\" alt=\"toro.png\" \/>\u00a0 \u00a0<img src=\"http:\/\/www.plmconnection.com\/plmservices\/VetSearchEngine\/M%C3%A9xico\/PEV39\/img\/becerro.png\" alt=\"becerro.png\" \/>\u00a0 \u00a0<img src=\"http:\/\/www.plmconnection.com\/plmservices\/VetSearchEngine\/M%C3%A9xico\/PEV39\/img\/caballo.png\" alt=\"caballo.png\" \/>\u00a0 \u00a0<img src=\"http:\/\/www.plmconnection.com\/plmservices\/VetSearchEngine\/M%C3%A9xico\/PEV39\/img\/caballo1.png\" alt=\"caballo1.png\" \/>\u00a0 \u00a0<img src=\"http:\/\/www.plmconnection.com\/plmservices\/VetSearchEngine\/M%C3%A9xico\/PEV39\/img\/oveja.png\" alt=\"oveja.png\" \/>\u00a0 \u00a0<img src=\"http:\/\/www.plmconnection.com\/plmservices\/VetSearchEngine\/M%C3%A9xico\/PEV39\/img\/oveja1.png\" alt=\"oveja1.png\" \/>\u00a0 \u00a0<img src=\"http:\/\/www.plmconnection.com\/plmservices\/VetSearchEngine\/M%C3%A9xico\/PEV39\/img\/porcino.png\" alt=\"porcino.png\" \/>\u00a0 \u00a0<img src=\"http:\/\/www.plmconnection.com\/plmservices\/VetSearchEngine\/M%C3%A9xico\/PEV39\/img\/porcino1.png\" alt=\"porcino1.png\" \/>\u00a0 \u00a0<img src=\"http:\/\/www.plmconnection.com\/plmservices\/VetSearchEngine\/M%C3%A9xico\/PEV39\/img\/cabra.png\" alt=\"cabra.png\" \/>\u00a0 \u00a0<img src=\"http:\/\/www.plmconnection.com\/plmservices\/VetSearchEngine\/M%C3%A9xico\/PEV39\/img\/cabra1.png\" alt=\"cabra1.png\" \/>\u00a0 \u00a0<img src=\"http:\/\/www.plmconnection.com\/plmservices\/VetSearchEngine\/M%C3%A9xico\/PEV39\/img\/perro.png\" alt=\"perro.png\" \/>\u00a0 \u00a0<img src=\"http:\/\/www.plmconnection.com\/plmservices\/VetSearchEngine\/M%C3%A9xico\/PEV39\/img\/gato.png\" alt=\"gato.png\" \/>\u00a0 \u00a0\u00a0<img src=\"http:\/\/www.plmconnection.com\/plmservices\/VetSearchEngine\/M%C3%A9xico\/PEV39\/img\/gallina.png\" alt=\"gallina.png\" \/><\/p>\n<p class=\"MsoNormal\" style=\"text-align: justify\"><b><span style=\"font-size: 12pt;line-height: 107%;font-family: Arial, 'sans-serif';color: #2c9ffd\">V\u00eda de administraci\u00f3n:<\/span><\/b><\/p>\n<p class=\"MsoNormal\" style=\"text-align: justify\"><span style=\"font-size: 12pt;line-height: 107%;font-family: Arial, sans-serif\">Se inyecta por v\u00eda intramuscular o subcut\u00e1nea. Sin embargo, cuando por alguna raz\u00f3n (aguja corta), se deposita parte del producto en el tejido intrad\u00e9rmico, puede resultar un edema que desaparece en poco tiempo. La aplicaci\u00f3n por v\u00eda oral es m\u00e1s f\u00e1cil para tratar a ovinos y becerros. para ello se deben mezclar partes iguales de vigantol<sup>mr<\/sup> ade fuerte y agua, dosificando 4 ml a los ovinos adultos y becerros y 2 ml a corderos. en otros animales se puede usar tambi\u00e9n este modo de empleo, aumentando la dosis de vigantol<sup>mr<\/sup> ade fuerte aproximadamente al doble de la indicada en la tabla.<\/span><\/p>\n<p class=\"MsoNormal\" style=\"text-align: justify\"><b><span style=\"font-size: 12pt;line-height: 107%;font-family: Arial, 'sans-serif';color: #2c9ffd\">Descripci\u00f3n:<\/span><\/b><\/p>\n<p class=\"MsoNormal\" style=\"text-align: justify\"><span style=\"font-size: 12pt;line-height: 107%;font-family: Arial, sans-serif\">Es una formulaci\u00f3n que se ofrece directamente para prevenir la deficiencia de vitaminas A, D y E en todas las especies; puede administrarse an\u00e1logamente a la vacunaci\u00f3n contra enfermedades infectocontagiosas o desparasitaci\u00f3n.<\/span><\/p>\n<p class=\"MsoNormal\" style=\"text-align: justify\"><span style=\"font-size: 12pt;line-height: 107%;font-family: Arial, sans-serif\">Vigantol<sup>mr<\/sup> ade fuerte contiene al grupo de vitaminas lipo\u00adsolubles A, D y E, en una formulaci\u00f3n especial que le permite una r\u00e1pida absorci\u00f3n y disponibilidad a partir del sitio de aplicaci\u00f3n; por otra parte, esta ventaja le permite administrarse en el agua, y es altamente recomendable para la terapia de deficiencia de estas vitaminas.<\/span><\/p>\n<p class=\"MsoNormal\" style=\"text-align: justify\"><span style=\"font-size: 12pt;line-height: 107%;font-family: Arial, sans-serif\">Est\u00e1 indicado en casos de: Baja de defensas por estr\u00e9s o infecciones, particularmente diarreas, neumon\u00edas y paresias de la cr\u00eda.<\/span><\/p>\n<p class=\"MsoNormal\" style=\"text-align: justify\"><span style=\"font-size: 12pt;line-height: 107%;font-family: Arial, sans-serif\">Convalecencia de enfermedades. Infertilidad de las hembras (esterilidad por carencias) debido a hipofunci\u00f3n ov\u00e1rica.<\/span><\/p>\n<p class=\"MsoNormal\" style=\"text-align: justify\"><span style=\"font-size: 12pt;line-height: 107%;font-family: Arial, sans-serif\">Baja fecundidad de los sementales (por ejemplo, escasez o deformaci\u00f3n de espermatozoides, falta de libido).<\/span><\/p>\n<p class=\"MsoNormal\" style=\"text-align: justify\"><span style=\"font-size: 12pt;line-height: 107%;font-family: Arial, sans-serif\">En cerdas, prevenci\u00f3n de muerte prenatal; para camadas poco numerosas y aplicaci\u00f3n al momento del destete.<\/span><\/p>\n<p class=\"MsoNormal\" style=\"text-align: justify\"><span style=\"font-size: 12pt;line-height: 107%;font-family: Arial, sans-serif\">Trastornos metab\u00f3licos org\u00e1nicos y musculares (por ejemplo, enfermedad del m\u00fasculo blanco en los becerros).<\/span><\/p>\n<p class=\"MsoNormal\" style=\"text-align: justify\"><span style=\"font-size: 12pt;line-height: 107%;font-family: Arial, sans-serif\">Raquitismo de los animales en crecimiento. Osteomalacia de los animales adultos. Trastornos del metabolismo mineral debidos a alimentaci\u00f3n desbalanceada.<\/span><\/p>\n<p class=\"MsoNormal\" style=\"text-align: justify\"><span style=\"font-size: 12pt;line-height: 107%;font-family: Arial, sans-serif\">Malacia (\u201cpica\u201d, canibalismo, apetito pervertido).<\/span><\/p>\n<p class=\"MsoNormal\" style=\"text-align: justify\"><span style=\"font-size: 12pt;line-height: 107%;font-family: Arial, sans-serif\">Para asegurar el normal desarrollo del embri\u00f3n y del feto, y con objeto de incrementar la fuerza vital de los reci\u00e9n nacidos (aplicaci\u00f3n de 4 a 6 semanas antes del parto). En la engorda intensiva del ganado. En la preparaci\u00f3n de animales para exposici\u00f3n, carreras, etc. En lesiones del miocardio, \u201cacalambramiento\u201d de los cor\u00adderos.<\/span><\/p>\n<p class=\"MsoNormal\" style=\"text-align: justify\"><span style=\"font-size: 12pt;line-height: 107%;font-family: Arial, sans-serif\">En aves, en proceso de inmunosupresi\u00f3n, conjuntamente con la vacunaci\u00f3n y como coadyuvante en procesos infecciosos.<\/span><\/p>\n<p class=\"MsoNormal\" style=\"text-align: justify\"><span style=\"font-size: 12pt;line-height: 107%;font-family: Arial, sans-serif\">En los casos de una deficiencia vitam\u00ednica marcada, el restablecimiento se acelera considerablemente al acompa\u00f1ar la terapia de vigantol<sup>mr<\/sup> ade fuerte con la aplicaci\u00f3n de Catosal\u00ae Con Vitamina B12. Adem\u00e1s la administraci\u00f3n de minerales como Super\u00adbayphos\u00ae o Magnaphoscal<sup>MR<\/sup> es muy conveniente. En las producciones donde las diarreas y neumon\u00edas son un grave problema en los reci\u00e9n nacidos, la aplicaci\u00f3n de 5 ml por v\u00eda oral al nacimiento, produce resultados excelentes en su prevenci\u00f3n.<\/span><\/p>\n<p class=\"MsoNormal\" style=\"text-align: justify\"><b><span style=\"font-size: 12pt;line-height: 107%;font-family: Arial, 'sans-serif';color: #2c9ffd\">Dosis:<\/span><\/b><\/p>\n<p class=\"MsoNormal\" style=\"text-align: justify\"><span style=\"font-size: 12pt;line-height: 107%;font-family: Arial, sans-serif\">Bovinos y equinos: 2 a 4 ml.<\/span><\/p>\n<p class=\"MsoNormal\" style=\"text-align: justify\"><span style=\"font-size: 12pt;line-height: 107%;font-family: Arial, sans-serif\">Potros y terneros: 0.5 a 2 ml.<\/span><\/p>\n<p class=\"MsoNormal\" style=\"text-align: justify\"><span style=\"font-size: 12pt;line-height: 107%;font-family: Arial, sans-serif\">Porcinos, ovinos y caprinos: 1 a 2 ml.<\/span><\/p>\n<p class=\"MsoNormal\" style=\"text-align: justify\"><span style=\"font-size: 12pt;line-height: 107%;font-family: Arial, sans-serif\">Lechones, corderos, cabritos y aves: 0.25 a 0.5 ml.<\/span><\/p>\n<p class=\"MsoNormal\" style=\"text-align: justify\"><span style=\"font-size: 12pt;line-height: 107%;font-family: Arial, sans-serif\">Perros: 0.25 a 1 ml.<\/span><\/p>\n<p><span style=\"font-size: 12pt;line-height: 107%;font-family: Arial, sans-serif\">Gatos: 0.25 ml.<\/span><\/p>\n","protected":false},"excerpt":{"rendered":"<p>F\u00f3rmula: Vitamina A 500,000 U.I. Vitamina D3 75,000 U.I. Vitamina E1 alfa-tocoferolacetato 50 mg Veh\u00edculo aguamiscible, c.b.p. 1 ml Uso en: \u00a0 \u00a0\u00a0 \u00a0\u00a0 \u00a0\u00a0 \u00a0\u00a0 \u00a0\u00a0 \u00a0\u00a0 \u00a0\u00a0 \u00a0\u00a0 \u00a0\u00a0 \u00a0\u00a0 \u00a0\u00a0 \u00a0\u00a0 \u00a0\u00a0 V\u00eda de administraci\u00f3n: Se inyecta por v\u00eda intramuscular o subcut\u00e1nea. Sin embargo, cuando por alguna raz\u00f3n (aguja corta), se deposita [&hellip;]<\/p>\n","protected":false},"featured_media":342,"comment_status":"open","ping_status":"closed","template":"","meta":{"_et_pb_use_builder":"","_et_pb_old_content":"","_et_gb_content_width":"","spay_email":""},"_links":{"self":[{"href":"https:\/\/farmaciaveterinarialaconquista.com\/index.php\/wp-json\/wp\/v2\/product\/304"}],"collection":[{"href":"https:\/\/farmaciaveterinarialaconquista.com\/index.php\/wp-json\/wp\/v2\/product"}],"about":[{"href":"https:\/\/farmaciaveterinarialaconquista.com\/index.php\/wp-json\/wp\/v2\/types\/product"}],"replies":[{"embeddable":true,"href":"https:\/\/farmaciaveterinarialaconquista.com\/index.php\/wp-json\/wp\/v2\/comments?post=304"}],"wp:featuredmedia":[{"embeddable":true,"href":"https:\/\/farmaciaveterinarialaconquista.com\/index.php\/wp-json\/wp\/v2\/media\/342"}],"wp:attachment":[{"href":"https:\/\/farmaciaveterinarialaconquista.com\/index.php\/wp-json\/wp\/v2\/media?parent=304"}],"curies":[{"name":"wp","href":"https:\/\/api.w.org\/{rel}","templated":true}]}}