{"id":303,"date":"2020-04-10T02:26:41","date_gmt":"2020-04-10T07:26:41","guid":{"rendered":"http:\/\/farmaciaveterinarialaconquista.com\/index.php\/producto\/import-placeholder-for-481\/"},"modified":"2022-09-24T13:43:54","modified_gmt":"2022-09-24T18:43:54","slug":"vetriderm-jabon-dermatologico-100-grs","status":"publish","type":"product","link":"https:\/\/farmaciaveterinarialaconquista.com\/index.php\/producto\/vetriderm-jabon-dermatologico-100-grs\/","title":{"rendered":"Vetriderm jab\u00f3n dermatol\u00f3gico 100 grs"},"content":{"rendered":"<p class=\"MsoNormal\" style=\"text-align: justify\"><b><span style=\"font-size: 12pt;line-height: 107%;font-family: Arial, 'sans-serif';color: #2c9ffd\">F\u00f3rmula:<\/span><\/b><\/p>\n<p class=\"MsoNormal\" style=\"text-align: justify\"><span style=\"font-size: 12pt;line-height: 107%;font-family: Arial, 'sans-serif';color: #000000\">Aloe vera, extracto de manzanilla, avena, alanto\u00edna, preventol.<\/span><\/p>\n<p class=\"MsoNormal\" style=\"text-align: justify\"><span style=\"font-size: 12pt;line-height: 107%;font-family: Arial, 'sans-serif';color: #000000\">Su exclusiva formulaci\u00f3n est\u00e1 basada en ingredientes activos contenidos en micro\u00adsomas, que protegen y liberan a \u00e9stos en el momento requerido, para que ejerzan sus efectos terap\u00e9uticos, tanto en la piel como en el pelaje durante su empleo, permitiendo as\u00ed que su actividad permanezca aun despu\u00e9s del ba\u00f1o.<\/span><\/p>\n<p class=\"MsoNormal\" style=\"text-align: justify\"><b><span style=\"font-size: 12pt;line-height: 107%;font-family: Arial, 'sans-serif';color: #2c9ffd\">Uso en:<\/span><\/b><\/p>\n<p class=\"MsoNormal\" style=\"text-align: justify\">\n<p><img src=\"http:\/\/www.plmconnection.com\/plmservices\/VetSearchEngine\/M%C3%A9xico\/PEV39\/img\/perro.png\" alt=\"perro.png\" \/>\u00a0 \u00a0<img src=\"http:\/\/www.plmconnection.com\/plmservices\/VetSearchEngine\/M%C3%A9xico\/PEV39\/img\/gato.png\" alt=\"gato.png\" \/><\/p>\n<p class=\"MsoNormal\" style=\"text-align: justify\"><b><span style=\"font-size: 12pt;line-height: 107%;font-family: Arial, 'sans-serif';color: #2c9ffd\">V\u00eda de administraci\u00f3n:<\/span><\/b><\/p>\n<p class=\"MsoNormal\" style=\"text-align: justify\"><span style=\"font-size: 12pt;line-height: 107%;font-family: Arial, 'sans-serif';color: #000000\">T\u00f3pica.<\/span><\/p>\n<p class=\"MsoNormal\" style=\"text-align: justify\"><b><span style=\"font-size: 12pt;line-height: 107%;font-family: Arial, 'sans-serif';color: #2c9ffd\">Descripci\u00f3n:<\/span><\/b><\/p>\n<p class=\"MsoNormal\" style=\"text-align: justify\"><span style=\"font-size: 12pt;line-height: 107%;font-family: Arial, 'sans-serif';color: #000000\">Es un jab\u00f3n para el ba\u00f1o frecuente de perros y gatos a base de ingredientes naturales que est\u00e1 indicado como coadyuvante en problemas dermatol\u00f3gicos.<\/span><\/p>\n<p class=\"MsoNormal\" style=\"text-align: justify\"><span style=\"font-size: 12pt;line-height: 107%;font-family: Arial, 'sans-serif';color: #000000\">La exclusiva formulaci\u00f3n de vetriderm<sup>mr<\/sup> jab\u00f3n dermatol\u00f3gico representa un poderoso y efectivo recurso para el M\u00e9dico Veterinario, que enfrenta gran n\u00famero de problemas de la piel en perros y gatos.<\/span><\/p>\n<p class=\"MsoNormal\" style=\"text-align: justify\"><span style=\"font-size: 12pt;line-height: 107%;font-family: Arial, 'sans-serif';color: #000000\">Est\u00e1 indicado para la limpieza frecuente, cuidado, protecci\u00f3n de la piel y pelaje de perros y gatos sanos, as\u00ed como coad\u00ad\u00adyuvante para el control de:<\/span><\/p>\n<p class=\"MsoNormal\" style=\"text-align: justify\"><span style=\"font-size: 12pt;line-height: 107%;font-family: Arial, 'sans-serif';color: #000000\">Infecciones cut\u00e1neas y heridas.<\/span><\/p>\n<p class=\"MsoNormal\" style=\"text-align: justify\"><span style=\"font-size: 12pt;line-height: 107%;font-family: Arial, 'sans-serif';color: #000000\">Infecciones mic\u00f3ticas y bacterianas.<\/span><\/p>\n<p class=\"MsoNormal\" style=\"text-align: justify\"><span style=\"font-size: 12pt;line-height: 107%;font-family: Arial, 'sans-serif';color: #000000\">Eccemas.<\/span><\/p>\n<p class=\"MsoNormal\" style=\"text-align: justify\"><span style=\"font-size: 12pt;line-height: 107%;font-family: Arial, 'sans-serif';color: #000000\">Seborrea seca.<\/span><\/p>\n<p class=\"MsoNormal\" style=\"text-align: justify\"><span style=\"font-size: 12pt;line-height: 107%;font-family: Arial, 'sans-serif';color: #000000\">Seborrea grasa.<\/span><\/p>\n<p class=\"MsoNormal\" style=\"text-align: justify\"><span style=\"font-size: 12pt;line-height: 107%;font-family: Arial, 'sans-serif';color: #000000\">Dermatofitos.<\/span><\/p>\n<p class=\"MsoNormal\" style=\"text-align: justify\"><span style=\"font-size: 12pt;line-height: 107%;font-family: Arial, 'sans-serif';color: #000000\">Trastornos de la queratinizaci\u00f3n.<\/span><\/p>\n<p class=\"MsoNormal\" style=\"text-align: justify\"><span style=\"font-size: 12pt;line-height: 107%;font-family: Arial, 'sans-serif';color: #000000\">Dermatitis.<\/span><\/p>\n<p class=\"MsoNormal\" style=\"text-align: justify\"><span style=\"font-size: 12pt;line-height: 107%;font-family: Arial, 'sans-serif';color: #000000\">Acn\u00e9.<\/span><\/p>\n<p class=\"MsoNormal\" style=\"text-align: justify\"><span style=\"font-size: 12pt;line-height: 107%;font-family: Arial, 'sans-serif';color: #000000\">Piodermas superficiales y profundas.<\/span><\/p>\n<p class=\"MsoNormal\" style=\"text-align: justify\"><span style=\"font-size: 12pt;line-height: 107%;font-family: Arial, 'sans-serif';color: #000000\">La f\u00f3rmula especial de vetriderm<sup>mr <\/sup>jab\u00f3n dermatol\u00f3gico est\u00e1 dise\u00f1ada para uso frecuente en las mascotas, ya que cada vez que se usa, mejora la sedosidad del pelo y protege la piel, debido a sus caracter\u00edsticas rehidratantes.<\/span><\/p>\n<p class=\"MsoNormal\" style=\"text-align: justify\"><span style=\"font-size: 12pt;line-height: 107%;font-family: Arial, 'sans-serif';color: #000000\">Mantiene la capa normal de l\u00edpidos cut\u00e1neos.<\/span><\/p>\n<p class=\"MsoNormal\" style=\"text-align: justify\"><span style=\"font-size: 12pt;line-height: 107%;font-family: Arial, 'sans-serif';color: #000000\">En infecciones y trastornos seborreicos su frecuencia de uso deber\u00e1 ajustarse a los efectos deseados.<\/span><\/p>\n<p class=\"MsoNormal\" style=\"text-align: justify\"><span style=\"font-size: 12pt;line-height: 107%;font-family: Arial, 'sans-serif';color: #000000\">Contiene preventol (triclocarban) que coadyuva al tratamiento de infecciones de la piel debido a su efectividad contra hongos y bacterias Gram (+) y Gram (\u2013), tanto pat\u00f3genos como oportunistas que afectan la piel de tu mascota, como Staphylococcus spp y Trichophyton.<\/span><\/p>\n<p class=\"MsoNormal\" style=\"text-align: justify\"><span style=\"font-size: 12pt;line-height: 107%;font-family: Arial, 'sans-serif';color: #000000\">Limpia suavemente y ayuda a calmar e hidratar la piel seca y sensible. Vetriderm<sup>mr<\/sup> jab\u00f3n dermatol\u00f3gico contiene ingredientes como alanto\u00edna, Aloe vera, avena y manzanilla, los cuales promueven la limpieza eficiente y el cuidado de la piel sensible, otorg\u00e1ndole al pelo brillo y sedosidad.<\/span><\/p>\n<p class=\"MsoNormal\" style=\"text-align: justify\"><span style=\"font-size: 12pt;line-height: 107%;font-family: Arial, 'sans-serif';color: #000000\">La alanto\u00edna y el extracto de Aloe vera son agentes protectores de la piel, que por sus efectos queratol\u00edticos y humectantes ayudan a suavizar la piel, ayudando a calmar la piel irritada y reducir el enrojecimiento de la piel, ocasionado por irritaciones qu\u00edmicas y por rayos UV, estimulando tambi\u00e9n la regeneraci\u00f3n de la piel.<\/span><\/p>\n<p class=\"MsoNormal\" style=\"text-align: justify\"><span style=\"font-size: 12pt;line-height: 107%;font-family: Arial, 'sans-serif';color: #000000\">Los extractos naturales de Aloe vera y Matricaria chamomilla ricos en flavonoides, antioxidantes y bisabolol poseen efectos antiinflamatorios, humectantes y emolientes que protegen a la piel, adem\u00e1s de tener propiedades antibacterianas.<\/span><\/p>\n<p class=\"MsoNormal\" style=\"text-align: justify\"><b><span style=\"font-size: 12pt;line-height: 107%;font-family: Arial, 'sans-serif';color: #2c9ffd\">Dosis:<\/span><\/b><\/p>\n<p class=\"MsoNormal\" style=\"text-align: justify\"><span style=\"font-size: 12pt;line-height: 107%;font-family: Arial, 'sans-serif';color: #000000\">Moje completamente el cuerpo del animal, aplique vetriderm <sup>mr<\/sup> jab\u00f3n dermatol\u00f3gico, friccionando el pelo, hasta formar una crema abundante sobre el pelo del perro, deje actuar 5 a 10 minutos y enjuague con abundante agua. De ser necesario repita la operaci\u00f3n. Seque al animal. El producto puede ser utilizado semanalmente o conforme la recomendaci\u00f3n del M\u00e9dico Veterinario.<\/span><\/p>\n<p class=\"MsoNormal\" style=\"text-align: justify\"><span style=\"font-size: 12pt;line-height: 107%;font-family: Arial, 'sans-serif';color: #000000\">Para un mejor efecto se recomienda enjabonar a los animales y dejar actuar al jab\u00f3n durante algunos minutos, enjuagar con agua abundante y repetir la operaci\u00f3n.<\/span><\/p>\n<p class=\"MsoNormal\" style=\"text-align: justify\"><b><span style=\"font-size: 12pt;line-height: 107%;font-family: Arial, 'sans-serif';color: #2c9ffd\">Advertencias:<\/span><\/b><\/p>\n<p class=\"MsoNormal\" style=\"text-align: justify\"><span style=\"font-size: 12pt;line-height: 107%;font-family: Arial, 'sans-serif'\">Mantener fuera del alcance de los ni\u00f1os.<\/span><\/p>\n<p class=\"MsoNormal\" style=\"text-align: justify\"><span style=\"font-size: 12pt;line-height: 107%;font-family: Arial, 'sans-serif'\">Para uso t\u00f3pico solamente en animales.<\/span><\/p>\n<p class=\"MsoNormal\" style=\"text-align: justify\"><span style=\"font-size: 12pt;line-height: 107%;font-family: Arial, 'sans-serif'\">Evite el contacto con los ojos.<\/span><\/p>\n","protected":false},"excerpt":{"rendered":"<p>F\u00f3rmula: Aloe vera, extracto de manzanilla, avena, alanto\u00edna, preventol. Su exclusiva formulaci\u00f3n est\u00e1 basada en ingredientes activos contenidos en micro\u00adsomas, que protegen y liberan a \u00e9stos en el momento requerido, para que ejerzan sus efectos terap\u00e9uticos, tanto en la piel como en el pelaje durante su empleo, permitiendo as\u00ed que su actividad permanezca aun despu\u00e9s [&hellip;]<\/p>\n","protected":false},"featured_media":341,"comment_status":"open","ping_status":"closed","template":"","meta":{"_et_pb_use_builder":"","_et_pb_old_content":"","_et_gb_content_width":"","spay_email":""},"_links":{"self":[{"href":"https:\/\/farmaciaveterinarialaconquista.com\/index.php\/wp-json\/wp\/v2\/product\/303"}],"collection":[{"href":"https:\/\/farmaciaveterinarialaconquista.com\/index.php\/wp-json\/wp\/v2\/product"}],"about":[{"href":"https:\/\/farmaciaveterinarialaconquista.com\/index.php\/wp-json\/wp\/v2\/types\/product"}],"replies":[{"embeddable":true,"href":"https:\/\/farmaciaveterinarialaconquista.com\/index.php\/wp-json\/wp\/v2\/comments?post=303"}],"wp:featuredmedia":[{"embeddable":true,"href":"https:\/\/farmaciaveterinarialaconquista.com\/index.php\/wp-json\/wp\/v2\/media\/341"}],"wp:attachment":[{"href":"https:\/\/farmaciaveterinarialaconquista.com\/index.php\/wp-json\/wp\/v2\/media?parent=303"}],"curies":[{"name":"wp","href":"https:\/\/api.w.org\/{rel}","templated":true}]}}