{"id":286,"date":"2020-04-10T02:26:19","date_gmt":"2020-04-10T07:26:19","guid":{"rendered":"http:\/\/farmaciaveterinarialaconquista.com\/index.php\/producto\/import-placeholder-for-476\/"},"modified":"2025-09-20T14:04:56","modified_gmt":"2025-09-20T20:04:56","slug":"vermifugo-del-dr-bixler","status":"publish","type":"product","link":"https:\/\/farmaciaveterinarialaconquista.com\/index.php\/producto\/vermifugo-del-dr-bixler\/","title":{"rendered":"Vermifugo del Dr. Bixler"},"content":{"rendered":"<p class=\"MsoNormal\" style=\"font-size: medium;text-align: justify\"><b><span style=\"font-size: 12pt;line-height: 17.12px;font-family: Arial, sans-serif;color: #2c9ffd\">F\u00f3rmula:<\/span><\/b><\/p>\n<p class=\"MsoNormal\" style=\"font-size: medium;text-align: justify\"><span style=\"font-size: 12pt;line-height: 17.12px;font-family: Arial, sans-serif\">Mebendazole 30 mg<\/span><\/p>\n<p class=\"MsoNormal\" style=\"font-size: medium;text-align: justify\"><span style=\"font-size: 12pt;line-height: 17.12px;font-family: Arial, sans-serif\">Levamisol 50 mg<\/span><\/p>\n<p class=\"MsoNormal\" style=\"font-size: medium;text-align: justify\"><span style=\"font-size: 12pt;line-height: 17.12px;font-family: Arial, sans-serif\">Niclosamida 180 mg<\/span><\/p>\n<p class=\"MsoNormal\" style=\"font-size: medium;text-align: justify\"><span style=\"font-size: 12pt;line-height: 17.12px;font-family: Arial, sans-serif\">Veh\u00edculo c.b.p.<\/span><\/p>\n<p class=\"MsoNormal\" style=\"font-size: medium;text-align: justify\"><b><span style=\"font-size: 12pt;line-height: 17.12px;font-family: Arial, sans-serif;color: #2c9ffd\">Uso en:<\/span><\/b><\/p>\n<p><img src=\"http:\/\/www.plmconnection.com\/plmservices\/VetSearchEngine\/M%C3%A9xico\/PEV39\/img\/gallo.png\" alt=\"gallo.png\" \/><\/p>\n<p class=\"MsoNormal\" style=\"font-size: medium;text-align: justify\"><b><span style=\"font-size: 12pt;line-height: 17.12px;font-family: Arial, sans-serif;color: #2c9ffd\">V\u00eda de administraci\u00f3n:<\/span><\/b><\/p>\n<p class=\"MsoNormal\" style=\"font-size: medium;text-align: justify\"><span style=\"font-size: 12pt;line-height: 17.12px;font-family: Arial, sans-serif\">Oral, directo al pico<\/span><\/p>\n<p class=\"MsoNormal\" style=\"font-size: medium;text-align: justify\"><b><span style=\"font-size: 12pt;line-height: 17.12px;font-family: Arial, sans-serif;color: #2c9ffd\">Descripci\u00f3n:<\/span><\/b><\/p>\n<p class=\"MsoNormal\" style=\"font-size: medium;text-align: justify\"><span style=\"font-size: 12pt;line-height: 17.12px;font-family: Arial, sans-serif\">Est\u00e1 indicado en aves para el tratamiento de infecciones por nematodos y cestodos (planos y redondos), as\u00ed como estado larvario y huevecillos de los par\u00e1sitos.<\/span><\/p>\n<p class=\"MsoNormal\" style=\"font-size: medium;text-align: justify\"><span style=\"font-size: 12pt;line-height: 17.12px;font-family: Arial, sans-serif\">F\u00f3rmula multidin\u00e1mica antiparasitaria a base de niclosamida, mebendazol y levamisol.<\/span><\/p>\n<p class=\"MsoNormal\" style=\"font-size: medium;text-align: justify\"><span style=\"font-size: 12pt;line-height: 17.12px;font-family: Arial, sans-serif\">La niclosamida es un agente efectivo contra nematodos, no se absorbe en el tracto gastrointestinal su forma de acci\u00f3n es afectando la fosforilaci\u00f3n de energ\u00eda metabolizable y del mismo modo inhibe la fumarato reductasa.<\/span><\/p>\n<p class=\"MsoNormal\" style=\"font-size: medium;text-align: justify\"><span style=\"font-size: 12pt;line-height: 17.12px;font-family: Arial, sans-serif\">El mebendazol es un antihelm\u00edntico de amplio espectro que act\u00faa directamente sobre los par\u00e1sitos, inhibiendo la captaci\u00f3n de glucosa en forma irreversible, reduci\u00e9ndose as\u00ed la generaci\u00f3n de A. T. P. requerido para la supervivencia de los helmintos.<\/span><\/p>\n<p class=\"MsoNormal\" style=\"font-size: medium;text-align: justify\"><span style=\"font-size: 12pt;line-height: 17.12px;font-family: Arial, sans-serif\">El levamisol antihelm\u00edntico que act\u00faa causando par\u00e1lisis de los vermes inhibiendo la enzima fumarato reductasa, adem\u00e1s tiene un efecto inmuno-estimulante.<\/span><\/p>\n<p class=\"MsoNormal\" style=\"font-size: medium;text-align: justify\"><b><span style=\"font-size: 12pt;line-height: 17.12px;font-family: Arial, sans-serif;color: #2c9ffd\">Dosis:<\/span><\/b><\/p>\n<p class=\"MsoNormal\" style=\"font-size: medium;text-align: justify\"><span style=\"font-size: 12pt;line-height: 17.12px;font-family: Arial, sans-serif\">1 tableta para aves de 1 a 2 kg<\/span><\/p>\n<p class=\"MsoNormal\" style=\"font-size: medium;text-align: justify\"><span style=\"font-size: 12pt;line-height: 17.12px;font-family: Arial, sans-serif\">2 tabletas para aves de m\u00e1s de 2 kg<\/span><\/p>\n<p class=\"MsoNormal\" style=\"font-size: medium;text-align: justify\"><span style=\"font-size: 12pt;line-height: 17.12px;font-family: Arial, sans-serif\">Repetir el tratamiento a los 21 d\u00edas.<\/span><\/p>\n<p class=\"MsoNormal\" style=\"font-size: medium;text-align: justify\"><b><span style=\"font-size: 12pt;line-height: 17.12px;font-family: Arial, sans-serif;color: #2c9ffd\">Advertencias:<\/span><\/b><\/p>\n<p class=\"MsoNormal\" style=\"font-size: medium;text-align: justify\"><span style=\"font-size: 12pt;line-height: 17.12px;font-family: Arial, sans-serif\">El verm\u00edfugo debe aplicarse despu\u00e9s de haber alimentado a los animales con un tercio de su raci\u00f3n del d\u00eda, nunca en ayuno.<\/span><\/p>\n<p class=\"MsoNormal\" style=\"font-size: medium;text-align: justify\"><span style=\"font-size: 12pt;line-height: 17.12px;font-family: Arial, sans-serif\">No administrar en animales enfermos o deca\u00eddos<\/span><\/p>\n<p class=\"MsoNormal\" style=\"font-size: medium;text-align: justify\"><span style=\"font-size: 12pt;line-height: 17.12px;font-family: Arial, sans-serif\">No hacer ning\u00fan otro tipo de desparasitaci\u00f3n al mismo tiempo<\/span><\/p>\n","protected":false},"excerpt":{"rendered":"<p>F\u00f3rmula: Mebendazole 30 mg Levamisol 50 mg Niclosamida 180 mg Veh\u00edculo c.b.p. Uso en: V\u00eda de administraci\u00f3n: Oral, directo al pico Descripci\u00f3n: Est\u00e1 indicado en aves para el tratamiento de infecciones por nematodos y cestodos (planos y redondos), as\u00ed como estado larvario y huevecillos de los par\u00e1sitos. F\u00f3rmula multidin\u00e1mica antiparasitaria a base de niclosamida, mebendazol [&hellip;]<\/p>\n","protected":false},"featured_media":336,"comment_status":"open","ping_status":"closed","template":"","meta":{"_et_pb_use_builder":"","_et_pb_old_content":"","_et_gb_content_width":"","spay_email":""},"_links":{"self":[{"href":"https:\/\/farmaciaveterinarialaconquista.com\/index.php\/wp-json\/wp\/v2\/product\/286"}],"collection":[{"href":"https:\/\/farmaciaveterinarialaconquista.com\/index.php\/wp-json\/wp\/v2\/product"}],"about":[{"href":"https:\/\/farmaciaveterinarialaconquista.com\/index.php\/wp-json\/wp\/v2\/types\/product"}],"replies":[{"embeddable":true,"href":"https:\/\/farmaciaveterinarialaconquista.com\/index.php\/wp-json\/wp\/v2\/comments?post=286"}],"wp:featuredmedia":[{"embeddable":true,"href":"https:\/\/farmaciaveterinarialaconquista.com\/index.php\/wp-json\/wp\/v2\/media\/336"}],"wp:attachment":[{"href":"https:\/\/farmaciaveterinarialaconquista.com\/index.php\/wp-json\/wp\/v2\/media?parent=286"}],"curies":[{"name":"wp","href":"https:\/\/api.w.org\/{rel}","templated":true}]}}