{"id":27,"date":"2020-04-10T02:22:38","date_gmt":"2020-04-10T07:22:38","guid":{"rendered":"http:\/\/farmaciaveterinarialaconquista.com\/index.php\/producto\/import-placeholder-for-280\/"},"modified":"2025-09-24T12:08:28","modified_gmt":"2025-09-24T18:08:28","slug":"bamitol-90-grs","status":"publish","type":"product","link":"https:\/\/farmaciaveterinarialaconquista.com\/index.php\/producto\/bamitol-90-grs\/","title":{"rendered":"Bamitol 90 grs"},"content":{"rendered":"<p><strong>F\u00f3rmula:<\/strong><\/p>\n<p>Salicilato de metilo 2 g<\/p>\n<p>Alcanfor 1 g<\/p>\n<p>\u00c1cido carb\u00f3lico 3 g<\/p>\n<p><strong>Uso en:<\/strong><\/p>\n<p class=\"Normal\"><span class=\"imgIpp\">\u00a0<img src=\"http:\/\/www.plmconnection.com\/plmservices\/VetSearchEngine\/M%C3%A9xico\/PEV39\/img\/vaca.png\" alt=\"\" \/><img src=\"http:\/\/www.plmconnection.com\/plmservices\/VetSearchEngine\/M%C3%A9xico\/PEV39\/img\/cabra.png\" alt=\"\" \/>\u00a0<img src=\"http:\/\/www.plmconnection.com\/plmservices\/VetSearchEngine\/M%C3%A9xico\/PEV39\/img\/oveja.png\" alt=\"\" \/>\u00a0 \u00a0<\/span><span class=\"imgIpp\"><img src=\"http:\/\/www.plmconnection.com\/plmservices\/VetSearchEngine\/M%C3%A9xico\/PEV39\/img\/porcino.png\" alt=\"\" \/>\u00a0<img src=\"http:\/\/www.plmconnection.com\/plmservices\/VetSearchEngine\/M%C3%A9xico\/PEV39\/img\/perro.png\" alt=\"\" \/>\u00a0<img src=\"http:\/\/www.plmconnection.com\/plmservices\/VetSearchEngine\/M%C3%A9xico\/PEV39\/img\/gato.png\" alt=\"\" \/>\u00a0<img src=\"http:\/\/www.plmconnection.com\/plmservices\/VetSearchEngine\/M%C3%A9xico\/PEV39\/img\/caballo.png\" alt=\"\" \/><\/span><\/p>\n<p><strong>V\u00eda de administraci\u00f3n:<\/strong><\/p>\n<p>Se aplica en forma abundante sobre la zona deseada, seguido de un masaje gentil, repitiendo esta operaci\u00f3n 2 a 3 veces al d\u00eda.<\/p>\n<p><strong>Descripci\u00f3n:<\/strong><\/p>\n<p>Ung\u00fcento emoliente auxiliar en golpes, moretones y procesos in\u00adflamatorios artr\u00edticos y reum\u00e1ticos. Protege y suaviza la piel devol\u00advi\u00e9n\u00addole su elasticidad. Por su acci\u00f3n rubefaciente est\u00e1 indicado en el reumatismo y otras afecciones de las articulaciones, as\u00ed como en mastitis.<\/p>\n<p>Se emplea especialmente en todas las afecciones inflamatorias, principalmente en aqu\u00e9llas de la gl\u00e1ndula mamaria; aumenta la circulaci\u00f3n, lo cual lo hace un excelente coadyuvante en el tratamiento de las mastitis y del edema posparto. El efecto desinfectante, adem\u00e1s de bactericida y analg\u00e9sico, ayuda al proceso curativo de heridas y \u00falceras, me\u00adjorando la cicatrizaci\u00f3n.<\/p>\n<p>En los procesos artr\u00edticos, reum\u00e1ticos y otras afecciones de las articulaciones,la aplicaci\u00f3n de este producto contrarresta el proceso inflamatorio (acci\u00f3n antiflog\u00edstica) logrando recuperar la movilidad r\u00e1pidamente.<\/p>\n<p>Los esguinces, distensiones tendinosas y contusiones se resuelven satisfactoriamente con el empleo de este producto.<\/p>\n<p><strong>Dosis:<\/strong><\/p>\n<p>Aplicaci\u00f3n en forma abundante mediante masaje gentil<\/p>\n","protected":false},"excerpt":{"rendered":"<p>F\u00f3rmula: Salicilato de metilo 2 g Alcanfor 1 g \u00c1cido carb\u00f3lico 3 g Uso en: \u00a0\u00a0\u00a0 \u00a0\u00a0\u00a0\u00a0 V\u00eda de administraci\u00f3n: Se aplica en forma abundante sobre la zona deseada, seguido de un masaje gentil, repitiendo esta operaci\u00f3n 2 a 3 veces al d\u00eda. Descripci\u00f3n: Ung\u00fcento emoliente auxiliar en golpes, moretones y procesos in\u00adflamatorios artr\u00edticos y [&hellip;]<\/p>\n","protected":false},"featured_media":70,"comment_status":"open","ping_status":"closed","template":"","meta":{"_et_pb_use_builder":"","_et_pb_old_content":"","_et_gb_content_width":"","spay_email":""},"_links":{"self":[{"href":"https:\/\/farmaciaveterinarialaconquista.com\/index.php\/wp-json\/wp\/v2\/product\/27"}],"collection":[{"href":"https:\/\/farmaciaveterinarialaconquista.com\/index.php\/wp-json\/wp\/v2\/product"}],"about":[{"href":"https:\/\/farmaciaveterinarialaconquista.com\/index.php\/wp-json\/wp\/v2\/types\/product"}],"replies":[{"embeddable":true,"href":"https:\/\/farmaciaveterinarialaconquista.com\/index.php\/wp-json\/wp\/v2\/comments?post=27"}],"wp:featuredmedia":[{"embeddable":true,"href":"https:\/\/farmaciaveterinarialaconquista.com\/index.php\/wp-json\/wp\/v2\/media\/70"}],"wp:attachment":[{"href":"https:\/\/farmaciaveterinarialaconquista.com\/index.php\/wp-json\/wp\/v2\/media?parent=27"}],"curies":[{"name":"wp","href":"https:\/\/api.w.org\/{rel}","templated":true}]}}