{"id":267,"date":"2020-04-10T02:25:58","date_gmt":"2020-04-10T07:25:58","guid":{"rendered":"http:\/\/farmaciaveterinarialaconquista.com\/index.php\/producto\/import-placeholder-for-466\/"},"modified":"2025-06-09T09:18:49","modified_gmt":"2025-06-09T15:18:49","slug":"vacuna-felocell-3-triple-felina","status":"publish","type":"product","link":"https:\/\/farmaciaveterinarialaconquista.com\/index.php\/producto\/vacuna-felocell-3-triple-felina\/","title":{"rendered":"Vacuna Felocell 3 (triple felina)"},"content":{"rendered":"<p class=\"MsoNormal\" style=\"text-align: justify\"><b><span style=\"font-size: 12pt;line-height: 107%;font-family: Arial, 'sans-serif';color: #2c9ffd\">F\u00f3rmula:<\/span><\/b><\/p>\n<p class=\"MsoNormal\" style=\"text-align: justify\"><span style=\"font-size: 12pt;line-height: 107%;font-family: Arial, 'sans-serif'\">Cada dosis de 1 ml contiene:<\/span><\/p>\n<p class=\"MsoNormal\" style=\"text-align: justify\"><span style=\"font-size: 12pt;line-height: 107%;font-family: Arial, 'sans-serif'\">Virus Vivos Modificados, envasados en forma liofilizada con gas inerte en lugar de vac\u00edo.<\/span><\/p>\n<p class=\"MsoNormal\" style=\"text-align: justify\"><span style=\"font-size: 12pt;line-height: 107%;font-family: Arial, 'sans-serif'\">Cada dosis contiene un m\u00ednimo de:<\/span><\/p>\n<p class=\"MsoNormal\" style=\"text-align: justify\"><span style=\"font-size: 12pt;line-height: 107%;font-family: Arial, 'sans-serif'\">106.2 TCID50 de FVR<\/span><\/p>\n<p class=\"MsoNormal\" style=\"text-align: justify\"><span style=\"font-size: 12pt;line-height: 107%;font-family: Arial, 'sans-serif'\">106.7 TCID50 de FCR<\/span><\/p>\n<p class=\"MsoNormal\" style=\"text-align: justify\"><span style=\"font-size: 12pt;line-height: 107%;font-family: Arial, 'sans-serif'\">103.5 TCID50 de FPV<\/span><\/p>\n<p class=\"MsoNormal\" style=\"text-align: justify\"><span style=\"font-size: 12pt;line-height: 107%;font-family: Arial, 'sans-serif'\">Conservador: Gentamicina.<\/span><\/p>\n<p class=\"MsoNormal\" style=\"text-align: justify\"><b><span style=\"font-size: 12pt;line-height: 107%;font-family: Arial, 'sans-serif';color: #2c9ffd\">Uso en:<\/span><\/b><\/p>\n<p><img src=\"http:\/\/www.plmconnection.com\/plmservices\/VetSearchEngine\/M%C3%A9xico\/PEV39\/img\/gato.png\" alt=\"gato.png\" \/><\/p>\n<p class=\"MsoNormal\" style=\"text-align: justify\"><b><span style=\"font-size: 12pt;line-height: 107%;font-family: Arial, 'sans-serif';color: #2c9ffd\">V\u00eda de administraci\u00f3n:<\/span><\/b><\/p>\n<p class=\"MsoNormal\" style=\"text-align: justify\"><span style=\"font-size: 12pt;line-height: 107%;font-family: Arial, 'sans-serif'\">Rehidratar as\u00e9pticamente la vacuna liofilizada con el diluente est\u00e9ril que la acompa\u00f1a. Agite bien y administre 1 ml intramuscular o subcut\u00e1neamente.<\/span><\/p>\n<p class=\"MsoNormal\" style=\"text-align: justify\"><b><span style=\"font-size: 12pt;line-height: 107%;font-family: Arial, 'sans-serif';color: #2c9ffd\">Descripci\u00f3n:<\/span><\/b><\/p>\n<p class=\"MsoNormal\" style=\"text-align: justify\"><span style=\"font-size: 12pt;line-height: 107%;font-family: Arial, 'sans-serif'\">Felocell\u00ae 3 es para la vacunaci\u00f3n de gatos sanos como una ayuda en la prevenci\u00f3n de la Rinotraqueitis Viral Felina (FVR) causada por el virus Herpes Felino &#8211; 1, la enfermedad respiratoria causada por el Calicivirus Felino (FCV) y la Panleucopenia Felina (FPL) causada por el Parvovirus Felino (FPV), Felocell\u00ae 3 contiene cepas atenuadas del virus de la Rinotraqueitis, Calicivirus y Panleucopenia Felina (cepas de Leopardo Johnson Snow), propagados en l\u00edneas celulares establecidas.<\/span><\/p>\n<p class=\"MsoNormal\" style=\"text-align: justify\"><span style=\"font-size: 12pt;line-height: 107%;font-family: Arial, 'sans-serif'\">Se recomienda la vacunaci\u00f3n de gatos sanos.<\/span><\/p>\n<p class=\"MsoNormal\" style=\"text-align: justify\"><b><span style=\"font-size: 12pt;line-height: 107%;font-family: Arial, 'sans-serif';color: #2c9ffd\">Dosis:<\/span><\/b><\/p>\n<p class=\"MsoNormal\" style=\"text-align: justify\"><span style=\"font-size: 12pt;line-height: 107%;font-family: Arial, 'sans-serif'\">Primovacunaci\u00f3n: Los gatos sanos de 12 semanas de edad o m\u00e1s deben recibir 2 dosis administradas con un intervalo de 3 a 4 semanas. Si se vacunan antes de las 12 semanas de edad, se deber\u00e1n revacunar cuando cumplan las 12 semanas de edad.<\/span><\/p>\n<p class=\"MsoNormal\" style=\"text-align: justify\"><span style=\"font-size: 12pt;line-height: 107%;font-family: Arial, 'sans-serif'\">Revacunaci\u00f3n: Se recomienda la revacunaci\u00f3n anual con una sola dosis, a\u00fan cuando seg\u00fan lo recomienda la Asociaci\u00f3n Americana de M\u00e9dicos Veterinarios y su consejo sobre Agentes Biol\u00f3gicos y Terap\u00e9uticos, el M\u00e9dico Veterinario que atienda al paciente deber\u00e1 determinar la frecuencia de la revacunaci\u00f3n con base en el estilo de vida del animal y su riesgo de exposici\u00f3n.<\/span><\/p>\n<p class=\"MsoNormal\" style=\"text-align: justify\"><b><span style=\"font-size: 12pt;line-height: 107%;font-family: Arial, 'sans-serif';color: #2c9ffd\">Advertencias:<\/span><\/b><\/p>\n<p class=\"MsoNormal\" style=\"text-align: justify\"><span style=\"font-size: 12pt;line-height: 107%;font-family: Arial, 'sans-serif'\">Utilice el contenido completo una vez abierto el envase.<\/span><\/p>\n<p class=\"MsoNormal\" style=\"text-align: justify\"><span style=\"font-size: 12pt;line-height: 107%;font-family: Arial, 'sans-serif'\">Se deben emplear jeringas y agujas est\u00e9riles para administrar esta vacuna. No esterilizar con qu\u00edmicos, porque trazas del desinfectante pueden inactivar a la vacuna.<\/span><\/p>\n<p class=\"MsoNormal\" style=\"text-align: justify\"><span style=\"font-size: 12pt;line-height: 107%;font-family: Arial, 'sans-serif'\">Contiene gentamicina como conservador.<\/span><\/p>\n<p class=\"MsoNormal\" style=\"text-align: justify\"><span style=\"font-size: 12pt;line-height: 107%;font-family: Arial, 'sans-serif'\">Se debe evitar la vacunaci\u00f3n de gatas gestantes.<\/span><\/p>\n<p class=\"MsoNormal\" style=\"text-align: justify\"><span style=\"font-size: 12pt;line-height: 107%;font-family: Arial, 'sans-serif'\">Como con muchas vacunas, puede ocurrir reacci\u00f3n anafil\u00e1ctica despu\u00e9s de su uso. Se recomienda el uso de epinefrina seguida de terapia de soporte apropiada.<\/span><\/p>\n<p class=\"MsoNormal\" style=\"text-align: justify\"><span style=\"font-size: 12pt;line-height: 107%;font-family: Arial, 'sans-serif'\">Este producto ha demostrado ser eficaz en animales sanos. No es posible que se desarrolle una respuesta inmune protectiva si los animales est\u00e1n incubando una enfermedad infecciosa, est\u00e1n mal nutridos o parasitados, est\u00e1n estresados debido a transporte o por condiciones ambientales, est\u00e1n inmunosuprimidos, o si la vacuna no es administrada de acuerdo a las indicaciones de la etiqueta.<\/span><\/p>\n<p class=\"MsoNormal\" style=\"text-align: justify\"><span style=\"font-size: 12pt;line-height: 107%;font-family: Arial, 'sans-serif'\">Consulte al M\u00e9dico Veterinario.<\/span><\/p>\n<p class=\"MsoNormal\" style=\"text-align: justify\"><span style=\"font-size: 12pt;line-height: 107%;font-family: Arial, 'sans-serif'\">Conservar fuera del alcance de los ni\u00f1os y animales dom\u00e9sticos.<\/span><\/p>\n<p class=\"MsoNormal\" style=\"text-align: justify\"><span style=\"font-size: 12pt;line-height: 107%;font-family: Arial, 'sans-serif'\">Almacenar a 2\u00b0 &#8211; 8\u00b0C.<\/span><\/p>\n<p class=\"MsoNormal\" style=\"text-align: justify\"><span style=\"font-size: 12pt;line-height: 107%;font-family: Arial, 'sans-serif'\">La exposici\u00f3n a temperaturas superiores y\/o los rayos del sol puede afectar adversamente la potencia.<\/span><\/p>\n<p class=\"MsoNormal\" style=\"text-align: justify\"><span style=\"font-size: 12pt;line-height: 107%;font-family: Arial, 'sans-serif'\">No congele.<\/span><\/p>\n<p class=\"MsoNormal\" style=\"text-align: justify\"><span style=\"font-size: 12pt;line-height: 107%;font-family: Arial, 'sans-serif'\">Incinere los envases y todo el contenido no utilizado.<\/span><\/p>\n","protected":false},"excerpt":{"rendered":"<p>F\u00f3rmula: Cada dosis de 1 ml contiene: Virus Vivos Modificados, envasados en forma liofilizada con gas inerte en lugar de vac\u00edo. Cada dosis contiene un m\u00ednimo de: 106.2 TCID50 de FVR 106.7 TCID50 de FCR 103.5 TCID50 de FPV Conservador: Gentamicina. Uso en: V\u00eda de administraci\u00f3n: Rehidratar as\u00e9pticamente la vacuna liofilizada con el diluente est\u00e9ril [&hellip;]<\/p>\n","protected":false},"featured_media":320,"comment_status":"open","ping_status":"closed","template":"","meta":{"_et_pb_use_builder":"","_et_pb_old_content":"","_et_gb_content_width":"","spay_email":""},"_links":{"self":[{"href":"https:\/\/farmaciaveterinarialaconquista.com\/index.php\/wp-json\/wp\/v2\/product\/267"}],"collection":[{"href":"https:\/\/farmaciaveterinarialaconquista.com\/index.php\/wp-json\/wp\/v2\/product"}],"about":[{"href":"https:\/\/farmaciaveterinarialaconquista.com\/index.php\/wp-json\/wp\/v2\/types\/product"}],"replies":[{"embeddable":true,"href":"https:\/\/farmaciaveterinarialaconquista.com\/index.php\/wp-json\/wp\/v2\/comments?post=267"}],"wp:featuredmedia":[{"embeddable":true,"href":"https:\/\/farmaciaveterinarialaconquista.com\/index.php\/wp-json\/wp\/v2\/media\/320"}],"wp:attachment":[{"href":"https:\/\/farmaciaveterinarialaconquista.com\/index.php\/wp-json\/wp\/v2\/media?parent=267"}],"curies":[{"name":"wp","href":"https:\/\/api.w.org\/{rel}","templated":true}]}}