{"id":265,"date":"2020-04-10T02:25:58","date_gmt":"2020-04-10T07:25:58","guid":{"rendered":"http:\/\/farmaciaveterinarialaconquista.com\/index.php\/producto\/import-placeholder-for-464\/"},"modified":"2023-06-18T14:38:00","modified_gmt":"2023-06-18T19:38:00","slug":"vacuna-de-newcastle-cepa-la-sota-25-ds","status":"publish","type":"product","link":"https:\/\/farmaciaveterinarialaconquista.com\/index.php\/producto\/vacuna-de-newcastle-cepa-la-sota-25-ds\/","title":{"rendered":"Vacuna de Newcastle Cepa La Sota 25 ds"},"content":{"rendered":"<p class=\"MsoNormal\" style=\"font-size: medium;text-align: justify\"><b><span style=\"font-size: 12pt;line-height: 17.12px;font-family: Arial, sans-serif;color: #2c9ffd\">F\u00f3rmula:<\/span><\/b><\/p>\n<p class=\"MsoNormal\" style=\"font-size: medium;text-align: justify\"><span style=\"font-size: 12pt;line-height: 17.12px;font-family: Arial, sans-serif\">Virus activo modificado de la enfermedad de Newcastle Cepa La Sota.<\/span><\/p>\n<p class=\"MsoNormal\" style=\"font-size: medium;text-align: justify\"><b><span style=\"font-size: 12pt;line-height: 17.12px;font-family: Arial, sans-serif;color: #2c9ffd\">Uso en:<\/span><\/b><\/p>\n<p><img src=\"http:\/\/www.plmconnection.com\/plmservices\/VetSearchEngine\/M%C3%A9xico\/PEV39\/img\/gallina.png\" alt=\"gallina.png\" \/>\u00a0 \u00a0<img src=\"http:\/\/www.plmconnection.com\/plmservices\/VetSearchEngine\/M%C3%A9xico\/PEV39\/img\/paloma.png\" alt=\"paloma.png\" \/>\u00a0 \u00a0<img src=\"http:\/\/www.plmconnection.com\/plmservices\/VetSearchEngine\/M%C3%A9xico\/PEV39\/img\/pato.png\" alt=\"pato.png\" \/>\u00a0\u00a0 \u00a0<img src=\"http:\/\/www.plmconnection.com\/plmservices\/VetSearchEngine\/M%C3%A9xico\/PEV39\/img\/pavo.png\" alt=\"pavo.png\" \/><\/p>\n<p class=\"MsoNormal\" style=\"font-size: medium;text-align: justify\"><b><span style=\"font-size: 12pt;line-height: 17.12px;font-family: Arial, sans-serif;color: #2c9ffd\">V\u00eda de administraci\u00f3n:<\/span><\/b><\/p>\n<p class=\"MsoNormal\" style=\"font-size: medium;text-align: justify\"><span style=\"font-size: 12pt;line-height: 17.12px;font-family: Arial, sans-serif\">V\u00eda ocular o nasal: 1 gota por ave.<\/span><\/p>\n<p class=\"MsoNormal\" style=\"font-size: medium;text-align: justify\"><span style=\"font-size: 12pt;line-height: 17.12px;font-family: Arial, sans-serif\">V\u00eda intramuscular o subcut\u00e1nea: 0.2 ml.<\/span><\/p>\n<p class=\"MsoNormal\" style=\"font-size: medium;text-align: justify\">V\u00eda oral: En el agua de bebida.<\/p>\n<p class=\"MsoNormal\" style=\"font-size: medium;text-align: justify\"><b><span style=\"font-size: 12pt;line-height: 17.12px;font-family: Arial, sans-serif;color: #2c9ffd\">Descripci\u00f3n:<\/span><\/b><\/p>\n<p class=\"MsoNormal\" style=\"font-size: medium;text-align: justify\"><span style=\"font-size: 12pt;line-height: 17.12px;font-family: Arial, sans-serif\">Aporta inmunidad s\u00f3lida y prolongada sin respuesta posvacunal severa.<\/span><\/p>\n<p class=\"MsoNormal\" style=\"font-size: medium;text-align: justify\"><span style=\"font-size: 12pt;line-height: 17.12px;font-family: Arial, sans-serif\">Vacuna especialmente indicada para prevenir la enfermedad de Newcastle en aves j\u00f3venes de reposici\u00f3n, pollo de engorda, gallina fuera de postura, palomos y otras aves.<\/span><\/p>\n<p class=\"MsoNormal\" style=\"font-size: medium;text-align: justify\"><b><span style=\"font-size: 12pt;line-height: 17.12px;font-family: Arial, sans-serif;color: #2c9ffd\">Advertencias:<\/span><\/b><\/p>\n<p class=\"MsoNormal\" style=\"font-size: medium;text-align: justify\"><span style=\"font-size: 12pt;line-height: 17.12px;font-family: Arial, sans-serif\">Aplicar \u00fanicamente en animales sanos.<\/span><\/p>\n<p class=\"MsoNormal\" style=\"font-size: medium;text-align: justify\"><span style=\"font-size: 12pt;line-height: 17.12px;font-family: Arial, sans-serif\">Una vez abierto el frasco, des\u00e9chese el sobrante.<\/span><\/p>\n<p class=\"MsoNormal\" style=\"font-size: medium;text-align: justify\"><span style=\"font-size: 12pt;line-height: 17.12px;font-family: Arial, sans-serif\">Cons\u00e9rvese en refrigeraci\u00f3n entre 2 y 4\u00b0C.<\/span><\/p>\n<p class=\"MsoNormal\" style=\"font-size: medium;text-align: justify\"><span style=\"font-size: 12pt;line-height: 17.12px;font-family: Arial, sans-serif\">Consulte al M\u00e9dico Veterinario Zootecnista.<\/span><\/p>\n","protected":false},"excerpt":{"rendered":"<p>F\u00f3rmula: Virus activo modificado de la enfermedad de Newcastle Cepa La Sota. Uso en: \u00a0 \u00a0\u00a0 \u00a0\u00a0\u00a0 \u00a0 V\u00eda de administraci\u00f3n: V\u00eda ocular o nasal: 1 gota por ave. V\u00eda intramuscular o subcut\u00e1nea: 0.2 ml. V\u00eda oral: En el agua de bebida. Descripci\u00f3n: Aporta inmunidad s\u00f3lida y prolongada sin respuesta posvacunal severa. Vacuna especialmente indicada [&hellip;]<\/p>\n","protected":false},"featured_media":318,"comment_status":"open","ping_status":"closed","template":"","meta":{"_et_pb_use_builder":"","_et_pb_old_content":"","_et_gb_content_width":"","spay_email":""},"_links":{"self":[{"href":"https:\/\/farmaciaveterinarialaconquista.com\/index.php\/wp-json\/wp\/v2\/product\/265"}],"collection":[{"href":"https:\/\/farmaciaveterinarialaconquista.com\/index.php\/wp-json\/wp\/v2\/product"}],"about":[{"href":"https:\/\/farmaciaveterinarialaconquista.com\/index.php\/wp-json\/wp\/v2\/types\/product"}],"replies":[{"embeddable":true,"href":"https:\/\/farmaciaveterinarialaconquista.com\/index.php\/wp-json\/wp\/v2\/comments?post=265"}],"wp:featuredmedia":[{"embeddable":true,"href":"https:\/\/farmaciaveterinarialaconquista.com\/index.php\/wp-json\/wp\/v2\/media\/318"}],"wp:attachment":[{"href":"https:\/\/farmaciaveterinarialaconquista.com\/index.php\/wp-json\/wp\/v2\/media?parent=265"}],"curies":[{"name":"wp","href":"https:\/\/api.w.org\/{rel}","templated":true}]}}