{"id":262,"date":"2020-04-10T02:25:58","date_gmt":"2020-04-10T07:25:58","guid":{"rendered":"http:\/\/farmaciaveterinarialaconquista.com\/index.php\/producto\/import-placeholder-for-461\/"},"modified":"2025-06-09T18:58:29","modified_gmt":"2025-06-10T00:58:29","slug":"vacuna-vanguard-plus-cpv-cv-parvo-corona","status":"publish","type":"product","link":"https:\/\/farmaciaveterinarialaconquista.com\/index.php\/producto\/vacuna-vanguard-plus-cpv-cv-parvo-corona\/","title":{"rendered":"Vacuna  Vanguard Plus CPV\/CV ( parvo &#8211; corona)"},"content":{"rendered":"<p><b><span style=\"font-size: 12pt;line-height: 107%;font-family: Arial, 'sans-serif';color: #2c9ffd\">F\u00f3rmula:<\/span><\/b><\/p>\n<p>Cada dosis de vacuna contiene:<\/p>\n<p>Virus vivo modificado y virus inactivado de:<\/p>\n<p>Parvovirus Canino, Cepa NL-35-D\u00a0\u00a0\u00a0\u00a0\u00a0\u00a0\u00a0\u00a0\u00a0\u00a0\u00a0 &gt;107.2 TCID50<\/p>\n<p>Coronavirus Canino, Cepa NL-18\u00a0\u00a0\u00a0\u00a0\u00a0\u00a0\u00a0\u00a0\u00a0\u00a0\u00a0\u00a0 \u22651.49 RP (Potencia Relativa)<\/p>\n<p>Nota: TCID = Dosis Infectiva en Cultivo de Tejido<\/p>\n<p><b><span style=\"font-size: 12pt;line-height: 107%;font-family: Arial, 'sans-serif';color: #2c9ffd\">Uso en:<\/span><\/b><\/p>\n<p><img src=\"http:\/\/www.plmconnection.com\/plmservices\/VetSearchEngine\/M%C3%A9xico\/PEV39\/img\/perro.png\" \/><\/p>\n<p><b><span style=\"font-size: 12pt;line-height: 107%;font-family: Arial, 'sans-serif';color: #2c9ffd\">V\u00eda de administraci\u00f3n:<\/span><\/b><\/p>\n<p>Para la vacunaci\u00f3n de perros sanos. Agitar bien y administrar 1 ml subcut\u00e1nea o intramuscularmente.<\/p>\n<p><b><span style=\"font-size: 12pt;line-height: 107%;font-family: Arial, 'sans-serif';color: #2c9ffd\">Descripci\u00f3n:<\/span><\/b><\/p>\n<p>Primovacunaci\u00f3n: Perros sanos de 6 semanas de edad o m\u00e1s deben recibir 3 dosis de 1 ml cada una, administradas a intervalos de 3 semanas entre cada dosis.<\/p>\n<p>Revacunaci\u00f3n: Se recomienda la revacunaci\u00f3n anual con una sola dosis.<\/p>\n<p>Vanguard\u00ae Plus CPV\/CV es una preparaci\u00f3n l\u00edquida de cepas atenuadas del virus del parvovirus canino, m\u00e1s el coronavirus canino inactivado, adicionados de un adyuvante.<\/p>\n<p>Vanguard\u00ae Plus CPV\/CV es para la vacunaci\u00f3n de perros sanos de 6 semanas de edad o mayores, como una ayuda en la prevenci\u00f3n de la Enteritis causada por el Coronavirus Canino y el Parvovirus Canino.<\/p>\n<p><b><span style=\"font-size: 12pt;line-height: 107%;font-family: Arial, 'sans-serif';color: #2c9ffd\">Dosis:<\/span><\/b><\/p>\n<p><strong>Primovacunaci\u00f3n:\u00a0<\/strong>Perros sanos de 6 semanas de edad o m\u00e1s deben recibir 3 dosis de 1 ml cada una, administradas a intervalos de 3 semanas entre cada dosis.<\/p>\n<p><strong>Revacunaci\u00f3n:\u00a0<\/strong>Se recomienda la revacunaci\u00f3n anual con una sola dosis.<\/p>\n<div class=\"accordion gtm_product\" data-product=\"Vanguard\u00ae Plus CPV\/CV\"><\/div>\n<p><b><span style=\"font-size: 12pt;line-height: 107%;font-family: Arial, 'sans-serif';color: #2c9ffd\">Advertencias:<\/span><\/b><\/p>\n<p>Utilice el contenido completo una vez abierto el envase.<\/p>\n<p>Para administrar la vacuna deben utilizarse jeringas y agujas est\u00e9riles. No esterilizar con qu\u00edmicos porque trazas del desinfectante pueden inactivar la vacuna.<\/p>\n<p>Incinere los envases y todo el contenido no utilizado.<\/p>\n<p>Contiene gentamicina como conservador.<\/p>\n<p>Ev\u00edtese la vacunaci\u00f3n de perras gestantes.<\/p>\n<p>Conservar fuera del alcance de los ni\u00f1os y animales dom\u00e9sticos.<\/p>\n<p>Como con muchas vacunas, puede ocurrir reacci\u00f3n anafil\u00e1ctica despu\u00e9s de su uso. Se recomienda el uso de epinefrina seguida de terapia de soporte apropiada.<\/p>\n<p>Este producto ha demostrado ser eficaz en animales sanos. Puede no producirse una respuesta inmune protectiva si los animales est\u00e1n incubando una enfermedad infecciosa, est\u00e1n mal nutridos o parasitados, est\u00e1n estresados debido a transporte o por condiciones ambientales, est\u00e1n inmunocomprometidos, o si la vacuna no es administrada de acuerdo a las indicaciones de la etiqueta.<\/p>\n<p>Consulte al M\u00e9dico Veterinario.<\/p>\n<p>Almacenar a 2\u00b0 &#8211; 7\u00b0C.<\/p>\n<p>La exposici\u00f3n a temperaturas superiores y\/o los rayos del sol puede afectar adversamente la potencia.<\/p>\n<p>No congele.<\/p>\n","protected":false},"excerpt":{"rendered":"<p>F\u00f3rmula: Cada dosis de vacuna contiene: Virus vivo modificado y virus inactivado de: Parvovirus Canino, Cepa NL-35-D\u00a0\u00a0\u00a0\u00a0\u00a0\u00a0\u00a0\u00a0\u00a0\u00a0\u00a0 &gt;107.2 TCID50 Coronavirus Canino, Cepa NL-18\u00a0\u00a0\u00a0\u00a0\u00a0\u00a0\u00a0\u00a0\u00a0\u00a0\u00a0\u00a0 \u22651.49 RP (Potencia Relativa) Nota: TCID = Dosis Infectiva en Cultivo de Tejido Uso en: V\u00eda de administraci\u00f3n: Para la vacunaci\u00f3n de perros sanos. Agitar bien y administrar 1 ml subcut\u00e1nea o [&hellip;]<\/p>\n","protected":false},"featured_media":315,"comment_status":"open","ping_status":"closed","template":"","meta":{"_et_pb_use_builder":"","_et_pb_old_content":"","_et_gb_content_width":"","spay_email":""},"_links":{"self":[{"href":"https:\/\/farmaciaveterinarialaconquista.com\/index.php\/wp-json\/wp\/v2\/product\/262"}],"collection":[{"href":"https:\/\/farmaciaveterinarialaconquista.com\/index.php\/wp-json\/wp\/v2\/product"}],"about":[{"href":"https:\/\/farmaciaveterinarialaconquista.com\/index.php\/wp-json\/wp\/v2\/types\/product"}],"replies":[{"embeddable":true,"href":"https:\/\/farmaciaveterinarialaconquista.com\/index.php\/wp-json\/wp\/v2\/comments?post=262"}],"wp:featuredmedia":[{"embeddable":true,"href":"https:\/\/farmaciaveterinarialaconquista.com\/index.php\/wp-json\/wp\/v2\/media\/315"}],"wp:attachment":[{"href":"https:\/\/farmaciaveterinarialaconquista.com\/index.php\/wp-json\/wp\/v2\/media?parent=262"}],"curies":[{"name":"wp","href":"https:\/\/api.w.org\/{rel}","templated":true}]}}