{"id":256,"date":"2020-04-10T02:25:57","date_gmt":"2020-04-10T07:25:57","guid":{"rendered":"http:\/\/farmaciaveterinarialaconquista.com\/index.php\/producto\/import-placeholder-for-455\/"},"modified":"2025-09-20T14:51:58","modified_gmt":"2025-09-20T20:51:58","slug":"topazone-250-ml","status":"publish","type":"product","link":"https:\/\/farmaciaveterinarialaconquista.com\/index.php\/producto\/topazone-250-ml\/","title":{"rendered":"Topazone 250 ml Sobre pedido"},"content":{"rendered":"<p class=\"MsoNormal\" style=\"text-align: justify\"><b><span style=\"font-size: 12pt;line-height: 107%;font-family: Arial, 'sans-serif';color: #2c9ffd\">F\u00f3rmula:<\/span><\/b><\/p>\n<p class=\"MsoNormal\" style=\"text-align: justify\"><span style=\"font-size: 12pt;line-height: 107%;font-family: Arial, 'sans-serif';color: #000000\">Furazolidona 7.5 g<\/span><\/p>\n<p class=\"MsoNormal\" style=\"text-align: justify\"><span style=\"font-size: 12pt;line-height: 107%;font-family: Arial, 'sans-serif';color: #000000\">Agentes dispersantes, inertes y propelentes, c.b.p. 100 g.<\/span><\/p>\n<p class=\"MsoNormal\" style=\"text-align: justify\"><b><span style=\"font-size: 12pt;line-height: 107%;font-family: Arial, 'sans-serif';color: #2c9ffd\">Uso en:<\/span><\/b><\/p>\n<p><img src=\"http:\/\/www.plmconnection.com\/plmservices\/VetSearchEngine\/M%C3%A9xico\/PEV39\/img\/caballo.png\" alt=\"caballo.png\" \/>\u00a0 \u00a0<img src=\"http:\/\/www.plmconnection.com\/plmservices\/VetSearchEngine\/M%C3%A9xico\/PEV39\/img\/perro.png\" alt=\"perro.png\" \/>\u00a0 \u00a0<img src=\"http:\/\/www.plmconnection.com\/plmservices\/VetSearchEngine\/M%C3%A9xico\/PEV39\/img\/gato.png\" alt=\"gato.png\" \/><\/p>\n<p class=\"MsoNormal\" style=\"text-align: justify\"><b><span style=\"font-size: 12pt;line-height: 107%;font-family: Arial, 'sans-serif';color: #2c9ffd\">V\u00eda de administraci\u00f3n:<\/span><\/b><\/p>\n<p class=\"MsoNormal\" style=\"text-align: justify\"><span style=\"font-size: 12pt;line-height: 107%;font-family: Arial, 'sans-serif';color: #000000\">T\u00f3pica.<\/span><\/p>\n<p class=\"MsoNormal\" style=\"text-align: justify\"><b><span style=\"font-size: 12pt;line-height: 107%;font-family: Arial, 'sans-serif';color: #2c9ffd\">Descripci\u00f3n:<\/span><\/b><\/p>\n<p class=\"MsoNormal\" style=\"text-align: justify\"><span style=\"font-size: 12pt;line-height: 107%;font-family: Arial, 'sans-serif';color: #000000\">Se indica para mejorar la cicatrizaci\u00f3n de las heridas ya que previene y cura la infecci\u00f3n que puede presentarse al realizar los siguientes procedimientos:<\/span><\/p>\n<p class=\"MsoNormal\" style=\"text-align: justify\"><span style=\"font-size: 12pt;line-height: 107%;font-family: Arial, 'sans-serif';color: #000000\">Corte de ombligo.<\/span><\/p>\n<p class=\"MsoNormal\" style=\"text-align: justify\"><span style=\"font-size: 12pt;line-height: 107%;font-family: Arial, 'sans-serif';color: #000000\">Castraci\u00f3n.<\/span><\/p>\n<p class=\"MsoNormal\" style=\"text-align: justify\"><span style=\"font-size: 12pt;line-height: 107%;font-family: Arial, 'sans-serif';color: #000000\">Cirug\u00edas.<\/span><\/p>\n<p class=\"MsoNormal\" style=\"text-align: justify\"><span style=\"font-size: 12pt;line-height: 107%;font-family: Arial, 'sans-serif';color: #000000\">Heridas en general.<\/span><\/p>\n<p class=\"MsoNormal\" style=\"text-align: justify\"><b><span style=\"font-size: 12pt;line-height: 107%;font-family: Arial, 'sans-serif';color: #2c9ffd\">Dosis:<\/span><\/b><\/p>\n<p class=\"MsoNormal\" style=\"text-align: justify\"><span style=\"font-size: 12pt;line-height: 107%;font-family: Arial, 'sans-serif';color: #000000\">Agite bien el envase antes de usarlo, aplique a una distancia de 15 a 30 cm del \u00e1rea afectada hasta cubrirla totalmente, se recomienda 1 a 2 aplicaciones al d\u00eda, repitiendo el tratamiento hasta la completa recuperaci\u00f3n.<\/span><\/p>\n<p class=\"MsoNormal\" style=\"text-align: justify\"><b><span style=\"font-size: 12pt;line-height: 107%;font-family: Arial, 'sans-serif';color: #2c9ffd\">Advertencias:<\/span><\/b><\/p>\n<p class=\"MsoNormal\" style=\"text-align: justify\"><span style=\"font-size: 12pt;line-height: 107%;font-family: Arial, 'sans-serif'\">El uso de topazone\u00ae en heridas punzantes o de tipo cr\u00f3nico que requieran debridaci\u00f3n o que cursen con prurito intenso, ser\u00e1 bajo las recomendaciones del M\u00e9dico Veterinario.<\/span><\/p>\n<p class=\"MsoNormal\" style=\"text-align: justify\"><span style=\"font-size: 12pt;line-height: 107%;font-family: Arial, 'sans-serif'\">Producto de uso exclusivo en medicina veterinaria, no se use en humanos.<\/span><\/p>\n<p class=\"MsoNormal\" style=\"text-align: justify\"><span style=\"font-size: 12pt;line-height: 107%;font-family: Arial, 'sans-serif'\">No se deje al alcance de los ni\u00f1os.<\/span><\/p>\n<p class=\"MsoNormal\" style=\"text-align: justify\"><span style=\"font-size: 12pt;line-height: 107%;font-family: Arial, 'sans-serif'\">Almac\u00e9nese en un lugar ventilado, protegido de la luz y la humedad.<\/span><\/p>\n<p class=\"MsoNormal\" style=\"text-align: justify\"><span style=\"font-size: 12pt;line-height: 107%;font-family: Arial, 'sans-serif'\">Peligro, inflamable.<\/span><\/p>\n<p class=\"MsoNormal\" style=\"text-align: justify\"><span style=\"font-size: 12pt;line-height: 107%;font-family: Arial, 'sans-serif'\">No se use cerca del fuego o flama.<\/span><\/p>\n<p class=\"MsoNormal\" style=\"text-align: justify\"><span style=\"font-size: 12pt;line-height: 107%;font-family: Arial, 'sans-serif'\">No fume o encienda flama cuando se aplique.<\/span><\/p>\n<p class=\"MsoNormal\" style=\"text-align: justify\"><span style=\"font-size: 12pt;line-height: 107%;font-family: Arial, 'sans-serif'\">No exponga el envase a los rayos del sol o lugares excesivamente calientes.<\/span><\/p>\n<p class=\"MsoNormal\" style=\"text-align: justify\"><span style=\"font-size: 12pt;line-height: 107%;font-family: Arial, 'sans-serif'\">No perfore o arroje al fuego.<\/span><\/p>\n<p class=\"MsoNormal\" style=\"text-align: justify\"><span style=\"font-size: 12pt;line-height: 107%;font-family: Arial, 'sans-serif'\">Evite el contacto con los ojos.<\/span><\/p>\n<p class=\"MsoNormal\" style=\"text-align: justify\"><span style=\"font-size: 12pt;line-height: 107%;font-family: Arial, 'sans-serif'\">No se administre este producto en equinos para consumo humano.<\/span><\/p>\n","protected":false},"excerpt":{"rendered":"<p>F\u00f3rmula: Furazolidona 7.5 g Agentes dispersantes, inertes y propelentes, c.b.p. 100 g. Uso en: \u00a0 \u00a0\u00a0 \u00a0 V\u00eda de administraci\u00f3n: T\u00f3pica. Descripci\u00f3n: Se indica para mejorar la cicatrizaci\u00f3n de las heridas ya que previene y cura la infecci\u00f3n que puede presentarse al realizar los siguientes procedimientos: Corte de ombligo. Castraci\u00f3n. Cirug\u00edas. Heridas en general. Dosis: [&hellip;]<\/p>\n","protected":false},"featured_media":297,"comment_status":"open","ping_status":"closed","template":"","meta":{"_et_pb_use_builder":"","_et_pb_old_content":"","_et_gb_content_width":"","spay_email":""},"_links":{"self":[{"href":"https:\/\/farmaciaveterinarialaconquista.com\/index.php\/wp-json\/wp\/v2\/product\/256"}],"collection":[{"href":"https:\/\/farmaciaveterinarialaconquista.com\/index.php\/wp-json\/wp\/v2\/product"}],"about":[{"href":"https:\/\/farmaciaveterinarialaconquista.com\/index.php\/wp-json\/wp\/v2\/types\/product"}],"replies":[{"embeddable":true,"href":"https:\/\/farmaciaveterinarialaconquista.com\/index.php\/wp-json\/wp\/v2\/comments?post=256"}],"wp:featuredmedia":[{"embeddable":true,"href":"https:\/\/farmaciaveterinarialaconquista.com\/index.php\/wp-json\/wp\/v2\/media\/297"}],"wp:attachment":[{"href":"https:\/\/farmaciaveterinarialaconquista.com\/index.php\/wp-json\/wp\/v2\/media?parent=256"}],"curies":[{"name":"wp","href":"https:\/\/api.w.org\/{rel}","templated":true}]}}