{"id":241,"date":"2020-04-10T02:25:36","date_gmt":"2020-04-10T07:25:36","guid":{"rendered":"http:\/\/farmaciaveterinarialaconquista.com\/index.php\/producto\/import-placeholder-for-443\/"},"modified":"2026-01-30T10:37:49","modified_gmt":"2026-01-30T16:37:49","slug":"tigent-20-ml","status":"publish","type":"product","link":"https:\/\/farmaciaveterinarialaconquista.com\/index.php\/producto\/tigent-20-ml\/","title":{"rendered":"Tigent 20 ml"},"content":{"rendered":"<p class=\"MsoNormal\" style=\"text-align: justify\"><b><span style=\"font-size: 12pt;line-height: 107%;font-family: Arial, 'sans-serif';color: #2c9ffd\">F\u00f3rmula:<\/span><\/b><\/p>\n<p class=\"MsoNormal\" style=\"text-align: justify\"><span style=\"font-size: 12pt;line-height: 107%;font-family: Arial, sans-serif\">Tilosina base (como tartrato de tilosina) 200 mg<\/span><\/p>\n<p class=\"MsoNormal\" style=\"text-align: justify\"><span style=\"font-size: 12pt;line-height: 107%;font-family: Arial, sans-serif\">Gentamicina base (como sulfato de gentamicina) 80 mg<\/span><\/p>\n<p class=\"MsoNormal\" style=\"text-align: justify\"><span style=\"font-size: 12pt;line-height: 107%;font-family: Arial, sans-serif\">Veh\u00edculo, c.b.p. 1 mL.<\/span><\/p>\n<p class=\"MsoNormal\" style=\"text-align: justify\"><b><span style=\"font-size: 12pt;line-height: 107%;font-family: Arial, 'sans-serif';color: #2c9ffd\">Uso en:<\/span><\/b><\/p>\n<p><img src=\"http:\/\/www.plmconnection.com\/plmservices\/VetSearchEngine\/M%C3%A9xico\/PEV39\/img\/vaca.png\" alt=\"vaca.png\" \/>\u00a0 \u00a0<img src=\"http:\/\/www.plmconnection.com\/plmservices\/VetSearchEngine\/M%C3%A9xico\/PEV39\/img\/toro.png\" alt=\"toro.png\" \/>\u00a0 \u00a0<img src=\"http:\/\/www.plmconnection.com\/plmservices\/VetSearchEngine\/M%C3%A9xico\/PEV39\/img\/oveja.png\" alt=\"oveja.png\" \/>\u00a0 \u00a0<img src=\"http:\/\/www.plmconnection.com\/plmservices\/VetSearchEngine\/M%C3%A9xico\/PEV39\/img\/cabra.png\" alt=\"cabra.png\" \/>\u00a0 \u00a0<img src=\"http:\/\/www.plmconnection.com\/plmservices\/VetSearchEngine\/M%C3%A9xico\/PEV39\/img\/porcino.png\" alt=\"porcino.png\" \/>\u00a0 \u00a0<img src=\"http:\/\/www.plmconnection.com\/plmservices\/VetSearchEngine\/M%C3%A9xico\/PEV39\/img\/gallina.png\" alt=\"gallina.png\" \/>\u00a0 \u00a0<img src=\"http:\/\/www.plmconnection.com\/plmservices\/VetSearchEngine\/M%C3%A9xico\/PEV39\/img\/pavo.png\" alt=\"pavo.png\" \/><\/p>\n<p class=\"MsoNormal\" style=\"text-align: justify\"><b><span style=\"font-size: 12pt;line-height: 107%;font-family: Arial, 'sans-serif';color: #2c9ffd\">V\u00eda de administraci\u00f3n:<\/span><\/b><\/p>\n<p class=\"MsoNormal\" style=\"text-align: justify\"><span style=\"font-size: 12pt;line-height: 107%;font-family: Arial, sans-serif\">Intramuscular profunda, oral en aves.<\/span><\/p>\n<p class=\"MsoNormal\" style=\"text-align: justify\"><b><span style=\"font-size: 12pt;line-height: 107%;font-family: Arial, 'sans-serif';color: #2c9ffd\">Descripci\u00f3n:<\/span><\/b><\/p>\n<p class=\"MsoNormal\" style=\"text-align: justify\"><span style=\"font-size: 12pt;line-height: 107%;font-family: Arial, sans-serif\">Est\u00e1 indicado para el tratamiento de enfermedades infecciosas como salmonelosis, enteritis necr\u00f3tica, enfermedad respiratoria, metritis, neumon\u00edas, erisipela, artritis infecciosa y otros padecimientos causados por microorganismos sensibles a la f\u00f3rmula, como Mycoplasma spp., Actinobacilus pleuroneumoniae, Erysipelotrhix rhusiopathiae, Bordetella bronchiseptica, entre otros.<\/span><\/p>\n<p class=\"MsoNormal\" style=\"text-align: justify\"><span style=\"font-size: 12pt;line-height: 107%;font-family: Arial, sans-serif\">No utilizar en animales con insuficiencia renal. El uso del producto puede causar reacciones anafil\u00e1cticas; ant\u00eddoto: epinefrina. El uso del producto no est\u00e1 recomendado en equinos y caninos. No administrar en porcinos con un peso menor a 25 kg. Conservar fuera del alcance de los ni\u00f1os y animales dom\u00e9sticos.<\/span><\/p>\n<p class=\"MsoNormal\" style=\"text-align: justify\"><b><span style=\"font-size: 12pt;line-height: 107%;font-family: Arial, 'sans-serif';color: #2c9ffd\">Dosis:<\/span><\/b><\/p>\n<p class=\"MsoNormal\" style=\"text-align: justify\"><span style=\"font-size: 12pt;line-height: 107%;font-family: Arial, sans-serif\">Bovinos, porcinos, ovinos y caprinos: 1 mL\/20 kg de peso (20 mg de tilosina y 8 mg de gentamicina) cada 24 horas por 3-5 d\u00edas. .<\/span><\/p>\n<p class=\"MsoNormal\" style=\"text-align: justify\"><span style=\"font-size: 12pt;line-height: 107%;font-family: Arial, sans-serif\">Aves (pollos y pavos de engorda): 2.5 mL (500 mg de tilosina y 200 mg de gentamicina) por cada litro de agua de bebida durante 3-5 d\u00edas.<\/span><\/p>\n<p class=\"MsoNormal\" style=\"text-align: justify\"><b><span style=\"font-size: 12pt;line-height: 107%;font-family: Arial, 'sans-serif';color: #2c9ffd\">Advertencias:<\/span><\/b><\/p>\n<p class=\"MsoNormal\" style=\"text-align: justify\"><span style=\"font-size: 12pt;line-height: 107%;font-family: Arial, 'sans-serif'\">En bovinos, porcinos, caprinos y ovinos: No usar el producto 30 d\u00edas antes del sacrificio de animales destinados al consumo humano.<\/span><\/p>\n<p class=\"MsoNormal\" style=\"text-align: justify\">\n<p><span style=\"font-size: 12pt;line-height: 107%;font-family: Arial, 'sans-serif'\">En aves: No usar el producto 5 d\u00edas antes del sacrificio de aves destinadas al consumo humano. No utilizar para consumo humano la leche de animales tratados hasta 5 d\u00edas despu\u00e9s de la \u00faltima aplicaci\u00f3n. No administrar en aves ponedoras cuyo huevo se destine al consumo humano.<\/span><\/p>\n","protected":false},"excerpt":{"rendered":"<p>F\u00f3rmula: Tilosina base (como tartrato de tilosina) 200 mg Gentamicina base (como sulfato de gentamicina) 80 mg Veh\u00edculo, c.b.p. 1 mL. Uso en: \u00a0 \u00a0\u00a0 \u00a0\u00a0 \u00a0\u00a0 \u00a0\u00a0 \u00a0\u00a0 \u00a0 V\u00eda de administraci\u00f3n: Intramuscular profunda, oral en aves. Descripci\u00f3n: Est\u00e1 indicado para el tratamiento de enfermedades infecciosas como salmonelosis, enteritis necr\u00f3tica, enfermedad respiratoria, metritis, neumon\u00edas, [&hellip;]<\/p>\n","protected":false},"featured_media":295,"comment_status":"open","ping_status":"closed","template":"","meta":{"_et_pb_use_builder":"","_et_pb_old_content":"","_et_gb_content_width":"","spay_email":""},"_links":{"self":[{"href":"https:\/\/farmaciaveterinarialaconquista.com\/index.php\/wp-json\/wp\/v2\/product\/241"}],"collection":[{"href":"https:\/\/farmaciaveterinarialaconquista.com\/index.php\/wp-json\/wp\/v2\/product"}],"about":[{"href":"https:\/\/farmaciaveterinarialaconquista.com\/index.php\/wp-json\/wp\/v2\/types\/product"}],"replies":[{"embeddable":true,"href":"https:\/\/farmaciaveterinarialaconquista.com\/index.php\/wp-json\/wp\/v2\/comments?post=241"}],"wp:featuredmedia":[{"embeddable":true,"href":"https:\/\/farmaciaveterinarialaconquista.com\/index.php\/wp-json\/wp\/v2\/media\/295"}],"wp:attachment":[{"href":"https:\/\/farmaciaveterinarialaconquista.com\/index.php\/wp-json\/wp\/v2\/media?parent=241"}],"curies":[{"name":"wp","href":"https:\/\/api.w.org\/{rel}","templated":true}]}}