{"id":239,"date":"2020-04-10T02:25:36","date_gmt":"2020-04-10T07:25:36","guid":{"rendered":"http:\/\/farmaciaveterinarialaconquista.com\/index.php\/producto\/import-placeholder-for-441\/"},"modified":"2026-05-06T15:55:27","modified_gmt":"2026-05-06T21:55:27","slug":"testosterona-50-x-20-ml","status":"publish","type":"product","link":"https:\/\/farmaciaveterinarialaconquista.com\/index.php\/producto\/testosterona-50-x-20-ml\/","title":{"rendered":"Testosterona 50 x 20 ml"},"content":{"rendered":"<p>DESCONTINUADO<\/p>\n<p class=\"MsoNormal\" style=\"font-size: medium;text-align: justify\"><b><span style=\"font-size: 12pt;line-height: 17.12px;font-family: Arial, sans-serif;color: #2c9ffd\">F\u00f3rmula:<\/span><\/b><\/p>\n<p class=\"MsoNormal\" style=\"font-size: medium;text-align: justify\"><span style=\"font-size: 12pt;line-height: 17.12px;font-family: Arial, sans-serif\">Cada ml contiene testosterona 50 mg:<\/span><\/p>\n<p class=\"MsoNormal\" style=\"font-size: medium;text-align: justify\"><span style=\"font-size: 12pt;line-height: 17.12px;font-family: Arial, sans-serif\">Propionato de Testosteroa 50 mg<\/span><\/p>\n<p class=\"MsoNormal\" style=\"font-size: medium;text-align: justify\"><span style=\"font-size: 12pt;line-height: 17.12px;font-family: Arial, sans-serif\">Veh\u00edculo c.b.p. 1 ml<\/span><\/p>\n<p class=\"MsoNormal\" style=\"font-size: medium;text-align: justify\"><b><span style=\"font-size: 12pt;line-height: 17.12px;font-family: Arial, sans-serif;color: #2c9ffd\">Uso en:<\/span><\/b><\/p>\n<p class=\"MsoNormal\" style=\"font-size: medium;text-align: justify\"><img style=\"font-size: 11px\" src=\"http:\/\/www.plmconnection.com\/plmservices\/VetSearchEngine\/M%C3%A9xico\/PEV39\/img\/toro.png\" alt=\"toro.png\" \/><span style=\"font-size: 11px\">\u00a0\u00a0<\/span><img style=\"font-size: 11px\" src=\"http:\/\/www.plmconnection.com\/plmservices\/VetSearchEngine\/M%C3%A9xico\/PEV39\/img\/caballo.png\" alt=\"caballo.png\" \/><span style=\"font-size: 11px\">\u00a0 \u00a0<\/span><img style=\"font-size: 11px\" src=\"http:\/\/www.plmconnection.com\/plmservices\/VetSearchEngine\/M%C3%A9xico\/PEV39\/img\/oveja.png\" alt=\"oveja.png\" \/><span style=\"font-size: 11px\">\u00a0<\/span><span style=\"font-size: 11px\">\u00a0\u00a0<\/span><img style=\"font-size: 11px\" src=\"http:\/\/www.plmconnection.com\/plmservices\/VetSearchEngine\/M%C3%A9xico\/PEV39\/img\/perro.png\" alt=\"perro.png\" \/>\u00a0 \u00a0<img src=\"http:\/\/www.plmconnection.com\/plmservices\/VetSearchEngine\/M%C3%A9xico\/PEV39\/img\/gato.png\" alt=\"gato.png\" \/><\/p>\n<p class=\"MsoNormal\" style=\"font-size: medium;text-align: justify\"><b><span style=\"font-size: 12pt;line-height: 17.12px;font-family: Arial, sans-serif;color: #2c9ffd\">V\u00eda de administraci\u00f3n:<\/span><\/b><\/p>\n<p class=\"MsoNormal\" style=\"font-size: medium;text-align: justify\"><span style=\"font-size: 12pt;line-height: 17.12px;font-family: Arial, sans-serif\">Intramuscular.<\/span><\/p>\n<p class=\"MsoNormal\" style=\"font-size: medium;text-align: justify\"><b><span style=\"font-size: 12pt;line-height: 17.12px;font-family: Arial, sans-serif;color: #2c9ffd\">Descripci\u00f3n:<\/span><\/b><\/p>\n<p class=\"MsoNormal\" style=\"font-size: medium;text-align: justify\"><span style=\"font-size: 12pt;line-height: 17.12px;font-family: Arial, sans-serif\">Efecto anab\u00f3lico en animales debilitados, mejora el apetito y aumenta el vigor, aunado a una dieta balanceada. Efecto androg\u00e9nico, induce y estimula los caracteres sexuales masculinos. \u00datil en el ganado, para crear machos celadores detectores de estros silenciosos.<\/span><\/p>\n<p class=\"MsoNormal\" style=\"font-size: medium;text-align: justify\"><b><span style=\"font-size: 12pt;line-height: 17.12px;font-family: Arial, sans-serif;color: #2c9ffd\">Dosis:<\/span><\/b><\/p>\n<p class=\"MsoNormal\" style=\"font-size: medium;text-align: justify\"><span style=\"font-size: 12pt;line-height: 17.12px;font-family: Arial, sans-serif\">Equinos 100 \u2013 300 mg \/ Totales. Test. 25: 4 \u2013 12ml Test 50: 2 &#8211; 6ml. La dosis puede repetirse despu\u00e9s de 4 semanas.<\/span><\/p>\n<p class=\"MsoNormal\" style=\"font-size: medium;text-align: justify\"><span style=\"font-size: 12pt;line-height: 17.12px;font-family: Arial, sans-serif\">Bovinos 100 \u2013 300 mg \/ Totales. Test. 25: 4 \u2013 12 ml Test 50: 2 &#8211; 6 ml. Cada tercer d\u00eda, tres ocasiones.<\/span><\/p>\n<p class=\"MsoNormal\" style=\"font-size: medium;text-align: justify\"><span style=\"font-size: 12pt;line-height: 17.12px;font-family: Arial, sans-serif\">Ovinos, Caprinos y Cerdos 25 mg \/ totales Test. 25: 1 ml Test. 50: 0.5 ml. Cada tercer d\u00eda tres ocasiones.<\/span><\/p>\n<p class=\"MsoNormal\" style=\"font-size: medium;text-align: justify\"><span style=\"font-size: 12pt;line-height: 17.12px;font-family: Arial, sans-serif\">Caninos 5 &#8211; 20 mg \/ Totales Test. 25: 0.1 \u2013 0.8 ml Test. 50: 0.1 \u2013 0.4 ml. Cada tercer d\u00eda por tres ocasiones.<\/span><\/p>\n<p class=\"MsoNormal\" style=\"font-size: medium;text-align: justify\"><span style=\"font-size: 12pt;line-height: 17.12px;font-family: Arial, sans-serif\">Felinos 5 \u2013 8 mg Test. 25: 0.2 \u2013 0.3 ml Test. 50: 0.1 \u2013 0.16 ml. Cada tercer d\u00eda por tres ocasiones.<\/span><\/p>\n<p class=\"MsoNormal\" style=\"font-size: medium;text-align: justify\"><b><span style=\"font-size: 12pt;line-height: 17.12px;font-family: Arial, sans-serif;color: #2c9ffd\">Advertencias:<\/span><\/b><\/p>\n<p class=\"MsoNormal\" style=\"font-size: medium;text-align: justify\"><span style=\"font-size: 12pt;line-height: 17.12px;font-family: Arial, sans-serif\">No se administre en hembras gestantes ni en etapa de lactaci\u00f3n. No se utilice en hembras destinadas a la reproducci\u00f3n. No se administre en animales sospechosos de padecer c\u00e1ncer de pr\u00f3stata. No se utilice en animales j\u00f3venes ya que provoca el cierre prematuro de los n\u00facleos de crecimiento de los huesos. El uso prolongado a dosis altas de este medicamento puede causar inhibici\u00f3n de la funci\u00f3n testicular y oligospermia.<\/span><\/p>\n","protected":false},"excerpt":{"rendered":"<p>DESCONTINUADO F\u00f3rmula: Cada ml contiene testosterona 50 mg: Propionato de Testosteroa 50 mg Veh\u00edculo c.b.p. 1 ml Uso en: \u00a0\u00a0\u00a0 \u00a0\u00a0\u00a0\u00a0\u00a0 \u00a0 V\u00eda de administraci\u00f3n: Intramuscular. Descripci\u00f3n: Efecto anab\u00f3lico en animales debilitados, mejora el apetito y aumenta el vigor, aunado a una dieta balanceada. Efecto androg\u00e9nico, induce y estimula los caracteres sexuales masculinos. \u00datil en [&hellip;]<\/p>\n","protected":false},"featured_media":293,"comment_status":"open","ping_status":"closed","template":"","meta":{"_et_pb_use_builder":"","_et_pb_old_content":"","_et_gb_content_width":"","spay_email":""},"_links":{"self":[{"href":"https:\/\/farmaciaveterinarialaconquista.com\/index.php\/wp-json\/wp\/v2\/product\/239"}],"collection":[{"href":"https:\/\/farmaciaveterinarialaconquista.com\/index.php\/wp-json\/wp\/v2\/product"}],"about":[{"href":"https:\/\/farmaciaveterinarialaconquista.com\/index.php\/wp-json\/wp\/v2\/types\/product"}],"replies":[{"embeddable":true,"href":"https:\/\/farmaciaveterinarialaconquista.com\/index.php\/wp-json\/wp\/v2\/comments?post=239"}],"wp:featuredmedia":[{"embeddable":true,"href":"https:\/\/farmaciaveterinarialaconquista.com\/index.php\/wp-json\/wp\/v2\/media\/293"}],"wp:attachment":[{"href":"https:\/\/farmaciaveterinarialaconquista.com\/index.php\/wp-json\/wp\/v2\/media?parent=239"}],"curies":[{"name":"wp","href":"https:\/\/api.w.org\/{rel}","templated":true}]}}