{"id":237,"date":"2020-04-10T02:25:35","date_gmt":"2020-04-10T07:25:35","guid":{"rendered":"http:\/\/farmaciaveterinarialaconquista.com\/index.php\/producto\/import-placeholder-for-439\/"},"modified":"2025-09-20T14:56:48","modified_gmt":"2025-09-20T20:56:48","slug":"super-vitamina-b12-5500-5-ml","status":"publish","type":"product","link":"https:\/\/farmaciaveterinarialaconquista.com\/index.php\/producto\/super-vitamina-b12-5500-5-ml\/","title":{"rendered":"Super vitamina B12 5500 5 ml"},"content":{"rendered":"<p><strong>F\u00f3rmula:<\/strong><\/p>\n<p>Cianocobalamina (B12) 2,500 mcg<\/p>\n<p>Hidroxicobalamina 3,000 mcg<\/p>\n<p>Vitamina B15 1,250 mcg<\/p>\n<p>Biotina (vitamina H) 50 mcg<\/p>\n<p>Extracto de h\u00edgado 4% (V\/V)<\/p>\n<p>Veh\u00edculo, c.b.p. 1 mL.<\/p>\n<p><strong>Uso en:<\/strong><\/p>\n<p><img src=\"http:\/\/www.plmconnection.com\/plmservices\/VetSearchEngine\/M%C3%A9xico\/PEV39\/img\/vaca.png\" alt=\"vaca.png\" \/>\u00a0 \u00a0<img src=\"http:\/\/www.plmconnection.com\/plmservices\/VetSearchEngine\/M%C3%A9xico\/PEV39\/img\/toro.png\" alt=\"toro.png\" \/>\u00a0 \u00a0<img src=\"http:\/\/www.plmconnection.com\/plmservices\/VetSearchEngine\/M%C3%A9xico\/PEV39\/img\/caballo.png\" alt=\"caballo.png\" \/>\u00a0 \u00a0<img src=\"http:\/\/www.plmconnection.com\/plmservices\/VetSearchEngine\/M%C3%A9xico\/PEV39\/img\/porcino.png\" alt=\"porcino.png\" \/>\u00a0 \u00a0<img src=\"http:\/\/www.plmconnection.com\/plmservices\/VetSearchEngine\/M%C3%A9xico\/PEV39\/img\/perro.png\" alt=\"perro.png\" \/>\u00a0 \u00a0<img src=\"http:\/\/www.plmconnection.com\/plmservices\/VetSearchEngine\/M%C3%A9xico\/PEV39\/img\/gato.png\" alt=\"gato.png\" \/>\u00a0 \u00a0 \u00a0\u00a0<img src=\"http:\/\/www.plmconnection.com\/plmservices\/VetSearchEngine\/M%C3%A9xico\/PEV39\/img\/gallo.png\" alt=\"gallo.png\" \/><\/p>\n<p><strong>V\u00eda de administraci\u00f3n:<\/strong><\/p>\n<p>Intramuscular o subcut\u00e1nea.<\/p>\n<p><strong>Descripci\u00f3n:<\/strong><\/p>\n<p>En casos de anemia perniciosa, como estimulante del apetito, en presencia de deficiencias vitam\u00ednicas, para mantener el normal funcionamiento del sistema nervioso, en estados de tensi\u00f3n o estr\u00e9s, cuando hay cambios bruscos de temperatura, medio ambiente o alimentaci\u00f3n.<\/p>\n<p><strong>Dosis:<\/strong><\/p>\n<p>Gallos de pelea: 0.5 mL.<\/p>\n<p>Caballos: 5 mL.<\/p>\n<p>Bovinos y porcinos: 2-5 mL.<\/p>\n<p>Caninos y felinos: 0.5-1 mL.<\/p>\n<p>Se puede repetir la aplicaci\u00f3n en dos o tres semanas.<\/p>\n<p><strong>Advertencias:<\/strong><\/p>\n<p>Utilice material est\u00e9ril en cada aplicaci\u00f3n.<\/p>\n<p>Mant\u00e9ngase fuera del alcance de los ni\u00f1os.<\/p>\n<p>Este producto es de uso exclusivo veterinario.<\/p>\n<p>Consulte al M\u00e9dico Veterinario.<\/p>\n<p>Cons\u00e9rvese en un lugar fresco y seco, alejado de la luz del sol.<\/p>\n<p>Mantener a temperatura entre 15 y 30\u00baC.<\/p>\n<p>Uso veterinario.<\/p>\n","protected":false},"excerpt":{"rendered":"<p>F\u00f3rmula: Cianocobalamina (B12) 2,500 mcg Hidroxicobalamina 3,000 mcg Vitamina B15 1,250 mcg Biotina (vitamina H) 50 mcg Extracto de h\u00edgado 4% (V\/V) Veh\u00edculo, c.b.p. 1 mL. Uso en: \u00a0 \u00a0\u00a0 \u00a0\u00a0 \u00a0\u00a0 \u00a0\u00a0 \u00a0\u00a0 \u00a0 \u00a0\u00a0 V\u00eda de administraci\u00f3n: Intramuscular o subcut\u00e1nea. Descripci\u00f3n: En casos de anemia perniciosa, como estimulante del apetito, en presencia de [&hellip;]<\/p>\n","protected":false},"featured_media":291,"comment_status":"open","ping_status":"closed","template":"","meta":{"_et_pb_use_builder":"","_et_pb_old_content":"","_et_gb_content_width":"","spay_email":""},"_links":{"self":[{"href":"https:\/\/farmaciaveterinarialaconquista.com\/index.php\/wp-json\/wp\/v2\/product\/237"}],"collection":[{"href":"https:\/\/farmaciaveterinarialaconquista.com\/index.php\/wp-json\/wp\/v2\/product"}],"about":[{"href":"https:\/\/farmaciaveterinarialaconquista.com\/index.php\/wp-json\/wp\/v2\/types\/product"}],"replies":[{"embeddable":true,"href":"https:\/\/farmaciaveterinarialaconquista.com\/index.php\/wp-json\/wp\/v2\/comments?post=237"}],"wp:featuredmedia":[{"embeddable":true,"href":"https:\/\/farmaciaveterinarialaconquista.com\/index.php\/wp-json\/wp\/v2\/media\/291"}],"wp:attachment":[{"href":"https:\/\/farmaciaveterinarialaconquista.com\/index.php\/wp-json\/wp\/v2\/media?parent=237"}],"curies":[{"name":"wp","href":"https:\/\/api.w.org\/{rel}","templated":true}]}}