{"id":233,"date":"2020-04-10T02:25:35","date_gmt":"2020-04-10T07:25:35","guid":{"rendered":"http:\/\/farmaciaveterinarialaconquista.com\/index.php\/producto\/import-placeholder-for-435\/"},"modified":"2025-11-26T22:22:30","modified_gmt":"2025-11-27T04:22:30","slug":"super-rooster-100-tbs","status":"publish","type":"product","link":"https:\/\/farmaciaveterinarialaconquista.com\/index.php\/producto\/super-rooster-100-tbs\/","title":{"rendered":"Super rooster 100 tbs"},"content":{"rendered":"<p><b><span style=\"font-size: 12pt;line-height: 17.12px;font-family: Arial, sans-serif;color: #2c9ffd\">F\u00f3rmula:<\/span><\/b><\/p>\n<p>Metandrostenolona 3.0 mg<\/p>\n<p>Vitamina E 40.0 U. I.<\/p>\n<p>Selenio de Sodio 45.0 mcg<\/p>\n<p>Excipiente c. b. p. 1 Tab.<\/p>\n<p><b><span style=\"font-size: 12pt;line-height: 17.12px;font-family: Arial, sans-serif;color: #2c9ffd\">Uso en:<\/span><\/b><\/p>\n<p><img src=\"http:\/\/www.plmconnection.com\/plmservices\/VetSearchEngine\/M%C3%A9xico\/PEV39\/img\/gallo.png\" alt=\"gallo.png\" \/><\/p>\n<p><b><span style=\"font-size: 12pt;line-height: 17.12px;font-family: Arial, sans-serif;color: #2c9ffd\">V\u00eda de administraci\u00f3n:<\/span><\/b><\/p>\n<p>Oral<\/p>\n<p><b><span style=\"font-size: 12pt;line-height: 17.12px;font-family: Arial, sans-serif;color: #2c9ffd\">Descripci\u00f3n:<\/span><\/b><\/p>\n<p>Es el \u00fanico anab\u00f3lico activo por v\u00eda oral.<\/p>\n<p>Estimula el desarrollo muscular, dando a los gallos mayor fuerza y resistencia.<\/p>\n<p>Es el \u00fanico anab\u00f3lico que contiene Vitamina E y Selenio que act\u00faan como antioxidantes, facilitan el trabajo muscular y evitan los calambres por ejercicio intenso o repentino.<\/p>\n<p>Al no tener que inyectarse, se evitan las posibles lesiones causadas en el lugar de inyecci\u00f3n, tales como irritaciones, hematomas, da\u00f1os a los nervios y m\u00fasculos.<\/p>\n<p><b><span style=\"font-size: 12pt;line-height: 17.12px;font-family: Arial, sans-serif;color: #2c9ffd\">Dosis:<\/span><\/b><\/p>\n<p>1 tableta cada semana durante el precuido y el cuido de los gallos de combate.<\/p>\n<p>Administrado por per\u00edodos m\u00e1s prolongados, se aumentan sus efectos.<\/p>\n<p><b><span style=\"font-size: 12pt;line-height: 17.12px;font-family: Arial, sans-serif;color: #2c9ffd\">Advertencias:<\/span><\/b><\/p>\n<p>Producto de uso exclusivo en aves de combate. Mantener fuera del alcance de los ni\u00f1os.<\/p>\n<p>No se administre este producto a aves destinadas al consumo humano.<\/p>\n","protected":false},"excerpt":{"rendered":"<p>F\u00f3rmula: Metandrostenolona 3.0 mg Vitamina E 40.0 U. I. Selenio de Sodio 45.0 mcg Excipiente c. b. p. 1 Tab. Uso en: V\u00eda de administraci\u00f3n: Oral Descripci\u00f3n: Es el \u00fanico anab\u00f3lico activo por v\u00eda oral. Estimula el desarrollo muscular, dando a los gallos mayor fuerza y resistencia. Es el \u00fanico anab\u00f3lico que contiene Vitamina E [&hellip;]<\/p>\n","protected":false},"featured_media":276,"comment_status":"open","ping_status":"closed","template":"","meta":{"_et_pb_use_builder":"","_et_pb_old_content":"","_et_gb_content_width":"","spay_email":""},"_links":{"self":[{"href":"https:\/\/farmaciaveterinarialaconquista.com\/index.php\/wp-json\/wp\/v2\/product\/233"}],"collection":[{"href":"https:\/\/farmaciaveterinarialaconquista.com\/index.php\/wp-json\/wp\/v2\/product"}],"about":[{"href":"https:\/\/farmaciaveterinarialaconquista.com\/index.php\/wp-json\/wp\/v2\/types\/product"}],"replies":[{"embeddable":true,"href":"https:\/\/farmaciaveterinarialaconquista.com\/index.php\/wp-json\/wp\/v2\/comments?post=233"}],"wp:featuredmedia":[{"embeddable":true,"href":"https:\/\/farmaciaveterinarialaconquista.com\/index.php\/wp-json\/wp\/v2\/media\/276"}],"wp:attachment":[{"href":"https:\/\/farmaciaveterinarialaconquista.com\/index.php\/wp-json\/wp\/v2\/media?parent=233"}],"curies":[{"name":"wp","href":"https:\/\/api.w.org\/{rel}","templated":true}]}}