{"id":213,"date":"2020-04-10T02:25:13","date_gmt":"2020-04-10T07:25:13","guid":{"rendered":"http:\/\/farmaciaveterinarialaconquista.com\/index.php\/producto\/import-placeholder-for-429\/"},"modified":"2025-09-20T15:01:42","modified_gmt":"2025-09-20T21:01:42","slug":"shampoo-de-zabila-para-caballo-500-ml","status":"publish","type":"product","link":"https:\/\/farmaciaveterinarialaconquista.com\/index.php\/producto\/shampoo-de-zabila-para-caballo-500-ml\/","title":{"rendered":"Shampoo de z\u00e1bila para caballo 1litro"},"content":{"rendered":"<p class=\"MsoNormal\" style=\"text-align: justify\"><b><span style=\"font-size: 12pt;line-height: 107%;font-family: Arial, 'sans-serif';color: #2c9ffd\">F\u00f3rmula:<\/span><\/b><\/p>\n<p class=\"MsoNormal\" style=\"text-align: justify\"><span style=\"font-size: 12pt;line-height: 107%;font-family: Arial, 'sans-serif'\">Alanto\u00edna 39.66 g<\/span><\/p>\n<p class=\"MsoNormal\" style=\"text-align: justify\"><span style=\"font-size: 12pt;line-height: 107%;font-family: Arial, 'sans-serif'\">Cloruro de benzalconio 159.23 g<\/span><\/p>\n<p class=\"MsoNormal\" style=\"text-align: justify\"><span style=\"font-size: 12pt;line-height: 107%;font-family: Arial, 'sans-serif'\">Jab\u00f3n de coco neutro 104.75 g<\/span><\/p>\n<p class=\"MsoNormal\" style=\"text-align: justify\"><span style=\"font-size: 12pt;line-height: 107%;font-family: Arial, 'sans-serif'\">Acibar de z\u00e1bila 112.90 g<\/span><\/p>\n<p class=\"MsoNormal\" style=\"text-align: justify\"><span style=\"font-size: 12pt;line-height: 107%;font-family: Arial, 'sans-serif'\">Aceite de lim\u00f3n 47.43 g<\/span><\/p>\n<p class=\"MsoNormal\" style=\"text-align: justify\"><span style=\"font-size: 12pt;line-height: 107%;font-family: Arial, 'sans-serif'\">Clorofila 0.05 g<\/span><\/p>\n<p class=\"MsoNormal\" style=\"text-align: justify\"><span style=\"font-size: 12pt;line-height: 107%;font-family: Arial, 'sans-serif'\">Veh\u00edculo, c.b.p. 1 ml.<\/span><\/p>\n<p class=\"MsoNormal\" style=\"text-align: justify\"><span style=\"font-size: 12pt;line-height: 107%;font-family: Arial, 'sans-serif'\"><span style=\"color: #2c9ffd\"><strong>Uso en:<\/strong><\/span><\/span><\/p>\n<p><img src=\"http:\/\/www.plmconnection.com\/plmservices\/VetSearchEngine\/M%C3%A9xico\/PEV39\/img\/caballo.png\" alt=\"caballo.png\" \/>\u00a0 \u00a0<img src=\"http:\/\/www.plmconnection.com\/plmservices\/VetSearchEngine\/M%C3%A9xico\/PEV39\/img\/perro.png\" alt=\"perro.png\" \/>\u00a0 \u00a0<img src=\"http:\/\/www.plmconnection.com\/plmservices\/VetSearchEngine\/M%C3%A9xico\/PEV39\/img\/gato.png\" alt=\"gato.png\" \/><\/p>\n<p class=\"MsoNormal\" style=\"text-align: justify\"><span style=\"font-size: 12pt;line-height: 107%;font-family: Arial, 'sans-serif'\"><span style=\"color: #2c9ffd\"><strong>V\u00eda de administraci\u00f3n:<\/strong><\/span><\/span><\/p>\n<p class=\"MsoNormal\" style=\"text-align: justify\"><span style=\"font-size: 12pt;line-height: 107%;font-family: Arial, 'sans-serif'\">T\u00f3pica.<\/span><\/p>\n<p class=\"MsoNormal\" style=\"text-align: justify\"><span style=\"font-size: 12pt;line-height: 107%;font-family: Arial, 'sans-serif'\"><span style=\"color: #2c9ffd\"><strong>Descripci\u00f3n:<\/strong><\/span><\/span><\/p>\n<p class=\"MsoNormal\" style=\"text-align: justify\"><span style=\"font-size: 12pt;line-height: 107%;font-family: Arial, 'sans-serif'\">Se recomienda utilizarlo en animales que presentan resequedad en la piel, caspa suelta, \u00falceras, erupciones, eccemas y heridas. Indicado para el control de par\u00e1sitos externos: \u00e1caros, piojos y pulgas. Proporciona limpieza, brillo y sedosidad en el pelo de equinos, caninos y felinos.<\/span><\/p>\n<p class=\"MsoNormal\" style=\"text-align: justify\"><span style=\"font-size: 12pt;line-height: 107%;font-family: Arial, 'sans-serif'\"><span style=\"color: #2c9ffd\"><strong>Dosis:<\/strong><\/span><\/span><\/p>\n<p class=\"MsoNormal\" style=\"text-align: justify\"><span style=\"font-size: 12pt;line-height: 107%;font-family: Arial, 'sans-serif'\">Moje en su totalidad el pelo del animal con agua tibia y aplique la cantidad necesaria para producir abundante espuma. Para obtener mejores resultados mantenga 5 minutos la espuma antes de enjuagar. Repita la operaci\u00f3n 1 o 2 veces por semana o de acuerdo a la recomendaci\u00f3n del M\u00e9dico Veterinario.<\/span><\/p>\n<p class=\"MsoNormal\" style=\"text-align: justify\"><span style=\"font-size: 12pt;line-height: 107%;font-family: Arial, 'sans-serif'\"><span style=\"color: #2c9ffd\"><strong>Advertencias:<\/strong><\/span><\/span><\/p>\n<p class=\"MsoNormal\" style=\"text-align: justify\"><span style=\"font-size: 12pt;line-height: 107%;font-family: Arial, 'sans-serif'\">Almacenar este producto en su envase original. No debe reutilizar el envase. Se debe evitar el contacto con los ojos; en caso de que ocurra, enju\u00e1guelos con agua y solicite ayuda m\u00e9dica en caso de persistir la irritaci\u00f3n.<\/span><\/p>\n<p class=\"MsoNormal\" style=\"text-align: justify\"><span style=\"font-size: 12pt;line-height: 107%;font-family: Arial, 'sans-serif'\">Cons\u00e9rvese en un lugar fresco y seco, protegido de la luz solar directa y fuentes calor a una temperatura entre 8 y 30\u00b0C. Mant\u00e9ngase fuera del alcance de los ni\u00f1os.<\/span><\/p>\n<p class=\"MsoNormal\" style=\"text-align: justify\"><span style=\"font-size: 12pt;line-height: 107%;font-family: Arial, 'sans-serif'\">Producto de uso exclusivamente veterinario.<\/span><\/p>\n","protected":false},"excerpt":{"rendered":"<p>F\u00f3rmula: Alanto\u00edna 39.66 g Cloruro de benzalconio 159.23 g Jab\u00f3n de coco neutro 104.75 g Acibar de z\u00e1bila 112.90 g Aceite de lim\u00f3n 47.43 g Clorofila 0.05 g Veh\u00edculo, c.b.p. 1 ml. Uso en: \u00a0 \u00a0\u00a0 \u00a0 V\u00eda de administraci\u00f3n: T\u00f3pica. Descripci\u00f3n: Se recomienda utilizarlo en animales que presentan resequedad en la piel, caspa suelta, [&hellip;]<\/p>\n","protected":false},"featured_media":270,"comment_status":"open","ping_status":"closed","template":"","meta":{"_et_pb_use_builder":"","_et_pb_old_content":"","_et_gb_content_width":"","spay_email":""},"_links":{"self":[{"href":"https:\/\/farmaciaveterinarialaconquista.com\/index.php\/wp-json\/wp\/v2\/product\/213"}],"collection":[{"href":"https:\/\/farmaciaveterinarialaconquista.com\/index.php\/wp-json\/wp\/v2\/product"}],"about":[{"href":"https:\/\/farmaciaveterinarialaconquista.com\/index.php\/wp-json\/wp\/v2\/types\/product"}],"replies":[{"embeddable":true,"href":"https:\/\/farmaciaveterinarialaconquista.com\/index.php\/wp-json\/wp\/v2\/comments?post=213"}],"wp:featuredmedia":[{"embeddable":true,"href":"https:\/\/farmaciaveterinarialaconquista.com\/index.php\/wp-json\/wp\/v2\/media\/270"}],"wp:attachment":[{"href":"https:\/\/farmaciaveterinarialaconquista.com\/index.php\/wp-json\/wp\/v2\/media?parent=213"}],"curies":[{"name":"wp","href":"https:\/\/api.w.org\/{rel}","templated":true}]}}