{"id":211,"date":"2020-04-10T02:25:13","date_gmt":"2020-04-10T07:25:13","guid":{"rendered":"http:\/\/farmaciaveterinarialaconquista.com\/index.php\/producto\/import-placeholder-for-426\/"},"modified":"2025-09-20T15:00:08","modified_gmt":"2025-09-20T21:00:08","slug":"scabisin-jabon100-grs","status":"publish","type":"product","link":"https:\/\/farmaciaveterinarialaconquista.com\/index.php\/producto\/scabisin-jabon100-grs\/","title":{"rendered":"Scabisin jab\u00f3n100 grs"},"content":{"rendered":"<p class=\"MsoNormal\" style=\"text-align: justify\"><b><span style=\"font-size: 12pt;line-height: 107%;font-family: Arial, 'sans-serif';color: #2c9ffd\">F\u00f3rmula:<\/span><\/b><\/p>\n<p class=\"MsoNormal\" style=\"text-align: justify\"><span style=\"font-size: 12pt;line-height: 107%;font-family: Arial, 'sans-serif'\">Cada 100 gr contienen:<\/span><\/p>\n<table class=\"MsoTableGrid\" style=\"border-collapse: collapse;border: none\" border=\"1\" cellspacing=\"0\" cellpadding=\"0\">\n<tbody>\n<tr>\n<td style=\"border: solid 1pt;padding: 0cm 5.4pt 0cm 5.4pt\" valign=\"top\"><\/td>\n<td style=\"border: solid 1pt;border-left: none;padding: 0cm 5.4pt 0cm 5.4pt\" valign=\"top\">\n<p class=\"MsoNormal\" style=\"margin-bottom: 7.5pt;text-align: justify;line-height: 12pt\"><b><span style=\"font-size: 12pt;font-family: Arial, 'sans-serif'\">%<\/span><\/b><\/p>\n<\/td>\n<td style=\"border: solid 1pt;border-left: none;padding: 0cm 5.4pt 0cm 5.4pt\" valign=\"top\">\n<p class=\"MsoNormal\" style=\"margin-bottom: 7.5pt;text-align: justify;line-height: 12pt\"><span style=\"font-size: 12pt;font-family: Arial, 'sans-serif'\">g\/kg<\/span><\/p>\n<\/td>\n<\/tr>\n<tr>\n<td style=\"border: solid 1pt;border-top: none;padding: 0cm 5.4pt 0cm 5.4pt\" valign=\"top\">\n<p class=\"MsoNormal\" style=\"margin-bottom: 7.5pt;text-align: justify;line-height: 12pt\"><span style=\"font-size: 12pt;font-family: Arial, 'sans-serif'\">Piretrinas<\/span><\/p>\n<\/td>\n<td style=\"border-top: none;border-left: none;border-bottom: solid 1pt;border-right: solid 1pt;padding: 0cm 5.4pt 0cm 5.4pt\" valign=\"top\">\n<p class=\"MsoNormal\" style=\"margin-bottom: 7.5pt;text-align: justify;line-height: 12pt\"><span style=\"font-size: 12pt;font-family: Arial, 'sans-serif'\">0.025<\/span><\/p>\n<\/td>\n<td style=\"border-top: none;border-left: none;border-bottom: solid 1pt;border-right: solid 1pt;padding: 0cm 5.4pt 0cm 5.4pt\" valign=\"top\">\n<p class=\"MsoNormal\" style=\"margin-bottom: 7.5pt;text-align: justify;line-height: 12pt\"><span style=\"font-size: 12pt;font-family: Arial, 'sans-serif'\">0.25<\/span><\/p>\n<\/td>\n<\/tr>\n<tr>\n<td style=\"border: solid 1pt;border-top: none;padding: 0cm 5.4pt 0cm 5.4pt\" valign=\"top\">\n<p class=\"MsoNormal\" style=\"margin-bottom: 7.5pt;text-align: justify;line-height: 12pt\"><span style=\"font-size: 12pt;font-family: Arial, 'sans-serif'\">But\u00f3xido de piperonilo<\/span><\/p>\n<\/td>\n<td style=\"border-top: none;border-left: none;border-bottom: solid 1pt;border-right: solid 1pt;padding: 0cm 5.4pt 0cm 5.4pt\" valign=\"top\">\n<p class=\"MsoNormal\" style=\"margin-bottom: 7.5pt;text-align: justify;line-height: 12pt\"><span style=\"font-size: 12pt;font-family: Arial, 'sans-serif'\">0.250<\/span><\/p>\n<\/td>\n<td style=\"border-top: none;border-left: none;border-bottom: solid 1pt;border-right: solid 1pt;padding: 0cm 5.4pt 0cm 5.4pt\" valign=\"top\">\n<p class=\"MsoNormal\" style=\"margin-bottom: 7.5pt;text-align: justify;line-height: 12pt\"><span style=\"font-size: 12pt;font-family: Arial, 'sans-serif'\">2.50<\/span><\/p>\n<\/td>\n<\/tr>\n<tr>\n<td style=\"border: solid 1pt;border-top: none;padding: 0cm 5.4pt 0cm 5.4pt\" valign=\"top\">\n<p class=\"MsoNormal\" style=\"margin-bottom: 7.5pt;text-align: justify;line-height: 12pt\"><span style=\"font-size: 12pt;font-family: Arial, 'sans-serif'\">Esencia de citronela<\/span><\/p>\n<\/td>\n<td style=\"border-top: none;border-left: none;border-bottom: solid 1pt;border-right: solid 1pt;padding: 0cm 5.4pt 0cm 5.4pt\" valign=\"top\">\n<p class=\"MsoNormal\" style=\"margin-bottom: 7.5pt;text-align: justify;line-height: 12pt\"><span style=\"font-size: 12pt;font-family: Arial, 'sans-serif'\">1.000<\/span><\/p>\n<\/td>\n<td style=\"border-top: none;border-left: none;border-bottom: solid 1pt;border-right: solid 1pt;padding: 0cm 5.4pt 0cm 5.4pt\" valign=\"top\">\n<p class=\"MsoNormal\" style=\"margin-bottom: 7.5pt;text-align: justify;line-height: 12pt\"><span style=\"font-size: 12pt;font-family: Arial, 'sans-serif'\">10.00<\/span><\/p>\n<\/td>\n<\/tr>\n<tr>\n<td style=\"border: solid 1pt;border-top: none;padding: 0cm 5.4pt 0cm 5.4pt\" valign=\"top\">\n<p class=\"MsoNormal\" style=\"margin-bottom: 7.5pt;text-align: justify;line-height: 12pt\"><span style=\"font-size: 12pt;font-family: Arial, 'sans-serif'\">Jab\u00f3n neutro<\/span><\/p>\n<\/td>\n<td style=\"border-top: none;border-left: none;border-bottom: solid 1pt;border-right: solid 1pt;padding: 0cm 5.4pt 0cm 5.4pt\" valign=\"top\">\n<p class=\"MsoNormal\" style=\"margin-bottom: 7.5pt;text-align: justify;line-height: 12pt\"><span style=\"font-size: 12pt;font-family: Arial, 'sans-serif'\">98.725<\/span><\/p>\n<\/td>\n<td style=\"border-top: none;border-left: none;border-bottom: solid 1pt;border-right: solid 1pt;padding: 0cm 5.4pt 0cm 5.4pt\" valign=\"top\">\n<p class=\"MsoNormal\" style=\"margin-bottom: 7.5pt;text-align: justify;line-height: 12pt\"><span style=\"font-size: 12pt;font-family: Arial, 'sans-serif'\">987.25<\/span><\/p>\n<\/td>\n<\/tr>\n<\/tbody>\n<\/table>\n<p class=\"MsoNormal\" style=\"text-align: justify\"><b><span style=\"font-size: 12pt;line-height: 107%;font-family: Arial, 'sans-serif';color: #2c9ffd\">Uso en:<\/span><\/b><\/p>\n<p class=\"MsoNormal\" style=\"text-align: justify\">\n<p class=\"MsoNormal\" style=\"text-align: justify\"><b><span style=\"font-size: 12pt;line-height: 107%;font-family: Arial, 'sans-serif';color: #2c9ffd\">V\u00eda de administraci\u00f3n:<\/span><\/b><\/p>\n<p class=\"MsoNormal\" style=\"text-align: justify\"><span style=\"font-size: 12pt;line-height: 107%;font-family: Arial, 'sans-serif'\">T\u00f3pico de uso externo: Moje perfectamente todo el cuerpo del animal con agua tibia y friccione el jab\u00f3n a contrapelo hasta obtener una abundante espuma, d\u00e9 masaje en el cuero cabelludo y pelo, as\u00ed como en zonas infectadas, deje la espuma por 5 minutos y despu\u00e9s enjuague con agua tibia.<\/span><\/p>\n<p class=\"MsoNormal\" style=\"text-align: justify\"><b><span style=\"font-size: 12pt;line-height: 107%;font-family: Arial, 'sans-serif';color: #2c9ffd\">Descripci\u00f3n:<\/span><\/b><\/p>\n<p class=\"MsoNormal\" style=\"text-align: justify\"><span style=\"font-size: 12pt;line-height: 107%;font-family: Arial, 'sans-serif'\">Est\u00e1 indicado en perros y en gatos para eliminar y controlar los siguientes artr\u00f3podos:<\/span><\/p>\n<p class=\"MsoNormal\" style=\"text-align: justify\"><span style=\"font-size: 12pt;line-height: 107%;font-family: Arial, 'sans-serif'\">Pulga del perro: Ctenocephalides canis.<\/span><\/p>\n<p class=\"MsoNormal\" style=\"text-align: justify\"><span style=\"font-size: 12pt;line-height: 107%;font-family: Arial, 'sans-serif'\">Pulga del gato: Ctenocephalides felis.<\/span><\/p>\n<p class=\"MsoNormal\" style=\"text-align: justify\"><span style=\"font-size: 12pt;line-height: 107%;font-family: Arial, 'sans-serif'\">Piojos del perro: Heterodoxus spiniger y Linognathus setosus.<\/span><\/p>\n<p class=\"MsoNormal\" style=\"text-align: justify\"><span style=\"font-size: 12pt;line-height: 107%;font-family: Arial, 'sans-serif'\">Piojo del gato: Felicola subrostratus.<\/span><\/p>\n<p class=\"MsoNormal\" style=\"text-align: justify\"><span style=\"font-size: 12pt;line-height: 107%;font-family: Arial, 'sans-serif'\">Piojo del gato y perro: Trichodectes canis.<\/span><\/p>\n<p class=\"MsoNormal\" style=\"text-align: justify\"><span style=\"font-size: 12pt;line-height: 107%;font-family: Arial, 'sans-serif'\">Como un coadyuvante en la eliminaci\u00f3n y control de los \u00e1caros de la sarna; Sarcoptes scabiei, Notoedres cati, Demodex canis, D. cati, Cheyletiella parasito\u00advorax.<\/span><\/p>\n<p class=\"MsoNormal\" style=\"text-align: justify\"><span style=\"font-size: 12pt;line-height: 107%;font-family: Arial, 'sans-serif'\">Las garrapatas: Dermacentor spp, Rhipicephalus spp.<\/span><\/p>\n<p class=\"MsoNormal\" style=\"text-align: justify\"><b><span style=\"font-size: 12pt;line-height: 107%;font-family: Arial, 'sans-serif';color: #2c9ffd\">Dosis:<\/span><\/b><\/p>\n<p class=\"MsoNormal\" style=\"text-align: justify\"><span style=\"font-size: 12pt;line-height: 107%;font-family: Arial, 'sans-serif'\">Ba\u00f1ar cada 15 d\u00edas.<\/span><\/p>\n<p class=\"MsoNormal\" style=\"text-align: justify\"><span style=\"font-size: 12pt;line-height: 107%;font-family: Arial, 'sans-serif'\">En casos severos de infestaci\u00f3n, ba\u00f1ar cada 3er d\u00eda o ba\u00f1ar cada 8 d\u00edas.<\/span><\/p>\n<p class=\"MsoNormal\" style=\"text-align: justify\"><b><span style=\"font-size: 12pt;line-height: 107%;font-family: Arial, 'sans-serif';color: #2c9ffd\">Advertencias:<\/span><\/b><\/p>\n<p><span style=\"font-size: 12pt;line-height: 107%;font-family: Arial, 'sans-serif'\">No utilizar en hembras gestantes o lactando y en animales muy j\u00f3venes. Mant\u00e9ngase alejado de los ni\u00f1os. No comer ni beber durante su uso, antes de ingerir alimentos lave sus manos. Es responsabilidad del usuario cumplir con las indicaciones de uso mencionadas en el instructivo.<\/span><\/p>\n","protected":false},"excerpt":{"rendered":"<p>F\u00f3rmula: Cada 100 gr contienen: % g\/kg Piretrinas 0.025 0.25 But\u00f3xido de piperonilo 0.250 2.50 Esencia de citronela 1.000 10.00 Jab\u00f3n neutro 98.725 987.25 Uso en: V\u00eda de administraci\u00f3n: T\u00f3pico de uso externo: Moje perfectamente todo el cuerpo del animal con agua tibia y friccione el jab\u00f3n a contrapelo hasta obtener una abundante espuma, d\u00e9 [&hellip;]<\/p>\n","protected":false},"featured_media":255,"comment_status":"open","ping_status":"closed","template":"","meta":{"_et_pb_use_builder":"","_et_pb_old_content":"","_et_gb_content_width":"","spay_email":""},"_links":{"self":[{"href":"https:\/\/farmaciaveterinarialaconquista.com\/index.php\/wp-json\/wp\/v2\/product\/211"}],"collection":[{"href":"https:\/\/farmaciaveterinarialaconquista.com\/index.php\/wp-json\/wp\/v2\/product"}],"about":[{"href":"https:\/\/farmaciaveterinarialaconquista.com\/index.php\/wp-json\/wp\/v2\/types\/product"}],"replies":[{"embeddable":true,"href":"https:\/\/farmaciaveterinarialaconquista.com\/index.php\/wp-json\/wp\/v2\/comments?post=211"}],"wp:featuredmedia":[{"embeddable":true,"href":"https:\/\/farmaciaveterinarialaconquista.com\/index.php\/wp-json\/wp\/v2\/media\/255"}],"wp:attachment":[{"href":"https:\/\/farmaciaveterinarialaconquista.com\/index.php\/wp-json\/wp\/v2\/media?parent=211"}],"curies":[{"name":"wp","href":"https:\/\/api.w.org\/{rel}","templated":true}]}}