{"id":210,"date":"2020-04-10T02:25:13","date_gmt":"2020-04-10T07:25:13","guid":{"rendered":"http:\/\/farmaciaveterinarialaconquista.com\/index.php\/producto\/import-placeholder-for-425\/"},"modified":"2025-09-20T14:59:54","modified_gmt":"2025-09-20T20:59:54","slug":"sarnasana-100-ml","status":"publish","type":"product","link":"https:\/\/farmaciaveterinarialaconquista.com\/index.php\/producto\/sarnasana-100-ml\/","title":{"rendered":"Sarnasana 100 ml"},"content":{"rendered":"<p class=\"MsoNormal\" style=\"text-align: justify\"><b><span style=\"font-size: 12pt;line-height: 107%;font-family: Arial, 'sans-serif';color: #2c9ffd\">F\u00f3rmula:<\/span><\/b><\/p>\n<p class=\"MsoNormal\" style=\"text-align: justify\"><span style=\"font-size: 12pt;line-height: 107%;font-family: Arial, 'sans-serif'\">Benzoato de bencilo 34 mg<\/span><\/p>\n<p class=\"MsoNormal\" style=\"text-align: justify\"><span style=\"font-size: 12pt;line-height: 107%;font-family: Arial, 'sans-serif'\">\u00c1cido salic\u00edlico 2 g<\/span><\/p>\n<p class=\"MsoNormal\" style=\"text-align: justify\"><span style=\"font-size: 12pt;line-height: 107%;font-family: Arial, 'sans-serif'\">Aceite de ajonjol\u00ed, c.b.p. 100 mL.<\/span><\/p>\n<p class=\"MsoNormal\" style=\"text-align: justify\"><b><span style=\"font-size: 12pt;line-height: 107%;font-family: Arial, 'sans-serif';color: #2c9ffd\">Uso en:<\/span> <\/b><b><\/b><\/p>\n<p>&nbsp;<\/p>\n<p class=\"MsoNormal\" style=\"text-align: justify\"><b><span style=\"font-size: 12pt;line-height: 107%;font-family: Arial, 'sans-serif';color: #2c9ffd\">V\u00eda de administraci\u00f3n:<\/span><\/b><\/p>\n<p class=\"MsoNormal\" style=\"text-align: justify\"><span style=\"font-size: 12pt;line-height: 107%;font-family: Arial, 'sans-serif'\">T\u00f3pica.<\/span><\/p>\n<p class=\"MsoNormal\" style=\"text-align: justify\"><b><span style=\"font-size: 12pt;line-height: 107%;font-family: Arial, 'sans-serif';color: #2c9ffd\">Descripci\u00f3n:<\/span><\/b><\/p>\n<p class=\"MsoNormal\" style=\"text-align: justify\"><span style=\"font-size: 12pt;line-height: 107%;font-family: Arial, 'sans-serif'\">Tratamiento contra la sarna sarc\u00f3ptica, sor\u00f3ptica y Knemidocoptes.<\/span><\/p>\n<p class=\"MsoNormal\" style=\"text-align: justify\"><span style=\"font-size: 12pt;line-height: 107%;font-family: Arial, 'sans-serif'\">Para el tratamiento de la queratitis y la sarna sarc\u00f3ptica; \u00e9sta es frecuente en el cerdo, producida por Sarcoptes scabiei variedad suis; la afecci\u00f3n se inicia en la cabeza, sigue en la cola y patas, hay engrosamiento de la piel e intensa comez\u00f3n.<\/span><\/p>\n<p class=\"MsoNormal\" style=\"text-align: justify\"><span style=\"font-size: 12pt;line-height: 107%;font-family: Arial, 'sans-serif'\">En el equino: La sarna es producida por S. scabiei variedad equi, se disemina r\u00e1pidamente en cabeza, cuello y hombros, produce comez\u00f3n y costras en las zonas afectadas.<\/span><\/p>\n<p class=\"MsoNormal\" style=\"text-align: justify\"><span style=\"font-size: 12pt;line-height: 107%;font-family: Arial, 'sans-serif'\">En el bovino: S. scabiei variedad bovis, se presenta en forma similar a la que se observa en el cerdo y el caballo, pero adem\u00e1s afecta la zona perianal.<\/span><\/p>\n<p class=\"MsoNormal\" style=\"text-align: justify\"><b><span style=\"font-size: 12pt;line-height: 107%;font-family: Arial, 'sans-serif';color: #2c9ffd\">Dosis:<\/span><\/b><\/p>\n<p class=\"MsoNormal\" style=\"text-align: justify\"><span style=\"font-size: 12pt;line-height: 107%;font-family: Arial, 'sans-serif'\">Aplicaciones locales, previo lavado de la zona infectada una vez al d\u00eda durante 7 d\u00edas.<\/span><\/p>\n<p class=\"MsoNormal\" style=\"text-align: justify\"><span style=\"font-size: 12pt;line-height: 107%;font-family: Arial, 'sans-serif'\">Modo de empleo: Se lavan las partes afectadas con agua y jab\u00f3n neutro, se seca la piel y se aplica el producto frotando durante 3 o 4 minutos para que penetre en las lesiones. El tratamiento se debe repetir diariamente hasta la curaci\u00f3n.<\/span><\/p>\n<p class=\"MsoNormal\" style=\"text-align: justify\"><b><span style=\"font-size: 12pt;line-height: 107%;font-family: Arial, 'sans-serif';color: #2c9ffd\">Advertencias:<\/span><\/b><\/p>\n<p class=\"MsoNormal\" style=\"text-align: justify\"><span style=\"font-size: 12pt;line-height: 107%;font-family: Arial, 'sans-serif'\">Mant\u00e9ngase fuera del alcance de los ni\u00f1os.<\/span><\/p>\n<p class=\"MsoNormal\" style=\"text-align: justify\"><span style=\"font-size: 12pt;line-height: 107%;font-family: Arial, 'sans-serif'\">Cons\u00e9rvese en un lugar fresco y seco, alejado de la luz del sol.<\/span><\/p>\n<p class=\"MsoNormal\" style=\"text-align: justify\"><span style=\"font-size: 12pt;line-height: 107%;font-family: Arial, 'sans-serif'\">Mantener a temperatura entre 15 y 30\u00baC.<\/span><\/p>\n<p class=\"MsoNormal\" style=\"text-align: justify\"><span style=\"font-size: 12pt;line-height: 107%;font-family: Arial, 'sans-serif'\">Este producto es de uso exclusivo veterinario.<\/span><\/p>\n<p class=\"MsoNormal\" style=\"text-align: justify\"><span style=\"font-size: 12pt;line-height: 107%;font-family: Arial, 'sans-serif'\">No se aplique en gatos.<\/span><\/p>\n<p class=\"MsoNormal\" style=\"text-align: justify\"><span style=\"font-size: 12pt;line-height: 107%;font-family: Arial, 'sans-serif'\">No administrar en equinos destinados para consumo humano.<\/span><\/p>\n<p class=\"MsoNormal\" style=\"text-align: justify\"><span style=\"font-size: 12pt;line-height: 107%;font-family: Arial, 'sans-serif'\">Solo para uso externo.<\/span><\/p>\n<p class=\"MsoNormal\" style=\"text-align: justify\"><span style=\"font-size: 12pt;line-height: 107%;font-family: Arial, 'sans-serif'\">Evite el contacto con los ojos y mucosa.<\/span><\/p>\n<p class=\"MsoNormal\" style=\"text-align: justify\"><span style=\"font-size: 12pt;line-height: 107%;font-family: Arial, 'sans-serif'\">No aplicar a heridas abiertas.<\/span><\/p>\n<p class=\"MsoNormal\" style=\"text-align: justify\"><span style=\"font-size: 12pt;line-height: 107%;font-family: Arial, 'sans-serif'\">No eliminar al medio ambiente.<\/span><\/p>\n<p class=\"MsoNormal\" style=\"text-align: justify\"><span style=\"font-size: 12pt;line-height: 107%;font-family: Arial, 'sans-serif'\">T\u00f3xico para los organismos acu\u00e1ticos, puede provocar a largo plazo efectos negativos en el medio ambiente acu\u00e1tico.<\/span><\/p>\n<p class=\"MsoNormal\" style=\"text-align: justify\"><span style=\"font-size: 12pt;line-height: 107%;font-family: Arial, 'sans-serif'\">Uso veterinario.<\/span><\/p>\n<p class=\"MsoNormal\" style=\"text-align: justify\"><span style=\"font-size: 12pt;line-height: 107%;font-family: Arial, 'sans-serif'\">Consulte al M\u00e9dico Veterinario.<\/span><\/p>\n","protected":false},"excerpt":{"rendered":"<p>F\u00f3rmula: Benzoato de bencilo 34 mg \u00c1cido salic\u00edlico 2 g Aceite de ajonjol\u00ed, c.b.p. 100 mL. Uso en: &nbsp; V\u00eda de administraci\u00f3n: T\u00f3pica. Descripci\u00f3n: Tratamiento contra la sarna sarc\u00f3ptica, sor\u00f3ptica y Knemidocoptes. Para el tratamiento de la queratitis y la sarna sarc\u00f3ptica; \u00e9sta es frecuente en el cerdo, producida por Sarcoptes scabiei variedad suis; la [&hellip;]<\/p>\n","protected":false},"featured_media":254,"comment_status":"open","ping_status":"closed","template":"","meta":{"_et_pb_use_builder":"","_et_pb_old_content":"","_et_gb_content_width":"","spay_email":""},"_links":{"self":[{"href":"https:\/\/farmaciaveterinarialaconquista.com\/index.php\/wp-json\/wp\/v2\/product\/210"}],"collection":[{"href":"https:\/\/farmaciaveterinarialaconquista.com\/index.php\/wp-json\/wp\/v2\/product"}],"about":[{"href":"https:\/\/farmaciaveterinarialaconquista.com\/index.php\/wp-json\/wp\/v2\/types\/product"}],"replies":[{"embeddable":true,"href":"https:\/\/farmaciaveterinarialaconquista.com\/index.php\/wp-json\/wp\/v2\/comments?post=210"}],"wp:featuredmedia":[{"embeddable":true,"href":"https:\/\/farmaciaveterinarialaconquista.com\/index.php\/wp-json\/wp\/v2\/media\/254"}],"wp:attachment":[{"href":"https:\/\/farmaciaveterinarialaconquista.com\/index.php\/wp-json\/wp\/v2\/media?parent=210"}],"curies":[{"name":"wp","href":"https:\/\/api.w.org\/{rel}","templated":true}]}}