{"id":208,"date":"2020-04-10T02:25:13","date_gmt":"2020-04-10T07:25:13","guid":{"rendered":"http:\/\/farmaciaveterinarialaconquista.com\/index.php\/producto\/import-placeholder-for-423\/"},"modified":"2025-09-20T14:59:16","modified_gmt":"2025-09-20T20:59:16","slug":"ruviotic-20-grs","status":"publish","type":"product","link":"https:\/\/farmaciaveterinarialaconquista.com\/index.php\/producto\/ruviotic-20-grs\/","title":{"rendered":"Ruviotic 20 grs"},"content":{"rendered":"<p><b><span style=\"font-size: 12pt;line-height: 107%;font-family: Arial, 'sans-serif';color: #2c9ffd\">F\u00f3rmula:<\/span><\/b><\/p>\n<p>Penicilina G proca\u00ednica 1\u2019320,000 U.I.<\/p>\n<p>Sulfato de dihidroestreptomicina 1,320 mg<\/p>\n<p>Vitamina A 198,000 U.I.<\/p>\n<p>Vitamina D3 99,000 U.I.<\/p>\n<p>Riboflavina 132 mg<\/p>\n<p>D-pantotenato de calcio 198 mg<\/p>\n<p>Niacina 462 mg<\/p>\n<p>Vitamina B12 (cianocobalamina) 330 mcg<\/p>\n<p>Vitamina K 106 mg<\/p>\n<p>Excipiente cbp 100 g<\/p>\n<p><b><span style=\"font-size: 12pt;line-height: 107%;font-family: Arial, 'sans-serif';color: #2c9ffd\">Uso en:<\/span><\/b><\/p>\n<p><img src=\"http:\/\/www.plmconnection.com\/plmservices\/VetSearchEngine\/M%C3%A9xico\/PEV39\/img\/becerro.png\" alt=\"becerro.png\" \/> <img src=\"http:\/\/www.plmconnection.com\/plmservices\/VetSearchEngine\/M%C3%A9xico\/PEV39\/img\/porcino.png\" alt=\"porcino.png\" \/> <img src=\"http:\/\/www.plmconnection.com\/plmservices\/VetSearchEngine\/M%C3%A9xico\/PEV39\/img\/gallina.png\" alt=\"gallina.png\" \/><\/p>\n<p><strong><b><span style=\"font-size: 12pt;line-height: 107%;font-family: Arial, 'sans-serif';color: #2c9ffd\">V\u00eda de administraci\u00f3n:<\/span><\/b><\/strong><\/p>\n<p>Oral en el agua de bebida y en el alimento.<\/p>\n<p><strong><b><span style=\"font-size: 12pt;line-height: 107%;font-family: Arial, 'sans-serif';color: #2c9ffd\">Descripci\u00f3n:<\/span><\/b><\/strong><\/p>\n<p>Es un polvo soluble oral, \u00fatil en padecimientos que requieran, en una sola medicaci\u00f3n, el efecto combinado de antibi\u00f3ticos y vitaminas, como es el caso de diferentes enfermedades infecciosas o en estados de estr\u00e9s para combatir las bacterias oportunistas.<\/p>\n<p>Al administrar ruviotic se da una efectiva antibioterapia y vitaminas que refuerzan el estado f\u00edsico del animal.<\/p>\n<p><strong><span style=\"font-size: 12pt;line-height: 107%;font-family: Arial, 'sans-serif'\"><span style=\"color: #2c9ffd\">Dosis:<\/span><\/span><\/strong><\/p>\n<p>Aves de postura, engorda y combate:<\/p>\n<p>Preventiva: Administrar 5 g en 8 litros de agua. Como estimulante del crecimiento, antes y despu\u00e9s de cada vacunaci\u00f3n, en la prevenci\u00f3n de enfermedades y cambios bruscos de temperatura.<\/p>\n<p>Curativa: Administrar 5 g en 2 litros de agua. En presencia de enfermedades como cresta azul, sinusitis infecciosa, coriza, ERCC, complicaciones por virus, como sost\u00e9n y aumento de la producci\u00f3n de aves de postura.<\/p>\n<p>Cerdos, terneros y ovinos:<\/p>\n<p>Preventiva: 20 g en 10 Kg de alimento o 20 g en 20 litros de agua. Como estimulante del crecimiento, estados avitam\u00ednicos, tensi\u00f3n org\u00e1nica (estr\u00e9s), en el manejo y transporte.<\/p>\n<p>Curativo: 20 g en 5 Kg de alimento o 20 g en 10 litros de agua. En el control y tratamiento de afecciones respiratorias y digestivas, neumon\u00edas, diarreas y enteritis bacterianas.<\/p>\n<p>En casos de estr\u00e9s por transportaci\u00f3n prolongada, tratamiento de reacciones postvacunales, recibimiento de pollitos, destetes y durante el inicio de la postura.<\/p>\n<p>Es \u00fatil en el tratamiento de erisipela, cresta azul, sinusitis infecciosa, neumon\u00edas, enteritis bacterianas y otras infecciones sensibles a los componentes de la f\u00f3rmula.<\/p>\n<p>Se recomienda como estimulante del apetito y como promotor de la productividad de carne y huevos.<\/p>\n<p><strong><b><span style=\"font-size: 12pt;line-height: 107%;font-family: Arial, 'sans-serif';color: #2c9ffd\">Advertencias:<\/span><\/b><\/strong><\/p>\n<p>No usar este producto 30 d\u00edas antes del sacrificio de los animales destinados al consumo humano.<\/p>\n<p>Mant\u00e9ngase cerrado el envase en un lugar fresco, seco y al resguardo del sol.<\/p>\n<p>No se deje al alcance de los ni\u00f1os ni de animales dom\u00e9sticos.<\/p>\n","protected":false},"excerpt":{"rendered":"<p class=\"MsoNormal\" style=\"text-align: justify\"><b><span style=\"font-size: 12pt;line-height: 107%;font-family: Arial, 'sans-serif';color: #2c9ffd\">F\u00f3rmula:<\/span><\/b><\/p>\n<p class=\"MsoNormal\" style=\"text-align: justify\"><span style=\"font-size: 12pt;line-height: 107%;font-family: Arial, 'sans-serif'\">Penicilina G proca\u00ednica 1\u2019320,000 U.I.<\/span><\/p>\n<p class=\"MsoNormal\" style=\"text-align: justify\"><span style=\"font-size: 12pt;line-height: 107%;font-family: Arial, 'sans-serif'\">Sulfato de dihidroestreptomicina 1,320 mg<\/span><\/p>\n<p class=\"MsoNormal\" style=\"text-align: justify\"><span style=\"font-size: 12pt;line-height: 107%;font-family: Arial, 'sans-serif'\">Vitamina A 198,000 U.I.<\/span><\/p>\n<p class=\"MsoNormal\" style=\"text-align: justify\"><span style=\"font-size: 12pt;line-height: 107%;font-family: Arial, 'sans-serif'\">Vitamina D3 99,000 U.I.<\/span><\/p>\n<p class=\"MsoNormal\" style=\"text-align: justify\"><span style=\"font-size: 12pt;line-height: 107%;font-family: Arial, 'sans-serif'\">Riboflavina 132 mg<\/span><\/p>\n<p class=\"MsoNormal\" style=\"text-align: justify\"><span style=\"font-size: 12pt;line-height: 107%;font-family: Arial, 'sans-serif'\">D-pantotenato de calcio 198 mg<\/span><\/p>\n<p class=\"MsoNormal\" style=\"text-align: justify\"><span style=\"font-size: 12pt;line-height: 107%;font-family: Arial, 'sans-serif'\">Niacina 462 mg<\/span><\/p>\n<p class=\"MsoNormal\" style=\"text-align: justify\"><span style=\"font-size: 12pt;line-height: 107%;font-family: Arial, 'sans-serif'\">Vitamina B12 (cianocobalamina) 330 mcg<\/span><\/p>\n<p class=\"MsoNormal\" style=\"text-align: justify\"><span style=\"font-size: 12pt;line-height: 107%;font-family: Arial, 'sans-serif'\">Vitamina K 106 mg<\/span><\/p>\n<p class=\"MsoNormal\" style=\"text-align: justify\"><span style=\"font-size: 12pt;line-height: 107%;font-family: Arial, 'sans-serif'\">Excipiente cbp 100 g<\/span><\/p>\n<p class=\"MsoNormal\" style=\"text-align: justify\"><b><span style=\"font-size: 12pt;line-height: 107%;font-family: Arial, 'sans-serif';color: #2c9ffd\">Uso en:<\/span><\/b><\/p>\n<p><img src=\"http:\/\/www.plmconnection.com\/plmservices\/VetSearchEngine\/M%C3%A9xico\/PEV39\/img\/becerro.png\" alt=\"becerro.png\" \/>\u00a0 \u00a0<img src=\"http:\/\/www.plmconnection.com\/plmservices\/VetSearchEngine\/M%C3%A9xico\/PEV39\/img\/porcino.png\" alt=\"porcino.png\" \/>\u00a0 \u00a0<img src=\"http:\/\/www.plmconnection.com\/plmservices\/VetSearchEngine\/M%C3%A9xico\/PEV39\/img\/gallina.png\" alt=\"gallina.png\" \/><\/p>\n<p class=\"MsoNormal\" style=\"text-align: justify\"><b><span style=\"font-size: 12pt;line-height: 107%;font-family: Arial, 'sans-serif';color: #2c9ffd\">V\u00eda de administraci\u00f3n:<\/span><\/b><\/p>\n<p class=\"MsoNormal\" style=\"text-align: justify\"><span style=\"font-size: 12pt;line-height: 107%;font-family: Arial, 'sans-serif'\">Oral en el agua de bebida y en el alimento.<\/span><\/p>\n<p class=\"MsoNormal\" style=\"text-align: justify\"><b><span style=\"font-size: 12pt;line-height: 107%;font-family: Arial, 'sans-serif';color: #2c9ffd\">Descripci\u00f3n:<\/span><\/b><\/p>\n<p class=\"MsoNormal\" style=\"text-align: justify\"><span style=\"font-size: 12pt;line-height: 107%;font-family: Arial, 'sans-serif'\">Es un polvo soluble oral, \u00fatil en padecimientos que requieran, en una sola medicaci\u00f3n, el efecto combinado de antibi\u00f3ticos y vitaminas, como es el caso de diferentes enfermedades infecciosas o en estados de estr\u00e9s para combatir las bacterias oportunistas.<\/span><\/p>\n<p class=\"MsoNormal\" style=\"text-align: justify\"><span style=\"font-size: 12pt;line-height: 107%;font-family: Arial, 'sans-serif'\">Al administrar ruviotic se da una efectiva antibioterapia y vitaminas que refuerzan el estado f\u00edsico del animal.<\/span><\/p>\n<p class=\"MsoNormal\" style=\"text-align: justify\"><span style=\"font-size: 12pt;line-height: 107%;font-family: Arial, 'sans-serif'\"><span style=\"color: #2c9ffd\"><strong>Dosis:<\/strong><\/span><\/span><\/p>\n<p class=\"MsoNormal\" style=\"text-align: justify\"><span style=\"font-size: 12pt;line-height: 107%;font-family: Arial, 'sans-serif'\">Aves de postura, engorda y combate:<\/span><\/p>\n<p class=\"MsoNormal\" style=\"text-align: justify\"><span style=\"font-size: 12pt;line-height: 107%;font-family: Arial, 'sans-serif'\">Preventiva: Administrar 5 g en 8 litros de agua. Como estimulante del crecimiento, antes y despu\u00e9s de cada vacunaci\u00f3n, en la prevenci\u00f3n de enfermedades y cambios bruscos de temperatura.<\/span><\/p>\n<p class=\"MsoNormal\" style=\"text-align: justify\"><span style=\"font-size: 12pt;line-height: 107%;font-family: Arial, 'sans-serif'\">Curativa: Administrar 5 g en 2 litros de agua. En presencia de enfermedades como cresta azul, sinusitis infecciosa, coriza, ERCC, complicaciones por virus, como sost\u00e9n y aumento de la producci\u00f3n de aves de postura.<\/span><\/p>\n<p class=\"MsoNormal\" style=\"text-align: justify\"><span style=\"font-size: 12pt;line-height: 107%;font-family: Arial, 'sans-serif'\">Cerdos, terneros y ovinos:<\/span><\/p>\n<p class=\"MsoNormal\" style=\"text-align: justify\"><span style=\"font-size: 12pt;line-height: 107%;font-family: Arial, 'sans-serif'\">Preventiva: 20 g en 10 Kg de alimento o 20 g en 20 litros de agua. Como estimulante del crecimiento, estados avitam\u00ednicos, tensi\u00f3n org\u00e1nica (estr\u00e9s), en el manejo y transporte.<\/span><\/p>\n<p class=\"MsoNormal\" style=\"text-align: justify\"><span style=\"font-size: 12pt;line-height: 107%;font-family: Arial, 'sans-serif'\">Curativo: 20 g en 5 Kg de alimento o 20 g en 10 litros de agua. En el control y tratamiento de afecciones respiratorias y digestivas, neumon\u00edas, diarreas y enteritis bacterianas.<\/span><\/p>\n<p class=\"MsoNormal\" style=\"text-align: justify\"><span style=\"font-size: 12pt;line-height: 107%;font-family: Arial, 'sans-serif'\">En casos de estr\u00e9s por transportaci\u00f3n prolongada, tratamiento de reacciones postvacunales, recibimiento de pollitos, destetes y durante el inicio de la postura.<\/span><\/p>\n<p class=\"MsoNormal\" style=\"text-align: justify\"><span style=\"font-size: 12pt;line-height: 107%;font-family: Arial, 'sans-serif'\">Es \u00fatil en el tratamiento de erisipela, cresta azul, sinusitis infecciosa, neumon\u00edas, enteritis bacterianas y otras infecciones sensibles a los componentes de la f\u00f3rmula.<\/span><\/p>\n<p class=\"MsoNormal\" style=\"text-align: justify\"><span style=\"font-size: 12pt;line-height: 107%;font-family: Arial, 'sans-serif'\">Se recomienda como estimulante del apetito y como promotor de la productividad de carne y huevos.<\/span><\/p>\n<p class=\"MsoNormal\" style=\"text-align: justify\"><b><span style=\"font-size: 12pt;line-height: 107%;font-family: Arial, 'sans-serif';color: #2c9ffd\">Advertencias:<\/span><\/b><\/p>\n<p class=\"MsoNormal\" style=\"text-align: justify\"><span style=\"font-size: 12pt;line-height: 107%;font-family: Arial, 'sans-serif'\">No usar este producto 30 d\u00edas antes del sacrificio de los animales destinados al consumo humano.<\/span><\/p>\n<p class=\"MsoNormal\" style=\"text-align: justify\"><span style=\"font-size: 12pt;line-height: 107%;font-family: Arial, 'sans-serif'\">Mant\u00e9ngase cerrado el envase en un lugar fresco, seco y al resguardo del sol.<\/span><\/p>\n<p class=\"MsoNormal\" style=\"text-align: justify\"><span style=\"font-size: 12pt;line-height: 107%;font-family: Arial, 'sans-serif'\">No se deje al alcance de los ni\u00f1os ni de animales dom\u00e9sticos.<\/span><\/p>\n","protected":false},"featured_media":252,"comment_status":"open","ping_status":"closed","template":"","meta":{"_et_pb_use_builder":"","_et_pb_old_content":"","_et_gb_content_width":"","spay_email":""},"_links":{"self":[{"href":"https:\/\/farmaciaveterinarialaconquista.com\/index.php\/wp-json\/wp\/v2\/product\/208"}],"collection":[{"href":"https:\/\/farmaciaveterinarialaconquista.com\/index.php\/wp-json\/wp\/v2\/product"}],"about":[{"href":"https:\/\/farmaciaveterinarialaconquista.com\/index.php\/wp-json\/wp\/v2\/types\/product"}],"replies":[{"embeddable":true,"href":"https:\/\/farmaciaveterinarialaconquista.com\/index.php\/wp-json\/wp\/v2\/comments?post=208"}],"wp:featuredmedia":[{"embeddable":true,"href":"https:\/\/farmaciaveterinarialaconquista.com\/index.php\/wp-json\/wp\/v2\/media\/252"}],"wp:attachment":[{"href":"https:\/\/farmaciaveterinarialaconquista.com\/index.php\/wp-json\/wp\/v2\/media?parent=208"}],"curies":[{"name":"wp","href":"https:\/\/api.w.org\/{rel}","templated":true}]}}