{"id":19,"date":"2020-04-10T02:22:37","date_gmt":"2020-04-10T07:22:37","guid":{"rendered":"http:\/\/farmaciaveterinarialaconquista.com\/index.php\/producto\/import-placeholder-for-272\/"},"modified":"2025-09-24T12:13:27","modified_gmt":"2025-09-24T18:13:27","slug":"asuntol-jabon-100grs","status":"publish","type":"product","link":"https:\/\/farmaciaveterinarialaconquista.com\/index.php\/producto\/asuntol-jabon-100grs\/","title":{"rendered":"Asuntol jab\u00f3n 100grs"},"content":{"rendered":"<p>Si ves este producto agotado, env\u00eda un WhatsApp para revisar si hay en mostrador.<\/p>\n<p><strong><b>Formula:<\/b><\/strong><\/p>\n<p>Contiene 1% de coumaphos, aceites esenciales y perfume.<\/p>\n<p><strong><b>Uso en:<\/b><\/strong><\/p>\n<p><img src=\"http:\/\/www.plmconnection.com\/plmservices\/VetSearchEngine\/M%C3%A9xico\/PEV39\/img\/perro.png\" \/><\/p>\n<p><strong><b>V\u00eda de administraci\u00f3n:<\/b><\/strong><\/p>\n<p>De aplicaci\u00f3n t\u00f3pica.<\/p>\n<p><strong><b>Descripci\u00f3n:<\/b><\/strong><\/p>\n<p>Es un desparasitante externo en jab\u00f3n que elimina pulgas, piojos y garrapatas al contacto.<\/p>\n<p>El efecto ectoparasiticida de asuntol jab\u00f3n se manifiesta r\u00e1pidamente, y los aceites esenciales contenidos en su formulaci\u00f3n confieren brillo y aroma agradable al pelaje de los animales.<\/p>\n<p>Es perfectamente tolerado, y es un valioso auxiliar en el tratamiento de la sarna superficial y otros ectopar\u00e1sitos de los perros.<\/p>\n<p>Para un control prolongado se recomienda una estrategia completa de ataque a los ectopar\u00e1sitos.<\/p>\n<p><strong><b>Dosis:<\/b><\/strong><\/p>\n<p>Para un mejor efecto se recomienda enjabonar a los animales y dejar actuar al jab\u00f3n durante algunos minutos, enjuagar con agua abundante y repetir la operaci\u00f3n.<\/p>\n","protected":false},"excerpt":{"rendered":"<p>Si ves este producto agotado, env\u00eda un WhatsApp para revisar si hay en mostrador. Formula: Contiene 1% de coumaphos, aceites esenciales y perfume. Uso en: V\u00eda de administraci\u00f3n: De aplicaci\u00f3n t\u00f3pica. Descripci\u00f3n: Es un desparasitante externo en jab\u00f3n que elimina pulgas, piojos y garrapatas al contacto. El efecto ectoparasiticida de asuntol jab\u00f3n se manifiesta r\u00e1pidamente, [&hellip;]<\/p>\n","protected":false},"featured_media":49,"comment_status":"open","ping_status":"closed","template":"","meta":{"_et_pb_use_builder":"","_et_pb_old_content":"","_et_gb_content_width":"","spay_email":""},"_links":{"self":[{"href":"https:\/\/farmaciaveterinarialaconquista.com\/index.php\/wp-json\/wp\/v2\/product\/19"}],"collection":[{"href":"https:\/\/farmaciaveterinarialaconquista.com\/index.php\/wp-json\/wp\/v2\/product"}],"about":[{"href":"https:\/\/farmaciaveterinarialaconquista.com\/index.php\/wp-json\/wp\/v2\/types\/product"}],"replies":[{"embeddable":true,"href":"https:\/\/farmaciaveterinarialaconquista.com\/index.php\/wp-json\/wp\/v2\/comments?post=19"}],"wp:featuredmedia":[{"embeddable":true,"href":"https:\/\/farmaciaveterinarialaconquista.com\/index.php\/wp-json\/wp\/v2\/media\/49"}],"wp:attachment":[{"href":"https:\/\/farmaciaveterinarialaconquista.com\/index.php\/wp-json\/wp\/v2\/media?parent=19"}],"curies":[{"name":"wp","href":"https:\/\/api.w.org\/{rel}","templated":true}]}}