{"id":187,"date":"2020-04-10T02:24:52","date_gmt":"2020-04-10T07:24:52","guid":{"rendered":"http:\/\/farmaciaveterinarialaconquista.com\/index.php\/producto\/import-placeholder-for-406\/"},"modified":"2025-11-22T03:01:51","modified_gmt":"2025-11-22T09:01:51","slug":"potasium-gel-10-grs","status":"publish","type":"product","link":"https:\/\/farmaciaveterinarialaconquista.com\/index.php\/producto\/potasium-gel-10-grs\/","title":{"rendered":"Potasium gel 10 grs"},"content":{"rendered":"<p class=\"MsoNormal\" style=\"font-size: medium;text-align: justify\"><b><span style=\"font-size: 12pt;line-height: 17.12px;font-family: Arial, sans-serif;color: #2c9ffd\">F\u00f3rmula:<\/span><\/b><\/p>\n<p class=\"MsoNormal\" style=\"font-size: medium;text-align: justify\"><span style=\"font-size: 12pt;line-height: 17.12px;font-family: Arial, sans-serif\">Omega 3 400 mg<\/span><\/p>\n<p class=\"MsoNormal\" style=\"font-size: medium;text-align: justify\"><span style=\"font-size: 12pt;line-height: 17.12px;font-family: Arial, sans-serif\">Omega 6 200 mg<\/span><\/p>\n<p class=\"MsoNormal\" style=\"font-size: medium;text-align: justify\"><span style=\"font-size: 12pt;line-height: 17.12px;font-family: Arial, sans-serif\">Omega 9 300 mg<\/span><\/p>\n<p class=\"MsoNormal\" style=\"font-size: medium;text-align: justify\"><span style=\"font-size: 12pt;line-height: 17.12px;font-family: Arial, sans-serif\">Calcio 700 mg<\/span><\/p>\n<p class=\"MsoNormal\" style=\"font-size: medium;text-align: justify\"><span style=\"font-size: 12pt;line-height: 17.12px;font-family: Arial, sans-serif\">Potasio 750 mg<\/span><\/p>\n<p class=\"MsoNormal\" style=\"font-size: medium;text-align: justify\"><span style=\"font-size: 12pt;line-height: 17.12px;font-family: Arial, sans-serif\">Magnesio 300 mg<\/span><\/p>\n<p class=\"MsoNormal\" style=\"font-size: medium;text-align: justify\"><span style=\"font-size: 12pt;line-height: 17.12px;font-family: Arial, sans-serif\">Vitamina C 160 mg<\/span><\/p>\n<p class=\"MsoNormal\" style=\"font-size: medium;text-align: justify\"><span style=\"font-size: 12pt;line-height: 17.12px;font-family: Arial, sans-serif\">Vitamina b1 2 mg<\/span><\/p>\n<p class=\"MsoNormal\" style=\"font-size: medium;text-align: justify\"><b><span style=\"font-size: 12pt;line-height: 17.12px;font-family: Arial, sans-serif;color: #2c9ffd\">Uso en:<\/span><\/b><\/p>\n<p><img src=\"http:\/\/www.plmconnection.com\/plmservices\/VetSearchEngine\/M%C3%A9xico\/PEV39\/img\/gallo.png\" alt=\"gallo.png\" \/><\/p>\n<p class=\"MsoNormal\" style=\"font-size: medium;text-align: justify\"><b><span style=\"font-size: 12pt;line-height: 17.12px;font-family: Arial, sans-serif;color: #2c9ffd\">V\u00eda de administraci\u00f3n:<\/span><\/b><\/p>\n<p class=\"MsoNormal\" style=\"font-size: medium;text-align: justify\"><span style=\"font-size: 12pt;line-height: 17.12px;font-family: Arial, sans-serif\">Oral<\/span><\/p>\n<p class=\"MsoNormal\" style=\"font-size: medium;text-align: justify\"><b><span style=\"font-size: 12pt;line-height: 17.12px;font-family: Arial, sans-serif;color: #2c9ffd\">Descripci\u00f3n:<\/span><\/b><\/p>\n<p class=\"MsoNormal\" style=\"font-size: medium;text-align: justify\"><span style=\"font-size: 12pt;line-height: 17.12px;font-family: Arial, sans-serif\">Potasium gel es el complemento para puntear y mantener a los gallos en su punto \u00f3ptimo para permitirlo en perfecto estado por la restricci\u00f3n de alimento durante el d\u00eda de exhibici\u00f3n.<\/span><\/p>\n<p class=\"MsoNormal\" style=\"font-size: medium;text-align: justify\"><span style=\"font-size: 12pt;line-height: 17.12px;font-family: Arial, sans-serif\">El potasio juega papel primordial y en conjunto con el calcio y el magnesio, juegan un papel importante en el desempe\u00f1o f\u00edsico.<\/span><\/p>\n<p class=\"MsoNormal\" style=\"font-size: medium;text-align: justify\"><span style=\"font-size: 12pt;line-height: 17.12px;font-family: Arial, sans-serif\">Mantiene humedad y elimina exceso.<\/span><\/p>\n<p class=\"MsoNormal\" style=\"font-size: medium;text-align: justify\"><span style=\"font-size: 12pt;line-height: 17.12px;font-family: Arial, sans-serif\">R\u00e1pido tr\u00e1nsito por el intestino.<\/span><\/p>\n<p class=\"MsoNormal\" style=\"font-size: medium;text-align: justify\"><b><span style=\"font-size: 12pt;line-height: 17.12px;font-family: Arial, sans-serif;color: #2c9ffd\">Dosis:<\/span><\/b><\/p>\n<p class=\"MsoNormal\" style=\"font-size: medium;text-align: justify\"><span style=\"font-size: 12pt;line-height: 17.12px;font-family: Arial, sans-serif\">1 gramo por 5 ml \u00a0de agua ofrecer como fuente energ\u00e9tica en aves en proceso de estr\u00e9s.<\/span><\/p>\n<p class=\"MsoNormal\" style=\"font-size: medium;text-align: justify\"><span style=\"font-size: 12pt;line-height: 17.12px;font-family: Arial, sans-serif\">Dar media cucharada sopera por ave 3 veces al d\u00eda, en zonas de calor se puede ofrecer de forma m\u00e1s continua.<\/span><\/p>\n<p class=\"MsoNormal\" style=\"font-size: medium;text-align: justify\"><b><span style=\"font-size: 12pt;line-height: 17.12px;font-family: Arial, sans-serif;color: #2c9ffd\">Advertencias:<\/span><\/b><\/p>\n<p class=\"MsoNormal\" style=\"font-size: medium;text-align: justify\"><span style=\"font-size: 12pt;line-height: 17.12px;font-family: Arial, sans-serif\">Producto para uso veterinario exclusivamente<\/span><\/p>\n<p class=\"MsoNormal\" style=\"font-size: medium;text-align: justify\"><span style=\"font-size: 12pt;line-height: 17.12px;font-family: Arial, sans-serif\">Cons\u00e9rvese en lugar fresco y seco protegido de la luz<\/span><\/p>\n","protected":false},"excerpt":{"rendered":"<p>F\u00f3rmula: Omega 3 400 mg Omega 6 200 mg Omega 9 300 mg Calcio 700 mg Potasio 750 mg Magnesio 300 mg Vitamina C 160 mg Vitamina b1 2 mg Uso en: V\u00eda de administraci\u00f3n: Oral Descripci\u00f3n: Potasium gel es el complemento para puntear y mantener a los gallos en su punto \u00f3ptimo para permitirlo [&hellip;]<\/p>\n","protected":false},"featured_media":244,"comment_status":"open","ping_status":"closed","template":"","meta":{"_et_pb_use_builder":"","_et_pb_old_content":"","_et_gb_content_width":"","spay_email":""},"_links":{"self":[{"href":"https:\/\/farmaciaveterinarialaconquista.com\/index.php\/wp-json\/wp\/v2\/product\/187"}],"collection":[{"href":"https:\/\/farmaciaveterinarialaconquista.com\/index.php\/wp-json\/wp\/v2\/product"}],"about":[{"href":"https:\/\/farmaciaveterinarialaconquista.com\/index.php\/wp-json\/wp\/v2\/types\/product"}],"replies":[{"embeddable":true,"href":"https:\/\/farmaciaveterinarialaconquista.com\/index.php\/wp-json\/wp\/v2\/comments?post=187"}],"wp:featuredmedia":[{"embeddable":true,"href":"https:\/\/farmaciaveterinarialaconquista.com\/index.php\/wp-json\/wp\/v2\/media\/244"}],"wp:attachment":[{"href":"https:\/\/farmaciaveterinarialaconquista.com\/index.php\/wp-json\/wp\/v2\/media?parent=187"}],"curies":[{"name":"wp","href":"https:\/\/api.w.org\/{rel}","templated":true}]}}