{"id":183,"date":"2020-04-10T02:24:51","date_gmt":"2020-04-10T07:24:51","guid":{"rendered":"http:\/\/farmaciaveterinarialaconquista.com\/index.php\/producto\/import-placeholder-for-402\/"},"modified":"2025-09-20T15:07:32","modified_gmt":"2025-09-20T21:07:32","slug":"polivit-b12-ade-10-ml","status":"publish","type":"product","link":"https:\/\/farmaciaveterinarialaconquista.com\/index.php\/producto\/polivit-b12-ade-10-ml\/","title":{"rendered":"Polivit B12 + ADE 10 ml Sobre pedido"},"content":{"rendered":"<p class=\"MsoNormal\" style=\"text-align: justify\"><b><span style=\"font-size: 12pt;line-height: 107%;font-family: Arial, 'sans-serif';color: #2c9ffd\">F\u00f3rmula:<\/span><\/b><\/p>\n<p class=\"MsoNormal\" style=\"text-align: justify\"><span style=\"font-size: 12pt;line-height: 107%;font-family: Arial, 'sans-serif'\">Vitamina A 10,000 U.I.<\/span><\/p>\n<p class=\"MsoNormal\" style=\"text-align: justify\"><span style=\"font-size: 12pt;line-height: 107%;font-family: Arial, 'sans-serif'\">Vitamina D 1,000 U.I.<\/span><\/p>\n<p class=\"MsoNormal\" style=\"text-align: justify\"><span style=\"font-size: 12pt;line-height: 107%;font-family: Arial, 'sans-serif'\">Vitamina E 1 U.I.<\/span><\/p>\n<p class=\"MsoNormal\" style=\"text-align: justify\"><span style=\"font-size: 12pt;line-height: 107%;font-family: Arial, 'sans-serif'\">Vitamina B1 100 mg<\/span><\/p>\n<p class=\"MsoNormal\" style=\"text-align: justify\"><span style=\"font-size: 12pt;line-height: 107%;font-family: Arial, 'sans-serif'\">Vitamina B2 2 mg<\/span><\/p>\n<p class=\"MsoNormal\" style=\"text-align: justify\"><span style=\"font-size: 12pt;line-height: 107%;font-family: Arial, 'sans-serif'\">Vitamina B3 100 mg<\/span><\/p>\n<p class=\"MsoNormal\" style=\"text-align: justify\"><span style=\"font-size: 12pt;line-height: 107%;font-family: Arial, 'sans-serif'\">Vitamina B5 5 mg<\/span><\/p>\n<p class=\"MsoNormal\" style=\"text-align: justify\"><span style=\"font-size: 12pt;line-height: 107%;font-family: Arial, 'sans-serif'\">Vitamina B6 5 mg<\/span><\/p>\n<p class=\"MsoNormal\" style=\"text-align: justify\"><span style=\"font-size: 12pt;line-height: 107%;font-family: Arial, 'sans-serif'\">Vitamina B12 200 mcg<\/span><\/p>\n<p class=\"MsoNormal\" style=\"text-align: justify\"><span style=\"font-size: 12pt;line-height: 107%;font-family: Arial, 'sans-serif'\">Vitamina H 50 mcg<\/span><\/p>\n<p class=\"MsoNormal\" style=\"text-align: justify\"><span style=\"font-size: 12pt;line-height: 107%;font-family: Arial, 'sans-serif'\">Veh\u00edculo, c.b.p. 1 ml<\/span><\/p>\n<p class=\"MsoNormal\" style=\"text-align: justify\"><b><span style=\"font-size: 12pt;line-height: 107%;font-family: Arial, 'sans-serif';color: #2c9ffd\">Uso en:<\/span><\/b><\/p>\n<p><img src=\"http:\/\/www.plmconnection.com\/plmservices\/VetSearchEngine\/M%C3%A9xico\/PEV39\/img\/vaca.png\" alt=\"vaca.png\" \/>\u00a0 \u00a0<img src=\"http:\/\/www.plmconnection.com\/plmservices\/VetSearchEngine\/M%C3%A9xico\/PEV39\/img\/toro.png\" alt=\"toro.png\" \/>\u00a0 \u00a0<img src=\"http:\/\/www.plmconnection.com\/plmservices\/VetSearchEngine\/M%C3%A9xico\/PEV39\/img\/becerro.png\" alt=\"becerro.png\" \/>\u00a0 \u00a0<img src=\"http:\/\/www.plmconnection.com\/plmservices\/VetSearchEngine\/M%C3%A9xico\/PEV39\/img\/caballo.png\" alt=\"caballo.png\" \/>\u00a0 \u00a0<img src=\"http:\/\/www.plmconnection.com\/plmservices\/VetSearchEngine\/M%C3%A9xico\/PEV39\/img\/oveja.png\" alt=\"oveja.png\" \/>\u00a0 \u00a0<img src=\"http:\/\/www.plmconnection.com\/plmservices\/VetSearchEngine\/M%C3%A9xico\/PEV39\/img\/cabra.png\" alt=\"cabra.png\" \/>\u00a0 \u00a0<img src=\"http:\/\/www.plmconnection.com\/plmservices\/VetSearchEngine\/M%C3%A9xico\/PEV39\/img\/porcino.png\" alt=\"porcino.png\" \/>\u00a0 \u00a0<img src=\"http:\/\/www.plmconnection.com\/plmservices\/VetSearchEngine\/M%C3%A9xico\/PEV39\/img\/porcino1.png\" alt=\"porcino1.png\" \/>\u00a0 \u00a0<img src=\"http:\/\/www.plmconnection.com\/plmservices\/VetSearchEngine\/M%C3%A9xico\/PEV39\/img\/perro.png\" alt=\"perro.png\" \/>\u00a0 \u00a0<img src=\"http:\/\/www.plmconnection.com\/plmservices\/VetSearchEngine\/M%C3%A9xico\/PEV39\/img\/gato.png\" alt=\"gato.png\" \/>\u00a0 \u00a0<img src=\"http:\/\/www.plmconnection.com\/plmservices\/VetSearchEngine\/M%C3%A9xico\/PEV39\/img\/gallina.png\" alt=\"gallina.png\" \/><\/p>\n<p class=\"MsoNormal\" style=\"text-align: justify\"><b><span style=\"font-size: 12pt;line-height: 107%;font-family: Arial, 'sans-serif';color: #2c9ffd\">V\u00eda de administraci\u00f3n:<\/span><\/b><\/p>\n<p class=\"MsoNormal\" style=\"text-align: justify\"><span style=\"font-size: 12pt;line-height: 107%;font-family: Arial, 'sans-serif'\">Intramuscular profunda.<\/span><\/p>\n<p class=\"MsoNormal\" style=\"text-align: justify\"><span style=\"font-size: 12pt;line-height: 107%;font-family: Arial, 'sans-serif'\">En peque\u00f1as especies y aves la dosis puede ser administrada por v\u00eda oral en el agua de bebida.<\/span><\/p>\n<p class=\"MsoNormal\" style=\"text-align: justify\"><span style=\"font-size: 12pt;line-height: 107%;font-family: Arial, 'sans-serif'\">Periodo de retiro:<\/span><\/p>\n<p class=\"MsoNormal\" style=\"text-align: justify\"><span style=\"font-size: 12pt;line-height: 107%;font-family: Arial, 'sans-serif'\">Carne: 30 d\u00edas.<\/span><\/p>\n<p class=\"MsoNormal\" style=\"text-align: justify\"><span style=\"font-size: 12pt;line-height: 107%;font-family: Arial, 'sans-serif'\">Leche: 0 d\u00edas.<\/span><\/p>\n<p class=\"MsoNormal\" style=\"text-align: justify\"><span style=\"font-size: 12pt;line-height: 107%;font-family: Arial, 'sans-serif'\">Consulte al M\u00e9dico Veterinario.<\/span><\/p>\n<p class=\"MsoNormal\" style=\"text-align: justify\"><b><span style=\"font-size: 12pt;line-height: 107%;font-family: Arial, 'sans-serif';color: #2c9ffd\">Descripci\u00f3n:<\/span><\/b><\/p>\n<p class=\"MsoNormal\" style=\"text-align: justify\"><span style=\"font-size: 12pt;line-height: 107%;font-family: Arial, 'sans-serif'\">Es un reconstituyente vitam\u00ednico en soluci\u00f3n inyectable que aporta tanto las vitaminas liposolubles A, D, E como las hidrosolubles del complejo B que los animales requieren.<\/span><\/p>\n<p class=\"MsoNormal\" style=\"text-align: justify\"><span style=\"font-size: 12pt;line-height: 107%;font-family: Arial, 'sans-serif'\">Mejora la conversi\u00f3n alimenticia del ganado; en los animales j\u00f3venes la aplicaci\u00f3n del producto como suplemento nutricional estimula su crecimiento y desarrollo.<\/span><\/p>\n<p class=\"MsoNormal\" style=\"text-align: justify\"><span style=\"font-size: 12pt;line-height: 107%;font-family: Arial, 'sans-serif'\">Posee una formulaci\u00f3n hidromiscible que le permite una r\u00e1pida absorci\u00f3n y disponibilidad desde el sitio de aplicaci\u00f3n, facilita la aplicaci\u00f3n del producto, no provoca necrosis o abscesos en el sitio de la inyecci\u00f3n.<\/span><\/p>\n<p class=\"MsoNormal\" style=\"text-align: justify\"><span style=\"font-size: 12pt;line-height: 107%;font-family: Arial, 'sans-serif'\">Contribuye a mejorar la fertilidad, prevenir distocias, evitar trastornos metab\u00f3licos como hipocalcemia y raquitismo.<\/span><\/p>\n<p class=\"MsoNormal\" style=\"text-align: justify\"><span style=\"font-size: 12pt;line-height: 107%;font-family: Arial, 'sans-serif'\">Mejora la respuesta a la vacunaci\u00f3n y desparasitaci\u00f3n, adem\u00e1s es \u00fatil como coadyuvante en el tratamiento de procesos infecciosos.<\/span><\/p>\n<p class=\"MsoNormal\" style=\"text-align: justify\"><span style=\"font-size: 12pt;line-height: 107%;font-family: Arial, 'sans-serif'\">Contribuye a la regeneraci\u00f3n de las mucosas da\u00f1adas por infecciones, previene la distrofia muscular en becerros y estados de ceguera nocturna.<\/span><\/p>\n<p class=\"MsoNormal\" style=\"text-align: justify\"><span style=\"font-size: 12pt;line-height: 107%;font-family: Arial, 'sans-serif'\">Disminuye el efecto de los estados de estr\u00e9s y convalecencia.<\/span><\/p>\n<p class=\"MsoNormal\" style=\"text-align: justify\"><span style=\"font-size: 12pt;line-height: 107%;font-family: Arial, 'sans-serif'\">Est\u00e1 indicado en la prevenci\u00f3n y tratamiento de las deficiencias vitam\u00ednicas en bovinos, equinos, porcinos, ovinos, caprinos, perros, gatos y aves de corral.<\/span><\/p>\n<p class=\"MsoNormal\" style=\"text-align: justify\"><b><span style=\"font-size: 12pt;line-height: 107%;font-family: Arial, 'sans-serif';color: #2c9ffd\">Dosis:<\/span><\/b><\/p>\n<p class=\"MsoNormal\" style=\"text-align: justify\"><span style=\"font-size: 12pt;line-height: 107%;font-family: Arial, 'sans-serif'\">Bovinos y equinos: 5-10 ml.<\/span><\/p>\n<p class=\"MsoNormal\" style=\"text-align: justify\"><span style=\"font-size: 12pt;line-height: 107%;font-family: Arial, 'sans-serif'\">Porcinos: 5-8 ml.<\/span><\/p>\n<p class=\"MsoNormal\" style=\"text-align: justify\"><span style=\"font-size: 12pt;line-height: 107%;font-family: Arial, 'sans-serif'\">Lechones: 1-3 ml.<\/span><\/p>\n<p class=\"MsoNormal\" style=\"text-align: justify\"><span style=\"font-size: 12pt;line-height: 107%;font-family: Arial, 'sans-serif'\">Ovinos y caprinos: 3-5 ml.<\/span><\/p>\n<p class=\"MsoNormal\" style=\"text-align: justify\"><span style=\"font-size: 12pt;line-height: 107%;font-family: Arial, 'sans-serif'\">Perros y gatos: 1-3 ml.<\/span><\/p>\n<p class=\"MsoNormal\" style=\"text-align: justify\"><span style=\"font-size: 12pt;line-height: 107%;font-family: Arial, 'sans-serif'\">Aves de corral: 0.25-1 ml.<\/span><\/p>\n<p class=\"MsoNormal\" style=\"text-align: justify\"><span style=\"font-size: 12pt;line-height: 107%;font-family: Arial, 'sans-serif'\">Frecuencia: 3 aplicaciones, una cada tercer d\u00eda.<\/span><\/p>\n<p class=\"MsoNormal\" style=\"text-align: justify\"><span style=\"font-size: 12pt;line-height: 107%;font-family: Arial, 'sans-serif'\">En aves de combate, una aplicaci\u00f3n por semana durante el entrenamiento y el cambio de pluma.<\/span><\/p>\n<p class=\"MsoNormal\" style=\"text-align: justify\"><b><span style=\"font-size: 12pt;line-height: 107%;font-family: Arial, 'sans-serif';color: #2c9ffd\">Advertencias:<\/span><\/b><\/p>\n<p class=\"MsoNormal\" style=\"text-align: justify\"><span style=\"font-size: 12pt;line-height: 107%;font-family: Arial, 'sans-serif'\">Conservar el producto en un lugar fresco, seco y protegido de la luz, a una temperatura entre 15 y 30\u00baC.<\/span><\/p>\n<p class=\"MsoNormal\" style=\"text-align: justify\"><span style=\"font-size: 12pt;line-height: 107%;font-family: Arial, 'sans-serif'\">No se deje al alcance de los ni\u00f1os ni animales dom\u00e9sticos.<\/span><\/p>\n","protected":false},"excerpt":{"rendered":"<p>F\u00f3rmula: Vitamina A 10,000 U.I. Vitamina D 1,000 U.I. Vitamina E 1 U.I. Vitamina B1 100 mg Vitamina B2 2 mg Vitamina B3 100 mg Vitamina B5 5 mg Vitamina B6 5 mg Vitamina B12 200 mcg Vitamina H 50 mcg Veh\u00edculo, c.b.p. 1 ml Uso en: \u00a0 \u00a0\u00a0 \u00a0\u00a0 \u00a0\u00a0 \u00a0\u00a0 \u00a0\u00a0 \u00a0\u00a0 \u00a0\u00a0 [&hellip;]<\/p>\n","protected":false},"featured_media":226,"comment_status":"open","ping_status":"closed","template":"","meta":{"_et_pb_use_builder":"","_et_pb_old_content":"","_et_gb_content_width":"","spay_email":""},"_links":{"self":[{"href":"https:\/\/farmaciaveterinarialaconquista.com\/index.php\/wp-json\/wp\/v2\/product\/183"}],"collection":[{"href":"https:\/\/farmaciaveterinarialaconquista.com\/index.php\/wp-json\/wp\/v2\/product"}],"about":[{"href":"https:\/\/farmaciaveterinarialaconquista.com\/index.php\/wp-json\/wp\/v2\/types\/product"}],"replies":[{"embeddable":true,"href":"https:\/\/farmaciaveterinarialaconquista.com\/index.php\/wp-json\/wp\/v2\/comments?post=183"}],"wp:featuredmedia":[{"embeddable":true,"href":"https:\/\/farmaciaveterinarialaconquista.com\/index.php\/wp-json\/wp\/v2\/media\/226"}],"wp:attachment":[{"href":"https:\/\/farmaciaveterinarialaconquista.com\/index.php\/wp-json\/wp\/v2\/media?parent=183"}],"curies":[{"name":"wp","href":"https:\/\/api.w.org\/{rel}","templated":true}]}}