{"id":182,"date":"2020-04-10T02:24:51","date_gmt":"2020-04-10T07:24:51","guid":{"rendered":"http:\/\/farmaciaveterinarialaconquista.com\/index.php\/producto\/import-placeholder-for-401\/"},"modified":"2026-04-07T20:47:23","modified_gmt":"2026-04-08T02:47:23","slug":"pet-gard-reformulado-10-kilos-caja-6-tbs","status":"publish","type":"product","link":"https:\/\/farmaciaveterinarialaconquista.com\/index.php\/producto\/pet-gard-reformulado-10-kilos-caja-6-tbs\/","title":{"rendered":"Pet gard reformulado 10 kilos caja 6 tbs"},"content":{"rendered":"<p class=\"MsoNormal\" style=\"font-size: medium;text-align: justify\"><b><span style=\"font-size: 12pt;line-height: 17.12px;font-family: Arial, sans-serif;color: #2c9ffd\">F\u00f3rmula:<\/span><\/b><\/p>\n<p class=\"MsoNormal\" style=\"font-size: medium;text-align: justify\"><span style=\"font-size: 12pt;line-height: 17.12px;font-family: Arial, sans-serif\">Ivermectina 1 mg<\/span><\/p>\n<p class=\"MsoNormal\" style=\"font-size: medium;text-align: justify\"><span style=\"font-size: 12pt;line-height: 17.12px;font-family: Arial, sans-serif\">Albendazol 300 mg<\/span><\/p>\n<p class=\"MsoNormal\" style=\"font-size: medium;text-align: justify\"><span style=\"font-size: 12pt;line-height: 17.12px;font-family: Arial, sans-serif\">Prazicuantel 50 mg<\/span><\/p>\n<p class=\"MsoNormal\" style=\"font-size: medium;text-align: justify\"><span style=\"font-size: 12pt;line-height: 17.12px;font-family: Arial, sans-serif\">Excipiente c.b.p. 1 tableta<\/span><\/p>\n<p class=\"MsoNormal\" style=\"font-size: medium;text-align: justify\"><b><span style=\"font-size: 12pt;line-height: 17.12px;font-family: Arial, sans-serif;color: #2c9ffd\">Uso en:<\/span><\/b><\/p>\n<p><img style=\"font-size: 11px\" src=\"http:\/\/www.plmconnection.com\/plmservices\/VetSearchEngine\/M%C3%A9xico\/PEV39\/img\/perro.png\" alt=\"perro.png\" \/><span style=\"font-size: 11px\">\u00a0 \u00a0<\/span><img style=\"font-size: 11px\" src=\"http:\/\/www.plmconnection.com\/plmservices\/VetSearchEngine\/M%C3%A9xico\/PEV39\/img\/gato.png\" alt=\"gato.png\" \/><\/p>\n<p class=\"MsoNormal\" style=\"font-size: medium;text-align: justify\"><b><span style=\"font-size: 12pt;line-height: 17.12px;font-family: Arial, sans-serif;color: #2c9ffd\">V\u00eda de administraci\u00f3n:<\/span><\/b><\/p>\n<p class=\"MsoNormal\" style=\"font-size: medium;text-align: justify\"><span style=\"font-size: 12pt;line-height: 17.12px;font-family: Arial, sans-serif\">Oral<\/span><\/p>\n<p class=\"MsoNormal\" style=\"font-size: medium;text-align: justify\"><b><span style=\"font-size: 12pt;line-height: 17.12px;font-family: Arial, sans-serif;color: #2c9ffd\">Descripci\u00f3n:<\/span><\/b><\/p>\n<p class=\"MsoNormal\" style=\"font-size: medium;text-align: justify\"><span style=\"font-size: 12pt;line-height: 17.12px;font-family: Arial, sans-serif\">Tratamiento de parasitosis internas en caninos y felinos dom\u00e9sticos.<\/span><\/p>\n<p class=\"MsoNormal\" style=\"font-size: medium;text-align: justify\"><span style=\"font-size: 12pt;line-height: 17.12px;font-family: Arial, sans-serif\">Pet-Gard Reformulado por su amplio espectro de acci\u00f3n y efecto residual de 28 d\u00edas, est\u00e1 indicado en el tratamiento de infestaciones internas causadas por nem\u00e1todos (gastroent\u00e9ricos, pulmonares, renales y microfilarias), c\u00e9stodos y algunas externas como: piojos, pulgas y \u00e1caros.<\/span><\/p>\n<p class=\"MsoNormal\" style=\"font-size: medium;text-align: justify\"><b><span style=\"font-size: 12pt;line-height: 17.12px;font-family: Arial, sans-serif;color: #2c9ffd\">Dosis:<\/span><\/b><\/p>\n<p class=\"MsoNormal\" style=\"font-size: medium;text-align: justify\"><span style=\"font-size: 12pt;line-height: 17.12px;font-family: Arial, sans-serif\">Administrar una tableta por cada 10 kg de peso corporal en una sola toma. A criterio del M\u00e9dico Veterinario.<\/span><\/p>\n","protected":false},"excerpt":{"rendered":"<p>F\u00f3rmula: Ivermectina 1 mg Albendazol 300 mg Prazicuantel 50 mg Excipiente c.b.p. 1 tableta Uso en: \u00a0 \u00a0 V\u00eda de administraci\u00f3n: Oral Descripci\u00f3n: Tratamiento de parasitosis internas en caninos y felinos dom\u00e9sticos. Pet-Gard Reformulado por su amplio espectro de acci\u00f3n y efecto residual de 28 d\u00edas, est\u00e1 indicado en el tratamiento de infestaciones internas causadas [&hellip;]<\/p>\n","protected":false},"featured_media":225,"comment_status":"open","ping_status":"closed","template":"","meta":{"_et_pb_use_builder":"","_et_pb_old_content":"","_et_gb_content_width":"","spay_email":""},"_links":{"self":[{"href":"https:\/\/farmaciaveterinarialaconquista.com\/index.php\/wp-json\/wp\/v2\/product\/182"}],"collection":[{"href":"https:\/\/farmaciaveterinarialaconquista.com\/index.php\/wp-json\/wp\/v2\/product"}],"about":[{"href":"https:\/\/farmaciaveterinarialaconquista.com\/index.php\/wp-json\/wp\/v2\/types\/product"}],"replies":[{"embeddable":true,"href":"https:\/\/farmaciaveterinarialaconquista.com\/index.php\/wp-json\/wp\/v2\/comments?post=182"}],"wp:featuredmedia":[{"embeddable":true,"href":"https:\/\/farmaciaveterinarialaconquista.com\/index.php\/wp-json\/wp\/v2\/media\/225"}],"wp:attachment":[{"href":"https:\/\/farmaciaveterinarialaconquista.com\/index.php\/wp-json\/wp\/v2\/media?parent=182"}],"curies":[{"name":"wp","href":"https:\/\/api.w.org\/{rel}","templated":true}]}}