{"id":18,"date":"2020-04-10T02:22:37","date_gmt":"2020-04-10T07:22:37","guid":{"rendered":"http:\/\/farmaciaveterinarialaconquista.com\/index.php\/producto\/import-placeholder-for-271\/"},"modified":"2024-11-16T13:00:11","modified_gmt":"2024-11-16T19:00:11","slug":"ascorbol-plus-50-tbs","status":"publish","type":"product","link":"https:\/\/farmaciaveterinarialaconquista.com\/index.php\/producto\/ascorbol-plus-50-tbs\/","title":{"rendered":"Ascorbol Plus 50 tbs"},"content":{"rendered":"<p>Si ves este producto agotado, env\u00eda un WhatsApp para revisar si hay en mostrador.<\/p>\n<p><strong><b>Formula:<\/b><\/strong><\/p>\n<p>Vitamina A 5,000 U.I.<\/p>\n<p>Vitamina B1 3 mg<\/p>\n<p>Vitamina B2 2 mg<\/p>\n<p>Vitamina B3 20 mg<\/p>\n<p>Vitamina B6 0.5 mg<\/p>\n<p>Vitamina B12 1 mg<\/p>\n<p>Vitamina C 37.5 mg<\/p>\n<p>Vitamina D3 1,000 U.I.<\/p>\n<p>Troxerutina 3 mg<\/p>\n<p>Glicerofosfato de calcio 10 mg<\/p>\n<p>Pantotenato de calcio 5 mg<\/p>\n<p>Excipiente, c.b.p. 1 tableta.<\/p>\n<p><strong><b>Uso en:<\/b><\/strong><\/p>\n<p><img src=\"http:\/\/www.plmconnection.com\/plmservices\/VetSearchEngine\/M%C3%A9xico\/PEV39\/img\/gallo.png\" \/><\/p>\n<p><strong><b>V\u00eda de administraci\u00f3n:<\/b><\/strong><\/p>\n<p>Oral.<\/p>\n<p><strong><b>Descripci\u00f3n:<\/b><\/strong><\/p>\n<p>Recomendado para gallos de alto registro y ornato que requieran m\u00e1xima energ\u00eda, mayor resistencia y velocidad. Aumenta y maximiza la resistencia f\u00edsica y de los vasos sangu\u00edneos.<\/p>\n<p><strong><b>Dosis:<\/b><\/strong><\/p>\n<p>Gallos de alto registro y ornato: 1 tableta al d\u00eda durante los 20 d\u00edas previos a la exhibici\u00f3n.<\/p>\n<p>Sementales y reproductoras: 1 tableta cada 30 d\u00edas.<\/p>\n<p>A recomendaci\u00f3n del M\u00e9dico Veterinario.<\/p>\n<p><strong><b>Advertencias:<\/b><\/strong><\/p>\n<p>Cons\u00e9rvese en un lugar fresco y seco, protegido de la luz solar directa y fuentes de calor a una temperatura entre 15 y 30\u00b0C. Mant\u00e9ngase fuera del alcance de los ni\u00f1os y animales dom\u00e9sticos.<\/p>\n<p>Producto de uso exclusivamente veterinario.<\/p>\n<p>&nbsp;<\/p>\n","protected":false},"excerpt":{"rendered":"<p>Si ves este producto agotado, env\u00eda un WhatsApp para revisar si hay en mostrador. Formula: Vitamina A 5,000 U.I. Vitamina B1 3 mg Vitamina B2 2 mg Vitamina B3 20 mg Vitamina B6 0.5 mg Vitamina B12 1 mg Vitamina C 37.5 mg Vitamina D3 1,000 U.I. Troxerutina 3 mg Glicerofosfato de calcio 10 mg [&hellip;]<\/p>\n","protected":false},"featured_media":48,"comment_status":"open","ping_status":"closed","template":"","meta":{"_et_pb_use_builder":"","_et_pb_old_content":"","_et_gb_content_width":"","spay_email":""},"_links":{"self":[{"href":"https:\/\/farmaciaveterinarialaconquista.com\/index.php\/wp-json\/wp\/v2\/product\/18"}],"collection":[{"href":"https:\/\/farmaciaveterinarialaconquista.com\/index.php\/wp-json\/wp\/v2\/product"}],"about":[{"href":"https:\/\/farmaciaveterinarialaconquista.com\/index.php\/wp-json\/wp\/v2\/types\/product"}],"replies":[{"embeddable":true,"href":"https:\/\/farmaciaveterinarialaconquista.com\/index.php\/wp-json\/wp\/v2\/comments?post=18"}],"wp:featuredmedia":[{"embeddable":true,"href":"https:\/\/farmaciaveterinarialaconquista.com\/index.php\/wp-json\/wp\/v2\/media\/48"}],"wp:attachment":[{"href":"https:\/\/farmaciaveterinarialaconquista.com\/index.php\/wp-json\/wp\/v2\/media?parent=18"}],"curies":[{"name":"wp","href":"https:\/\/api.w.org\/{rel}","templated":true}]}}