{"id":177,"date":"2020-04-10T02:24:51","date_gmt":"2020-04-10T07:24:51","guid":{"rendered":"http:\/\/farmaciaveterinarialaconquista.com\/index.php\/producto\/import-placeholder-for-396\/"},"modified":"2025-09-20T15:04:01","modified_gmt":"2025-09-20T21:04:01","slug":"parastin-dog-caja-6-tbs","status":"publish","type":"product","link":"https:\/\/farmaciaveterinarialaconquista.com\/index.php\/producto\/parastin-dog-caja-6-tbs\/","title":{"rendered":"Parastin dog caja 6 tbs"},"content":{"rendered":"<p class=\"MsoNormal\" style=\"text-align: justify\"><b><span style=\"font-size: 12pt;line-height: 107%;font-family: Arial, 'sans-serif';color: #2c9ffd\">F\u00f3rmula:<\/span><\/b><\/p>\n<p class=\"MsoNormal\" style=\"text-align: justify\"><span style=\"font-size: 12pt;line-height: 107%;font-family: Arial, 'sans-serif'\">Ivermectina 0.06 mg<\/span><\/p>\n<p class=\"MsoNormal\" style=\"text-align: justify\"><span style=\"font-size: 12pt;line-height: 107%;font-family: Arial, 'sans-serif'\">Praziquantel 50.00 mg<\/span><\/p>\n<p class=\"MsoNormal\" style=\"text-align: justify\"><span style=\"font-size: 12pt;line-height: 107%;font-family: Arial, 'sans-serif'\">Pirantel 144.00 mg<\/span><\/p>\n<p class=\"MsoNormal\" style=\"text-align: justify\"><span style=\"font-size: 12pt;line-height: 107%;font-family: Arial, 'sans-serif'\">Febantel 150.00 mg<\/span><\/p>\n<p class=\"MsoNormal\" style=\"text-align: justify\"><span style=\"font-size: 12pt;line-height: 107%;font-family: Arial, 'sans-serif'\">Excipiente, c.b.p. 1 tableta.<\/span><\/p>\n<p class=\"MsoNormal\" style=\"text-align: justify\"><b><span style=\"font-size: 12pt;line-height: 107%;font-family: Arial, 'sans-serif';color: #2c9ffd\">Uso en:<\/span><\/b><\/p>\n<p><img src=\"http:\/\/www.plmconnection.com\/plmservices\/VetSearchEngine\/M%C3%A9xico\/PEV39\/img\/perro.png\" alt=\"perro.png\" \/>\u00a0 \u00a0<img src=\"http:\/\/www.plmconnection.com\/plmservices\/VetSearchEngine\/M%C3%A9xico\/PEV39\/img\/gato.png\" alt=\"gato.png\" \/><\/p>\n<p class=\"MsoNormal\" style=\"text-align: justify\"><b><span style=\"font-size: 12pt;line-height: 107%;font-family: Arial, 'sans-serif';color: #2c9ffd\">V\u00eda de administraci\u00f3n:<\/span><\/b><\/p>\n<p class=\"MsoNormal\" style=\"text-align: justify\"><span style=\"font-size: 12pt;line-height: 107%;font-family: Arial, 'sans-serif'\">Oral o mezclado en alimento.<\/span><\/p>\n<p class=\"MsoNormal\" style=\"text-align: justify\"><b><span style=\"font-size: 12pt;line-height: 107%;font-family: Arial, 'sans-serif';color: #2c9ffd\">Descripci\u00f3n:<\/span><\/b><\/p>\n<p class=\"MsoNormal\" style=\"text-align: justify\"><span style=\"font-size: 12pt;line-height: 107%;font-family: Arial, 'sans-serif'\">Es un antihelm\u00edntico de amplio espectro. La ivermectina, prazicuantel, pirantel y febantel son antiparasitarios ampliamente estudiados, mostrando ser excelentes en el control y tratamiento de enfermedades parasitarias de perros y gatos.<\/span><\/p>\n<p class=\"MsoNormal\" style=\"text-align: justify\"><span style=\"font-size: 12pt;line-height: 107%;font-family: Arial, 'sans-serif'\">El mecanismo de acci\u00f3n de la ivermectina se manifiesta directamente sobre el sistema nervioso de los nem\u00e1todos uni\u00e9ndose a los canales ani\u00f3nicos glutamados del calcio, del \u00e1cido gamma-amino-but\u00edrico (GABA), que est\u00e1n presentes en los nervios y en las c\u00e9lulas musculares de los invertebrados, causando par\u00e1lisis muscular de la faringe y muerte de los par\u00e1sitos por asfixia e inanici\u00f3n.<\/span><\/p>\n<p class=\"MsoNormal\" style=\"text-align: justify\"><span style=\"font-size: 12pt;line-height: 107%;font-family: Arial, 'sans-serif'\">La ivermectina sinergiza al GABA estimulando la conductancia del GABA, es decir, estimula el sistema inhibidor de actividades funcionales no vitales, teniendo amplio espectro endoparasiticida paralizando a los nem\u00e1todos.<\/span><\/p>\n<p class=\"MsoNormal\" style=\"text-align: justify\"><span style=\"font-size: 12pt;line-height: 107%;font-family: Arial, 'sans-serif'\">El mecanismo de acci\u00f3n de prazicuantel consiste en un aumento de permeabilidad de la membrana celular al ion calcio, lo que lleva a una concentraci\u00f3n de calcio en el m\u00fasculo muy marcada, manifest\u00e1ndose en una par\u00e1lisis muscular esp\u00e1stica, adem\u00e1s de la vacuolizaci\u00f3n y desintegraci\u00f3n del tegumento (envoltura parasitaria) dejando inerte al par\u00e1sito.<\/span><\/p>\n<p class=\"MsoNormal\" style=\"text-align: justify\"><span style=\"font-size: 12pt;line-height: 107%;font-family: Arial, 'sans-serif'\">El pirantel pertenece al grupo qu\u00edmico de las tetrahidropirimidinas, que act\u00faan despolarizado la uni\u00f3n neuromuscular del par\u00e1sito irreversiblemente dando como resultado una par\u00e1lisis esp\u00e1stica.<\/span><\/p>\n<p class=\"MsoNormal\" style=\"text-align: justify\"><span style=\"font-size: 12pt;line-height: 107%;font-family: Arial, 'sans-serif'\">El febantel pertenece al grupo de los pro-benzimidazoles y act\u00faa sobre las uniones de la subunidad de tubulina e interfiere con la formaci\u00f3n de los microt\u00fabulos, y por lo tanto, del citoesqueleto de las c\u00e9lulas del par\u00e1sito.<\/span><\/p>\n<p class=\"MsoNormal\" style=\"text-align: justify\"><span style=\"font-size: 12pt;line-height: 107%;font-family: Arial, 'sans-serif'\">Est\u00e1 indicado en el programa de eliminaci\u00f3n y control de las parasitosis por:<\/span><\/p>\n<p class=\"MsoNormal\" style=\"text-align: justify\"><span style=\"font-size: 12pt;line-height: 107%;font-family: Arial, 'sans-serif'\">Nem\u00e1todos:<\/span><\/p>\n<p class=\"MsoNormal\" style=\"text-align: justify\"><span style=\"font-size: 12pt;line-height: 107%;font-family: Arial, 'sans-serif'\">Asc\u00e1ridos: Toxocara canis, Toxocara cati y Toxocara leonina.<\/span><\/p>\n<p class=\"MsoNormal\" style=\"text-align: justify\"><span style=\"font-size: 12pt;line-height: 107%;font-family: Arial, 'sans-serif'\">Tricoc\u00e9falos: Trichuris vulpis.<\/span><\/p>\n<p class=\"MsoNormal\" style=\"text-align: justify\"><span style=\"font-size: 12pt;line-height: 107%;font-family: Arial, 'sans-serif'\">Ancilost\u00f3midos: Uncinaria stenocephala, Ancylostoma caninum, Ancylostoma tubaeforme.<\/span><\/p>\n<p class=\"MsoNormal\" style=\"text-align: justify\"><span style=\"font-size: 12pt;line-height: 107%;font-family: Arial, 'sans-serif'\">Dirofilarias: Dirofilaria immitis.<\/span><\/p>\n<p class=\"MsoNormal\" style=\"text-align: justify\"><span style=\"font-size: 12pt;line-height: 107%;font-family: Arial, 'sans-serif'\">C\u00e9stodos:<\/span><\/p>\n<p class=\"MsoNormal\" style=\"text-align: justify\"><span style=\"font-size: 12pt;line-height: 107%;font-family: Arial, 'sans-serif'\">Taenia pisiformis, Taenia hydatigena, Hydatigera taeniaeformis, Echinococcus granulosus y Dipylidium caninum.<\/span><\/p>\n<p class=\"MsoNormal\" style=\"text-align: justify\"><span style=\"font-size: 12pt;line-height: 107%;font-family: Arial, 'sans-serif'\">Protozoarios:<\/span><\/p>\n<p class=\"MsoNormal\" style=\"text-align: justify\"><span style=\"font-size: 12pt;line-height: 107%;font-family: Arial, 'sans-serif'\">Giardia spp.<\/span><\/p>\n<p class=\"MsoNormal\" style=\"text-align: justify\"><span style=\"font-size: 12pt;line-height: 107%;font-family: Arial, 'sans-serif'\">Amplio espectro de acci\u00f3n sobre nem\u00e1todos, c\u00e9stodos y protozoarios.<\/span><\/p>\n<p class=\"MsoNormal\" style=\"text-align: justify\"><span style=\"font-size: 12pt;line-height: 107%;font-family: Arial, 'sans-serif'\">Presenta cuatro mecanismos de acci\u00f3n diferentes disminuyendo as\u00ed la resistencia antiparasitaria.<\/span><\/p>\n<p class=\"MsoNormal\" style=\"text-align: justify\"><span style=\"font-size: 12pt;line-height: 107%;font-family: Arial, 'sans-serif'\">La presencia del producto en la luz intestinal lo lleva a su eliminaci\u00f3n en heces.<\/span><\/p>\n<p class=\"MsoNormal\" style=\"text-align: justify\"><span style=\"font-size: 12pt;line-height: 107%;font-family: Arial, 'sans-serif'\">No tiene efectos secundarios al ser administrado a dosis terap\u00e9uticas en animales j\u00f3venes, enfermos o debilitados.<\/span><\/p>\n<p class=\"MsoNormal\" style=\"text-align: justify\"><span style=\"font-size: 12pt;line-height: 107%;font-family: Arial, 'sans-serif'\">Puede proporcionarse solo o mezclado con el alimento.<\/span><\/p>\n<p class=\"MsoNormal\" style=\"text-align: justify\"><span style=\"font-size: 12pt;line-height: 107%;font-family: Arial, 'sans-serif'\">Alta actividad antiparasitaria por la sinergia en la combinaci\u00f3n de sus cuatro principios activos.<\/span><\/p>\n<p class=\"MsoNormal\" style=\"text-align: justify\"><span style=\"font-size: 12pt;line-height: 107%;font-family: Arial, 'sans-serif'\">Posee amplio margen de seguridad para perros y gatos.<\/span><\/p>\n<p class=\"MsoNormal\" style=\"text-align: justify\"><span style=\"font-size: 12pt;line-height: 107%;font-family: Arial, 'sans-serif'\">El ciclo enterohep\u00e1tico de uno de sus activos le permite tener una permanencia mayor a nivel intestinal.<\/span><\/p>\n<p class=\"MsoNormal\" style=\"text-align: justify\"><b><span style=\"font-size: 12pt;line-height: 107%;font-family: Arial, 'sans-serif';color: #2c9ffd\">Dosis:<\/span><\/b><\/p>\n<p class=\"MsoNormal\" style=\"text-align: justify\"><span style=\"font-size: 12pt;line-height: 107%;font-family: Arial, 'sans-serif'\">Una tableta por cada 10 kg de peso. \u00bd tableta por cada 5 kg de peso, \u00bc de tableta por cada 2.5 kg de peso. En una sola toma. En caso de cachorros administrar una segunda toma al mes y posteriormente programar una toma cada tres meses.<\/span><\/p>\n<p class=\"MsoNormal\" style=\"text-align: justify\"><span style=\"font-size: 12pt;line-height: 107%;font-family: Arial, 'sans-serif'\">En caso de giardiasis aplicar una toma cada 24 horas por 3 d\u00edas.<\/span><\/p>\n<p class=\"MsoNormal\" style=\"text-align: justify\"><b><span style=\"font-size: 12pt;line-height: 107%;font-family: Arial, 'sans-serif';color: #2c9ffd\">Advertencias<\/span><\/b><span style=\"font-size: 12pt;line-height: 107%;font-family: Arial, 'sans-serif'\">:<\/span><\/p>\n<p class=\"MsoNormal\" style=\"text-align: justify\"><span style=\"font-size: 12pt;line-height: 107%;font-family: Arial, 'sans-serif'\">Ninguna a la dosis terap\u00e9utica recomendada, pudiendo ser administrado a hembras gestantes, cachorros j\u00f3venes (20 d\u00edas de edad) y animales debilitados. Mantenga almacenado y maneje el producto fuera del alcance de los ni\u00f1os.<\/span><\/p>\n<p class=\"MsoNormal\" style=\"text-align: justify\"><span style=\"font-size: 12pt;line-height: 107%;font-family: Arial, 'sans-serif'\">Algunas razas de perros pueden presentar reacciones al\u00e9rgicas a las ivermectinas, como el Collie, principalmente cuando se utilizan dosis mayores a las recomendadas.<\/span><\/p>\n","protected":false},"excerpt":{"rendered":"<p>F\u00f3rmula: Ivermectina 0.06 mg Praziquantel 50.00 mg Pirantel 144.00 mg Febantel 150.00 mg Excipiente, c.b.p. 1 tableta. Uso en: \u00a0 \u00a0 V\u00eda de administraci\u00f3n: Oral o mezclado en alimento. Descripci\u00f3n: Es un antihelm\u00edntico de amplio espectro. La ivermectina, prazicuantel, pirantel y febantel son antiparasitarios ampliamente estudiados, mostrando ser excelentes en el control y tratamiento de [&hellip;]<\/p>\n","protected":false},"featured_media":220,"comment_status":"open","ping_status":"closed","template":"","meta":{"_et_pb_use_builder":"","_et_pb_old_content":"","_et_gb_content_width":"","spay_email":""},"_links":{"self":[{"href":"https:\/\/farmaciaveterinarialaconquista.com\/index.php\/wp-json\/wp\/v2\/product\/177"}],"collection":[{"href":"https:\/\/farmaciaveterinarialaconquista.com\/index.php\/wp-json\/wp\/v2\/product"}],"about":[{"href":"https:\/\/farmaciaveterinarialaconquista.com\/index.php\/wp-json\/wp\/v2\/types\/product"}],"replies":[{"embeddable":true,"href":"https:\/\/farmaciaveterinarialaconquista.com\/index.php\/wp-json\/wp\/v2\/comments?post=177"}],"wp:featuredmedia":[{"embeddable":true,"href":"https:\/\/farmaciaveterinarialaconquista.com\/index.php\/wp-json\/wp\/v2\/media\/220"}],"wp:attachment":[{"href":"https:\/\/farmaciaveterinarialaconquista.com\/index.php\/wp-json\/wp\/v2\/media?parent=177"}],"curies":[{"name":"wp","href":"https:\/\/api.w.org\/{rel}","templated":true}]}}