{"id":17,"date":"2020-04-10T02:22:36","date_gmt":"2020-04-10T07:22:36","guid":{"rendered":"http:\/\/farmaciaveterinarialaconquista.com\/index.php\/producto\/import-placeholder-for-270\/"},"modified":"2025-06-08T22:20:14","modified_gmt":"2025-06-09T04:20:14","slug":"aratest-2500-10-ml","status":"publish","type":"product","link":"https:\/\/farmaciaveterinarialaconquista.com\/index.php\/producto\/aratest-2500-10-ml\/","title":{"rendered":"Aratest 2500 10 ml"},"content":{"rendered":"<p><strong><b>F\u00f3rmula:<\/b><\/strong><\/p>\n<p>Propionato de testosterona 50 mg<\/p>\n<p>Enantato de testosterona 200 mg<\/p>\n<p>Veh\u00edculo, c.b.p. 1 ml.<\/p>\n<p><strong><b>Uso en:<\/b><\/strong><\/p>\n<p><img src=\"http:\/\/www.plmconnection.com\/plmservices\/VetSearchEngine\/M%C3%A9xico\/PEV39\/img\/toro.png\" \/><\/p>\n<p><strong><b>V\u00eda de administraci\u00f3n:<\/b><\/strong><\/p>\n<p>Intramuscular.<\/p>\n<p><strong><b>Descripci\u00f3n:<\/b><\/strong><\/p>\n<p>Por su uso androg\u00e9nico se indica en los casos de deficiente desarrollo y maduraci\u00f3n de los \u00f3rganos sexuales y de las gl\u00e1ndulas accesorias (pr\u00f3stata, ves\u00edculas seminales). Adem\u00e1s estimula la espermatog\u00e9nesis y la libido (deseo sexual).<\/p>\n<p><strong><b>Dosis:<\/b><\/strong><\/p>\n<p>Bovinos: 0.5 a 1 ml.<\/p>\n<p>El tratamiento puede repetirse a las 3 semanas.<\/p>\n<p>A recomendaci\u00f3n del M\u00e9dico Veterinario.<\/p>\n<p><strong><b>Advertencias:<\/b><\/strong><\/p>\n<p>No administrar 60 d\u00edas antes del sacrificio de animales destinados al consumo humano. La sobredosificaci\u00f3n y tratamientos prolongados pueden causar par\u00e1lisis peneana y en animales j\u00f3venes el cierre epifisiario prematuro. No administre si existen tumores en la pr\u00f3stata. Este producto puede ser t\u00f3xico para el humano. Cons\u00e9rvese en un lugar fresco y seco, protegido de la luz solar directa y fuentes de calor a una temperatura entre 15 y 30\u00b0C.<\/p>\n<p>Mant\u00e9ngase fuera del alcance de los ni\u00f1os y animales dom\u00e9sticos.<\/p>\n<p>Producto de uso exclusivamente veterinario.<\/p>\n<p>Su venta requiere receta m\u00e9dica cuantificada.<\/p>\n","protected":false},"excerpt":{"rendered":"<p>F\u00f3rmula: Propionato de testosterona 50 mg Enantato de testosterona 200 mg Veh\u00edculo, c.b.p. 1 ml. Uso en: V\u00eda de administraci\u00f3n: Intramuscular. Descripci\u00f3n: Por su uso androg\u00e9nico se indica en los casos de deficiente desarrollo y maduraci\u00f3n de los \u00f3rganos sexuales y de las gl\u00e1ndulas accesorias (pr\u00f3stata, ves\u00edculas seminales). Adem\u00e1s estimula la espermatog\u00e9nesis y la libido [&hellip;]<\/p>\n","protected":false},"featured_media":47,"comment_status":"open","ping_status":"closed","template":"","meta":{"_et_pb_use_builder":"","_et_pb_old_content":"","_et_gb_content_width":"","spay_email":""},"_links":{"self":[{"href":"https:\/\/farmaciaveterinarialaconquista.com\/index.php\/wp-json\/wp\/v2\/product\/17"}],"collection":[{"href":"https:\/\/farmaciaveterinarialaconquista.com\/index.php\/wp-json\/wp\/v2\/product"}],"about":[{"href":"https:\/\/farmaciaveterinarialaconquista.com\/index.php\/wp-json\/wp\/v2\/types\/product"}],"replies":[{"embeddable":true,"href":"https:\/\/farmaciaveterinarialaconquista.com\/index.php\/wp-json\/wp\/v2\/comments?post=17"}],"wp:featuredmedia":[{"embeddable":true,"href":"https:\/\/farmaciaveterinarialaconquista.com\/index.php\/wp-json\/wp\/v2\/media\/47"}],"wp:attachment":[{"href":"https:\/\/farmaciaveterinarialaconquista.com\/index.php\/wp-json\/wp\/v2\/media?parent=17"}],"curies":[{"name":"wp","href":"https:\/\/api.w.org\/{rel}","templated":true}]}}