{"id":160,"date":"2020-04-10T02:24:29","date_gmt":"2020-04-10T07:24:29","guid":{"rendered":"http:\/\/farmaciaveterinarialaconquista.com\/index.php\/producto\/import-placeholder-for-392\/"},"modified":"2025-09-20T15:08:07","modified_gmt":"2025-09-20T21:08:07","slug":"pangamine-250-10-ml","status":"publish","type":"product","link":"https:\/\/farmaciaveterinarialaconquista.com\/index.php\/producto\/pangamine-250-10-ml\/","title":{"rendered":"Pangamine 250 10 ml"},"content":{"rendered":"<p class=\"MsoNormal\" style=\"text-align: justify\"><b><span style=\"font-size: 12pt;line-height: 107%;font-family: Arial, 'sans-serif';color: #2c9ffd\">F\u00f3rmula:<\/span><\/b><\/p>\n<p class=\"MsoNormal\" style=\"text-align: justify\"><span style=\"font-size: 12pt;line-height: 107%;font-family: Arial, 'sans-serif'\">Pangamato de sodio (vitamina B15 ) 250 mg<\/span><\/p>\n<p class=\"MsoNormal\" style=\"text-align: justify\"><span style=\"font-size: 12pt;line-height: 107%;font-family: Arial, 'sans-serif'\">Alcohol benc\u00edlico 1.85%<\/span><\/p>\n<p class=\"MsoNormal\" style=\"text-align: justify\"><span style=\"font-size: 12pt;line-height: 107%;font-family: Arial, 'sans-serif'\">Veh\u00edculo, c.b.p. 1 mL.<\/span><\/p>\n<p class=\"MsoNormal\" style=\"text-align: justify\"><b><span style=\"font-size: 12pt;line-height: 107%;font-family: Arial, 'sans-serif';color: #2c9ffd\">Uso en:<\/span><\/b><\/p>\n<p><img src=\"http:\/\/www.plmconnection.com\/plmservices\/VetSearchEngine\/M%C3%A9xico\/PEV39\/img\/caballo.png\" alt=\"caballo.png\" \/>\u00a0 \u00a0<img src=\"http:\/\/www.plmconnection.com\/plmservices\/VetSearchEngine\/M%C3%A9xico\/PEV39\/img\/perro.png\" alt=\"perro.png\" \/><\/p>\n<p class=\"MsoNormal\" style=\"text-align: justify\"><span style=\"font-size: 12pt;line-height: 107%;font-family: Arial, 'sans-serif'\"><span style=\"color: #2c9ffd\"><strong>V\u00eda de administraci\u00f3n:<\/strong><\/span><\/span><\/p>\n<p class=\"MsoNormal\" style=\"text-align: justify\"><span style=\"font-size: 12pt;line-height: 107%;font-family: Arial, 'sans-serif'\">Intravenosa o intramuscular.<\/span><\/p>\n<p class=\"MsoNormal\" style=\"text-align: justify\"><b><span style=\"font-size: 12pt;line-height: 107%;font-family: Arial, 'sans-serif';color: #2c9ffd\">Descripci\u00f3n:<\/span><\/b><\/p>\n<p class=\"MsoNormal\" style=\"text-align: justify\"><span style=\"font-size: 12pt;line-height: 107%;font-family: Arial, 'sans-serif'\">Estimulante de la respiraci\u00f3n celular, ayuda a eliminar toxinas, venenos ex\u00f3genos y material de desecho.<\/span><\/p>\n<p class=\"MsoNormal\" style=\"text-align: justify\"><span style=\"font-size: 12pt;line-height: 107%;font-family: Arial, 'sans-serif'\">Promueve la mejor utilizaci\u00f3n del ox\u00edgeno y el aprovechamiento del potencial energ\u00e9tico.<\/span><\/p>\n<p class=\"MsoNormal\" style=\"text-align: justify\"><span style=\"font-size: 12pt;line-height: 107%;font-family: Arial, 'sans-serif'\">Aumenta la creatina muscular, promoviendo la mejor utilizaci\u00f3n del ox\u00edgeno, mejorando la respiraci\u00f3n celular y eliminando as\u00ed m\u00e1s r\u00e1pidamente las toxinas y metabolitos de desecho. Tiene aplicaci\u00f3n en las neuritis, artritis, angina de pecho, insuficiencia coronaria y en enfermedades reum\u00e1ticas. Para el tratamiento de la neuritis, artritis, padecimientos reum\u00e1ticos, astenia; en estados de convalecencia y posoperatorios, as\u00ed como en situaciones de estr\u00e9s, en las fallas card\u00edacas, la angina de pecho y la insuficiencia coronaria. Como estimulante de la oxigenaci\u00f3n en caballos de carrera, galgos y perros de caza.<\/span><\/p>\n<p class=\"MsoNormal\" style=\"text-align: justify\"><b><span style=\"font-size: 12pt;line-height: 107%;font-family: Arial, 'sans-serif';color: #2c9ffd\">Dosis:<\/span><\/b><\/p>\n<p class=\"MsoNormal\" style=\"text-align: justify\"><span style=\"font-size: 12pt;line-height: 107%;font-family: Arial, 'sans-serif'\">Equinos: De 2 a 5 ml.<\/span><\/p>\n<p class=\"MsoNormal\" style=\"text-align: justify\"><span style=\"font-size: 12pt;line-height: 107%;font-family: Arial, 'sans-serif'\">Caninos: De 0.2 a 1 ml.<\/span><\/p>\n<p class=\"MsoNormal\" style=\"text-align: justify\"><b><span style=\"font-size: 12pt;line-height: 107%;font-family: Arial, 'sans-serif';color: #2c9ffd\">Advertencias:<\/span><\/b><\/p>\n<p class=\"MsoNormal\" style=\"text-align: justify\"><span style=\"font-size: 12pt;line-height: 107%;font-family: Arial, 'sans-serif'\">Este producto es de uso exclusivo veterinario.<\/span><\/p>\n<p class=\"MsoNormal\" style=\"text-align: justify\"><span style=\"font-size: 12pt;line-height: 107%;font-family: Arial, 'sans-serif'\">Mant\u00e9ngase fuera del alcance de los ni\u00f1os.<\/span><\/p>\n<p class=\"MsoNormal\" style=\"text-align: justify\"><span style=\"font-size: 12pt;line-height: 107%;font-family: Arial, 'sans-serif'\">Cons\u00e9rvese en un lugar fresco y seco, alejado de la luz del sol.<\/span><\/p>\n<p class=\"MsoNormal\" style=\"text-align: justify\"><span style=\"font-size: 12pt;line-height: 107%;font-family: Arial, 'sans-serif'\">Mantener a temperaturas entre 15 y 30\u00b0C.<\/span><\/p>\n<p class=\"MsoNormal\" style=\"text-align: justify\"><span style=\"font-size: 12pt;line-height: 107%;font-family: Arial, 'sans-serif'\">Uso veterinario.<\/span><\/p>\n<p class=\"MsoNormal\" style=\"text-align: justify\"><span style=\"font-size: 12pt;line-height: 107%;font-family: Arial, 'sans-serif'\">Su venta requiere receta m\u00e9dica.<\/span><\/p>\n<p><span style=\"font-size: 12pt;line-height: 107%;font-family: Arial, 'sans-serif'\">Consulte al M\u00e9dico Veterinario.<\/span><\/p>\n","protected":false},"excerpt":{"rendered":"<p>F\u00f3rmula: Pangamato de sodio (vitamina B15 ) 250 mg Alcohol benc\u00edlico 1.85% Veh\u00edculo, c.b.p. 1 mL. Uso en: \u00a0 \u00a0 V\u00eda de administraci\u00f3n: Intravenosa o intramuscular. Descripci\u00f3n: Estimulante de la respiraci\u00f3n celular, ayuda a eliminar toxinas, venenos ex\u00f3genos y material de desecho. Promueve la mejor utilizaci\u00f3n del ox\u00edgeno y el aprovechamiento del potencial energ\u00e9tico. Aumenta [&hellip;]<\/p>\n","protected":false},"featured_media":216,"comment_status":"open","ping_status":"closed","template":"","meta":{"_et_pb_use_builder":"","_et_pb_old_content":"","_et_gb_content_width":"","spay_email":""},"_links":{"self":[{"href":"https:\/\/farmaciaveterinarialaconquista.com\/index.php\/wp-json\/wp\/v2\/product\/160"}],"collection":[{"href":"https:\/\/farmaciaveterinarialaconquista.com\/index.php\/wp-json\/wp\/v2\/product"}],"about":[{"href":"https:\/\/farmaciaveterinarialaconquista.com\/index.php\/wp-json\/wp\/v2\/types\/product"}],"replies":[{"embeddable":true,"href":"https:\/\/farmaciaveterinarialaconquista.com\/index.php\/wp-json\/wp\/v2\/comments?post=160"}],"wp:featuredmedia":[{"embeddable":true,"href":"https:\/\/farmaciaveterinarialaconquista.com\/index.php\/wp-json\/wp\/v2\/media\/216"}],"wp:attachment":[{"href":"https:\/\/farmaciaveterinarialaconquista.com\/index.php\/wp-json\/wp\/v2\/media?parent=160"}],"curies":[{"name":"wp","href":"https:\/\/api.w.org\/{rel}","templated":true}]}}