{"id":16,"date":"2020-04-10T02:22:36","date_gmt":"2020-04-10T07:22:36","guid":{"rendered":"http:\/\/farmaciaveterinarialaconquista.com\/index.php\/producto\/import-placeholder-for-269\/"},"modified":"2025-09-24T12:14:25","modified_gmt":"2025-09-24T18:14:25","slug":"antoplex-gallos-90-caps","status":"publish","type":"product","link":"https:\/\/farmaciaveterinarialaconquista.com\/index.php\/producto\/antoplex-gallos-90-caps\/","title":{"rendered":"Antoplex Gallos 90 caps"},"content":{"rendered":"<p>Si ves este producto agotado, env\u00eda un WhatsApp para revisar si hay en mostrador.<\/p>\n<p><strong><b>Formula:<\/b><\/strong><\/p>\n<p>Vitamina A (retinol) 500 U.I.<\/p>\n<p>Vitamina D (calciferol) 100 U.I.<\/p>\n<p>Vitamina E (DL-alfa-tocoferol) 3,000 mcg<\/p>\n<p>Vitamina B1(tiamina HCl) 300 mcg<\/p>\n<p>Vitamina B2(riboflavina) 250 mcg<\/p>\n<p>Vitamina B6(piridoxina HCl) 150 mcg<\/p>\n<p>Vitamina B12 (cianocobalamina) 250 mcg<\/p>\n<p>Nicotinamida 2,000 mcg<\/p>\n<p>Pantotenato de calcio 500 mcg<\/p>\n<p>Ascorbato de sodio 1,600 mcg<\/p>\n<p>Sulfato ferroso 4,070 mcg<\/p>\n<p>Sulfato de magnesio 15,500 mcg<\/p>\n<p>Sulfato de manganeso 460 mcg<\/p>\n<p>Sulfato de potasio 1,120 mcg<\/p>\n<p>Sulfato de zinc 385 mcg<\/p>\n<p>Excipiente, c.b.p. 1 c\u00e1psula.<\/p>\n<p><strong><b>Uso en:\u00a0<\/b><\/strong><\/p>\n<p><span class=\"bold-entrada\">\u00a0<\/span><span class=\"imgIpp\"><img src=\"http:\/\/www.plmconnection.com\/plmservices\/VetSearchEngine\/M%C3%A9xico\/PEV39\/img\/gallina.png\" alt=\"\" \/>\u00a0 \u00a0<img src=\"http:\/\/www.plmconnection.com\/plmservices\/VetSearchEngine\/M%C3%A9xico\/PEV39\/img\/gallina1.png\" alt=\"\" \/>\u00a0 \u00a0<img src=\"http:\/\/www.plmconnection.com\/plmservices\/VetSearchEngine\/M%C3%A9xico\/PEV39\/img\/paloma.png\" alt=\"\" \/>\u00a0 \u00a0 <img src=\"http:\/\/www.plmconnection.com\/plmservices\/VetSearchEngine\/M%C3%A9xico\/PEV39\/img\/gallo.png\" \/><\/span><\/p>\n<p><strong><b>V\u00eda de administraci\u00f3n:<\/b><\/strong><\/p>\n<p>Oral<\/p>\n<p>Directo al pico del ave antes del alimento.<\/p>\n<p><strong><b>Descripci\u00f3n:<\/b><\/strong><\/p>\n<p>La vitamina A mantiene la integridad de las mucosas. La vitamina D ayuda a la absorci\u00f3n del calcio y f\u00f3sforo, es considerada la vitamina antirraqu\u00edtica. La vitamina E mantiene el sistema inmunol\u00f3gico potencializado, act\u00faa favorablemente en la salud del sistema m\u00fasculo-esquel\u00e9tico y del aparato reproductor.<\/p>\n<p>Las vitaminas del complejo B: B2 (riboflavina o lactoflavina), vitamina B12 (cianocobalamina), vitamina B6 (piridoxina), nicotinamida (vitamina PP o vitamina B3) y pantotenato de calcio (vitamina B5), son antian\u00e9micas y con m\u00faltiples propiedades. Contiene adem\u00e1s vitamina B1 o tiamina y ascorbato de sodio, que es fuente de vitamina C (antiescorb\u00fatica) que ayuda a que las otras vitaminas trabajen.<\/p>\n<p>Este producto est\u00e1 balanceado con sales minerales que act\u00faan como t\u00f3nicos antian\u00e9micos como el sulfato de hierro, el manganeso con gran poder catal\u00edtico y el sulfato de potasio y de zinc que ayudan a la digesti\u00f3n y al aprovechamiento de los nutrientes.<\/p>\n<p>Asegura el mantenimiento de las funciones metab\u00f3licas, interviene en el crecimiento, desarrollo de las plumas y el pico, ayuda a regularizar las actividades nerviosas, digestivas y cardiacas.<\/p>\n<p><strong><b>Dosis:<\/b><\/strong><\/p>\n<p>Gallos de pelea: 1 c\u00e1psula diaria. 2 c\u00e1psulas diarias 10 d\u00edas antes de la pelea.<\/p>\n<p>Aves reproductoras: 1 c\u00e1psula diaria durante 30 d\u00edas.<\/p>\n<p>Sementales: 1 c\u00e1psula cada 4 d\u00edas y 1 diaria en etapa de reproducci\u00f3n.<\/p>\n<p>Palomas de alto registro: 1 c\u00e1psula diaria 20 d\u00edas antes de cada competencia.<\/p>\n<p><strong><b>Advertencias:<\/b><\/strong><\/p>\n<p>Mant\u00e9ngase fuera del alcance de los ni\u00f1os.<\/p>\n<p>Cons\u00e9rvese en un lugar fresco y seco, alejado de la luz del sol.<\/p>\n<p>Mantener a temperaturas entre 15 y 30\u00b0C.<\/p>\n<p>Este producto es de uso exclusivo veterinario.<\/p>\n<p>Consulte al M\u00e9dico Veterinario.<\/p>\n<p>Uso veterinario.<\/p>\n","protected":false},"excerpt":{"rendered":"<p>Si ves este producto agotado, env\u00eda un WhatsApp para revisar si hay en mostrador. Formula: Vitamina A (retinol) 500 U.I. Vitamina D (calciferol) 100 U.I. Vitamina E (DL-alfa-tocoferol) 3,000 mcg Vitamina B1(tiamina HCl) 300 mcg Vitamina B2(riboflavina) 250 mcg Vitamina B6(piridoxina HCl) 150 mcg Vitamina B12 (cianocobalamina) 250 mcg Nicotinamida 2,000 mcg Pantotenato de calcio [&hellip;]<\/p>\n","protected":false},"featured_media":46,"comment_status":"open","ping_status":"closed","template":"","meta":{"_et_pb_use_builder":"","_et_pb_old_content":"","_et_gb_content_width":"","spay_email":""},"_links":{"self":[{"href":"https:\/\/farmaciaveterinarialaconquista.com\/index.php\/wp-json\/wp\/v2\/product\/16"}],"collection":[{"href":"https:\/\/farmaciaveterinarialaconquista.com\/index.php\/wp-json\/wp\/v2\/product"}],"about":[{"href":"https:\/\/farmaciaveterinarialaconquista.com\/index.php\/wp-json\/wp\/v2\/types\/product"}],"replies":[{"embeddable":true,"href":"https:\/\/farmaciaveterinarialaconquista.com\/index.php\/wp-json\/wp\/v2\/comments?post=16"}],"wp:featuredmedia":[{"embeddable":true,"href":"https:\/\/farmaciaveterinarialaconquista.com\/index.php\/wp-json\/wp\/v2\/media\/46"}],"wp:attachment":[{"href":"https:\/\/farmaciaveterinarialaconquista.com\/index.php\/wp-json\/wp\/v2\/media?parent=16"}],"curies":[{"name":"wp","href":"https:\/\/api.w.org\/{rel}","templated":true}]}}