{"id":159,"date":"2020-04-10T02:24:29","date_gmt":"2020-04-10T07:24:29","guid":{"rendered":"http:\/\/farmaciaveterinarialaconquista.com\/index.php\/producto\/import-placeholder-for-391\/"},"modified":"2025-09-20T15:07:51","modified_gmt":"2025-09-20T21:07:51","slug":"panacur-polvo-al-4-12-5-grs","status":"publish","type":"product","link":"https:\/\/farmaciaveterinarialaconquista.com\/index.php\/producto\/panacur-polvo-al-4-12-5-grs\/","title":{"rendered":"Panacur polvo al 4% 12.5 grs"},"content":{"rendered":"<p class=\"MsoNormal\" style=\"text-align: justify\"><b><span style=\"font-size: 12pt;line-height: 107%;font-family: Arial, 'sans-serif';color: #2c9ffd\">F\u00f3rmula:<\/span><\/b><\/p>\n<p class=\"MsoNormal\" style=\"text-align: justify\"><span style=\"font-size: 12pt;line-height: 107%;font-family: Arial, 'sans-serif';color: #000000\">Fenbendazol 40 mg<\/span><\/p>\n<p class=\"MsoNormal\" style=\"text-align: justify\"><span style=\"font-size: 12pt;line-height: 107%;font-family: Arial, 'sans-serif';color: #000000\">Veh\u00edculo, c.b.p. 1 g.<\/span><\/p>\n<p class=\"MsoNormal\" style=\"text-align: justify\"><b><span style=\"font-size: 12pt;line-height: 107%;font-family: Arial, 'sans-serif';color: #2c9ffd\">Uso en:<\/span><\/b><\/p>\n<p><img src=\"http:\/\/www.plmconnection.com\/plmservices\/VetSearchEngine\/M%C3%A9xico\/PEV39\/img\/porcino.png\" alt=\"porcino.png\" \/>\u00a0 \u00a0<img src=\"http:\/\/www.plmconnection.com\/plmservices\/VetSearchEngine\/M%C3%A9xico\/PEV39\/img\/gallina.png\" alt=\"gallina.png\" \/><\/p>\n<p class=\"MsoNormal\" style=\"text-align: justify\"><b><span style=\"font-size: 12pt;line-height: 107%;font-family: Arial, 'sans-serif';color: #2c9ffd\">V\u00eda de administraci\u00f3n:<\/span><\/b><\/p>\n<p class=\"MsoNormal\" style=\"text-align: justify\"><span style=\"font-size: 12pt;line-height: 107%;font-family: Arial, 'sans-serif';color: #000000\">Oral.<\/span><\/p>\n<p class=\"MsoNormal\" style=\"text-align: justify\"><b><span style=\"font-size: 12pt;line-height: 107%;font-family: Arial, 'sans-serif';color: #2c9ffd\">Descripci\u00f3n:<\/span><\/b><\/p>\n<p class=\"MsoNormal\" style=\"text-align: justify\"><span style=\"font-size: 12pt;line-height: 107%;font-family: Arial, 'sans-serif';color: #000000\">Es un antihelm\u00edntico oral de amplio espectro de acci\u00f3n ovicida, larvicida y contra adultos, para mezclarse en el alimento de porcinos y aves.<\/span><\/p>\n<p class=\"MsoNormal\" style=\"text-align: justify\"><b><span style=\"font-size: 12pt;line-height: 107%;font-family: Arial, 'sans-serif';color: #2c9ffd\">Dosis:<\/span><\/b><\/p>\n<p class=\"MsoNormal\" style=\"text-align: justify\"><span style=\"font-size: 12pt;line-height: 107%;font-family: Arial, 'sans-serif';color: #000000\">Cerdos: 3 g de panacur\u00ae polvo al 4% por cada 25 kg de peso (un sobre de 12.5 g por cada 100 kg de peso.<\/span><\/p>\n<p class=\"MsoNormal\" style=\"text-align: justify\"><span style=\"font-size: 12pt;line-height: 107%;font-family: Arial, 'sans-serif';color: #000000\">Administraci\u00f3n fraccionada en cerdos de engorda:<\/span><\/p>\n<p class=\"MsoNormal\" style=\"text-align: justify\"><span style=\"font-size: 12pt;line-height: 107%;font-family: Arial, 'sans-serif';color: #000000\">Tratamiento de un d\u00eda: 2.5 kg de panacur\u00ae polvo al 4% por tonelada de alimento terminado, lo que equivale a 5 mg\/kg o 100 ppm de fenbendazol.<\/span><\/p>\n<p class=\"MsoNormal\" style=\"text-align: justify\"><span style=\"font-size: 12pt;line-height: 107%;font-family: Arial, 'sans-serif';color: #000000\">Tratamiento individual: 12.5 g de panacur polvo al 4%, sirve para tratar a un animal de 100 kg.<\/span><\/p>\n<p class=\"MsoNormal\" style=\"text-align: justify\"><span style=\"font-size: 12pt;line-height: 107%;font-family: Arial, 'sans-serif';color: #000000\">Distribuci\u00f3n de una dosis terap\u00e9utica de 5-15 d\u00edas.<\/span><\/p>\n<p class=\"MsoNormal\" style=\"text-align: justify\"><span style=\"font-size: 12pt;line-height: 107%;font-family: Arial, 'sans-serif';color: #000000\">Ejemplo:<\/span><\/p>\n<table class=\"MsoTableGrid\" style=\"border-collapse: collapse;border: none\" border=\"1\" cellspacing=\"0\" cellpadding=\"0\">\n<tbody>\n<tr>\n<td style=\"border: solid 1pt;padding: 0cm 5.4pt 0cm 5.4pt\">\n<p class=\"MsoNormal\" style=\"margin-bottom: 7.5pt;text-align: justify;line-height: normal\"><b><span style=\"font-size: 12pt;font-family: Arial, 'sans-serif'\">Tipo<\/span><\/b><span style=\"font-size: 12pt;font-family: Arial, 'sans-serif'\"> <b>de cerdo<\/b><\/span><\/p>\n<\/td>\n<td style=\"border: solid 1pt;border-left: none;padding: 0cm 5.4pt 0cm 5.4pt\">\n<p class=\"MsoNormal\" style=\"margin-bottom: 7.5pt;text-align: justify;line-height: normal\"><b><span style=\"font-size: 12pt;font-family: Arial, 'sans-serif'\">Periodo de Tratamiento<\/span><\/b><\/p>\n<\/td>\n<td style=\"border: solid 1pt;border-left: none;padding: 0cm 5.4pt 0cm 5.4pt\">\n<p class=\"MsoNormal\" style=\"margin-bottom: 7.5pt;text-align: justify;line-height: normal\"><b><span style=\"font-size: 12pt;font-family: Arial, 'sans-serif'\">Consumo de\u00a0alimento<\/span><\/b><\/p>\n<\/td>\n<td style=\"border: solid 1pt;border-left: none;padding: 0cm 5.4pt 0cm 5.4pt\">\n<p class=\"MsoNormal\" style=\"margin-bottom: 7.5pt;text-align: justify;line-height: normal\"><b><span style=\"font-size: 12pt;font-family: Arial, 'sans-serif'\">Panacur<sup>\u00ae<\/sup>\u00a0polvo al 4%\u00a0por ton de\u00a0alimento<\/span><\/b><\/p>\n<\/td>\n<\/tr>\n<tr>\n<td style=\"border: solid 1pt;border-top: none;padding: 0cm 5.4pt 0cm 5.4pt\" valign=\"top\">\n<p class=\"MsoNormal\" style=\"margin-bottom: 7.5pt;text-align: justify;line-height: normal\"><span style=\"font-size: 12pt;font-family: Arial, 'sans-serif'\">Lechones destetados\/engorda (aprox. 20 kg de peso)<\/span><\/p>\n<\/td>\n<td style=\"border-top: none;border-left: none;border-bottom: solid 1pt;border-right: solid 1pt;padding: 0cm 5.4pt 0cm 5.4pt\" valign=\"top\">\n<p class=\"MsoNormal\" style=\"margin-bottom: 7.5pt;text-align: justify;line-height: normal\"><span style=\"font-size: 12pt;font-family: Arial, 'sans-serif'\">5 d\u00edas<\/span><\/p>\n<p class=\"MsoNormal\" style=\"margin-bottom: 7.5pt;text-align: justify;line-height: normal\"><span style=\"font-size: 12pt;font-family: Arial, 'sans-serif'\">10 d\u00edas<\/span><\/p>\n<p class=\"MsoNormal\" style=\"margin-bottom: 7.5pt;text-align: justify;line-height: normal\"><span style=\"font-size: 12pt;font-family: Arial, 'sans-serif'\">15 d\u00edas<\/span><\/p>\n<\/td>\n<td style=\"border-top: none;border-left: none;border-bottom: solid 1pt;border-right: solid 1pt;padding: 0cm 5.4pt 0cm 5.4pt\" valign=\"top\">\n<p class=\"MsoNormal\" style=\"margin-bottom: 7.5pt;text-align: justify;line-height: normal\"><span style=\"font-size: 12pt;font-family: Arial, 'sans-serif'\">1 kg\/<\/span><\/p>\n<p class=\"MsoNormal\" style=\"margin-bottom: 7.5pt;text-align: justify;line-height: normal\"><span style=\"font-size: 12pt;font-family: Arial, 'sans-serif'\">d\u00eda\/animal<\/span><\/p>\n<\/td>\n<td style=\"border-top: none;border-left: none;border-bottom: solid 1pt;border-right: solid 1pt;padding: 0cm 5.4pt 0cm 5.4pt\" valign=\"top\">\n<p class=\"MsoNormal\" style=\"margin-bottom: 7.5pt;text-align: justify;line-height: normal\"><span style=\"font-size: 12pt;font-family: Arial, 'sans-serif'\">0.5 kg<\/span><\/p>\n<p class=\"MsoNormal\" style=\"margin-bottom: 7.5pt;text-align: justify;line-height: normal\"><span style=\"font-size: 12pt;font-family: Arial, 'sans-serif'\">0.25 kg<\/span><\/p>\n<p class=\"MsoNormal\" style=\"margin-bottom: 7.5pt;text-align: justify;line-height: normal\"><span style=\"font-size: 12pt;font-family: Arial, 'sans-serif'\">0.17 kg<\/span><\/p>\n<\/td>\n<\/tr>\n<tr>\n<td style=\"border: solid 1pt;border-top: none;padding: 0cm 5.4pt 0cm 5.4pt\" valign=\"top\">\n<p class=\"MsoNormal\" style=\"margin-bottom: 7.5pt;text-align: justify;line-height: normal\"><span style=\"font-size: 12pt;font-family: Arial, 'sans-serif'\">Cerdas (aprox. 200 kg de peso)<\/span><\/p>\n<\/td>\n<td style=\"border-top: none;border-left: none;border-bottom: solid 1pt;border-right: solid 1pt;padding: 0cm 5.4pt 0cm 5.4pt\" valign=\"top\">\n<p class=\"MsoNormal\" style=\"margin-bottom: 7.5pt;text-align: justify;line-height: normal\"><span style=\"font-size: 12pt;font-family: Arial, 'sans-serif'\">5 d\u00edas<\/span><\/p>\n<p class=\"MsoNormal\" style=\"margin-bottom: 7.5pt;text-align: justify;line-height: normal\"><span style=\"font-size: 12pt;font-family: Arial, 'sans-serif'\">10 d\u00edas<\/span><\/p>\n<p class=\"MsoNormal\" style=\"margin-bottom: 7.5pt;text-align: justify;line-height: normal\"><span style=\"font-size: 12pt;font-family: Arial, 'sans-serif'\">15 d\u00edas<\/span><\/p>\n<\/td>\n<td style=\"border-top: none;border-left: none;border-bottom: solid 1pt;border-right: solid 1pt;padding: 0cm 5.4pt 0cm 5.4pt\" valign=\"top\">\n<p class=\"MsoNormal\" style=\"margin-bottom: 7.5pt;text-align: justify;line-height: normal\"><span style=\"font-size: 12pt;font-family: Arial, 'sans-serif'\">2 kg\/<\/span><\/p>\n<p class=\"MsoNormal\" style=\"margin-bottom: 7.5pt;text-align: justify;line-height: normal\"><span style=\"font-size: 12pt;font-family: Arial, 'sans-serif'\">d\u00eda\/animal (raci\u00f3n b\u00e1sica)<\/span><\/p>\n<\/td>\n<td style=\"border-top: none;border-left: none;border-bottom: solid 1pt;border-right: solid 1pt;padding: 0cm 5.4pt 0cm 5.4pt\" valign=\"top\">\n<p class=\"MsoNormal\" style=\"margin-bottom: 7.5pt;text-align: justify;line-height: normal\"><span style=\"font-size: 12pt;font-family: Arial, 'sans-serif'\">2.5 kg<\/span><\/p>\n<p class=\"MsoNormal\" style=\"margin-bottom: 7.5pt;text-align: justify;line-height: normal\"><span style=\"font-size: 12pt;font-family: Arial, 'sans-serif'\">1.25 kg<\/span><\/p>\n<p class=\"MsoNormal\" style=\"margin-bottom: 7.5pt;text-align: justify;line-height: normal\"><span style=\"font-size: 12pt;font-family: Arial, 'sans-serif'\">0.83 kg<\/span><\/p>\n<\/td>\n<\/tr>\n<\/tbody>\n<\/table>\n<p class=\"MsoNormal\" style=\"text-align: justify\"><span style=\"font-size: 12pt;line-height: 107%;font-family: Arial, 'sans-serif';color: #000000\">Tratamiento continuo durante todo el periodo de engorda, empezando despu\u00e9s del destete: 150-170 g de panacur\u00ae polvo al 4% por tonelada de alimento terminado, lo que equivale a 6-7 ppm de fenbendazol.<\/span><\/p>\n<p class=\"MsoNormal\" style=\"text-align: justify\"><span style=\"font-size: 12pt;line-height: 107%;font-family: Arial, 'sans-serif';color: #000000\">En infestaciones por Stephanurus dentatus aumente la dosificaci\u00f3n al doble (10 mg\/kg durante un d\u00eda). Para el tratamiento de Cysticercus cellulosae, se recomienda el tratamiento con 5 mg\/kg durante 7 d\u00edas.<\/span><\/p>\n<p class=\"MsoNormal\" style=\"text-align: justify\"><span style=\"font-size: 12pt;line-height: 107%;font-family: Arial, 'sans-serif';color: #000000\">Aves:<\/span><\/p>\n<p class=\"MsoNormal\" style=\"text-align: justify\"><span style=\"font-size: 12pt;line-height: 107%;font-family: Arial, 'sans-serif';color: #000000\">1.5 kg de panacur\u00ae polvo al 4% por tonelada de alimento durante 3 d\u00edas consecutivos (60 ppm de fenbendazol).<\/span><\/p>\n<p class=\"MsoNormal\" style=\"text-align: justify\"><span style=\"font-size: 12pt;line-height: 107%;font-family: Arial, 'sans-serif';color: #000000\">750 g de panacur\u00ae polvo al 4% por tonelada de alimento durante 6 d\u00edas consecutivos (30 ppm de fenbendazol).<\/span><\/p>\n<p class=\"MsoNormal\" style=\"text-align: justify\"><span style=\"font-size: 12pt;line-height: 107%;font-family: Arial, 'sans-serif';color: #000000\">150 g de panacur\u00ae polvo al 4% por tonelada de alimento durante la postura (6 ppm).<\/span><\/p>\n<p class=\"MsoNormal\" style=\"text-align: justify\"><span style=\"font-size: 12pt;line-height: 107%;font-family: Arial, 'sans-serif';color: #000000\">Espectro de acci\u00f3n: Para la prevenci\u00f3n y tratamiento en cerdos de las infestaciones por par\u00e1sitos gastrointestinales, pulmonares y renales como: Hyostrongylus rubidus, Ascaris suum, Stephanurus dentatus, Oesophagostomum spp, Trichuris suis, Metastrongylus spp, Strongyloides ransomi y Cysticercus cellulosae.<\/span><\/p>\n<p class=\"MsoNormal\" style=\"text-align: justify\"><span style=\"font-size: 12pt;line-height: 107%;font-family: Arial, 'sans-serif';color: #000000\">En aves para la prevenci\u00f3n y tratamiento de infestaciones por Ascaridia galli, Heterakis gallinarum y Capillaria obsignata, Raillietina spp y Syngamus trachea.<\/span><\/p>\n<p class=\"MsoNormal\" style=\"text-align: justify\"><b><span style=\"font-size: 12pt;line-height: 107%;font-family: Arial, 'sans-serif';color: #2c9ffd\">Advertencias:<\/span><\/b><\/p>\n<p class=\"MsoNormal\" style=\"text-align: justify\"><span style=\"font-size: 12pt;line-height: 107%;font-family: Arial, 'sans-serif'\">No sacrificar a los animales para consumo humano hasta 3 d\u00edas despu\u00e9s del \u00faltimo tratamiento.<\/span><\/p>\n","protected":false},"excerpt":{"rendered":"<p>F\u00f3rmula: Fenbendazol 40 mg Veh\u00edculo, c.b.p. 1 g. Uso en: \u00a0 \u00a0 V\u00eda de administraci\u00f3n: Oral. Descripci\u00f3n: Es un antihelm\u00edntico oral de amplio espectro de acci\u00f3n ovicida, larvicida y contra adultos, para mezclarse en el alimento de porcinos y aves. Dosis: Cerdos: 3 g de panacur\u00ae polvo al 4% por cada 25 kg de peso [&hellip;]<\/p>\n","protected":false},"featured_media":215,"comment_status":"open","ping_status":"closed","template":"","meta":{"_et_pb_use_builder":"","_et_pb_old_content":"","_et_gb_content_width":"","spay_email":""},"_links":{"self":[{"href":"https:\/\/farmaciaveterinarialaconquista.com\/index.php\/wp-json\/wp\/v2\/product\/159"}],"collection":[{"href":"https:\/\/farmaciaveterinarialaconquista.com\/index.php\/wp-json\/wp\/v2\/product"}],"about":[{"href":"https:\/\/farmaciaveterinarialaconquista.com\/index.php\/wp-json\/wp\/v2\/types\/product"}],"replies":[{"embeddable":true,"href":"https:\/\/farmaciaveterinarialaconquista.com\/index.php\/wp-json\/wp\/v2\/comments?post=159"}],"wp:featuredmedia":[{"embeddable":true,"href":"https:\/\/farmaciaveterinarialaconquista.com\/index.php\/wp-json\/wp\/v2\/media\/215"}],"wp:attachment":[{"href":"https:\/\/farmaciaveterinarialaconquista.com\/index.php\/wp-json\/wp\/v2\/media?parent=159"}],"curies":[{"name":"wp","href":"https:\/\/api.w.org\/{rel}","templated":true}]}}